{"id":90033,"date":"2026-04-27T14:11:02","date_gmt":"2026-04-27T12:11:02","guid":{"rendered":"https:\/\/lattonedil.com\/?post_type=product&#038;p=90033"},"modified":"2026-04-28T12:26:21","modified_gmt":"2026-04-28T10:26:21","slug":"eurocinque-easy","status":"publish","type":"product","link":"https:\/\/lattonedil.com\/fr\/prodotto\/eurocinque-easy\/","title":{"rendered":"Eurocinque\u00ae Easy"},"content":{"rendered":"\t\t<div data-elementor-type=\"product-post\" data-elementor-id=\"90033\" class=\"elementor elementor-90033\" data-elementor-post-type=\"product\">\n\t\t\t\t<div class=\"elementor-element elementor-element-72c98ba e-flex e-con-boxed e-con e-parent\" data-id=\"72c98ba\" data-element_type=\"container\" data-e-type=\"container\">\n\t\t\t\t\t<div class=\"e-con-inner\">\n\t\t\t\t<div class=\"elementor-element elementor-element-79a689e elementor-widget elementor-widget-image\" data-id=\"79a689e\" data-element_type=\"widget\" data-e-type=\"widget\" data-widget_type=\"image.default\">\n\t\t\t\t<div class=\"elementor-widget-container\">\n\t\t\t\t\t\t\t\t\t\t\t\t\t\t\t<img fetchpriority=\"high\" decoding=\"async\" width=\"768\" height=\"221\" src=\"https:\/\/lattonedil.com\/wp-content\/uploads\/2022\/03\/Monolamiera-eurocinque-2-768x221.png\" class=\"attachment-medium_large size-medium_large wp-image-74017\" alt=\"\" srcset=\"https:\/\/lattonedil.com\/wp-content\/uploads\/2022\/03\/Monolamiera-eurocinque-2-768x221.png 768w, https:\/\/lattonedil.com\/wp-content\/uploads\/2022\/03\/Monolamiera-eurocinque-2-300x86.png 300w, https:\/\/lattonedil.com\/wp-content\/uploads\/2022\/03\/Monolamiera-eurocinque-2-1024x295.png 1024w, https:\/\/lattonedil.com\/wp-content\/uploads\/2022\/03\/Monolamiera-eurocinque-2-1200x345.png 1200w, https:\/\/lattonedil.com\/wp-content\/uploads\/2022\/03\/Monolamiera-eurocinque-2-350x100.png 350w, https:\/\/lattonedil.com\/wp-content\/uploads\/2022\/03\/Monolamiera-eurocinque-2.png 1387w\" sizes=\"(max-width: 768px) 100vw, 768px\" \/>\t\t\t\t\t\t\t\t\t\t\t\t\t\t\t<\/div>\n\t\t\t\t<\/div>\n\t\t\t\t\t<\/div>\n\t\t\t\t<\/div>\n\t\t\t\t<\/div>\n\t\t","protected":false},"excerpt":{"rendered":"<p>La principale caract\u00e9ristique des panneaux mono consiste \u00e0 disposer d\u2019une finition l\u00e9g\u00e8re sur la face inf\u00e9rieure, qui peut \u00eatre r\u00e9alis\u00e9e moyennant un support flexible, au choix entre le carton feutre, l\u2019aluminium cent\u00e9simal ou la toile de verre.<\/p>\n<ul>\n<li>Le carton feutre est une feuille bitume coloris noir, semi-respirant.<\/li>\n<li>L\u2019aluminium cent\u00e9simal est coloris brillant naturel, laqu\u00e9 et gaufr\u00e9, non respirant.<\/li>\n<li>\u00a0La toile de verre, r\u00e9alis\u00e9e en tissu non tiss\u00e9 coloris blanc, est en mesure d\u2019emp\u00eacher toute \u00e9ventuelle formation de condensation.<\/li>\n<\/ul>\n<p>Le panneau mono n\u00e9cessite d\u2019appuis structurels positionn\u00e9s \u00e0 environ 1 m d\u2019\u00e9cart.<\/p>\n<p><strong>\u00c9paisseurs disponibles:<\/strong><br \/>\n20-30-40-50-60-80-100-120-150 mm.<\/p>\n","protected":false},"featured_media":63143,"template":"","meta":{"_acf_changed":false},"product_brand":[],"product_cat":[576],"product_tag":[],"class_list":{"0":"post-90033","1":"product","2":"type-product","3":"status-publish","4":"has-post-thumbnail","6":"product_cat-toitures-paneau","8":"first","9":"instock","10":"shipping-taxable","11":"product-type-simple"},"acf":[],"yoast_head":"<!-- This site is optimized with the Yoast SEO plugin v27.1.1 - https:\/\/yoast.com\/product\/yoast-seo-wordpress\/ -->\n<title>Eurocinque\u00ae Easy - Lattonedil<\/title>\n<meta name=\"robots\" content=\"index, follow, max-snippet:-1, max-image-preview:large, max-video-preview:-1\" \/>\n<link rel=\"canonical\" href=\"https:\/\/lattonedil.com\/fr\/prodotto\/eurocinque-easy\/\" \/>\n<meta property=\"og:locale\" content=\"fr_FR\" \/>\n<meta property=\"og:type\" content=\"article\" \/>\n<meta property=\"og:title\" content=\"Eurocinque\u00ae Easy - Lattonedil\" \/>\n<meta property=\"og:description\" content=\"La principale caract\u00e9ristique des panneaux mono consiste \u00e0 disposer d\u2019une finition l\u00e9g\u00e8re sur la face inf\u00e9rieure, qui peut \u00eatre r\u00e9alis\u00e9e moyennant un support flexible, au choix entre le carton feutre, l\u2019aluminium cent\u00e9simal ou la toile de verre.   Le carton feutre est une feuille bitume coloris noir, semi-respirant.  L\u2019aluminium cent\u00e9simal est coloris brillant naturel, laqu\u00e9 et gaufr\u00e9, non respirant.  \u00a0La toile de verre, r\u00e9alis\u00e9e en tissu non tiss\u00e9 coloris blanc, est en mesure d\u2019emp\u00eacher toute \u00e9ventuelle formation de condensation.  Le panneau mono n\u00e9cessite d\u2019appuis structurels positionn\u00e9s \u00e0 environ 1 m d\u2019\u00e9cart.  \u00c9paisseurs disponibles: 20-30-40-50-60-80-100-120-150 mm.\" \/>\n<meta property=\"og:url\" content=\"https:\/\/lattonedil.com\/fr\/prodotto\/eurocinque-easy\/\" \/>\n<meta property=\"og:site_name\" content=\"Lattonedil\" \/>\n<meta property=\"article:modified_time\" content=\"2026-04-28T10:26:21+00:00\" \/>\n<meta property=\"og:image\" content=\"https:\/\/lattonedil.com\/wp-content\/uploads\/2022\/03\/MONOLAMIERA-EUROCINQUE-profilo-1000px.png\" \/>\n\t<meta property=\"og:image:width\" content=\"1000\" \/>\n\t<meta property=\"og:image:height\" content=\"600\" \/>\n\t<meta property=\"og:image:type\" content=\"image\/png\" \/>\n<meta name=\"twitter:card\" content=\"summary_large_image\" \/>\n<script type=\"application\/ld+json\" class=\"yoast-schema-graph\">{\"@context\":\"https:\/\/schema.org\",\"@graph\":[{\"@type\":\"WebPage\",\"@id\":\"https:\/\/lattonedil.com\/fr\/prodotto\/eurocinque-easy\/\",\"url\":\"https:\/\/lattonedil.com\/fr\/prodotto\/eurocinque-easy\/\",\"name\":\"Eurocinque\u00ae Easy - Lattonedil\",\"isPartOf\":{\"@id\":\"https:\/\/lattonedil.com\/#website\"},\"primaryImageOfPage\":{\"@id\":\"https:\/\/lattonedil.com\/fr\/prodotto\/eurocinque-easy\/#primaryimage\"},\"image\":{\"@id\":\"https:\/\/lattonedil.com\/fr\/prodotto\/eurocinque-easy\/#primaryimage\"},\"thumbnailUrl\":\"https:\/\/lattonedil.com\/wp-content\/uploads\/2022\/03\/MONOLAMIERA-EUROCINQUE-profilo-1000px.png\",\"datePublished\":\"2026-04-27T12:11:02+00:00\",\"dateModified\":\"2026-04-28T10:26:21+00:00\",\"breadcrumb\":{\"@id\":\"https:\/\/lattonedil.com\/fr\/prodotto\/eurocinque-easy\/#breadcrumb\"},\"inLanguage\":\"fr-FR\",\"potentialAction\":[{\"@type\":\"ReadAction\",\"target\":[\"https:\/\/lattonedil.com\/fr\/prodotto\/eurocinque-easy\/\"]}]},{\"@type\":\"ImageObject\",\"inLanguage\":\"fr-FR\",\"@id\":\"https:\/\/lattonedil.com\/fr\/prodotto\/eurocinque-easy\/#primaryimage\",\"url\":\"https:\/\/lattonedil.com\/wp-content\/uploads\/2022\/03\/MONOLAMIERA-EUROCINQUE-profilo-1000px.png\",\"contentUrl\":\"https:\/\/lattonedil.com\/wp-content\/uploads\/2022\/03\/MONOLAMIERA-EUROCINQUE-profilo-1000px.png\",\"width\":1000,\"height\":600},{\"@type\":\"BreadcrumbList\",\"@id\":\"https:\/\/lattonedil.com\/fr\/prodotto\/eurocinque-easy\/#breadcrumb\",\"itemListElement\":[{\"@type\":\"ListItem\",\"position\":1,\"name\":\"Home\",\"item\":\"https:\/\/lattonedil.com\/fr\/home-main\/\"},{\"@type\":\"ListItem\",\"position\":2,\"name\":\"Prodotti\",\"item\":\"https:\/\/lattonedil.com\/scopri-i-prodotti\/\"},{\"@type\":\"ListItem\",\"position\":3,\"name\":\"Eurocinque\u00ae Easy\"}]},{\"@type\":\"WebSite\",\"@id\":\"https:\/\/lattonedil.com\/#website\",\"url\":\"https:\/\/lattonedil.com\/\",\"name\":\"Lattonedil\",\"description\":\"\",\"publisher\":{\"@id\":\"https:\/\/lattonedil.com\/#organization\"},\"potentialAction\":[{\"@type\":\"SearchAction\",\"target\":{\"@type\":\"EntryPoint\",\"urlTemplate\":\"https:\/\/lattonedil.com\/?s={search_term_string}\"},\"query-input\":{\"@type\":\"PropertyValueSpecification\",\"valueRequired\":true,\"valueName\":\"search_term_string\"}}],\"inLanguage\":\"fr-FR\"},{\"@type\":\"Organization\",\"@id\":\"https:\/\/lattonedil.com\/#organization\",\"name\":\"Lattonedil\",\"url\":\"https:\/\/lattonedil.com\/\",\"logo\":{\"@type\":\"ImageObject\",\"inLanguage\":\"fr-FR\",\"@id\":\"https:\/\/lattonedil.com\/#\/schema\/logo\/image\/\",\"url\":\"https:\/\/lattonedil.com\/wp-content\/uploads\/2021\/10\/50-anni-logo-2020-3.png\",\"contentUrl\":\"https:\/\/lattonedil.com\/wp-content\/uploads\/2021\/10\/50-anni-logo-2020-3.png\",\"width\":3192,\"height\":525,\"caption\":\"Lattonedil\"},\"image\":{\"@id\":\"https:\/\/lattonedil.com\/#\/schema\/logo\/image\/\"}}]}<\/script>\n<!-- \/ Yoast SEO plugin. -->","yoast_head_json":{"title":"Eurocinque\u00ae Easy - Lattonedil","robots":{"index":"index","follow":"follow","max-snippet":"max-snippet:-1","max-image-preview":"max-image-preview:large","max-video-preview":"max-video-preview:-1"},"canonical":"https:\/\/lattonedil.com\/fr\/prodotto\/eurocinque-easy\/","og_locale":"fr_FR","og_type":"article","og_title":"Eurocinque\u00ae Easy - Lattonedil","og_description":"La principale caract\u00e9ristique des panneaux mono consiste \u00e0 disposer d\u2019une finition l\u00e9g\u00e8re sur la face inf\u00e9rieure, qui peut \u00eatre r\u00e9alis\u00e9e moyennant un support flexible, au choix entre le carton feutre, l\u2019aluminium cent\u00e9simal ou la toile de verre.   Le carton feutre est une feuille bitume coloris noir, semi-respirant.  L\u2019aluminium cent\u00e9simal est coloris brillant naturel, laqu\u00e9 et gaufr\u00e9, non respirant.  \u00a0La toile de verre, r\u00e9alis\u00e9e en tissu non tiss\u00e9 coloris blanc, est en mesure d\u2019emp\u00eacher toute \u00e9ventuelle formation de condensation.  Le panneau mono n\u00e9cessite d\u2019appuis structurels positionn\u00e9s \u00e0 environ 1 m d\u2019\u00e9cart.  \u00c9paisseurs disponibles: 20-30-40-50-60-80-100-120-150 mm.","og_url":"https:\/\/lattonedil.com\/fr\/prodotto\/eurocinque-easy\/","og_site_name":"Lattonedil","article_modified_time":"2026-04-28T10:26:21+00:00","og_image":[{"width":1000,"height":600,"url":"https:\/\/lattonedil.com\/wp-content\/uploads\/2022\/03\/MONOLAMIERA-EUROCINQUE-profilo-1000px.png","type":"image\/png"}],"twitter_card":"summary_large_image","schema":{"@context":"https:\/\/schema.org","@graph":[{"@type":"WebPage","@id":"https:\/\/lattonedil.com\/fr\/prodotto\/eurocinque-easy\/","url":"https:\/\/lattonedil.com\/fr\/prodotto\/eurocinque-easy\/","name":"Eurocinque\u00ae Easy - Lattonedil","isPartOf":{"@id":"https:\/\/lattonedil.com\/#website"},"primaryImageOfPage":{"@id":"https:\/\/lattonedil.com\/fr\/prodotto\/eurocinque-easy\/#primaryimage"},"image":{"@id":"https:\/\/lattonedil.com\/fr\/prodotto\/eurocinque-easy\/#primaryimage"},"thumbnailUrl":"https:\/\/lattonedil.com\/wp-content\/uploads\/2022\/03\/MONOLAMIERA-EUROCINQUE-profilo-1000px.png","datePublished":"2026-04-27T12:11:02+00:00","dateModified":"2026-04-28T10:26:21+00:00","breadcrumb":{"@id":"https:\/\/lattonedil.com\/fr\/prodotto\/eurocinque-easy\/#breadcrumb"},"inLanguage":"fr-FR","potentialAction":[{"@type":"ReadAction","target":["https:\/\/lattonedil.com\/fr\/prodotto\/eurocinque-easy\/"]}]},{"@type":"ImageObject","inLanguage":"fr-FR","@id":"https:\/\/lattonedil.com\/fr\/prodotto\/eurocinque-easy\/#primaryimage","url":"https:\/\/lattonedil.com\/wp-content\/uploads\/2022\/03\/MONOLAMIERA-EUROCINQUE-profilo-1000px.png","contentUrl":"https:\/\/lattonedil.com\/wp-content\/uploads\/2022\/03\/MONOLAMIERA-EUROCINQUE-profilo-1000px.png","width":1000,"height":600},{"@type":"BreadcrumbList","@id":"https:\/\/lattonedil.com\/fr\/prodotto\/eurocinque-easy\/#breadcrumb","itemListElement":[{"@type":"ListItem","position":1,"name":"Home","item":"https:\/\/lattonedil.com\/fr\/home-main\/"},{"@type":"ListItem","position":2,"name":"Prodotti","item":"https:\/\/lattonedil.com\/scopri-i-prodotti\/"},{"@type":"ListItem","position":3,"name":"Eurocinque\u00ae Easy"}]},{"@type":"WebSite","@id":"https:\/\/lattonedil.com\/#website","url":"https:\/\/lattonedil.com\/","name":"Lattonedil","description":"","publisher":{"@id":"https:\/\/lattonedil.com\/#organization"},"potentialAction":[{"@type":"SearchAction","target":{"@type":"EntryPoint","urlTemplate":"https:\/\/lattonedil.com\/?s={search_term_string}"},"query-input":{"@type":"PropertyValueSpecification","valueRequired":true,"valueName":"search_term_string"}}],"inLanguage":"fr-FR"},{"@type":"Organization","@id":"https:\/\/lattonedil.com\/#organization","name":"Lattonedil","url":"https:\/\/lattonedil.com\/","logo":{"@type":"ImageObject","inLanguage":"fr-FR","@id":"https:\/\/lattonedil.com\/#\/schema\/logo\/image\/","url":"https:\/\/lattonedil.com\/wp-content\/uploads\/2021\/10\/50-anni-logo-2020-3.png","contentUrl":"https:\/\/lattonedil.com\/wp-content\/uploads\/2021\/10\/50-anni-logo-2020-3.png","width":3192,"height":525,"caption":"Lattonedil"},"image":{"@id":"https:\/\/lattonedil.com\/#\/schema\/logo\/image\/"}}]}},"_links":{"self":[{"href":"https:\/\/lattonedil.com\/fr\/wp-json\/wp\/v2\/product\/90033","targetHints":{"allow":["GET"]}}],"collection":[{"href":"https:\/\/lattonedil.com\/fr\/wp-json\/wp\/v2\/product"}],"about":[{"href":"https:\/\/lattonedil.com\/fr\/wp-json\/wp\/v2\/types\/product"}],"version-history":[{"count":5,"href":"https:\/\/lattonedil.com\/fr\/wp-json\/wp\/v2\/product\/90033\/revisions"}],"predecessor-version":[{"id":90039,"href":"https:\/\/lattonedil.com\/fr\/wp-json\/wp\/v2\/product\/90033\/revisions\/90039"}],"wp:featuredmedia":[{"embeddable":true,"href":"https:\/\/lattonedil.com\/fr\/wp-json\/wp\/v2\/media\/63143"}],"wp:attachment":[{"href":"https:\/\/lattonedil.com\/fr\/wp-json\/wp\/v2\/media?parent=90033"}],"wp:term":[{"taxonomy":"product_brand","embeddable":true,"href":"https:\/\/lattonedil.com\/fr\/wp-json\/wp\/v2\/product_brand?post=90033"},{"taxonomy":"product_cat","embeddable":true,"href":"https:\/\/lattonedil.com\/fr\/wp-json\/wp\/v2\/product_cat?post=90033"},{"taxonomy":"product_tag","embeddable":true,"href":"https:\/\/lattonedil.com\/fr\/wp-json\/wp\/v2\/product_tag?post=90033"}],"curies":[{"name":"wp","href":"https:\/\/api.w.org\/{rel}","templated":true}]}}