{"id":79942,"date":"2022-03-06T11:33:25","date_gmt":"2022-03-06T10:33:25","guid":{"rendered":"https:\/\/lattonedil.com\/settestelle\/frostten\/"},"modified":"2024-12-13T22:27:07","modified_gmt":"2024-12-13T21:27:07","slug":"frostten","status":"publish","type":"page","link":"https:\/\/lattonedil.com\/fr\/settestelle\/frostten\/","title":{"rendered":"FROSTTEN"},"content":{"rendered":"\t\t<div data-elementor-type=\"wp-page\" data-elementor-id=\"79942\" class=\"elementor elementor-79942 elementor-50920\" data-elementor-post-type=\"page\">\n\t\t\t\t\t\t<section class=\"elementor-section elementor-top-section elementor-element elementor-element-0aae5f7 elementor-section-full_width elementor-section-height-default elementor-section-height-default\" data-id=\"0aae5f7\" data-element_type=\"section\" data-e-type=\"section\">\n\t\t\t\t\t\t<div class=\"elementor-container elementor-column-gap-default\">\n\t\t\t\t\t<div class=\"elementor-column elementor-col-50 elementor-top-column elementor-element elementor-element-5b88cf6\" data-id=\"5b88cf6\" data-element_type=\"column\" data-e-type=\"column\" data-settings=\"{&quot;background_background&quot;:&quot;classic&quot;}\">\n\t\t\t<div class=\"elementor-widget-wrap elementor-element-populated\">\n\t\t\t\t\t\t<div class=\"elementor-element elementor-element-295378f elementor-widget elementor-widget-spacer\" data-id=\"295378f\" data-element_type=\"widget\" data-e-type=\"widget\" data-widget_type=\"spacer.default\">\n\t\t\t\t<div class=\"elementor-widget-container\">\n\t\t\t\t\t\t\t<div class=\"elementor-spacer\">\n\t\t\t<div class=\"elementor-spacer-inner\"><\/div>\n\t\t<\/div>\n\t\t\t\t\t\t<\/div>\n\t\t\t\t<\/div>\n\t\t\t\t\t<\/div>\n\t\t<\/div>\n\t\t\t\t<div class=\"elementor-column elementor-col-50 elementor-top-column elementor-element elementor-element-eadacf3\" data-id=\"eadacf3\" data-element_type=\"column\" data-e-type=\"column\">\n\t\t\t<div class=\"elementor-widget-wrap elementor-element-populated\">\n\t\t\t\t\t\t<div class=\"elementor-element elementor-element-280b01d animated-slow elementor-invisible elementor-widget elementor-widget-text-editor\" data-id=\"280b01d\" data-element_type=\"widget\" data-e-type=\"widget\" data-settings=\"{&quot;_animation&quot;:&quot;fadeInUp&quot;}\" data-widget_type=\"text-editor.default\">\n\t\t\t\t<div class=\"elementor-widget-container\">\n\t\t\t\t\t\t\t\t\t<p><strong>Panneaux pour chambres froides et b\u00e2timents froids<\/strong><\/p>\t\t\t\t\t\t\t\t<\/div>\n\t\t\t\t<\/div>\n\t\t\t\t<div class=\"elementor-element elementor-element-b3cbf8e animated-slow elementor-invisible elementor-widget elementor-widget-image\" data-id=\"b3cbf8e\" data-element_type=\"widget\" data-e-type=\"widget\" data-settings=\"{&quot;_animation&quot;:&quot;fadeInRight&quot;}\" data-widget_type=\"image.default\">\n\t\t\t\t<div class=\"elementor-widget-container\">\n\t\t\t\t\t\t\t\t\t\t\t\t\t\t\t<img fetchpriority=\"high\" decoding=\"async\" width=\"768\" height=\"511\" src=\"https:\/\/lattonedil.com\/wp-content\/uploads\/2023\/01\/FROSTTENTitolo-768x511.png\" class=\"attachment-medium_large size-medium_large wp-image-65459\" alt=\"\" srcset=\"https:\/\/lattonedil.com\/wp-content\/uploads\/2023\/01\/FROSTTENTitolo-768x511.png 768w, https:\/\/lattonedil.com\/wp-content\/uploads\/2023\/01\/FROSTTENTitolo-300x200.png 300w, https:\/\/lattonedil.com\/wp-content\/uploads\/2023\/01\/FROSTTENTitolo.png 1000w\" sizes=\"(max-width: 768px) 100vw, 768px\" \/>\t\t\t\t\t\t\t\t\t\t\t\t\t\t\t<\/div>\n\t\t\t\t<\/div>\n\t\t\t\t<div class=\"elementor-element elementor-element-1d34b50 animated-slow elementor-invisible elementor-widget elementor-widget-text-editor\" data-id=\"1d34b50\" data-element_type=\"widget\" data-e-type=\"widget\" data-settings=\"{&quot;_animation&quot;:&quot;fadeInUp&quot;}\" data-widget_type=\"text-editor.default\">\n\t\t\t\t<div class=\"elementor-widget-container\">\n\t\t\t\t\t\t\t\t\t<p>&#8211; Les solutions existent, il suffit de les cr\u00e9er &#8211; Tadao Ando<\/p>\t\t\t\t\t\t\t\t<\/div>\n\t\t\t\t<\/div>\n\t\t\t\t\t<\/div>\n\t\t<\/div>\n\t\t\t\t\t<\/div>\n\t\t<\/section>\n\t\t\t\t<section class=\"elementor-section elementor-top-section elementor-element elementor-element-e8e60bd elementor-section-full_width elementor-section-height-default elementor-section-height-default\" data-id=\"e8e60bd\" data-element_type=\"section\" data-e-type=\"section\">\n\t\t\t\t\t\t<div class=\"elementor-container elementor-column-gap-default\">\n\t\t\t\t\t<div class=\"elementor-column elementor-col-100 elementor-top-column elementor-element elementor-element-64ddab2\" data-id=\"64ddab2\" data-element_type=\"column\" data-e-type=\"column\">\n\t\t\t<div class=\"elementor-widget-wrap elementor-element-populated\">\n\t\t\t\t\t\t<div class=\"elementor-element elementor-element-33c2af5 elementor-widget elementor-widget-image\" data-id=\"33c2af5\" data-element_type=\"widget\" data-e-type=\"widget\" data-widget_type=\"image.default\">\n\t\t\t\t<div class=\"elementor-widget-container\">\n\t\t\t\t\t\t\t\t\t\t\t\t\t\t\t<img decoding=\"async\" width=\"1920\" height=\"1120\" src=\"https:\/\/lattonedil.com\/wp-content\/uploads\/2023\/01\/PAGINA-Cervo.png\" class=\"attachment-full size-full wp-image-65546\" alt=\"\" srcset=\"https:\/\/lattonedil.com\/wp-content\/uploads\/2023\/01\/PAGINA-Cervo.png 1920w, https:\/\/lattonedil.com\/wp-content\/uploads\/2023\/01\/PAGINA-Cervo-300x175.png 300w, https:\/\/lattonedil.com\/wp-content\/uploads\/2023\/01\/PAGINA-Cervo-1024x597.png 1024w, https:\/\/lattonedil.com\/wp-content\/uploads\/2023\/01\/PAGINA-Cervo-768x448.png 768w, https:\/\/lattonedil.com\/wp-content\/uploads\/2023\/01\/PAGINA-Cervo-1536x896.png 1536w, https:\/\/lattonedil.com\/wp-content\/uploads\/2023\/01\/PAGINA-Cervo-1200x700.png 1200w\" sizes=\"(max-width: 1920px) 100vw, 1920px\" \/>\t\t\t\t\t\t\t\t\t\t\t\t\t\t\t<\/div>\n\t\t\t\t<\/div>\n\t\t\t\t\t<\/div>\n\t\t<\/div>\n\t\t\t\t\t<\/div>\n\t\t<\/section>\n\t\t\t\t<section class=\"elementor-section elementor-top-section elementor-element elementor-element-bf8a7f3 elementor-section-full_width elementor-section-height-default elementor-section-height-default\" data-id=\"bf8a7f3\" data-element_type=\"section\" data-e-type=\"section\">\n\t\t\t\t\t\t<div class=\"elementor-container elementor-column-gap-default\">\n\t\t\t\t\t<div class=\"elementor-column elementor-col-50 elementor-top-column elementor-element elementor-element-5defa3b\" data-id=\"5defa3b\" data-element_type=\"column\" data-e-type=\"column\" data-settings=\"{&quot;background_background&quot;:&quot;classic&quot;}\">\n\t\t\t<div class=\"elementor-widget-wrap elementor-element-populated\">\n\t\t\t\t\t\t<div class=\"elementor-element elementor-element-7df6c33 elementor-widget elementor-widget-spacer\" data-id=\"7df6c33\" data-element_type=\"widget\" data-e-type=\"widget\" data-widget_type=\"spacer.default\">\n\t\t\t\t<div class=\"elementor-widget-container\">\n\t\t\t\t\t\t\t<div class=\"elementor-spacer\">\n\t\t\t<div class=\"elementor-spacer-inner\"><\/div>\n\t\t<\/div>\n\t\t\t\t\t\t<\/div>\n\t\t\t\t<\/div>\n\t\t\t\t\t<\/div>\n\t\t<\/div>\n\t\t\t\t<div class=\"elementor-column elementor-col-50 elementor-top-column elementor-element elementor-element-2371ea0\" data-id=\"2371ea0\" data-element_type=\"column\" data-e-type=\"column\">\n\t\t\t<div class=\"elementor-widget-wrap elementor-element-populated\">\n\t\t\t\t\t\t<div class=\"elementor-element elementor-element-58637fd animated-slow elementor-invisible elementor-widget elementor-widget-text-editor\" data-id=\"58637fd\" data-element_type=\"widget\" data-e-type=\"widget\" data-settings=\"{&quot;_animation&quot;:&quot;fadeInUp&quot;}\" data-widget_type=\"text-editor.default\">\n\t\t\t\t<div class=\"elementor-widget-container\">\n\t\t\t\t\t\t\t\t\t<p>Les panneaux de la collection FROSTTEN sont sp\u00e9cialement con\u00e7us pour le remplissage industriel interne et externe, con\u00e7us pour \u00eatre utilis\u00e9s sur des murs ou pour des faux plafonds, sp\u00e9cifiques pour des locaux climatis\u00e9s, des locaux de transformation, des antichambres de chargement\/d\u00e9chargement, des locaux de stockage r\u00e9frig\u00e9r\u00e9s \u00e0 temp\u00e9ratures positives et n\u00e9gatives.<br \/>L&rsquo;alimentation, produit phare du pays, doit une grande partie de sa qualit\u00e9 aux processus de conservation.<br \/>Gr\u00e2ce \u00e0 des entreprises comme Lattonedil, cette excellence permet \u00e0 l&rsquo;Italie de maintenir sa primaut\u00e9 en tant que pays ayant les normes de qualit\u00e9 alimentaire les plus \u00e9lev\u00e9es au monde.<\/p>\t\t\t\t\t\t\t\t<\/div>\n\t\t\t\t<\/div>\n\t\t\t\t<div class=\"elementor-element elementor-element-b991da5 elementor-widget elementor-widget-text-editor\" data-id=\"b991da5\" data-element_type=\"widget\" data-e-type=\"widget\" data-widget_type=\"text-editor.default\">\n\t\t\t\t<div class=\"elementor-widget-container\">\n\t\t\t\t\t\t\t\t\t<p>Le syst\u00e8me \u00ab\u00a0joint \u00e0 injecter sur place\u00a0\u00bb du panneau permet, en effet, de r\u00e9aliser des fixations cach\u00e9es \u00e0 rupture de pont thermique, fondamentales pour la cr\u00e9ation d&rsquo;entrep\u00f4ts autoportants \u00e0 basse temp\u00e9rature et pour les applications o\u00f9 une fixation interm\u00e9diaire au mur est n\u00e9cessaire. n\u00e9cessaire au contreventement.<\/p>\t\t\t\t\t\t\t\t<\/div>\n\t\t\t\t<\/div>\n\t\t\t\t\t<\/div>\n\t\t<\/div>\n\t\t\t\t\t<\/div>\n\t\t<\/section>\n\t\t\t\t<section class=\"elementor-section elementor-top-section elementor-element elementor-element-5958849 elementor-section-full_width elementor-section-height-min-height elementor-section-items-top elementor-section-height-default\" data-id=\"5958849\" data-element_type=\"section\" data-e-type=\"section\" data-settings=\"{&quot;background_background&quot;:&quot;classic&quot;}\">\n\t\t\t\t\t\t<div class=\"elementor-container elementor-column-gap-default\">\n\t\t\t\t\t<div class=\"elementor-column elementor-col-100 elementor-top-column elementor-element elementor-element-6ac5d7e\" data-id=\"6ac5d7e\" data-element_type=\"column\" data-e-type=\"column\">\n\t\t\t<div class=\"elementor-widget-wrap\">\n\t\t\t\t\t\t\t<\/div>\n\t\t<\/div>\n\t\t\t\t\t<\/div>\n\t\t<\/section>\n\t\t\t\t<section class=\"elementor-section elementor-top-section elementor-element elementor-element-fdcd45c elementor-section-full_width elementor-section-height-default elementor-section-height-default\" data-id=\"fdcd45c\" data-element_type=\"section\" data-e-type=\"section\">\n\t\t\t\t\t\t<div class=\"elementor-container elementor-column-gap-default\">\n\t\t\t\t\t<div class=\"elementor-column elementor-col-100 elementor-top-column elementor-element elementor-element-d9f7d3f\" data-id=\"d9f7d3f\" data-element_type=\"column\" data-e-type=\"column\">\n\t\t\t<div class=\"elementor-widget-wrap elementor-element-populated\">\n\t\t\t\t\t\t<div class=\"elementor-element elementor-element-d5cf322 elementor-hidden-desktop elementor-hidden-tablet elementor-hidden-mobile variations-visible-n layout-content_below_img btn-position-below_image preserve-img-ratio-cover label-position-left icon-visibility-y elementor-widget elementor-widget-the7-wc-products\" data-id=\"d5cf322\" data-element_type=\"widget\" data-e-type=\"widget\" data-settings=\"{&quot;show_variations&quot;:&quot;n&quot;,&quot;show_add_to_cart&quot;:&quot;y&quot;}\" data-widget_type=\"the7-wc-products.default\">\n\t\t\t\t<div class=\"elementor-widget-container\">\n\t\t\t\t\t<div class=\"products-shortcode the7-elementor-widget loading-effect-none the7-wc-products-d5cf322 mode-grid dt-css-grid-wrap cart-btn-below-img scale-img resize-by-browser-width jquery-filter\" data-padding=\"0\" data-cur-page=\"1\" data-wide-desktop-columns-num=\"3\" data-desktop-columns-num=\"3\" data-v-tablet-columns-num=\"2\" data-phone-columns-num=\"1\" data-post-limit=\"-1\" data-pagination-mode=\"none\" data-scroll-offset=\"\" aria-live=\"assertive\"><div class=\"dt-css-grid custom-pagination-handler\"><div class=\"visible wf-cell product-wrap\" data-post-id=\"90033\">\n\t\t<article class=\"post visible product type-product post-90033 status-publish first instock product_cat-toitures-paneau has-post-thumbnail shipping-taxable product-type-simple project-odd\">\n\t\t\t<figure class=\"woocom-project\">\n\t\t\t\t<div class=\"trigger-img-hover woo-buttons-on-img\">\n\n\t\t\t\t\t<div class=\"img-border\"><a href=\"https:\/\/lattonedil.com\/fr\/prodotto\/eurocinque-easy\/\" class=\"alignnone img-wrap layzr-bg img-css-resize-wrapper\"><img decoding=\"async\" width=\"1000\" height=\"600\" src=\"data:image\/svg+xml,%3Csvg%20xmlns%3D&#039;http%3A%2F%2Fwww.w3.org%2F2000%2Fsvg&#039;%20viewBox%3D&#039;0%200%201000%20600&#039;%2F%3E\" class=\"attachment-full size-full preload-me aspect lazy lazy-load\" alt=\"Eurocinque\u00ae Easy\" sizes=\"(max-width: 1000px) 100vw, 1000px\" style=\"--ratio: 1000 \/ 600;\" data-src=\"https:\/\/lattonedil.com\/wp-content\/uploads\/2022\/03\/MONOLAMIERA-EUROCINQUE-profilo-1000px.png\" loading=\"eager\" data-srcset=\"https:\/\/lattonedil.com\/wp-content\/uploads\/2022\/03\/MONOLAMIERA-EUROCINQUE-profilo-1000px.png 1000w, https:\/\/lattonedil.com\/wp-content\/uploads\/2022\/03\/MONOLAMIERA-EUROCINQUE-profilo-1000px-300x180.png 300w, https:\/\/lattonedil.com\/wp-content\/uploads\/2022\/03\/MONOLAMIERA-EUROCINQUE-profilo-1000px-768x461.png 768w\" \/><\/a><\/div>\n\t\t\t\t<\/div>\n\t\t\t\t<figcaption class=\"woocom-list-content\">\n\n\t\t\t\t\t<h4 class=\"product-title \"><a href=\"https:\/\/lattonedil.com\/fr\/prodotto\/eurocinque-easy\/\" title=\"Eurocinque\u00ae Easy\" rel=\"bookmark\">Eurocinque\u00ae Easy<\/a><\/h4><div class=\"woocommerce-product-details__short-description \">La principale caract\u00e9ristique des panneaux mono consiste \u00e0 disposer d\u2019une finition l\u00e9g\u00e8re sur la face inf\u00e9rieure, qui peut \u00eatre r\u00e9alis\u00e9e\u2026<\/div><div class=\"woo-list-buttons\"><a data-product_id=\"90033\" data-product_sku=\"\" aria-label=\"En savoir plus sur &ldquo;Eurocinque\u00ae Easy&rdquo;\" rel=\"nofollow\" href=\"https:\/\/lattonedil.com\/fr\/prodotto\/eurocinque-easy\/\" data-quantity=\"1\" data-widget-id=\"d5cf322\" class=\"product_type_simple box-button elementor-button elementor-size-xs\">Lire la suite<\/a><\/div>\n\t\t\t\t<\/figcaption>\n\t\t\t<\/figure>\n\t\t<\/article>\n\n\t\t<\/div><\/div><\/div>\t\t\t\t<\/div>\n\t\t\t\t<\/div>\n\t\t\t\t\t<\/div>\n\t\t<\/div>\n\t\t\t\t\t<\/div>\n\t\t<\/section>\n\t\t\t\t<section class=\"elementor-section elementor-top-section elementor-element elementor-element-43c1667 elementor-section-full_width elementor-section-height-default elementor-section-height-default\" data-id=\"43c1667\" data-element_type=\"section\" data-e-type=\"section\">\n\t\t\t\t\t\t<div class=\"elementor-container elementor-column-gap-default\">\n\t\t\t\t\t<div class=\"elementor-column elementor-col-50 elementor-top-column elementor-element elementor-element-3db1a4b\" data-id=\"3db1a4b\" data-element_type=\"column\" data-e-type=\"column\">\n\t\t\t<div class=\"elementor-widget-wrap elementor-element-populated\">\n\t\t\t\t\t\t<div class=\"elementor-element elementor-element-0e9a48e elementor-widget elementor-widget-button\" data-id=\"0e9a48e\" data-element_type=\"widget\" data-e-type=\"widget\" data-widget_type=\"button.default\">\n\t\t\t\t<div class=\"elementor-widget-container\">\n\t\t\t\t\t\t\t\t\t<div class=\"elementor-button-wrapper\">\n\t\t\t\t\t<a class=\"elementor-button elementor-button-link elementor-size-sm elementor-animation-float\" href=\"https:\/\/lattonedil.com\/fr\/settestelle\/\" target=\"_blank\">\n\t\t\t\t\t\t<span class=\"elementor-button-content-wrapper\">\n\t\t\t\t\t\t\t\t\t<span class=\"elementor-button-text\">settestelle<\/span>\n\t\t\t\t\t<\/span>\n\t\t\t\t\t<\/a>\n\t\t\t\t<\/div>\n\t\t\t\t\t\t\t\t<\/div>\n\t\t\t\t<\/div>\n\t\t\t\t<div class=\"elementor-element elementor-element-d68a4ad e-transform elementor-widget__width-auto elementor-view-default elementor-widget elementor-widget-icon\" data-id=\"d68a4ad\" data-element_type=\"widget\" data-e-type=\"widget\" data-settings=\"{&quot;_transform_rotateZ_effect&quot;:{&quot;unit&quot;:&quot;px&quot;,&quot;size&quot;:-45,&quot;sizes&quot;:[]},&quot;_transform_rotateZ_effect_tablet&quot;:{&quot;unit&quot;:&quot;deg&quot;,&quot;size&quot;:&quot;&quot;,&quot;sizes&quot;:[]},&quot;_transform_rotateZ_effect_mobile&quot;:{&quot;unit&quot;:&quot;deg&quot;,&quot;size&quot;:&quot;&quot;,&quot;sizes&quot;:[]}}\" data-widget_type=\"icon.default\">\n\t\t\t\t<div class=\"elementor-widget-container\">\n\t\t\t\t\t\t\t<div class=\"elementor-icon-wrapper\">\n\t\t\t<div class=\"elementor-icon\">\n\t\t\t<i aria-hidden=\"true\" class=\" icomoon-the7-font-the7-arrow-31\"><\/i>\t\t\t<\/div>\n\t\t<\/div>\n\t\t\t\t\t\t<\/div>\n\t\t\t\t<\/div>\n\t\t\t\t\t<\/div>\n\t\t<\/div>\n\t\t\t\t<div class=\"elementor-column elementor-col-50 elementor-top-column elementor-element elementor-element-8aafde6\" data-id=\"8aafde6\" data-element_type=\"column\" data-e-type=\"column\">\n\t\t\t<div class=\"elementor-widget-wrap\">\n\t\t\t\t\t\t\t<\/div>\n\t\t<\/div>\n\t\t\t\t\t<\/div>\n\t\t<\/section>\n\t\t\t\t<\/div>\n\t\t","protected":false},"excerpt":{"rendered":"<p>Panneaux pour chambres froides et b\u00e2timents froids &#8211; Les solutions existent, il suffit de les cr\u00e9er &#8211; Tadao Ando Les panneaux de la collection FROSTTEN sont sp\u00e9cialement con\u00e7us pour le remplissage industriel interne et externe, con\u00e7us pour \u00eatre utilis\u00e9s sur des murs ou pour des faux plafonds, sp\u00e9cifiques pour des locaux climatis\u00e9s, des locaux de&hellip;<\/p>\n","protected":false},"author":1,"featured_media":0,"parent":79940,"menu_order":0,"comment_status":"closed","ping_status":"closed","template":"elementor_header_footer","meta":{"_acf_changed":false,"footnotes":""},"class_list":["post-79942","page","type-page","status-publish","hentry"],"acf":[],"yoast_head":"<!-- This site is optimized with the Yoast SEO plugin v27.1.1 - https:\/\/yoast.com\/product\/yoast-seo-wordpress\/ -->\n<title>Frostten LATTONEDIL: Pannelli speciali di copertura per celle frigorifere<\/title>\n<meta name=\"description\" content=\"I pannelli della serie Frostten Lattonedil sono specifici per locali condizionati, celle ed edifici frigoriferi, sale lavorazione, anche a temperatura negativa.\" \/>\n<meta name=\"robots\" content=\"index, follow, max-snippet:-1, max-image-preview:large, max-video-preview:-1\" \/>\n<link rel=\"canonical\" href=\"https:\/\/lattonedil.com\/fr\/settestelle\/frostten\/\" \/>\n<meta property=\"og:locale\" content=\"fr_FR\" \/>\n<meta property=\"og:type\" content=\"article\" \/>\n<meta property=\"og:title\" content=\"Frostten LATTONEDIL: Pannelli speciali di copertura per celle frigorifere\" \/>\n<meta property=\"og:description\" content=\"I pannelli della serie Frostten Lattonedil sono specifici per locali condizionati, celle ed edifici frigoriferi, sale lavorazione, anche a temperatura negativa.\" \/>\n<meta property=\"og:url\" content=\"https:\/\/lattonedil.com\/fr\/settestelle\/frostten\/\" \/>\n<meta property=\"og:site_name\" content=\"Lattonedil\" \/>\n<meta property=\"article:modified_time\" content=\"2024-12-13T21:27:07+00:00\" \/>\n<meta property=\"og:image\" content=\"https:\/\/lattonedil.com\/wp-content\/uploads\/2023\/01\/FROSTTENTitolo-768x511.png\" \/>\n<meta name=\"twitter:card\" content=\"summary_large_image\" \/>\n<meta name=\"twitter:label1\" content=\"Dur\u00e9e de lecture estim\u00e9e\" \/>\n\t<meta name=\"twitter:data1\" content=\"2 minutes\" \/>\n<script type=\"application\/ld+json\" class=\"yoast-schema-graph\">{\"@context\":\"https:\/\/schema.org\",\"@graph\":[{\"@type\":\"WebPage\",\"@id\":\"https:\/\/lattonedil.com\/fr\/settestelle\/frostten\/\",\"url\":\"https:\/\/lattonedil.com\/fr\/settestelle\/frostten\/\",\"name\":\"Frostten LATTONEDIL: Pannelli speciali di copertura per celle frigorifere\",\"isPartOf\":{\"@id\":\"https:\/\/lattonedil.com\/#website\"},\"primaryImageOfPage\":{\"@id\":\"https:\/\/lattonedil.com\/fr\/settestelle\/frostten\/#primaryimage\"},\"image\":{\"@id\":\"https:\/\/lattonedil.com\/fr\/settestelle\/frostten\/#primaryimage\"},\"thumbnailUrl\":\"https:\/\/lattonedil.com\/wp-content\/uploads\/2023\/01\/FROSTTENTitolo-768x511.png\",\"datePublished\":\"2022-03-06T10:33:25+00:00\",\"dateModified\":\"2024-12-13T21:27:07+00:00\",\"description\":\"I pannelli della serie Frostten Lattonedil sono specifici per locali condizionati, celle ed edifici frigoriferi, sale lavorazione, anche a temperatura negativa.\",\"breadcrumb\":{\"@id\":\"https:\/\/lattonedil.com\/fr\/settestelle\/frostten\/#breadcrumb\"},\"inLanguage\":\"fr-FR\",\"potentialAction\":[{\"@type\":\"ReadAction\",\"target\":[\"https:\/\/lattonedil.com\/fr\/settestelle\/frostten\/\"]}]},{\"@type\":\"ImageObject\",\"inLanguage\":\"fr-FR\",\"@id\":\"https:\/\/lattonedil.com\/fr\/settestelle\/frostten\/#primaryimage\",\"url\":\"https:\/\/lattonedil.com\/wp-content\/uploads\/2023\/01\/FROSTTENTitolo-768x511.png\",\"contentUrl\":\"https:\/\/lattonedil.com\/wp-content\/uploads\/2023\/01\/FROSTTENTitolo-768x511.png\"},{\"@type\":\"BreadcrumbList\",\"@id\":\"https:\/\/lattonedil.com\/fr\/settestelle\/frostten\/#breadcrumb\",\"itemListElement\":[{\"@type\":\"ListItem\",\"position\":1,\"name\":\"Home\",\"item\":\"https:\/\/lattonedil.com\/fr\/home-main\/\"},{\"@type\":\"ListItem\",\"position\":2,\"name\":\"Settestelle\",\"item\":\"https:\/\/lattonedil.com\/fr\/settestelle\/\"},{\"@type\":\"ListItem\",\"position\":3,\"name\":\"FROSTTEN\"}]},{\"@type\":\"WebSite\",\"@id\":\"https:\/\/lattonedil.com\/#website\",\"url\":\"https:\/\/lattonedil.com\/\",\"name\":\"Lattonedil\",\"description\":\"\",\"publisher\":{\"@id\":\"https:\/\/lattonedil.com\/#organization\"},\"potentialAction\":[{\"@type\":\"SearchAction\",\"target\":{\"@type\":\"EntryPoint\",\"urlTemplate\":\"https:\/\/lattonedil.com\/?s={search_term_string}\"},\"query-input\":{\"@type\":\"PropertyValueSpecification\",\"valueRequired\":true,\"valueName\":\"search_term_string\"}}],\"inLanguage\":\"fr-FR\"},{\"@type\":\"Organization\",\"@id\":\"https:\/\/lattonedil.com\/#organization\",\"name\":\"Lattonedil\",\"url\":\"https:\/\/lattonedil.com\/\",\"logo\":{\"@type\":\"ImageObject\",\"inLanguage\":\"fr-FR\",\"@id\":\"https:\/\/lattonedil.com\/#\/schema\/logo\/image\/\",\"url\":\"https:\/\/lattonedil.com\/wp-content\/uploads\/2021\/10\/50-anni-logo-2020-3.png\",\"contentUrl\":\"https:\/\/lattonedil.com\/wp-content\/uploads\/2021\/10\/50-anni-logo-2020-3.png\",\"width\":3192,\"height\":525,\"caption\":\"Lattonedil\"},\"image\":{\"@id\":\"https:\/\/lattonedil.com\/#\/schema\/logo\/image\/\"}}]}<\/script>\n<!-- \/ Yoast SEO plugin. -->","yoast_head_json":{"title":"Frostten LATTONEDIL: Pannelli speciali di copertura per celle frigorifere","description":"I pannelli della serie Frostten Lattonedil sono specifici per locali condizionati, celle ed edifici frigoriferi, sale lavorazione, anche a temperatura negativa.","robots":{"index":"index","follow":"follow","max-snippet":"max-snippet:-1","max-image-preview":"max-image-preview:large","max-video-preview":"max-video-preview:-1"},"canonical":"https:\/\/lattonedil.com\/fr\/settestelle\/frostten\/","og_locale":"fr_FR","og_type":"article","og_title":"Frostten LATTONEDIL: Pannelli speciali di copertura per celle frigorifere","og_description":"I pannelli della serie Frostten Lattonedil sono specifici per locali condizionati, celle ed edifici frigoriferi, sale lavorazione, anche a temperatura negativa.","og_url":"https:\/\/lattonedil.com\/fr\/settestelle\/frostten\/","og_site_name":"Lattonedil","article_modified_time":"2024-12-13T21:27:07+00:00","og_image":[{"url":"https:\/\/lattonedil.com\/wp-content\/uploads\/2023\/01\/FROSTTENTitolo-768x511.png","type":"","width":"","height":""}],"twitter_card":"summary_large_image","twitter_misc":{"Dur\u00e9e de lecture estim\u00e9e":"2 minutes"},"schema":{"@context":"https:\/\/schema.org","@graph":[{"@type":"WebPage","@id":"https:\/\/lattonedil.com\/fr\/settestelle\/frostten\/","url":"https:\/\/lattonedil.com\/fr\/settestelle\/frostten\/","name":"Frostten LATTONEDIL: Pannelli speciali di copertura per celle frigorifere","isPartOf":{"@id":"https:\/\/lattonedil.com\/#website"},"primaryImageOfPage":{"@id":"https:\/\/lattonedil.com\/fr\/settestelle\/frostten\/#primaryimage"},"image":{"@id":"https:\/\/lattonedil.com\/fr\/settestelle\/frostten\/#primaryimage"},"thumbnailUrl":"https:\/\/lattonedil.com\/wp-content\/uploads\/2023\/01\/FROSTTENTitolo-768x511.png","datePublished":"2022-03-06T10:33:25+00:00","dateModified":"2024-12-13T21:27:07+00:00","description":"I pannelli della serie Frostten Lattonedil sono specifici per locali condizionati, celle ed edifici frigoriferi, sale lavorazione, anche a temperatura negativa.","breadcrumb":{"@id":"https:\/\/lattonedil.com\/fr\/settestelle\/frostten\/#breadcrumb"},"inLanguage":"fr-FR","potentialAction":[{"@type":"ReadAction","target":["https:\/\/lattonedil.com\/fr\/settestelle\/frostten\/"]}]},{"@type":"ImageObject","inLanguage":"fr-FR","@id":"https:\/\/lattonedil.com\/fr\/settestelle\/frostten\/#primaryimage","url":"https:\/\/lattonedil.com\/wp-content\/uploads\/2023\/01\/FROSTTENTitolo-768x511.png","contentUrl":"https:\/\/lattonedil.com\/wp-content\/uploads\/2023\/01\/FROSTTENTitolo-768x511.png"},{"@type":"BreadcrumbList","@id":"https:\/\/lattonedil.com\/fr\/settestelle\/frostten\/#breadcrumb","itemListElement":[{"@type":"ListItem","position":1,"name":"Home","item":"https:\/\/lattonedil.com\/fr\/home-main\/"},{"@type":"ListItem","position":2,"name":"Settestelle","item":"https:\/\/lattonedil.com\/fr\/settestelle\/"},{"@type":"ListItem","position":3,"name":"FROSTTEN"}]},{"@type":"WebSite","@id":"https:\/\/lattonedil.com\/#website","url":"https:\/\/lattonedil.com\/","name":"Lattonedil","description":"","publisher":{"@id":"https:\/\/lattonedil.com\/#organization"},"potentialAction":[{"@type":"SearchAction","target":{"@type":"EntryPoint","urlTemplate":"https:\/\/lattonedil.com\/?s={search_term_string}"},"query-input":{"@type":"PropertyValueSpecification","valueRequired":true,"valueName":"search_term_string"}}],"inLanguage":"fr-FR"},{"@type":"Organization","@id":"https:\/\/lattonedil.com\/#organization","name":"Lattonedil","url":"https:\/\/lattonedil.com\/","logo":{"@type":"ImageObject","inLanguage":"fr-FR","@id":"https:\/\/lattonedil.com\/#\/schema\/logo\/image\/","url":"https:\/\/lattonedil.com\/wp-content\/uploads\/2021\/10\/50-anni-logo-2020-3.png","contentUrl":"https:\/\/lattonedil.com\/wp-content\/uploads\/2021\/10\/50-anni-logo-2020-3.png","width":3192,"height":525,"caption":"Lattonedil"},"image":{"@id":"https:\/\/lattonedil.com\/#\/schema\/logo\/image\/"}}]}},"_links":{"self":[{"href":"https:\/\/lattonedil.com\/fr\/wp-json\/wp\/v2\/pages\/79942","targetHints":{"allow":["GET"]}}],"collection":[{"href":"https:\/\/lattonedil.com\/fr\/wp-json\/wp\/v2\/pages"}],"about":[{"href":"https:\/\/lattonedil.com\/fr\/wp-json\/wp\/v2\/types\/page"}],"author":[{"embeddable":true,"href":"https:\/\/lattonedil.com\/fr\/wp-json\/wp\/v2\/users\/1"}],"replies":[{"embeddable":true,"href":"https:\/\/lattonedil.com\/fr\/wp-json\/wp\/v2\/comments?post=79942"}],"version-history":[{"count":3,"href":"https:\/\/lattonedil.com\/fr\/wp-json\/wp\/v2\/pages\/79942\/revisions"}],"predecessor-version":[{"id":79953,"href":"https:\/\/lattonedil.com\/fr\/wp-json\/wp\/v2\/pages\/79942\/revisions\/79953"}],"up":[{"embeddable":true,"href":"https:\/\/lattonedil.com\/fr\/wp-json\/wp\/v2\/pages\/79940"}],"wp:attachment":[{"href":"https:\/\/lattonedil.com\/fr\/wp-json\/wp\/v2\/media?parent=79942"}],"curies":[{"name":"wp","href":"https:\/\/api.w.org\/{rel}","templated":true}]}}