{"id":79908,"date":"2022-04-22T17:59:15","date_gmt":"2022-04-22T15:59:15","guid":{"rendered":"https:\/\/lattonedil.com\/bim-project\/"},"modified":"2026-04-28T16:02:08","modified_gmt":"2026-04-28T14:02:08","slug":"bim-project","status":"publish","type":"page","link":"https:\/\/lattonedil.com\/fr\/bim-project\/","title":{"rendered":"Bim Project"},"content":{"rendered":"\t\t<div data-elementor-type=\"wp-page\" data-elementor-id=\"79908\" class=\"elementor elementor-79908 elementor-52540\" data-elementor-post-type=\"page\">\n\t\t\t\t\t\t<section class=\"elementor-section elementor-top-section elementor-element elementor-element-b1c15a9 elementor-section-full_width elementor-section-height-default elementor-section-height-default\" data-id=\"b1c15a9\" data-element_type=\"section\" data-e-type=\"section\">\n\t\t\t\t\t\t<div class=\"elementor-container elementor-column-gap-default\">\n\t\t\t\t\t<div class=\"elementor-column elementor-col-33 elementor-top-column elementor-element elementor-element-456281f\" data-id=\"456281f\" data-element_type=\"column\" data-e-type=\"column\">\n\t\t\t<div class=\"elementor-widget-wrap elementor-element-populated\">\n\t\t\t\t\t\t<div class=\"elementor-element elementor-element-43deb36 animated-slow elementor-invisible elementor-widget elementor-widget-heading\" data-id=\"43deb36\" data-element_type=\"widget\" data-e-type=\"widget\" data-settings=\"{&quot;_animation&quot;:&quot;fadeInLeft&quot;}\" data-widget_type=\"heading.default\">\n\t\t\t\t<div class=\"elementor-widget-container\">\n\t\t\t\t\t<h2 class=\"elementor-heading-title elementor-size-default\">Bim<\/h2>\t\t\t\t<\/div>\n\t\t\t\t<\/div>\n\t\t\t\t<div class=\"elementor-element elementor-element-f7da03e animated-slow elementor-widget__width-auto elementor-invisible elementor-widget elementor-widget-heading\" data-id=\"f7da03e\" data-element_type=\"widget\" data-e-type=\"widget\" data-settings=\"{&quot;_animation&quot;:&quot;fadeInRight&quot;,&quot;_animation_delay&quot;:800}\" data-widget_type=\"heading.default\">\n\t\t\t\t<div class=\"elementor-widget-container\">\n\t\t\t\t\t<h2 class=\"elementor-heading-title elementor-size-default\">project<\/h2>\t\t\t\t<\/div>\n\t\t\t\t<\/div>\n\t\t\t\t\t<\/div>\n\t\t<\/div>\n\t\t\t\t<div class=\"elementor-column elementor-col-33 elementor-top-column elementor-element elementor-element-b6fe19b\" data-id=\"b6fe19b\" data-element_type=\"column\" data-e-type=\"column\">\n\t\t\t<div class=\"elementor-widget-wrap elementor-element-populated\">\n\t\t\t\t\t\t<div class=\"elementor-element elementor-element-88c6ff4 elementor-widget elementor-widget-text-editor\" data-id=\"88c6ff4\" data-element_type=\"widget\" data-e-type=\"widget\" data-widget_type=\"text-editor.default\">\n\t\t\t\t<div class=\"elementor-widget-container\">\n\t\t\t\t\t\t\t\t\t<p class=\"font_8\">Concevoir avec Lattonedil en BIM: la r\u00e9volution \u00e0 port\u00e9e de projet.<\/p>\t\t\t\t\t\t\t\t<\/div>\n\t\t\t\t<\/div>\n\t\t\t\t\t<\/div>\n\t\t<\/div>\n\t\t\t\t<div class=\"elementor-column elementor-col-33 elementor-top-column elementor-element elementor-element-fabbad0\" data-id=\"fabbad0\" data-element_type=\"column\" data-e-type=\"column\">\n\t\t\t<div class=\"elementor-widget-wrap\">\n\t\t\t\t\t\t\t<\/div>\n\t\t<\/div>\n\t\t\t\t\t<\/div>\n\t\t<\/section>\n\t\t\t\t<section class=\"elementor-section elementor-top-section elementor-element elementor-element-51c75ab elementor-section-full_width elementor-section-height-default elementor-section-height-default\" data-id=\"51c75ab\" data-element_type=\"section\" data-e-type=\"section\">\n\t\t\t\t\t\t<div class=\"elementor-container elementor-column-gap-default\">\n\t\t\t\t\t<div class=\"elementor-column elementor-col-100 elementor-top-column elementor-element elementor-element-9a2e13c\" data-id=\"9a2e13c\" data-element_type=\"column\" data-e-type=\"column\" data-settings=\"{&quot;background_background&quot;:&quot;classic&quot;}\">\n\t\t\t<div class=\"elementor-widget-wrap elementor-element-populated\">\n\t\t\t\t\t\t<div class=\"elementor-element elementor-element-c95e58f elementor-widget elementor-widget-spacer\" data-id=\"c95e58f\" data-element_type=\"widget\" data-e-type=\"widget\" data-widget_type=\"spacer.default\">\n\t\t\t\t<div class=\"elementor-widget-container\">\n\t\t\t\t\t\t\t<div class=\"elementor-spacer\">\n\t\t\t<div class=\"elementor-spacer-inner\"><\/div>\n\t\t<\/div>\n\t\t\t\t\t\t<\/div>\n\t\t\t\t<\/div>\n\t\t\t\t\t<\/div>\n\t\t<\/div>\n\t\t\t\t\t<\/div>\n\t\t<\/section>\n\t\t\t\t<section class=\"elementor-section elementor-top-section elementor-element elementor-element-83672e2 elementor-section-full_width elementor-section-height-default elementor-section-height-default\" data-id=\"83672e2\" data-element_type=\"section\" data-e-type=\"section\">\n\t\t\t\t\t\t<div class=\"elementor-container elementor-column-gap-default\">\n\t\t\t\t\t<div class=\"elementor-column elementor-col-50 elementor-top-column elementor-element elementor-element-db79501\" data-id=\"db79501\" data-element_type=\"column\" data-e-type=\"column\">\n\t\t\t<div class=\"elementor-widget-wrap elementor-element-populated\">\n\t\t\t\t\t\t<div class=\"elementor-element elementor-element-51003f8 elementor-widget elementor-widget-image\" data-id=\"51003f8\" data-element_type=\"widget\" data-e-type=\"widget\" data-widget_type=\"image.default\">\n\t\t\t\t<div class=\"elementor-widget-container\">\n\t\t\t\t\t\t\t\t\t\t\t\t\t\t\t\t<a href=\"https:\/\/www.bimobject.com\/en\/lattonedil\" target=\"_blank\">\n\t\t\t\t\t\t\t<img fetchpriority=\"high\" decoding=\"async\" width=\"1024\" height=\"658\" src=\"https:\/\/lattonedil.com\/wp-content\/uploads\/2022\/09\/bim-1024x658.webp\" class=\"attachment-large size-large wp-image-56218\" alt=\"\" srcset=\"https:\/\/lattonedil.com\/wp-content\/uploads\/2022\/09\/bim-1024x658.webp 1024w, https:\/\/lattonedil.com\/wp-content\/uploads\/2022\/09\/bim-300x193.webp 300w, https:\/\/lattonedil.com\/wp-content\/uploads\/2022\/09\/bim-768x494.webp 768w, https:\/\/lattonedil.com\/wp-content\/uploads\/2022\/09\/bim.webp 1039w\" sizes=\"(max-width: 1024px) 100vw, 1024px\" \/>\t\t\t\t\t\t\t\t<\/a>\n\t\t\t\t\t\t\t\t\t\t\t\t\t\t\t<\/div>\n\t\t\t\t<\/div>\n\t\t\t\t\t<\/div>\n\t\t<\/div>\n\t\t\t\t<div class=\"elementor-column elementor-col-50 elementor-top-column elementor-element elementor-element-2ee92ab\" data-id=\"2ee92ab\" data-element_type=\"column\" data-e-type=\"column\">\n\t\t\t<div class=\"elementor-widget-wrap elementor-element-populated\">\n\t\t\t\t\t\t<div class=\"elementor-element elementor-element-32a6336 elementor-widget elementor-widget-heading\" data-id=\"32a6336\" data-element_type=\"widget\" data-e-type=\"widget\" data-widget_type=\"heading.default\">\n\t\t\t\t<div class=\"elementor-widget-container\">\n\t\t\t\t\t<h2 class=\"elementor-heading-title elementor-size-default\">BUILDING INFORMATION MODELING<\/h2>\t\t\t\t<\/div>\n\t\t\t\t<\/div>\n\t\t\t\t<div class=\"elementor-element elementor-element-11cfe3f elementor-widget elementor-widget-text-editor\" data-id=\"11cfe3f\" data-element_type=\"widget\" data-e-type=\"widget\" data-widget_type=\"text-editor.default\">\n\t\t\t\t<div class=\"elementor-widget-container\">\n\t\t\t\t\t\t\t\t\t<p class=\"font_8\"><span class=\"color_11\">Les panneaux Lattonedil ont int\u00e9gr\u00e9 la galerie de produits disponibles pour les logiciels BIM dans le monde entier.<\/span><\/p><p class=\"font_8\"><span class=\"color_11\">Le Building Information Modeling, ou BIM, est une approche int\u00e9gr\u00e9e de la conception du b\u00e2timent qui permet aux architectes et aux sp\u00e9cialistes du secteur de concevoir et de r\u00e9aliser un ouvrage avec plus de rapidit\u00e9, d\u2019efficacit\u00e9 et de ma\u00eetrise. Le logiciel BIM contient toutes les informations n\u00e9cessaires \u00e0 chaque phase du projet : architecturale, structurelle, technique et de gestion.<br>La conception s\u2019appuie sur des mod\u00e8les d\u2019objets r\u00e9els fournis directement par le fabricant, qui en fournit les caract\u00e9ristiques physiques, thermiques et esth\u00e9tiques.  <\/span><\/p>\t\t\t\t\t\t\t\t<\/div>\n\t\t\t\t<\/div>\n\t\t\t\t<div class=\"elementor-element elementor-element-accdb58 elementor-widget elementor-widget-button\" data-id=\"accdb58\" data-element_type=\"widget\" data-e-type=\"widget\" data-widget_type=\"button.default\">\n\t\t\t\t<div class=\"elementor-widget-container\">\n\t\t\t\t\t\t\t\t\t<div class=\"elementor-button-wrapper\">\n\t\t\t\t\t<a class=\"elementor-button elementor-button-link elementor-size-sm elementor-animation-float\" href=\"https:\/\/www.bimobject.com\/en\/lattonedil\">\n\t\t\t\t\t\t<span class=\"elementor-button-content-wrapper\">\n\t\t\t\t\t\t\t\t\t<span class=\"elementor-button-text\">View More<\/span>\n\t\t\t\t\t<\/span>\n\t\t\t\t\t<\/a>\n\t\t\t\t<\/div>\n\t\t\t\t\t\t\t\t<\/div>\n\t\t\t\t<\/div>\n\t\t\t\t<div class=\"elementor-element elementor-element-4801610 e-transform elementor-widget__width-auto elementor-view-default elementor-widget elementor-widget-icon\" data-id=\"4801610\" data-element_type=\"widget\" data-e-type=\"widget\" data-settings=\"{&quot;_transform_rotateZ_effect&quot;:{&quot;unit&quot;:&quot;px&quot;,&quot;size&quot;:-45,&quot;sizes&quot;:[]},&quot;_transform_rotateZ_effect_tablet&quot;:{&quot;unit&quot;:&quot;deg&quot;,&quot;size&quot;:&quot;&quot;,&quot;sizes&quot;:[]},&quot;_transform_rotateZ_effect_mobile&quot;:{&quot;unit&quot;:&quot;deg&quot;,&quot;size&quot;:&quot;&quot;,&quot;sizes&quot;:[]}}\" data-widget_type=\"icon.default\">\n\t\t\t\t<div class=\"elementor-widget-container\">\n\t\t\t\t\t\t\t<div class=\"elementor-icon-wrapper\">\n\t\t\t<div class=\"elementor-icon\">\n\t\t\t<i aria-hidden=\"true\" class=\" icomoon-the7-font-the7-arrow-31\"><\/i>\t\t\t<\/div>\n\t\t<\/div>\n\t\t\t\t\t\t<\/div>\n\t\t\t\t<\/div>\n\t\t\t\t\t<\/div>\n\t\t<\/div>\n\t\t\t\t\t<\/div>\n\t\t<\/section>\n\t\t\t\t<\/div>\n\t\t","protected":false},"excerpt":{"rendered":"<p>Bim project Concevoir avec Lattonedil en BIM: la r\u00e9volution \u00e0 port\u00e9e de projet. BUILDING INFORMATION MODELING Les panneaux Lattonedil ont int\u00e9gr\u00e9 la galerie de produits disponibles pour les logiciels BIM dans le monde entier. Le Building Information Modeling, ou BIM, est une approche int\u00e9gr\u00e9e de la conception du b\u00e2timent qui permet aux architectes et aux&hellip;<\/p>\n","protected":false},"author":1,"featured_media":0,"parent":0,"menu_order":0,"comment_status":"closed","ping_status":"closed","template":"elementor_header_footer","meta":{"_acf_changed":false,"footnotes":""},"class_list":["post-79908","page","type-page","status-publish","hentry"],"acf":[],"yoast_head":"<!-- This site is optimized with the Yoast SEO plugin v27.1.1 - https:\/\/yoast.com\/product\/yoast-seo-wordpress\/ -->\n<title>Bim Project - Lattonedil<\/title>\n<meta name=\"robots\" content=\"index, follow, max-snippet:-1, max-image-preview:large, max-video-preview:-1\" \/>\n<link rel=\"canonical\" href=\"https:\/\/lattonedil.com\/fr\/bim-project\/\" \/>\n<meta property=\"og:locale\" content=\"fr_FR\" \/>\n<meta property=\"og:type\" content=\"article\" \/>\n<meta property=\"og:title\" content=\"Bim Project - Lattonedil\" \/>\n<meta property=\"og:description\" content=\"Bim project Concevoir avec Lattonedil en BIM: la r\u00e9volution \u00e0 port\u00e9e de projet. BUILDING INFORMATION MODELING Les panneaux Lattonedil ont int\u00e9gr\u00e9 la galerie de produits disponibles pour les logiciels BIM dans le monde entier. Le Building Information Modeling, ou BIM, est une approche int\u00e9gr\u00e9e de la conception du b\u00e2timent qui permet aux architectes et aux&hellip;\" \/>\n<meta property=\"og:url\" content=\"https:\/\/lattonedil.com\/fr\/bim-project\/\" \/>\n<meta property=\"og:site_name\" content=\"Lattonedil\" \/>\n<meta property=\"article:modified_time\" content=\"2026-04-28T14:02:08+00:00\" \/>\n<meta property=\"og:image\" content=\"https:\/\/lattonedil.com\/wp-content\/uploads\/2022\/09\/bim.webp\" \/>\n\t<meta property=\"og:image:width\" content=\"1039\" \/>\n\t<meta property=\"og:image:height\" content=\"668\" \/>\n\t<meta property=\"og:image:type\" content=\"image\/webp\" \/>\n<meta name=\"twitter:card\" content=\"summary_large_image\" \/>\n<meta name=\"twitter:label1\" content=\"Dur\u00e9e de lecture estim\u00e9e\" \/>\n\t<meta name=\"twitter:data1\" content=\"1 minute\" \/>\n<script type=\"application\/ld+json\" class=\"yoast-schema-graph\">{\"@context\":\"https:\/\/schema.org\",\"@graph\":[{\"@type\":\"WebPage\",\"@id\":\"https:\/\/lattonedil.com\/fr\/bim-project\/\",\"url\":\"https:\/\/lattonedil.com\/fr\/bim-project\/\",\"name\":\"Bim Project - Lattonedil\",\"isPartOf\":{\"@id\":\"https:\/\/lattonedil.com\/#website\"},\"primaryImageOfPage\":{\"@id\":\"https:\/\/lattonedil.com\/fr\/bim-project\/#primaryimage\"},\"image\":{\"@id\":\"https:\/\/lattonedil.com\/fr\/bim-project\/#primaryimage\"},\"thumbnailUrl\":\"https:\/\/lattonedil.com\/wp-content\/uploads\/2022\/09\/bim-1024x658.webp\",\"datePublished\":\"2022-04-22T15:59:15+00:00\",\"dateModified\":\"2026-04-28T14:02:08+00:00\",\"breadcrumb\":{\"@id\":\"https:\/\/lattonedil.com\/fr\/bim-project\/#breadcrumb\"},\"inLanguage\":\"fr-FR\",\"potentialAction\":[{\"@type\":\"ReadAction\",\"target\":[\"https:\/\/lattonedil.com\/fr\/bim-project\/\"]}]},{\"@type\":\"ImageObject\",\"inLanguage\":\"fr-FR\",\"@id\":\"https:\/\/lattonedil.com\/fr\/bim-project\/#primaryimage\",\"url\":\"https:\/\/lattonedil.com\/wp-content\/uploads\/2022\/09\/bim-1024x658.webp\",\"contentUrl\":\"https:\/\/lattonedil.com\/wp-content\/uploads\/2022\/09\/bim-1024x658.webp\"},{\"@type\":\"BreadcrumbList\",\"@id\":\"https:\/\/lattonedil.com\/fr\/bim-project\/#breadcrumb\",\"itemListElement\":[{\"@type\":\"ListItem\",\"position\":1,\"name\":\"Home\",\"item\":\"https:\/\/lattonedil.com\/fr\/home-main\/\"},{\"@type\":\"ListItem\",\"position\":2,\"name\":\"Bim Project\"}]},{\"@type\":\"WebSite\",\"@id\":\"https:\/\/lattonedil.com\/#website\",\"url\":\"https:\/\/lattonedil.com\/\",\"name\":\"Lattonedil\",\"description\":\"\",\"publisher\":{\"@id\":\"https:\/\/lattonedil.com\/#organization\"},\"potentialAction\":[{\"@type\":\"SearchAction\",\"target\":{\"@type\":\"EntryPoint\",\"urlTemplate\":\"https:\/\/lattonedil.com\/?s={search_term_string}\"},\"query-input\":{\"@type\":\"PropertyValueSpecification\",\"valueRequired\":true,\"valueName\":\"search_term_string\"}}],\"inLanguage\":\"fr-FR\"},{\"@type\":\"Organization\",\"@id\":\"https:\/\/lattonedil.com\/#organization\",\"name\":\"Lattonedil\",\"url\":\"https:\/\/lattonedil.com\/\",\"logo\":{\"@type\":\"ImageObject\",\"inLanguage\":\"fr-FR\",\"@id\":\"https:\/\/lattonedil.com\/#\/schema\/logo\/image\/\",\"url\":\"https:\/\/lattonedil.com\/wp-content\/uploads\/2021\/10\/50-anni-logo-2020-3.png\",\"contentUrl\":\"https:\/\/lattonedil.com\/wp-content\/uploads\/2021\/10\/50-anni-logo-2020-3.png\",\"width\":3192,\"height\":525,\"caption\":\"Lattonedil\"},\"image\":{\"@id\":\"https:\/\/lattonedil.com\/#\/schema\/logo\/image\/\"}}]}<\/script>\n<!-- \/ Yoast SEO plugin. -->","yoast_head_json":{"title":"Bim Project - Lattonedil","robots":{"index":"index","follow":"follow","max-snippet":"max-snippet:-1","max-image-preview":"max-image-preview:large","max-video-preview":"max-video-preview:-1"},"canonical":"https:\/\/lattonedil.com\/fr\/bim-project\/","og_locale":"fr_FR","og_type":"article","og_title":"Bim Project - Lattonedil","og_description":"Bim project Concevoir avec Lattonedil en BIM: la r\u00e9volution \u00e0 port\u00e9e de projet. BUILDING INFORMATION MODELING Les panneaux Lattonedil ont int\u00e9gr\u00e9 la galerie de produits disponibles pour les logiciels BIM dans le monde entier. Le Building Information Modeling, ou BIM, est une approche int\u00e9gr\u00e9e de la conception du b\u00e2timent qui permet aux architectes et aux&hellip;","og_url":"https:\/\/lattonedil.com\/fr\/bim-project\/","og_site_name":"Lattonedil","article_modified_time":"2026-04-28T14:02:08+00:00","og_image":[{"width":1039,"height":668,"url":"https:\/\/lattonedil.com\/wp-content\/uploads\/2022\/09\/bim.webp","type":"image\/webp"}],"twitter_card":"summary_large_image","twitter_misc":{"Dur\u00e9e de lecture estim\u00e9e":"1 minute"},"schema":{"@context":"https:\/\/schema.org","@graph":[{"@type":"WebPage","@id":"https:\/\/lattonedil.com\/fr\/bim-project\/","url":"https:\/\/lattonedil.com\/fr\/bim-project\/","name":"Bim Project - Lattonedil","isPartOf":{"@id":"https:\/\/lattonedil.com\/#website"},"primaryImageOfPage":{"@id":"https:\/\/lattonedil.com\/fr\/bim-project\/#primaryimage"},"image":{"@id":"https:\/\/lattonedil.com\/fr\/bim-project\/#primaryimage"},"thumbnailUrl":"https:\/\/lattonedil.com\/wp-content\/uploads\/2022\/09\/bim-1024x658.webp","datePublished":"2022-04-22T15:59:15+00:00","dateModified":"2026-04-28T14:02:08+00:00","breadcrumb":{"@id":"https:\/\/lattonedil.com\/fr\/bim-project\/#breadcrumb"},"inLanguage":"fr-FR","potentialAction":[{"@type":"ReadAction","target":["https:\/\/lattonedil.com\/fr\/bim-project\/"]}]},{"@type":"ImageObject","inLanguage":"fr-FR","@id":"https:\/\/lattonedil.com\/fr\/bim-project\/#primaryimage","url":"https:\/\/lattonedil.com\/wp-content\/uploads\/2022\/09\/bim-1024x658.webp","contentUrl":"https:\/\/lattonedil.com\/wp-content\/uploads\/2022\/09\/bim-1024x658.webp"},{"@type":"BreadcrumbList","@id":"https:\/\/lattonedil.com\/fr\/bim-project\/#breadcrumb","itemListElement":[{"@type":"ListItem","position":1,"name":"Home","item":"https:\/\/lattonedil.com\/fr\/home-main\/"},{"@type":"ListItem","position":2,"name":"Bim Project"}]},{"@type":"WebSite","@id":"https:\/\/lattonedil.com\/#website","url":"https:\/\/lattonedil.com\/","name":"Lattonedil","description":"","publisher":{"@id":"https:\/\/lattonedil.com\/#organization"},"potentialAction":[{"@type":"SearchAction","target":{"@type":"EntryPoint","urlTemplate":"https:\/\/lattonedil.com\/?s={search_term_string}"},"query-input":{"@type":"PropertyValueSpecification","valueRequired":true,"valueName":"search_term_string"}}],"inLanguage":"fr-FR"},{"@type":"Organization","@id":"https:\/\/lattonedil.com\/#organization","name":"Lattonedil","url":"https:\/\/lattonedil.com\/","logo":{"@type":"ImageObject","inLanguage":"fr-FR","@id":"https:\/\/lattonedil.com\/#\/schema\/logo\/image\/","url":"https:\/\/lattonedil.com\/wp-content\/uploads\/2021\/10\/50-anni-logo-2020-3.png","contentUrl":"https:\/\/lattonedil.com\/wp-content\/uploads\/2021\/10\/50-anni-logo-2020-3.png","width":3192,"height":525,"caption":"Lattonedil"},"image":{"@id":"https:\/\/lattonedil.com\/#\/schema\/logo\/image\/"}}]}},"_links":{"self":[{"href":"https:\/\/lattonedil.com\/fr\/wp-json\/wp\/v2\/pages\/79908","targetHints":{"allow":["GET"]}}],"collection":[{"href":"https:\/\/lattonedil.com\/fr\/wp-json\/wp\/v2\/pages"}],"about":[{"href":"https:\/\/lattonedil.com\/fr\/wp-json\/wp\/v2\/types\/page"}],"author":[{"embeddable":true,"href":"https:\/\/lattonedil.com\/fr\/wp-json\/wp\/v2\/users\/1"}],"replies":[{"embeddable":true,"href":"https:\/\/lattonedil.com\/fr\/wp-json\/wp\/v2\/comments?post=79908"}],"version-history":[{"count":4,"href":"https:\/\/lattonedil.com\/fr\/wp-json\/wp\/v2\/pages\/79908\/revisions"}],"predecessor-version":[{"id":90502,"href":"https:\/\/lattonedil.com\/fr\/wp-json\/wp\/v2\/pages\/79908\/revisions\/90502"}],"wp:attachment":[{"href":"https:\/\/lattonedil.com\/fr\/wp-json\/wp\/v2\/media?parent=79908"}],"curies":[{"name":"wp","href":"https:\/\/api.w.org\/{rel}","templated":true}]}}