{"id":77510,"date":"2024-03-01T11:11:38","date_gmt":"2024-03-01T10:11:38","guid":{"rendered":"https:\/\/lattonedil.com\/area-download\/"},"modified":"2025-07-30T17:44:54","modified_gmt":"2025-07-30T15:44:54","slug":"zone-de-telechargement","status":"publish","type":"page","link":"https:\/\/lattonedil.com\/fr\/zone-de-telechargement\/","title":{"rendered":"Zone de t\u00e9l\u00e9chargement"},"content":{"rendered":"\t\t<div data-elementor-type=\"wp-page\" data-elementor-id=\"77510\" class=\"elementor elementor-77510 elementor-71125\" data-elementor-post-type=\"page\">\n\t\t\t\t\t\t<section class=\"elementor-section elementor-top-section elementor-element elementor-element-09cbcaf elementor-section-full_width elementor-section-height-default elementor-section-height-default\" data-id=\"09cbcaf\" data-element_type=\"section\" data-e-type=\"section\">\n\t\t\t\t\t\t<div class=\"elementor-container elementor-column-gap-default\">\n\t\t\t\t\t<div class=\"elementor-column elementor-col-100 elementor-top-column elementor-element elementor-element-6cadafe\" data-id=\"6cadafe\" data-element_type=\"column\" data-e-type=\"column\">\n\t\t\t<div class=\"elementor-widget-wrap elementor-element-populated\">\n\t\t\t\t\t\t<div class=\"elementor-element elementor-element-4b7d2c5 animated-slow elementor-invisible elementor-widget elementor-widget-heading\" data-id=\"4b7d2c5\" data-element_type=\"widget\" data-e-type=\"widget\" data-settings=\"{&quot;_animation&quot;:&quot;fadeInLeft&quot;}\" data-widget_type=\"heading.default\">\n\t\t\t\t<div class=\"elementor-widget-container\">\n\t\t\t\t\t<h2 class=\"elementor-heading-title elementor-size-default\">Zone de <\/h2>\t\t\t\t<\/div>\n\t\t\t\t<\/div>\n\t\t\t\t<div class=\"elementor-element elementor-element-8bd7d95 animated-slow elementor-widget__width-auto elementor-invisible elementor-widget elementor-widget-heading\" data-id=\"8bd7d95\" data-element_type=\"widget\" data-e-type=\"widget\" data-settings=\"{&quot;_animation&quot;:&quot;fadeInRight&quot;,&quot;_animation_delay&quot;:800}\" data-widget_type=\"heading.default\">\n\t\t\t\t<div class=\"elementor-widget-container\">\n\t\t\t\t\t<h2 class=\"elementor-heading-title elementor-size-default\">t\u00e9l\u00e9chargement<\/h2>\t\t\t\t<\/div>\n\t\t\t\t<\/div>\n\t\t\t\t\t<\/div>\n\t\t<\/div>\n\t\t\t\t\t<\/div>\n\t\t<\/section>\n\t\t\t\t<section class=\"elementor-section elementor-top-section elementor-element elementor-element-6fe22c5 elementor-section-full_width elementor-section-height-default elementor-section-height-default\" data-id=\"6fe22c5\" data-element_type=\"section\" data-e-type=\"section\">\n\t\t\t\t\t\t<div class=\"elementor-container elementor-column-gap-default\">\n\t\t\t\t\t<div class=\"elementor-column elementor-col-25 elementor-top-column elementor-element elementor-element-2c8ca57\" data-id=\"2c8ca57\" data-element_type=\"column\" data-e-type=\"column\">\n\t\t\t<div class=\"elementor-widget-wrap elementor-element-populated\">\n\t\t\t\t\t\t<div class=\"elementor-element elementor-element-385fa43 content-align-center icon-box-vertical-align-top icon-vertical-align-start elementor-widget elementor-widget-the7_image_box_grid_widget\" data-id=\"385fa43\" data-element_type=\"widget\" data-e-type=\"widget\" data-widget_type=\"the7_image_box_grid_widget.default\">\n\t\t\t\t<div class=\"elementor-widget-container\">\n\t\t\t\t\t<div class=\"the7-box-grid-wrapper the7-elementor-widget loading-effect-none the7_image_box_grid_widget-385fa43\">\t\t\t<div class=\"dt-css-grid\">\n\t\t\t\t\t\t\t\t\t<div class=\"wf-cell shown\">\n\t\t\t\t\t\t<div class=\"the7-image-box-wrapper the7-box-wrapper the7-elementor-widget\">\t\t\t\t\t\t\t<div class=\"box-content-wrapper\">\n\n\t\t\t\t\t\t\t\t\t\t\t\t\t\t\t\t\t<div class=\"elementor-image-div \">\n\t\t\t\t\t\t\t\t\t\t<a class=\"post-thumbnail-rollover layzr-bg img-css-resize-wrapper\" href=\"https:\/\/lattonedil.com\/wp-content\/uploads\/2025\/07\/opuscolo-Francia-2025-web.pdf\"><img fetchpriority=\"high\" decoding=\"async\" width=\"800\" height=\"933\" src=\"data:image\/svg+xml,%3Csvg%20xmlns%3D&#039;http%3A%2F%2Fwww.w3.org%2F2000%2Fsvg&#039;%20viewBox%3D&#039;0%200%20800%20933&#039;%2F%3E\" class=\"attachment-full size-full preload-me aspect lazy lazy-load\" alt=\"\" sizes=\"(max-width: 800px) 100vw, 800px\" style=\"--ratio: 800 \/ 933;\" data-src=\"https:\/\/lattonedil.com\/wp-content\/uploads\/2025\/07\/opuscolo-Francia-2025-web-1.webp\" loading=\"eager\" data-srcset=\"https:\/\/lattonedil.com\/wp-content\/uploads\/2025\/07\/opuscolo-Francia-2025-web-1.webp 800w, https:\/\/lattonedil.com\/wp-content\/uploads\/2025\/07\/opuscolo-Francia-2025-web-1-257x300.webp 257w, https:\/\/lattonedil.com\/wp-content\/uploads\/2025\/07\/opuscolo-Francia-2025-web-1-768x896.webp 768w\" \/><span class=\"the7-hover-icon\"><i aria-hidden=\"true\" class=\"icon icon-download\"><\/i><\/span><\/a>\t\t\t\t\t\t\t\t\t<\/div>\n\t\t\t\t\t\t\t\t\t\t\t\t\t\t\t\t<div class=\"box-content\">\n\t\t\t\t\t\t\t\t\t<h4 class=\"box-heading\"><a href=\"https:\/\/lattonedil.com\/wp-content\/uploads\/2025\/07\/opuscolo-Francia-2025-web.pdf\">Catalogue Lattonedil<\/a><\/h4><div class=\"box-description\">France<\/div><a href=\"https:\/\/lattonedil.com\/wp-content\/uploads\/2025\/07\/opuscolo-Francia-2025-web.pdf\" class=\"box-button elementor-button elementor-size-md\">T\u00e9l\u00e9charger le catalogue<\/a>\t\t\t\t\t\t\t\t<\/div>\n\t\t\t\t\t\t\t<\/div>\n\t\t\t\t\t\t<\/div>\t\t\t\t\t<\/div>\n\t\t\t\t\t\t\t\t<\/div>\n\t\t\t<\/div>\t\t\t\t<\/div>\n\t\t\t\t<\/div>\n\t\t\t\t\t<\/div>\n\t\t<\/div>\n\t\t\t\t<div class=\"elementor-column elementor-col-25 elementor-top-column elementor-element elementor-element-581493b\" data-id=\"581493b\" data-element_type=\"column\" data-e-type=\"column\">\n\t\t\t<div class=\"elementor-widget-wrap elementor-element-populated\">\n\t\t\t\t\t\t<div class=\"elementor-element elementor-element-38d9982 content-align-center icon-box-vertical-align-top icon-vertical-align-start elementor-widget elementor-widget-the7_image_box_grid_widget\" data-id=\"38d9982\" data-element_type=\"widget\" data-e-type=\"widget\" data-widget_type=\"the7_image_box_grid_widget.default\">\n\t\t\t\t<div class=\"elementor-widget-container\">\n\t\t\t\t\t<div class=\"the7-box-grid-wrapper the7-elementor-widget loading-effect-none the7_image_box_grid_widget-38d9982\">\t\t\t<div class=\"dt-css-grid\">\n\t\t\t\t\t\t\t\t\t<div class=\"wf-cell shown\">\n\t\t\t\t\t\t<div class=\"the7-image-box-wrapper the7-box-wrapper the7-elementor-widget\">\t\t\t\t\t\t\t<div class=\"box-content-wrapper\">\n\n\t\t\t\t\t\t\t\t\t\t\t\t\t\t\t\t\t<div class=\"elementor-image-div \">\n\t\t\t\t\t\t\t\t\t\t<a class=\"post-thumbnail-rollover layzr-bg img-css-resize-wrapper\" href=\"https:\/\/lattonedil.com\/wp-content\/uploads\/2025\/07\/opuscolo-olanda-2025-web.pdf\" target=\"_blank\"><img decoding=\"async\" width=\"800\" height=\"933\" src=\"data:image\/svg+xml,%3Csvg%20xmlns%3D&#039;http%3A%2F%2Fwww.w3.org%2F2000%2Fsvg&#039;%20viewBox%3D&#039;0%200%20800%20933&#039;%2F%3E\" class=\"attachment-full size-full preload-me aspect lazy lazy-load\" alt=\"\" sizes=\"(max-width: 800px) 100vw, 800px\" style=\"--ratio: 800 \/ 933;\" data-src=\"https:\/\/lattonedil.com\/wp-content\/uploads\/2025\/07\/opuscolo-olanda-2025-web-1.webp\" loading=\"eager\" data-srcset=\"https:\/\/lattonedil.com\/wp-content\/uploads\/2025\/07\/opuscolo-olanda-2025-web-1.webp 800w, https:\/\/lattonedil.com\/wp-content\/uploads\/2025\/07\/opuscolo-olanda-2025-web-1-257x300.webp 257w, https:\/\/lattonedil.com\/wp-content\/uploads\/2025\/07\/opuscolo-olanda-2025-web-1-768x896.webp 768w\" \/><span class=\"the7-hover-icon\"><i aria-hidden=\"true\" class=\"icon icon-download\"><\/i><\/span><\/a>\t\t\t\t\t\t\t\t\t<\/div>\n\t\t\t\t\t\t\t\t\t\t\t\t\t\t\t\t<div class=\"box-content\">\n\t\t\t\t\t\t\t\t\t<h4 class=\"box-heading\"><a href=\"https:\/\/lattonedil.com\/wp-content\/uploads\/2025\/07\/opuscolo-olanda-2025-web.pdf\" target=\"_blank\">Catalogue Lattonedi<\/a><\/h4><div class=\"box-description\">Pays-Bas<\/div><a href=\"https:\/\/lattonedil.com\/wp-content\/uploads\/2025\/07\/opuscolo-olanda-2025-web.pdf\" target=\"_blank\" class=\"box-button elementor-button elementor-size-md\">T\u00e9l\u00e9charger le catalogue<\/a>\t\t\t\t\t\t\t\t<\/div>\n\t\t\t\t\t\t\t<\/div>\n\t\t\t\t\t\t<\/div>\t\t\t\t\t<\/div>\n\t\t\t\t\t\t\t\t<\/div>\n\t\t\t<\/div>\t\t\t\t<\/div>\n\t\t\t\t<\/div>\n\t\t\t\t\t<\/div>\n\t\t<\/div>\n\t\t\t\t<div class=\"elementor-column elementor-col-25 elementor-top-column elementor-element elementor-element-8db621c\" data-id=\"8db621c\" data-element_type=\"column\" data-e-type=\"column\">\n\t\t\t<div class=\"elementor-widget-wrap elementor-element-populated\">\n\t\t\t\t\t\t<div class=\"elementor-element elementor-element-fe931aa content-align-center icon-box-vertical-align-top icon-vertical-align-start elementor-widget elementor-widget-the7_image_box_grid_widget\" data-id=\"fe931aa\" data-element_type=\"widget\" data-e-type=\"widget\" data-widget_type=\"the7_image_box_grid_widget.default\">\n\t\t\t\t<div class=\"elementor-widget-container\">\n\t\t\t\t\t<div class=\"the7-box-grid-wrapper the7-elementor-widget loading-effect-none the7_image_box_grid_widget-fe931aa\">\t\t\t<div class=\"dt-css-grid\">\n\t\t\t\t\t\t\t\t\t<div class=\"wf-cell shown\">\n\t\t\t\t\t\t<div class=\"the7-image-box-wrapper the7-box-wrapper the7-elementor-widget\">\t\t\t\t\t\t\t<div class=\"box-content-wrapper\">\n\n\t\t\t\t\t\t\t\t\t\t\t\t\t\t\t\t\t<div class=\"elementor-image-div \">\n\t\t\t\t\t\t\t\t\t\t<a class=\"post-thumbnail-rollover layzr-bg img-css-resize-wrapper\" href=\"https:\/\/lattonedil.com\/wp-content\/uploads\/2025\/07\/tTANIC-FR-web.pdf\" target=\"_blank\"><img decoding=\"async\" width=\"800\" height=\"1067\" src=\"data:image\/svg+xml,%3Csvg%20xmlns%3D&#039;http%3A%2F%2Fwww.w3.org%2F2000%2Fsvg&#039;%20viewBox%3D&#039;0%200%20800%201067&#039;%2F%3E\" class=\"attachment-full size-full preload-me aspect lazy lazy-load\" alt=\"\" sizes=\"(max-width: 800px) 100vw, 800px\" style=\"--ratio: 800 \/ 1067;\" data-src=\"https:\/\/lattonedil.com\/wp-content\/uploads\/2025\/07\/tTANIC-FR-web-1.webp\" loading=\"eager\" data-srcset=\"https:\/\/lattonedil.com\/wp-content\/uploads\/2025\/07\/tTANIC-FR-web-1.webp 800w, https:\/\/lattonedil.com\/wp-content\/uploads\/2025\/07\/tTANIC-FR-web-1-225x300.webp 225w, https:\/\/lattonedil.com\/wp-content\/uploads\/2025\/07\/tTANIC-FR-web-1-768x1024.webp 768w\" \/><span class=\"the7-hover-icon\"><i aria-hidden=\"true\" class=\"icon icon-download\"><\/i><\/span><\/a>\t\t\t\t\t\t\t\t\t<\/div>\n\t\t\t\t\t\t\t\t\t\t\t\t\t\t\t\t<div class=\"box-content\">\n\t\t\t\t\t\t\t\t\t<h4 class=\"box-heading\"><a href=\"https:\/\/lattonedil.com\/wp-content\/uploads\/2025\/07\/tTANIC-FR-web.pdf\" target=\"_blank\">Catalogue tTanic<\/a><\/h4><a href=\"https:\/\/lattonedil.com\/wp-content\/uploads\/2025\/07\/tTANIC-FR-web.pdf\" target=\"_blank\" class=\"box-button elementor-button elementor-size-md\">T\u00e9l\u00e9charger le catalogue<\/a>\t\t\t\t\t\t\t\t<\/div>\n\t\t\t\t\t\t\t<\/div>\n\t\t\t\t\t\t<\/div>\t\t\t\t\t<\/div>\n\t\t\t\t\t\t\t\t<\/div>\n\t\t\t<\/div>\t\t\t\t<\/div>\n\t\t\t\t<\/div>\n\t\t\t\t\t<\/div>\n\t\t<\/div>\n\t\t\t\t<div class=\"elementor-column elementor-col-25 elementor-top-column elementor-element elementor-element-d3df612\" data-id=\"d3df612\" data-element_type=\"column\" data-e-type=\"column\">\n\t\t\t<div class=\"elementor-widget-wrap\">\n\t\t\t\t\t\t\t<\/div>\n\t\t<\/div>\n\t\t\t\t\t<\/div>\n\t\t<\/section>\n\t\t\t\t<section class=\"elementor-section elementor-top-section elementor-element elementor-element-ce67e03 elementor-section-full_width elementor-section-height-default elementor-section-height-default\" data-id=\"ce67e03\" data-element_type=\"section\" data-e-type=\"section\" data-settings=\"{&quot;background_background&quot;:&quot;classic&quot;}\">\n\t\t\t\t\t\t<div class=\"elementor-container elementor-column-gap-default\">\n\t\t\t\t\t<div class=\"elementor-column elementor-col-100 elementor-top-column elementor-element elementor-element-120ca3b\" data-id=\"120ca3b\" data-element_type=\"column\" data-e-type=\"column\">\n\t\t\t<div class=\"elementor-widget-wrap elementor-element-populated\">\n\t\t\t\t\t\t<div class=\"elementor-element elementor-element-4bb1872 elementor-widget elementor-widget-spacer\" data-id=\"4bb1872\" data-element_type=\"widget\" data-e-type=\"widget\" data-widget_type=\"spacer.default\">\n\t\t\t\t<div class=\"elementor-widget-container\">\n\t\t\t\t\t\t\t<div class=\"elementor-spacer\">\n\t\t\t<div class=\"elementor-spacer-inner\"><\/div>\n\t\t<\/div>\n\t\t\t\t\t\t<\/div>\n\t\t\t\t<\/div>\n\t\t\t\t\t<\/div>\n\t\t<\/div>\n\t\t\t\t\t<\/div>\n\t\t<\/section>\n\t\t\t\t<\/div>\n\t\t","protected":false},"excerpt":{"rendered":"<p>Zone de t\u00e9l\u00e9chargement Catalogue Lattonedil FranceT\u00e9l\u00e9charger le catalogue Catalogue Lattonedi Pays-BasT\u00e9l\u00e9charger le catalogue Catalogue tTanic T\u00e9l\u00e9charger le catalogue<\/p>\n","protected":false},"author":2,"featured_media":0,"parent":0,"menu_order":0,"comment_status":"closed","ping_status":"closed","template":"elementor_header_footer","meta":{"_acf_changed":false,"footnotes":""},"class_list":["post-77510","page","type-page","status-publish","hentry"],"acf":[],"yoast_head":"<!-- This site is optimized with the Yoast SEO plugin v27.1.1 - https:\/\/yoast.com\/product\/yoast-seo-wordpress\/ -->\n<title>Zone de t\u00e9l\u00e9chargement - Lattonedil<\/title>\n<meta name=\"robots\" content=\"index, follow, max-snippet:-1, max-image-preview:large, max-video-preview:-1\" \/>\n<link rel=\"canonical\" href=\"https:\/\/lattonedil.com\/de\/downloadbereich\/\" \/>\n<meta property=\"og:locale\" content=\"fr_FR\" \/>\n<meta property=\"og:type\" content=\"article\" \/>\n<meta property=\"og:title\" content=\"Zone de t\u00e9l\u00e9chargement - Lattonedil\" \/>\n<meta property=\"og:description\" content=\"Zone de t\u00e9l\u00e9chargement Catalogue Lattonedil FranceT\u00e9l\u00e9charger le catalogue Catalogue Lattonedi Pays-BasT\u00e9l\u00e9charger le catalogue Catalogue tTanic T\u00e9l\u00e9charger le catalogue\" \/>\n<meta property=\"og:url\" content=\"https:\/\/lattonedil.com\/de\/downloadbereich\/\" \/>\n<meta property=\"og:site_name\" content=\"Lattonedil\" \/>\n<meta property=\"article:modified_time\" content=\"2025-07-30T15:44:54+00:00\" \/>\n<meta name=\"twitter:card\" content=\"summary_large_image\" \/>\n<meta name=\"twitter:label1\" content=\"Dur\u00e9e de lecture estim\u00e9e\" \/>\n\t<meta name=\"twitter:data1\" content=\"1 minute\" \/>\n<script type=\"application\/ld+json\" class=\"yoast-schema-graph\">{\"@context\":\"https:\/\/schema.org\",\"@graph\":[{\"@type\":\"WebPage\",\"@id\":\"https:\/\/lattonedil.com\/de\/downloadbereich\/\",\"url\":\"https:\/\/lattonedil.com\/de\/downloadbereich\/\",\"name\":\"Zone de t\u00e9l\u00e9chargement - Lattonedil\",\"isPartOf\":{\"@id\":\"https:\/\/lattonedil.com\/#website\"},\"datePublished\":\"2024-03-01T10:11:38+00:00\",\"dateModified\":\"2025-07-30T15:44:54+00:00\",\"breadcrumb\":{\"@id\":\"https:\/\/lattonedil.com\/de\/downloadbereich\/#breadcrumb\"},\"inLanguage\":\"fr-FR\",\"potentialAction\":[{\"@type\":\"ReadAction\",\"target\":[\"https:\/\/lattonedil.com\/de\/downloadbereich\/\"]}]},{\"@type\":\"BreadcrumbList\",\"@id\":\"https:\/\/lattonedil.com\/de\/downloadbereich\/#breadcrumb\",\"itemListElement\":[{\"@type\":\"ListItem\",\"position\":1,\"name\":\"Home\",\"item\":\"https:\/\/lattonedil.com\/fr\/home-main\/\"},{\"@type\":\"ListItem\",\"position\":2,\"name\":\"Zone de t\u00e9l\u00e9chargement\"}]},{\"@type\":\"WebSite\",\"@id\":\"https:\/\/lattonedil.com\/#website\",\"url\":\"https:\/\/lattonedil.com\/\",\"name\":\"Lattonedil\",\"description\":\"\",\"publisher\":{\"@id\":\"https:\/\/lattonedil.com\/#organization\"},\"potentialAction\":[{\"@type\":\"SearchAction\",\"target\":{\"@type\":\"EntryPoint\",\"urlTemplate\":\"https:\/\/lattonedil.com\/?s={search_term_string}\"},\"query-input\":{\"@type\":\"PropertyValueSpecification\",\"valueRequired\":true,\"valueName\":\"search_term_string\"}}],\"inLanguage\":\"fr-FR\"},{\"@type\":\"Organization\",\"@id\":\"https:\/\/lattonedil.com\/#organization\",\"name\":\"Lattonedil\",\"url\":\"https:\/\/lattonedil.com\/\",\"logo\":{\"@type\":\"ImageObject\",\"inLanguage\":\"fr-FR\",\"@id\":\"https:\/\/lattonedil.com\/#\/schema\/logo\/image\/\",\"url\":\"https:\/\/lattonedil.com\/wp-content\/uploads\/2021\/10\/50-anni-logo-2020-3.png\",\"contentUrl\":\"https:\/\/lattonedil.com\/wp-content\/uploads\/2021\/10\/50-anni-logo-2020-3.png\",\"width\":3192,\"height\":525,\"caption\":\"Lattonedil\"},\"image\":{\"@id\":\"https:\/\/lattonedil.com\/#\/schema\/logo\/image\/\"}}]}<\/script>\n<!-- \/ Yoast SEO plugin. -->","yoast_head_json":{"title":"Zone de t\u00e9l\u00e9chargement - Lattonedil","robots":{"index":"index","follow":"follow","max-snippet":"max-snippet:-1","max-image-preview":"max-image-preview:large","max-video-preview":"max-video-preview:-1"},"canonical":"https:\/\/lattonedil.com\/de\/downloadbereich\/","og_locale":"fr_FR","og_type":"article","og_title":"Zone de t\u00e9l\u00e9chargement - Lattonedil","og_description":"Zone de t\u00e9l\u00e9chargement Catalogue Lattonedil FranceT\u00e9l\u00e9charger le catalogue Catalogue Lattonedi Pays-BasT\u00e9l\u00e9charger le catalogue Catalogue tTanic T\u00e9l\u00e9charger le catalogue","og_url":"https:\/\/lattonedil.com\/de\/downloadbereich\/","og_site_name":"Lattonedil","article_modified_time":"2025-07-30T15:44:54+00:00","twitter_card":"summary_large_image","twitter_misc":{"Dur\u00e9e de lecture estim\u00e9e":"1 minute"},"schema":{"@context":"https:\/\/schema.org","@graph":[{"@type":"WebPage","@id":"https:\/\/lattonedil.com\/de\/downloadbereich\/","url":"https:\/\/lattonedil.com\/de\/downloadbereich\/","name":"Zone de t\u00e9l\u00e9chargement - Lattonedil","isPartOf":{"@id":"https:\/\/lattonedil.com\/#website"},"datePublished":"2024-03-01T10:11:38+00:00","dateModified":"2025-07-30T15:44:54+00:00","breadcrumb":{"@id":"https:\/\/lattonedil.com\/de\/downloadbereich\/#breadcrumb"},"inLanguage":"fr-FR","potentialAction":[{"@type":"ReadAction","target":["https:\/\/lattonedil.com\/de\/downloadbereich\/"]}]},{"@type":"BreadcrumbList","@id":"https:\/\/lattonedil.com\/de\/downloadbereich\/#breadcrumb","itemListElement":[{"@type":"ListItem","position":1,"name":"Home","item":"https:\/\/lattonedil.com\/fr\/home-main\/"},{"@type":"ListItem","position":2,"name":"Zone de t\u00e9l\u00e9chargement"}]},{"@type":"WebSite","@id":"https:\/\/lattonedil.com\/#website","url":"https:\/\/lattonedil.com\/","name":"Lattonedil","description":"","publisher":{"@id":"https:\/\/lattonedil.com\/#organization"},"potentialAction":[{"@type":"SearchAction","target":{"@type":"EntryPoint","urlTemplate":"https:\/\/lattonedil.com\/?s={search_term_string}"},"query-input":{"@type":"PropertyValueSpecification","valueRequired":true,"valueName":"search_term_string"}}],"inLanguage":"fr-FR"},{"@type":"Organization","@id":"https:\/\/lattonedil.com\/#organization","name":"Lattonedil","url":"https:\/\/lattonedil.com\/","logo":{"@type":"ImageObject","inLanguage":"fr-FR","@id":"https:\/\/lattonedil.com\/#\/schema\/logo\/image\/","url":"https:\/\/lattonedil.com\/wp-content\/uploads\/2021\/10\/50-anni-logo-2020-3.png","contentUrl":"https:\/\/lattonedil.com\/wp-content\/uploads\/2021\/10\/50-anni-logo-2020-3.png","width":3192,"height":525,"caption":"Lattonedil"},"image":{"@id":"https:\/\/lattonedil.com\/#\/schema\/logo\/image\/"}}]}},"_links":{"self":[{"href":"https:\/\/lattonedil.com\/fr\/wp-json\/wp\/v2\/pages\/77510","targetHints":{"allow":["GET"]}}],"collection":[{"href":"https:\/\/lattonedil.com\/fr\/wp-json\/wp\/v2\/pages"}],"about":[{"href":"https:\/\/lattonedil.com\/fr\/wp-json\/wp\/v2\/types\/page"}],"author":[{"embeddable":true,"href":"https:\/\/lattonedil.com\/fr\/wp-json\/wp\/v2\/users\/2"}],"replies":[{"embeddable":true,"href":"https:\/\/lattonedil.com\/fr\/wp-json\/wp\/v2\/comments?post=77510"}],"version-history":[{"count":23,"href":"https:\/\/lattonedil.com\/fr\/wp-json\/wp\/v2\/pages\/77510\/revisions"}],"predecessor-version":[{"id":82176,"href":"https:\/\/lattonedil.com\/fr\/wp-json\/wp\/v2\/pages\/77510\/revisions\/82176"}],"wp:attachment":[{"href":"https:\/\/lattonedil.com\/fr\/wp-json\/wp\/v2\/media?parent=77510"}],"curies":[{"name":"wp","href":"https:\/\/api.w.org\/{rel}","templated":true}]}}