{"id":66347,"date":"2022-03-06T15:36:51","date_gmt":"2022-03-06T14:36:51","guid":{"rendered":"https:\/\/lattonedil.com\/prodotti\/"},"modified":"2026-04-28T15:46:10","modified_gmt":"2026-04-28T13:46:10","slug":"produits","status":"publish","type":"page","link":"https:\/\/lattonedil.com\/fr\/produits\/","title":{"rendered":"Produits"},"content":{"rendered":"\t\t<div data-elementor-type=\"wp-page\" data-elementor-id=\"66347\" class=\"elementor elementor-66347 elementor-51172\" data-elementor-post-type=\"page\">\n\t\t\t\t\t\t<section class=\"elementor-section elementor-top-section elementor-element elementor-element-e402cb9 elementor-section-full_width elementor-section-height-min-height elementor-section-items-bottom elementor-section-height-default\" data-id=\"e402cb9\" data-element_type=\"section\" data-e-type=\"section\" data-settings=\"{&quot;background_background&quot;:&quot;classic&quot;}\">\n\t\t\t\t\t\t\t<div class=\"elementor-background-overlay\"><\/div>\n\t\t\t\t\t\t\t<div class=\"elementor-container elementor-column-gap-default\">\n\t\t\t\t\t<div class=\"elementor-column elementor-col-100 elementor-top-column elementor-element elementor-element-ebbffb0\" data-id=\"ebbffb0\" data-element_type=\"column\" data-e-type=\"column\">\n\t\t\t<div class=\"elementor-widget-wrap elementor-element-populated\">\n\t\t\t\t\t\t<div class=\"elementor-element elementor-element-794e9ee animated-slow elementor-invisible elementor-widget elementor-widget-text-editor\" data-id=\"794e9ee\" data-element_type=\"widget\" data-e-type=\"widget\" data-settings=\"{&quot;_animation&quot;:&quot;fadeInUp&quot;}\" data-widget_type=\"text-editor.default\">\n\t\t\t\t<div class=\"elementor-widget-container\">\n\t\t\t\t\t\t\t\t\t<p>Produits<\/p>\t\t\t\t\t\t\t\t<\/div>\n\t\t\t\t<\/div>\n\t\t\t\t<div class=\"elementor-element elementor-element-4651e9a animated-slow split-breadcrumbs-y elementor-invisible elementor-widget elementor-widget-the7-breadcrumb\" data-id=\"4651e9a\" data-element_type=\"widget\" data-e-type=\"widget\" data-settings=\"{&quot;_animation&quot;:&quot;fadeInLeft&quot;}\" data-widget_type=\"the7-breadcrumb.default\">\n\t\t\t\t<div class=\"elementor-widget-container\">\n\t\t\t\t\t<div class=\"assistive-text\">Vous \u00eates ici :<\/div><ol class=\"breadcrumbs text-small rcrumbs\" itemscope itemtype=\"https:\/\/schema.org\/BreadcrumbList\"><li itemprop=\"itemListElement\" itemscope itemtype=\"https:\/\/schema.org\/ListItem\"><a itemprop=\"item\" href=\"https:\/\/lattonedil.com\/fr\/\" title=\"Accueil\"><span itemprop=\"name\">Accueil<\/span><\/a><meta itemprop=\"position\" content=\"1\" \/><\/li><li class=\"current\" itemprop=\"itemListElement\" itemscope itemtype=\"https:\/\/schema.org\/ListItem\"><span itemprop=\"name\">Page<\/span><meta itemprop=\"position\" content=\"2\" \/><\/li><\/ol>\t\t\t\t<\/div>\n\t\t\t\t<\/div>\n\t\t\t\t<div class=\"elementor-element elementor-element-c4f40ff e-transform elementor-widget__width-auto elementor-view-default elementor-widget elementor-widget-icon\" data-id=\"c4f40ff\" data-element_type=\"widget\" data-e-type=\"widget\" data-settings=\"{&quot;_transform_rotateZ_effect&quot;:{&quot;unit&quot;:&quot;px&quot;,&quot;size&quot;:-45,&quot;sizes&quot;:[]},&quot;_transform_rotateZ_effect_tablet&quot;:{&quot;unit&quot;:&quot;deg&quot;,&quot;size&quot;:&quot;&quot;,&quot;sizes&quot;:[]},&quot;_transform_rotateZ_effect_mobile&quot;:{&quot;unit&quot;:&quot;deg&quot;,&quot;size&quot;:&quot;&quot;,&quot;sizes&quot;:[]}}\" data-widget_type=\"icon.default\">\n\t\t\t\t<div class=\"elementor-widget-container\">\n\t\t\t\t\t\t\t<div class=\"elementor-icon-wrapper\">\n\t\t\t<div class=\"elementor-icon\">\n\t\t\t<i aria-hidden=\"true\" class=\" icomoon-the7-font-the7-arrow-31\"><\/i>\t\t\t<\/div>\n\t\t<\/div>\n\t\t\t\t\t\t<\/div>\n\t\t\t\t<\/div>\n\t\t\t\t\t<\/div>\n\t\t<\/div>\n\t\t\t\t\t<\/div>\n\t\t<\/section>\n\t\t\t\t<section class=\"elementor-section elementor-top-section elementor-element elementor-element-3d6a13d elementor-section-full_width elementor-section-height-default elementor-section-height-default\" data-id=\"3d6a13d\" data-element_type=\"section\" data-e-type=\"section\">\n\t\t\t\t\t\t<div class=\"elementor-container elementor-column-gap-default\">\n\t\t\t\t\t<div class=\"elementor-column elementor-col-50 elementor-top-column elementor-element elementor-element-022b2f4\" data-id=\"022b2f4\" data-element_type=\"column\" data-e-type=\"column\">\n\t\t\t<div class=\"elementor-widget-wrap elementor-element-populated\">\n\t\t\t\t\t\t<div class=\"elementor-element elementor-element-fe11958 elementor-widget elementor-widget-text-editor\" data-id=\"fe11958\" data-element_type=\"widget\" data-e-type=\"widget\" data-widget_type=\"text-editor.default\">\n\t\t\t\t<div class=\"elementor-widget-container\">\n\t\t\t\t\t\t\t\t\t<p>Dall\u2019acier pr\u00e9laqu\u00e9 \u00e0 l\u2019aluminium, du cuivre au gr\u00e8s c\u00e9rame jusqu\u2019\u00e0 la pierre : le rev\u00eatement du panneau made in Lattonedil s\u2019adapte aux besoins du concepteur et du client. Une ligne de production performante et un cycle de fabrication continu permettent de r\u00e9aliser chaque commande sur mesure dans des d\u00e9lais rapides.<\/p><p>Le processus est totalement automatis\u00e9 et tout est ex\u00e9cut\u00e9 en maintenant des rythmes de production continus, des coils jusqu\u2019\u00e0 l\u2019emballage.<\/p><p><strong>Nous soignons les d\u00e9tails:<\/strong> la fibre est d\u00e9coup\u00e9e sur mesure avant d\u2019\u00eatre ins\u00e9r\u00e9e dans le panneau, et le passage dans la double bande chauff\u00e9e active les composants chimiques de la colle afin de garantir une compacit\u00e9 maximale du produit.<\/p>\t\t\t\t\t\t\t\t<\/div>\n\t\t\t\t<\/div>\n\t\t\t\t\t<\/div>\n\t\t<\/div>\n\t\t\t\t<div class=\"elementor-column elementor-col-50 elementor-top-column elementor-element elementor-element-5753675\" data-id=\"5753675\" data-element_type=\"column\" data-e-type=\"column\">\n\t\t\t<div class=\"elementor-widget-wrap\">\n\t\t\t\t\t\t\t<\/div>\n\t\t<\/div>\n\t\t\t\t\t<\/div>\n\t\t<\/section>\n\t\t\t\t<section class=\"elementor-section elementor-top-section elementor-element elementor-element-e6e4d98 elementor-section-full_width elementor-section-height-default elementor-section-height-default\" data-id=\"e6e4d98\" data-element_type=\"section\" data-e-type=\"section\">\n\t\t\t\t\t\t<div class=\"elementor-container elementor-column-gap-default\">\n\t\t\t\t\t<div class=\"elementor-column elementor-col-50 elementor-top-column elementor-element elementor-element-48b697b\" data-id=\"48b697b\" data-element_type=\"column\" data-e-type=\"column\">\n\t\t\t<div class=\"elementor-widget-wrap elementor-element-populated\">\n\t\t\t\t\t\t<div class=\"elementor-element elementor-element-c4dea2d elementor-cta--skin-cover elementor-cta--valign-bottom animated-slow elementor-animated-content elementor-bg-transform elementor-bg-transform-zoom-in elementor-invisible elementor-widget elementor-widget-call-to-action\" data-id=\"c4dea2d\" data-element_type=\"widget\" data-e-type=\"widget\" data-settings=\"{&quot;_animation&quot;:&quot;fadeInUp&quot;}\" data-widget_type=\"call-to-action.default\">\n\t\t\t\t<div class=\"elementor-widget-container\">\n\t\t\t\t\t\t\t<a class=\"elementor-cta\" href=\"https:\/\/lattonedil.com\/categoria\/coperture\/\">\n\t\t\t\t\t<div class=\"elementor-cta__bg-wrapper\">\n\t\t\t\t<div class=\"elementor-cta__bg elementor-bg\" style=\"background-image: url(https:\/\/lattonedil.com\/wp-content\/uploads\/2022\/03\/copertura.jpg);\" role=\"img\" aria-label=\"copertura\"><\/div>\n\t\t\t\t<div class=\"elementor-cta__bg-overlay\"><\/div>\n\t\t\t<\/div>\n\t\t\t\t\t\t\t<div class=\"elementor-cta__content\">\n\t\t\t\t\n\t\t\t\t\t\t\t\t\t<h2 class=\"elementor-cta__title elementor-cta__content-item elementor-content-item elementor-animated-item--move-up\">\n\t\t\t\t\t\tTOITURES\t\t\t\t\t<\/h2>\n\t\t\t\t\n\t\t\t\t\n\t\t\t\t\t\t\t<\/div>\n\t\t\t\t\t\t<\/a>\n\t\t\t\t\t\t<\/div>\n\t\t\t\t<\/div>\n\t\t\t\t\t<\/div>\n\t\t<\/div>\n\t\t\t\t<div class=\"elementor-column elementor-col-50 elementor-top-column elementor-element elementor-element-bb03ecb\" data-id=\"bb03ecb\" data-element_type=\"column\" data-e-type=\"column\">\n\t\t\t<div class=\"elementor-widget-wrap elementor-element-populated\">\n\t\t\t\t\t\t<div class=\"elementor-element elementor-element-b7dcdf6 elementor-cta--skin-cover elementor-cta--valign-bottom animated-slow elementor-animated-content elementor-bg-transform elementor-bg-transform-zoom-in elementor-invisible elementor-widget elementor-widget-call-to-action\" data-id=\"b7dcdf6\" data-element_type=\"widget\" data-e-type=\"widget\" data-settings=\"{&quot;_animation&quot;:&quot;fadeInUp&quot;}\" data-widget_type=\"call-to-action.default\">\n\t\t\t\t<div class=\"elementor-widget-container\">\n\t\t\t\t\t\t\t<a class=\"elementor-cta\" href=\"https:\/\/lattonedil.com\/categoria\/parete\/\">\n\t\t\t\t\t<div class=\"elementor-cta__bg-wrapper\">\n\t\t\t\t<div class=\"elementor-cta__bg elementor-bg\" style=\"background-image: url(https:\/\/lattonedil.com\/wp-content\/uploads\/2022\/03\/parete.jpg);\" role=\"img\" aria-label=\"parete\"><\/div>\n\t\t\t\t<div class=\"elementor-cta__bg-overlay\"><\/div>\n\t\t\t<\/div>\n\t\t\t\t\t\t\t<div class=\"elementor-cta__content\">\n\t\t\t\t\n\t\t\t\t\t\t\t\t\t<h2 class=\"elementor-cta__title elementor-cta__content-item elementor-content-item elementor-animated-item--move-up\">\n\t\t\t\t\t\tPAROI\t\t\t\t\t<\/h2>\n\t\t\t\t\n\t\t\t\t\n\t\t\t\t\t\t\t<\/div>\n\t\t\t\t\t\t<\/a>\n\t\t\t\t\t\t<\/div>\n\t\t\t\t<\/div>\n\t\t\t\t\t<\/div>\n\t\t<\/div>\n\t\t\t\t\t<\/div>\n\t\t<\/section>\n\t\t\t\t<section class=\"elementor-section elementor-top-section elementor-element elementor-element-5edfb43 elementor-section-full_width elementor-section-height-default elementor-section-height-default\" data-id=\"5edfb43\" data-element_type=\"section\" data-e-type=\"section\">\n\t\t\t\t\t\t<div class=\"elementor-container elementor-column-gap-default\">\n\t\t\t\t\t<div class=\"elementor-column elementor-col-50 elementor-top-column elementor-element elementor-element-2a650cd\" data-id=\"2a650cd\" data-element_type=\"column\" data-e-type=\"column\">\n\t\t\t<div class=\"elementor-widget-wrap elementor-element-populated\">\n\t\t\t\t\t\t<div class=\"elementor-element elementor-element-d4e347b elementor-cta--skin-cover elementor-cta--valign-bottom animated-slow elementor-animated-content elementor-bg-transform elementor-bg-transform-zoom-in elementor-invisible elementor-widget elementor-widget-call-to-action\" data-id=\"d4e347b\" data-element_type=\"widget\" data-e-type=\"widget\" data-settings=\"{&quot;_animation&quot;:&quot;fadeInUp&quot;}\" data-widget_type=\"call-to-action.default\">\n\t\t\t\t<div class=\"elementor-widget-container\">\n\t\t\t\t\t\t\t<a class=\"elementor-cta\" href=\"https:\/\/lattonedil.com\/categoria\/passaggio-di-luce\/\">\n\t\t\t\t\t<div class=\"elementor-cta__bg-wrapper\">\n\t\t\t\t<div class=\"elementor-cta__bg elementor-bg\" style=\"background-image: url(https:\/\/lattonedil.com\/wp-content\/uploads\/2022\/03\/passaggio-luce.jpg);\" role=\"img\" aria-label=\"passaggio-luce\"><\/div>\n\t\t\t\t<div class=\"elementor-cta__bg-overlay\"><\/div>\n\t\t\t<\/div>\n\t\t\t\t\t\t\t<div class=\"elementor-cta__content\">\n\t\t\t\t\n\t\t\t\t\t\t\t\t\t<h2 class=\"elementor-cta__title elementor-cta__content-item elementor-content-item elementor-animated-item--move-up\">\n\t\t\t\t\t\tPASSAGE DE LUMI\u00c8RE\t\t\t\t\t<\/h2>\n\t\t\t\t\n\t\t\t\t\n\t\t\t\t\t\t\t<\/div>\n\t\t\t\t\t\t<\/a>\n\t\t\t\t\t\t<\/div>\n\t\t\t\t<\/div>\n\t\t\t\t\t<\/div>\n\t\t<\/div>\n\t\t\t\t<div class=\"elementor-column elementor-col-50 elementor-top-column elementor-element elementor-element-61266c8\" data-id=\"61266c8\" data-element_type=\"column\" data-e-type=\"column\">\n\t\t\t<div class=\"elementor-widget-wrap elementor-element-populated\">\n\t\t\t\t\t\t<div class=\"elementor-element elementor-element-a48c3d2 elementor-cta--skin-cover elementor-cta--valign-bottom animated-slow elementor-animated-content elementor-bg-transform elementor-bg-transform-zoom-in elementor-invisible elementor-widget elementor-widget-call-to-action\" data-id=\"a48c3d2\" data-element_type=\"widget\" data-e-type=\"widget\" data-settings=\"{&quot;_animation&quot;:&quot;fadeInUp&quot;}\" data-widget_type=\"call-to-action.default\">\n\t\t\t\t<div class=\"elementor-widget-container\">\n\t\t\t\t\t\t\t<a class=\"elementor-cta\" href=\"https:\/\/lattonedil.com\/categoria\/edifici-frigorifero\/\">\n\t\t\t\t\t<div class=\"elementor-cta__bg-wrapper\">\n\t\t\t\t<div class=\"elementor-cta__bg elementor-bg\" style=\"background-image: url(https:\/\/lattonedil.com\/wp-content\/uploads\/2022\/03\/frigorifero.jpg);\" role=\"img\" aria-label=\"frigorifero\"><\/div>\n\t\t\t\t<div class=\"elementor-cta__bg-overlay\"><\/div>\n\t\t\t<\/div>\n\t\t\t\t\t\t\t<div class=\"elementor-cta__content\">\n\t\t\t\t\n\t\t\t\t\t\t\t\t\t<h2 class=\"elementor-cta__title elementor-cta__content-item elementor-content-item elementor-animated-item--move-up\">\n\t\t\t\t\t\tB\u00c2TIMENTS FRIGORIFIQUES\t\t\t\t\t<\/h2>\n\t\t\t\t\n\t\t\t\t\n\t\t\t\t\t\t\t<\/div>\n\t\t\t\t\t\t<\/a>\n\t\t\t\t\t\t<\/div>\n\t\t\t\t<\/div>\n\t\t\t\t\t<\/div>\n\t\t<\/div>\n\t\t\t\t\t<\/div>\n\t\t<\/section>\n\t\t\t\t<\/div>\n\t\t","protected":false},"excerpt":{"rendered":"<p>Produits Vous \u00eates ici : Accueil Pagina Dall\u2019acier pr\u00e9laqu\u00e9 \u00e0 l\u2019aluminium, du cuivre au gr\u00e8s c\u00e9rame jusqu\u2019\u00e0 la pierre : le rev\u00eatement du panneau made in Lattonedil s\u2019adapte aux besoins du concepteur et du client. Une ligne de production performante et un cycle de fabrication continu permettent de r\u00e9aliser chaque commande sur mesure dans des&hellip;<\/p>\n","protected":false},"author":1,"featured_media":0,"parent":0,"menu_order":0,"comment_status":"closed","ping_status":"closed","template":"elementor_header_footer","meta":{"_acf_changed":false,"footnotes":""},"class_list":["post-66347","page","type-page","status-publish","hentry"],"acf":[],"yoast_head":"<!-- This site is optimized with the Yoast SEO plugin v27.1.1 - https:\/\/yoast.com\/product\/yoast-seo-wordpress\/ -->\n<title>Produits - Lattonedil<\/title>\n<meta name=\"robots\" content=\"index, follow, max-snippet:-1, max-image-preview:large, max-video-preview:-1\" \/>\n<link rel=\"canonical\" href=\"https:\/\/lattonedil.com\/fr\/produits\/\" \/>\n<meta property=\"og:locale\" content=\"fr_FR\" \/>\n<meta property=\"og:type\" content=\"article\" \/>\n<meta property=\"og:title\" content=\"Produits - Lattonedil\" \/>\n<meta property=\"og:description\" content=\"Produits Vous \u00eates ici : Accueil Pagina Dall\u2019acier pr\u00e9laqu\u00e9 \u00e0 l\u2019aluminium, du cuivre au gr\u00e8s c\u00e9rame jusqu\u2019\u00e0 la pierre : le rev\u00eatement du panneau made in Lattonedil s\u2019adapte aux besoins du concepteur et du client. Une ligne de production performante et un cycle de fabrication continu permettent de r\u00e9aliser chaque commande sur mesure dans des&hellip;\" \/>\n<meta property=\"og:url\" content=\"https:\/\/lattonedil.com\/fr\/produits\/\" \/>\n<meta property=\"og:site_name\" content=\"Lattonedil\" \/>\n<meta property=\"article:modified_time\" content=\"2026-04-28T13:46:10+00:00\" \/>\n<meta name=\"twitter:card\" content=\"summary_large_image\" \/>\n<meta name=\"twitter:label1\" content=\"Dur\u00e9e de lecture estim\u00e9e\" \/>\n\t<meta name=\"twitter:data1\" content=\"1 minute\" \/>\n<script type=\"application\/ld+json\" class=\"yoast-schema-graph\">{\"@context\":\"https:\/\/schema.org\",\"@graph\":[{\"@type\":\"WebPage\",\"@id\":\"https:\/\/lattonedil.com\/fr\/produits\/\",\"url\":\"https:\/\/lattonedil.com\/fr\/produits\/\",\"name\":\"Produits - Lattonedil\",\"isPartOf\":{\"@id\":\"https:\/\/lattonedil.com\/#website\"},\"datePublished\":\"2022-03-06T14:36:51+00:00\",\"dateModified\":\"2026-04-28T13:46:10+00:00\",\"breadcrumb\":{\"@id\":\"https:\/\/lattonedil.com\/fr\/produits\/#breadcrumb\"},\"inLanguage\":\"fr-FR\",\"potentialAction\":[{\"@type\":\"ReadAction\",\"target\":[\"https:\/\/lattonedil.com\/fr\/produits\/\"]}]},{\"@type\":\"BreadcrumbList\",\"@id\":\"https:\/\/lattonedil.com\/fr\/produits\/#breadcrumb\",\"itemListElement\":[{\"@type\":\"ListItem\",\"position\":1,\"name\":\"Home\",\"item\":\"https:\/\/lattonedil.com\/fr\/home-main\/\"},{\"@type\":\"ListItem\",\"position\":2,\"name\":\"Produits\"}]},{\"@type\":\"WebSite\",\"@id\":\"https:\/\/lattonedil.com\/#website\",\"url\":\"https:\/\/lattonedil.com\/\",\"name\":\"Lattonedil\",\"description\":\"\",\"publisher\":{\"@id\":\"https:\/\/lattonedil.com\/#organization\"},\"potentialAction\":[{\"@type\":\"SearchAction\",\"target\":{\"@type\":\"EntryPoint\",\"urlTemplate\":\"https:\/\/lattonedil.com\/?s={search_term_string}\"},\"query-input\":{\"@type\":\"PropertyValueSpecification\",\"valueRequired\":true,\"valueName\":\"search_term_string\"}}],\"inLanguage\":\"fr-FR\"},{\"@type\":\"Organization\",\"@id\":\"https:\/\/lattonedil.com\/#organization\",\"name\":\"Lattonedil\",\"url\":\"https:\/\/lattonedil.com\/\",\"logo\":{\"@type\":\"ImageObject\",\"inLanguage\":\"fr-FR\",\"@id\":\"https:\/\/lattonedil.com\/#\/schema\/logo\/image\/\",\"url\":\"https:\/\/lattonedil.com\/wp-content\/uploads\/2021\/10\/50-anni-logo-2020-3.png\",\"contentUrl\":\"https:\/\/lattonedil.com\/wp-content\/uploads\/2021\/10\/50-anni-logo-2020-3.png\",\"width\":3192,\"height\":525,\"caption\":\"Lattonedil\"},\"image\":{\"@id\":\"https:\/\/lattonedil.com\/#\/schema\/logo\/image\/\"}}]}<\/script>\n<!-- \/ Yoast SEO plugin. -->","yoast_head_json":{"title":"Produits - Lattonedil","robots":{"index":"index","follow":"follow","max-snippet":"max-snippet:-1","max-image-preview":"max-image-preview:large","max-video-preview":"max-video-preview:-1"},"canonical":"https:\/\/lattonedil.com\/fr\/produits\/","og_locale":"fr_FR","og_type":"article","og_title":"Produits - Lattonedil","og_description":"Produits Vous \u00eates ici : Accueil Pagina Dall\u2019acier pr\u00e9laqu\u00e9 \u00e0 l\u2019aluminium, du cuivre au gr\u00e8s c\u00e9rame jusqu\u2019\u00e0 la pierre : le rev\u00eatement du panneau made in Lattonedil s\u2019adapte aux besoins du concepteur et du client. Une ligne de production performante et un cycle de fabrication continu permettent de r\u00e9aliser chaque commande sur mesure dans des&hellip;","og_url":"https:\/\/lattonedil.com\/fr\/produits\/","og_site_name":"Lattonedil","article_modified_time":"2026-04-28T13:46:10+00:00","twitter_card":"summary_large_image","twitter_misc":{"Dur\u00e9e de lecture estim\u00e9e":"1 minute"},"schema":{"@context":"https:\/\/schema.org","@graph":[{"@type":"WebPage","@id":"https:\/\/lattonedil.com\/fr\/produits\/","url":"https:\/\/lattonedil.com\/fr\/produits\/","name":"Produits - Lattonedil","isPartOf":{"@id":"https:\/\/lattonedil.com\/#website"},"datePublished":"2022-03-06T14:36:51+00:00","dateModified":"2026-04-28T13:46:10+00:00","breadcrumb":{"@id":"https:\/\/lattonedil.com\/fr\/produits\/#breadcrumb"},"inLanguage":"fr-FR","potentialAction":[{"@type":"ReadAction","target":["https:\/\/lattonedil.com\/fr\/produits\/"]}]},{"@type":"BreadcrumbList","@id":"https:\/\/lattonedil.com\/fr\/produits\/#breadcrumb","itemListElement":[{"@type":"ListItem","position":1,"name":"Home","item":"https:\/\/lattonedil.com\/fr\/home-main\/"},{"@type":"ListItem","position":2,"name":"Produits"}]},{"@type":"WebSite","@id":"https:\/\/lattonedil.com\/#website","url":"https:\/\/lattonedil.com\/","name":"Lattonedil","description":"","publisher":{"@id":"https:\/\/lattonedil.com\/#organization"},"potentialAction":[{"@type":"SearchAction","target":{"@type":"EntryPoint","urlTemplate":"https:\/\/lattonedil.com\/?s={search_term_string}"},"query-input":{"@type":"PropertyValueSpecification","valueRequired":true,"valueName":"search_term_string"}}],"inLanguage":"fr-FR"},{"@type":"Organization","@id":"https:\/\/lattonedil.com\/#organization","name":"Lattonedil","url":"https:\/\/lattonedil.com\/","logo":{"@type":"ImageObject","inLanguage":"fr-FR","@id":"https:\/\/lattonedil.com\/#\/schema\/logo\/image\/","url":"https:\/\/lattonedil.com\/wp-content\/uploads\/2021\/10\/50-anni-logo-2020-3.png","contentUrl":"https:\/\/lattonedil.com\/wp-content\/uploads\/2021\/10\/50-anni-logo-2020-3.png","width":3192,"height":525,"caption":"Lattonedil"},"image":{"@id":"https:\/\/lattonedil.com\/#\/schema\/logo\/image\/"}}]}},"_links":{"self":[{"href":"https:\/\/lattonedil.com\/fr\/wp-json\/wp\/v2\/pages\/66347","targetHints":{"allow":["GET"]}}],"collection":[{"href":"https:\/\/lattonedil.com\/fr\/wp-json\/wp\/v2\/pages"}],"about":[{"href":"https:\/\/lattonedil.com\/fr\/wp-json\/wp\/v2\/types\/page"}],"author":[{"embeddable":true,"href":"https:\/\/lattonedil.com\/fr\/wp-json\/wp\/v2\/users\/1"}],"replies":[{"embeddable":true,"href":"https:\/\/lattonedil.com\/fr\/wp-json\/wp\/v2\/comments?post=66347"}],"version-history":[{"count":5,"href":"https:\/\/lattonedil.com\/fr\/wp-json\/wp\/v2\/pages\/66347\/revisions"}],"predecessor-version":[{"id":90497,"href":"https:\/\/lattonedil.com\/fr\/wp-json\/wp\/v2\/pages\/66347\/revisions\/90497"}],"wp:attachment":[{"href":"https:\/\/lattonedil.com\/fr\/wp-json\/wp\/v2\/media?parent=66347"}],"curies":[{"name":"wp","href":"https:\/\/api.w.org\/{rel}","templated":true}]}}