{"id":84753,"date":"2025-12-10T15:02:15","date_gmt":"2025-12-10T14:02:15","guid":{"rendered":"https:\/\/lattonedil.com\/?post_type=product&#038;p=84753"},"modified":"2026-04-02T12:25:05","modified_gmt":"2026-04-02T10:25:05","slug":"isott-bitumato-copia","status":"publish","type":"product","link":"https:\/\/lattonedil.com\/en\/prodotto\/isott-bitumato-copia\/","title":{"rendered":"ISOTT PR1ME"},"content":{"rendered":"\t\t<div data-elementor-type=\"product-post\" data-elementor-id=\"84753\" class=\"elementor elementor-84753 elementor-84752\" data-elementor-post-type=\"product\">\n\t\t\t\t\t\t<section class=\"elementor-section elementor-top-section elementor-element elementor-element-db3b866 elementor-section-boxed elementor-section-height-default elementor-section-height-default\" data-id=\"db3b866\" data-element_type=\"section\" data-e-type=\"section\">\n\t\t\t\t\t\t<div class=\"elementor-container elementor-column-gap-default\">\n\t\t\t\t\t<div class=\"elementor-column elementor-col-100 elementor-top-column elementor-element elementor-element-1ce85cd\" data-id=\"1ce85cd\" data-element_type=\"column\" data-e-type=\"column\">\n\t\t\t<div class=\"elementor-widget-wrap elementor-element-populated\">\n\t\t\t\t\t\t<div class=\"elementor-element elementor-element-9e4d9f2 elementor-widget__width-initial elementor-widget elementor-widget-image\" data-id=\"9e4d9f2\" data-element_type=\"widget\" data-e-type=\"widget\" data-widget_type=\"image.default\">\n\t\t\t\t<div class=\"elementor-widget-container\">\n\t\t\t\t\t\t\t\t\t\t\t\t\t\t\t<img fetchpriority=\"high\" decoding=\"async\" width=\"768\" height=\"461\" src=\"https:\/\/lattonedil.com\/wp-content\/uploads\/2025\/12\/ISOTT-pr1me-quote-768x461.png\" class=\"attachment-medium_large size-medium_large wp-image-84771\" alt=\"\" srcset=\"https:\/\/lattonedil.com\/wp-content\/uploads\/2025\/12\/ISOTT-pr1me-quote-768x461.png 768w, https:\/\/lattonedil.com\/wp-content\/uploads\/2025\/12\/ISOTT-pr1me-quote-300x180.png 300w, https:\/\/lattonedil.com\/wp-content\/uploads\/2025\/12\/ISOTT-pr1me-quote.png 1000w\" sizes=\"(max-width: 768px) 100vw, 768px\" \/>\t\t\t\t\t\t\t\t\t\t\t\t\t\t\t<\/div>\n\t\t\t\t<\/div>\n\t\t\t\t\t<\/div>\n\t\t<\/div>\n\t\t\t\t\t<\/div>\n\t\t<\/section>\n\t\t\t\t<section class=\"elementor-section elementor-top-section elementor-element elementor-element-0664553 elementor-section-boxed elementor-section-height-default elementor-section-height-default\" data-id=\"0664553\" data-element_type=\"section\" data-e-type=\"section\">\n\t\t\t\t\t\t<div class=\"elementor-container elementor-column-gap-default\">\n\t\t\t\t\t<div class=\"elementor-column elementor-col-100 elementor-top-column elementor-element elementor-element-8a370e7\" data-id=\"8a370e7\" data-element_type=\"column\" data-e-type=\"column\">\n\t\t\t<div class=\"elementor-widget-wrap elementor-element-populated\">\n\t\t\t\t\t\t<div class=\"elementor-element elementor-element-be5a766 elementor-widget elementor-widget-text-editor\" data-id=\"be5a766\" data-element_type=\"widget\" data-e-type=\"widget\" data-widget_type=\"text-editor.default\">\n\t\t\t\t<div class=\"elementor-widget-container\">\n\t\t\t\t\t\t\t\t\t<p>\u00a0<\/p><table><tbody><tr><td><strong>Reaction to fire (EN 13501-1, EN 11925-2, EN 13823)<\/strong><\/td><td>D-s1,d0<br \/>B-s1,d0 under \u201cEnd Use\u201d conditions according to EN 15715 conf. 2 tab. 5 per sp.<br \/>\u2265 60 mm<\/td><\/tr><tr><td><strong>Reaction to fire: Roofing system (External Fire Exposure)<\/strong><br \/><strong>(EN 13501-5, CENT\/TS 1187)<\/strong><\/td><td>Broof (t2, t3)<\/td><\/tr><tr><td><strong>Compressive strenght at 10% crushing (EN 826)<\/strong><\/td><td>150 kPa<\/td><\/tr><tr><td><strong>Tensile strenght perpendicular to faces<\/strong><\/td><td>40 kPa<\/td><\/tr><tr><td><strong>Panel density (average value, including facing weights) &#8211; \u03c1\u00a0<\/strong><\/td><td>40 \u00b1 2 kg\/m3<\/td><\/tr><tr><td><strong>Insulation density<\/strong><\/td><td>31 \u00b1 2 kg\/m3<\/td><\/tr><tr><td><strong>Specific heat Cp (average value)<\/strong><\/td><td>1370 J\/kg \u00b0K<\/td><\/tr><tr><td><strong>Vapour diffusion resistance factor (EN 12086)<\/strong><\/td><td>\u03bc = \u221e<\/td><\/tr><tr><td><strong>Water absorption by partial immersion, short period (EN 1609)<\/strong><\/td><td>&lt; 0,1 kg\/ m\u00b2<\/td><\/tr><tr><td><strong>Dimensional stability (EN 1604) (level)<\/strong><\/td><td>4 per d <br \/>\u2265 60 mm 48 h, 70\u00b0 C, 90% U<\/td><\/tr><tr><td><strong>Tolerances [mm] (EN 13165)<\/strong><\/td><td>Lunghezza e Larghezza \u00b1 5 &lt; 1000 mm \u00b1 7,5 da 1001 a 2000 mm <br \/>Spessore \u00b1 3 da 60 a 75 mm &#8211; +5\/-2 <br \/>\u2265 75 mm<\/td><\/tr><tr><td><strong>Compressive strenght at 2% crushing (EN 826)<\/strong><\/td><td>&gt;5000 kg\/ m\u00b2<\/td><\/tr><\/tbody><\/table>\t\t\t\t\t\t\t\t<\/div>\n\t\t\t\t<\/div>\n\t\t\t\t\t<\/div>\n\t\t<\/div>\n\t\t\t\t\t<\/div>\n\t\t<\/section>\n\t\t\t\t<\/div>\n\t\t","protected":false},"excerpt":{"rendered":"<p>Sandwich panel consisting of an insulating core made of PIR TTPR1ME foam, expanded without the use of CFCs or HCFCs, compliant with the CAM (Minimum Environmental Criteria). It is faced on both sides with <strong>embossed aluminium foil<\/strong>. Thanks to its light weight and high rigidity, it is easy to handle and install.<\/p>\n<p><strong>APPLICATIONS:<\/strong> Thermal insulation in cavities, intermediate floors, flooring, and roofs under cold-applied waterproofing membranes.<br \/>\n<strong>FORMAT:<\/strong> 600 \u00d7 1200; 1200 \u00d7 1200; 1200 \u00d7 2400 mm.<br \/>\n<strong>FINISH:<\/strong> Straight edges on all sides<br \/>\n<strong>STANDARD THICKNESSES:<\/strong> 30\u201340\u201350\u201360\u201380\u2013100\u2013120\u2013140\u2013150\u2013160 mm<br \/>\n(Panel available in other sizes and thicknesses upon request)<\/p>\n","protected":false},"featured_media":84766,"template":"","meta":{"_acf_changed":false},"product_brand":[],"product_cat":[571,504],"product_tag":[],"class_list":{"0":"post-84753","1":"product","2":"type-product","3":"status-publish","4":"has-post-thumbnail","6":"product_cat-insulating-panels-isott","7":"product_cat-sistemi-en","9":"first","10":"instock","11":"shipping-taxable","12":"product-type-simple"},"acf":[],"yoast_head":"<!-- This site is optimized with the Yoast SEO plugin v27.1.1 - https:\/\/yoast.com\/product\/yoast-seo-wordpress\/ -->\n<title>ISOTT PR1ME - Lattonedil<\/title>\n<meta name=\"robots\" content=\"index, follow, max-snippet:-1, max-image-preview:large, max-video-preview:-1\" \/>\n<link rel=\"canonical\" href=\"https:\/\/lattonedil.com\/en\/prodotto\/isott-bitumato-copia\/\" \/>\n<meta property=\"og:locale\" content=\"en_US\" \/>\n<meta property=\"og:type\" content=\"article\" \/>\n<meta property=\"og:title\" content=\"ISOTT PR1ME - Lattonedil\" \/>\n<meta property=\"og:description\" content=\"Sandwich panel consisting of an insulating core made of PIR TTPR1ME foam, expanded without the use of CFCs or HCFCs, compliant with the CAM (Minimum Environmental Criteria). It is faced on both sides with embossed aluminium foil. Thanks to its light weight and high rigidity, it is easy to handle and install.  APPLICATIONS: Thermal insulation in cavities, intermediate floors, flooring, and roofs under cold-applied waterproofing membranes. FORMAT: 600 \u00d7 1200; 1200 \u00d7 1200; 1200 \u00d7 2400 mm. FINISH: Straight edges on all sides STANDARD THICKNESSES: 30\u201340\u201350\u201360\u201380\u2013100\u2013120\u2013140\u2013150\u2013160 mm (Panel available in other sizes and thicknesses upon request)\" \/>\n<meta property=\"og:url\" content=\"https:\/\/lattonedil.com\/en\/prodotto\/isott-bitumato-copia\/\" \/>\n<meta property=\"og:site_name\" content=\"Lattonedil\" \/>\n<meta property=\"article:modified_time\" content=\"2026-04-02T10:25:05+00:00\" \/>\n<meta property=\"og:image\" content=\"https:\/\/lattonedil.com\/wp-content\/uploads\/2025\/12\/ISOTT-pr1me.png\" \/>\n\t<meta property=\"og:image:width\" content=\"1000\" \/>\n\t<meta property=\"og:image:height\" content=\"600\" \/>\n\t<meta property=\"og:image:type\" content=\"image\/png\" \/>\n<meta name=\"twitter:card\" content=\"summary_large_image\" \/>\n<meta name=\"twitter:label1\" content=\"Est. reading time\" \/>\n\t<meta name=\"twitter:data1\" content=\"2 minutes\" \/>\n<script type=\"application\/ld+json\" class=\"yoast-schema-graph\">{\"@context\":\"https:\/\/schema.org\",\"@graph\":[{\"@type\":\"WebPage\",\"@id\":\"https:\/\/lattonedil.com\/en\/prodotto\/isott-bitumato-copia\/\",\"url\":\"https:\/\/lattonedil.com\/en\/prodotto\/isott-bitumato-copia\/\",\"name\":\"ISOTT PR1ME - Lattonedil\",\"isPartOf\":{\"@id\":\"https:\/\/lattonedil.com\/#website\"},\"primaryImageOfPage\":{\"@id\":\"https:\/\/lattonedil.com\/en\/prodotto\/isott-bitumato-copia\/#primaryimage\"},\"image\":{\"@id\":\"https:\/\/lattonedil.com\/en\/prodotto\/isott-bitumato-copia\/#primaryimage\"},\"thumbnailUrl\":\"https:\/\/lattonedil.com\/wp-content\/uploads\/2025\/12\/ISOTT-pr1me.png\",\"datePublished\":\"2025-12-10T14:02:15+00:00\",\"dateModified\":\"2026-04-02T10:25:05+00:00\",\"breadcrumb\":{\"@id\":\"https:\/\/lattonedil.com\/en\/prodotto\/isott-bitumato-copia\/#breadcrumb\"},\"inLanguage\":\"en-US\",\"potentialAction\":[{\"@type\":\"ReadAction\",\"target\":[\"https:\/\/lattonedil.com\/en\/prodotto\/isott-bitumato-copia\/\"]}]},{\"@type\":\"ImageObject\",\"inLanguage\":\"en-US\",\"@id\":\"https:\/\/lattonedil.com\/en\/prodotto\/isott-bitumato-copia\/#primaryimage\",\"url\":\"https:\/\/lattonedil.com\/wp-content\/uploads\/2025\/12\/ISOTT-pr1me.png\",\"contentUrl\":\"https:\/\/lattonedil.com\/wp-content\/uploads\/2025\/12\/ISOTT-pr1me.png\",\"width\":1000,\"height\":600},{\"@type\":\"BreadcrumbList\",\"@id\":\"https:\/\/lattonedil.com\/en\/prodotto\/isott-bitumato-copia\/#breadcrumb\",\"itemListElement\":[{\"@type\":\"ListItem\",\"position\":1,\"name\":\"Home\",\"item\":\"https:\/\/lattonedil.com\/\"},{\"@type\":\"ListItem\",\"position\":2,\"name\":\"Products\",\"item\":\"https:\/\/lattonedil.com\/en\/all-products\/\"},{\"@type\":\"ListItem\",\"position\":3,\"name\":\"ISOTT PR1ME\"}]},{\"@type\":\"WebSite\",\"@id\":\"https:\/\/lattonedil.com\/#website\",\"url\":\"https:\/\/lattonedil.com\/\",\"name\":\"Lattonedil\",\"description\":\"\",\"publisher\":{\"@id\":\"https:\/\/lattonedil.com\/#organization\"},\"potentialAction\":[{\"@type\":\"SearchAction\",\"target\":{\"@type\":\"EntryPoint\",\"urlTemplate\":\"https:\/\/lattonedil.com\/?s={search_term_string}\"},\"query-input\":{\"@type\":\"PropertyValueSpecification\",\"valueRequired\":true,\"valueName\":\"search_term_string\"}}],\"inLanguage\":\"en-US\"},{\"@type\":\"Organization\",\"@id\":\"https:\/\/lattonedil.com\/#organization\",\"name\":\"Lattonedil\",\"url\":\"https:\/\/lattonedil.com\/\",\"logo\":{\"@type\":\"ImageObject\",\"inLanguage\":\"en-US\",\"@id\":\"https:\/\/lattonedil.com\/#\/schema\/logo\/image\/\",\"url\":\"https:\/\/lattonedil.com\/wp-content\/uploads\/2021\/10\/50-anni-logo-2020-3.png\",\"contentUrl\":\"https:\/\/lattonedil.com\/wp-content\/uploads\/2021\/10\/50-anni-logo-2020-3.png\",\"width\":3192,\"height\":525,\"caption\":\"Lattonedil\"},\"image\":{\"@id\":\"https:\/\/lattonedil.com\/#\/schema\/logo\/image\/\"}}]}<\/script>\n<!-- \/ Yoast SEO plugin. -->","yoast_head_json":{"title":"ISOTT PR1ME - Lattonedil","robots":{"index":"index","follow":"follow","max-snippet":"max-snippet:-1","max-image-preview":"max-image-preview:large","max-video-preview":"max-video-preview:-1"},"canonical":"https:\/\/lattonedil.com\/en\/prodotto\/isott-bitumato-copia\/","og_locale":"en_US","og_type":"article","og_title":"ISOTT PR1ME - Lattonedil","og_description":"Sandwich panel consisting of an insulating core made of PIR TTPR1ME foam, expanded without the use of CFCs or HCFCs, compliant with the CAM (Minimum Environmental Criteria). It is faced on both sides with embossed aluminium foil. Thanks to its light weight and high rigidity, it is easy to handle and install.  APPLICATIONS: Thermal insulation in cavities, intermediate floors, flooring, and roofs under cold-applied waterproofing membranes. FORMAT: 600 \u00d7 1200; 1200 \u00d7 1200; 1200 \u00d7 2400 mm. FINISH: Straight edges on all sides STANDARD THICKNESSES: 30\u201340\u201350\u201360\u201380\u2013100\u2013120\u2013140\u2013150\u2013160 mm (Panel available in other sizes and thicknesses upon request)","og_url":"https:\/\/lattonedil.com\/en\/prodotto\/isott-bitumato-copia\/","og_site_name":"Lattonedil","article_modified_time":"2026-04-02T10:25:05+00:00","og_image":[{"width":1000,"height":600,"url":"https:\/\/lattonedil.com\/wp-content\/uploads\/2025\/12\/ISOTT-pr1me.png","type":"image\/png"}],"twitter_card":"summary_large_image","twitter_misc":{"Est. reading time":"2 minutes"},"schema":{"@context":"https:\/\/schema.org","@graph":[{"@type":"WebPage","@id":"https:\/\/lattonedil.com\/en\/prodotto\/isott-bitumato-copia\/","url":"https:\/\/lattonedil.com\/en\/prodotto\/isott-bitumato-copia\/","name":"ISOTT PR1ME - Lattonedil","isPartOf":{"@id":"https:\/\/lattonedil.com\/#website"},"primaryImageOfPage":{"@id":"https:\/\/lattonedil.com\/en\/prodotto\/isott-bitumato-copia\/#primaryimage"},"image":{"@id":"https:\/\/lattonedil.com\/en\/prodotto\/isott-bitumato-copia\/#primaryimage"},"thumbnailUrl":"https:\/\/lattonedil.com\/wp-content\/uploads\/2025\/12\/ISOTT-pr1me.png","datePublished":"2025-12-10T14:02:15+00:00","dateModified":"2026-04-02T10:25:05+00:00","breadcrumb":{"@id":"https:\/\/lattonedil.com\/en\/prodotto\/isott-bitumato-copia\/#breadcrumb"},"inLanguage":"en-US","potentialAction":[{"@type":"ReadAction","target":["https:\/\/lattonedil.com\/en\/prodotto\/isott-bitumato-copia\/"]}]},{"@type":"ImageObject","inLanguage":"en-US","@id":"https:\/\/lattonedil.com\/en\/prodotto\/isott-bitumato-copia\/#primaryimage","url":"https:\/\/lattonedil.com\/wp-content\/uploads\/2025\/12\/ISOTT-pr1me.png","contentUrl":"https:\/\/lattonedil.com\/wp-content\/uploads\/2025\/12\/ISOTT-pr1me.png","width":1000,"height":600},{"@type":"BreadcrumbList","@id":"https:\/\/lattonedil.com\/en\/prodotto\/isott-bitumato-copia\/#breadcrumb","itemListElement":[{"@type":"ListItem","position":1,"name":"Home","item":"https:\/\/lattonedil.com\/"},{"@type":"ListItem","position":2,"name":"Products","item":"https:\/\/lattonedil.com\/en\/all-products\/"},{"@type":"ListItem","position":3,"name":"ISOTT PR1ME"}]},{"@type":"WebSite","@id":"https:\/\/lattonedil.com\/#website","url":"https:\/\/lattonedil.com\/","name":"Lattonedil","description":"","publisher":{"@id":"https:\/\/lattonedil.com\/#organization"},"potentialAction":[{"@type":"SearchAction","target":{"@type":"EntryPoint","urlTemplate":"https:\/\/lattonedil.com\/?s={search_term_string}"},"query-input":{"@type":"PropertyValueSpecification","valueRequired":true,"valueName":"search_term_string"}}],"inLanguage":"en-US"},{"@type":"Organization","@id":"https:\/\/lattonedil.com\/#organization","name":"Lattonedil","url":"https:\/\/lattonedil.com\/","logo":{"@type":"ImageObject","inLanguage":"en-US","@id":"https:\/\/lattonedil.com\/#\/schema\/logo\/image\/","url":"https:\/\/lattonedil.com\/wp-content\/uploads\/2021\/10\/50-anni-logo-2020-3.png","contentUrl":"https:\/\/lattonedil.com\/wp-content\/uploads\/2021\/10\/50-anni-logo-2020-3.png","width":3192,"height":525,"caption":"Lattonedil"},"image":{"@id":"https:\/\/lattonedil.com\/#\/schema\/logo\/image\/"}}]}},"_links":{"self":[{"href":"https:\/\/lattonedil.com\/en\/wp-json\/wp\/v2\/product\/84753","targetHints":{"allow":["GET"]}}],"collection":[{"href":"https:\/\/lattonedil.com\/en\/wp-json\/wp\/v2\/product"}],"about":[{"href":"https:\/\/lattonedil.com\/en\/wp-json\/wp\/v2\/types\/product"}],"version-history":[{"count":7,"href":"https:\/\/lattonedil.com\/en\/wp-json\/wp\/v2\/product\/84753\/revisions"}],"predecessor-version":[{"id":89498,"href":"https:\/\/lattonedil.com\/en\/wp-json\/wp\/v2\/product\/84753\/revisions\/89498"}],"wp:featuredmedia":[{"embeddable":true,"href":"https:\/\/lattonedil.com\/en\/wp-json\/wp\/v2\/media\/84766"}],"wp:attachment":[{"href":"https:\/\/lattonedil.com\/en\/wp-json\/wp\/v2\/media?parent=84753"}],"wp:term":[{"taxonomy":"product_brand","embeddable":true,"href":"https:\/\/lattonedil.com\/en\/wp-json\/wp\/v2\/product_brand?post=84753"},{"taxonomy":"product_cat","embeddable":true,"href":"https:\/\/lattonedil.com\/en\/wp-json\/wp\/v2\/product_cat?post=84753"},{"taxonomy":"product_tag","embeddable":true,"href":"https:\/\/lattonedil.com\/en\/wp-json\/wp\/v2\/product_tag?post=84753"}],"curies":[{"name":"wp","href":"https:\/\/api.w.org\/{rel}","templated":true}]}}