{"id":76931,"date":"2022-03-17T12:08:13","date_gmt":"2022-03-17T11:08:13","guid":{"rendered":"https:\/\/lattonedil.com\/prodotto\/isoparfire-elegant-sound\/"},"modified":"2026-04-24T17:24:04","modified_gmt":"2026-04-24T15:24:04","slug":"isoparfire-elegant-sound","status":"publish","type":"product","link":"https:\/\/lattonedil.com\/en\/prodotto\/isoparfire-elegant-sound\/","title":{"rendered":"Isoparfire\u00ae Elegant Sound"},"content":{"rendered":"\t\t<div data-elementor-type=\"product-post\" data-elementor-id=\"76931\" class=\"elementor elementor-76931 elementor-51556\" data-elementor-post-type=\"product\">\n\t\t\t\t\t\t<section class=\"elementor-section elementor-top-section elementor-element elementor-element-9a6ea48 elementor-section-boxed elementor-section-height-default elementor-section-height-default\" data-id=\"9a6ea48\" data-element_type=\"section\" data-e-type=\"section\">\n\t\t\t\t\t\t<div class=\"elementor-container elementor-column-gap-default\">\n\t\t\t\t\t<div class=\"elementor-column elementor-col-50 elementor-top-column elementor-element elementor-element-538d1fe\" data-id=\"538d1fe\" data-element_type=\"column\" data-e-type=\"column\">\n\t\t\t<div class=\"elementor-widget-wrap elementor-element-populated\">\n\t\t\t\t\t\t<div class=\"elementor-element elementor-element-b5df616 elementor-widget elementor-widget-image\" data-id=\"b5df616\" data-element_type=\"widget\" data-e-type=\"widget\" data-widget_type=\"image.default\">\n\t\t\t\t<div class=\"elementor-widget-container\">\n\t\t\t\t\t\t\t\t\t\t\t\t\t\t\t<img fetchpriority=\"high\" decoding=\"async\" width=\"1024\" height=\"295\" src=\"https:\/\/lattonedil.com\/wp-content\/uploads\/2022\/03\/Isoparfire-elegant-sound-5-1024x295.png\" class=\"attachment-large size-large wp-image-74482\" alt=\"\" srcset=\"https:\/\/lattonedil.com\/wp-content\/uploads\/2022\/03\/Isoparfire-elegant-sound-5-1024x295.png 1024w, https:\/\/lattonedil.com\/wp-content\/uploads\/2022\/03\/Isoparfire-elegant-sound-5-300x86.png 300w, https:\/\/lattonedil.com\/wp-content\/uploads\/2022\/03\/Isoparfire-elegant-sound-5-768x221.png 768w, https:\/\/lattonedil.com\/wp-content\/uploads\/2022\/03\/Isoparfire-elegant-sound-5-1200x345.png 1200w, https:\/\/lattonedil.com\/wp-content\/uploads\/2022\/03\/Isoparfire-elegant-sound-5-350x100.png 350w, https:\/\/lattonedil.com\/wp-content\/uploads\/2022\/03\/Isoparfire-elegant-sound-5.png 1387w\" sizes=\"(max-width: 1024px) 100vw, 1024px\" \/>\t\t\t\t\t\t\t\t\t\t\t\t\t\t\t<\/div>\n\t\t\t\t<\/div>\n\t\t\t\t\t<\/div>\n\t\t<\/div>\n\t\t\t\t<div class=\"elementor-column elementor-col-50 elementor-top-column elementor-element elementor-element-3159b59\" data-id=\"3159b59\" data-element_type=\"column\" data-e-type=\"column\">\n\t\t\t<div class=\"elementor-widget-wrap elementor-element-populated\">\n\t\t\t\t\t\t<div class=\"elementor-element elementor-element-b9cd5b2 elementor-widget elementor-widget-image\" data-id=\"b9cd5b2\" data-element_type=\"widget\" data-e-type=\"widget\" data-widget_type=\"image.default\">\n\t\t\t\t<div class=\"elementor-widget-container\">\n\t\t\t\t\t\t\t\t\t\t\t\t\t\t\t<img decoding=\"async\" width=\"603\" height=\"399\" src=\"https:\/\/lattonedil.com\/wp-content\/uploads\/2022\/03\/Isoparfire-elegant-sound-2-1.png\" class=\"attachment-large size-large wp-image-72228\" alt=\"\" srcset=\"https:\/\/lattonedil.com\/wp-content\/uploads\/2022\/03\/Isoparfire-elegant-sound-2-1.png 603w, https:\/\/lattonedil.com\/wp-content\/uploads\/2022\/03\/Isoparfire-elegant-sound-2-1-300x199.png 300w\" sizes=\"(max-width: 603px) 100vw, 603px\" \/>\t\t\t\t\t\t\t\t\t\t\t\t\t\t\t<\/div>\n\t\t\t\t<\/div>\n\t\t\t\t\t<\/div>\n\t\t<\/div>\n\t\t\t\t\t<\/div>\n\t\t<\/section>\n\t\t\t\t<section class=\"elementor-section elementor-top-section elementor-element elementor-element-26fc9fd9 elementor-section-boxed elementor-section-height-default elementor-section-height-default\" data-id=\"26fc9fd9\" data-element_type=\"section\" data-e-type=\"section\">\n\t\t\t\t\t\t<div class=\"elementor-container elementor-column-gap-default\">\n\t\t\t\t\t<div class=\"elementor-column elementor-col-100 elementor-top-column elementor-element elementor-element-60d95252\" data-id=\"60d95252\" data-element_type=\"column\" data-e-type=\"column\">\n\t\t\t<div class=\"elementor-widget-wrap elementor-element-populated\">\n\t\t\t\t\t\t<div class=\"elementor-element elementor-element-3cd99a7e elementor-widget elementor-widget-text-editor\" data-id=\"3cd99a7e\" data-element_type=\"widget\" data-e-type=\"widget\" data-widget_type=\"text-editor.default\">\n\t\t\t\t<div class=\"elementor-widget-container\">\n\t\t\t\t\t\t\t\t\t<p>Lattonedil consiglia, durante la fase di montaggio, di utilizzare la <strong>piastrina di fissaggio in acciaio<\/strong>. La piastrina ha lo scopo di distribuire gli sforzi derivanti dal fissaggio e di <strong>aumentare la resistenza<\/strong> alle sollecitazioni di compressione e di depressione che agiscono sui pannelli di parete. La posizione e il numero dei punti di fissaggio va definita, dal progettista, in fase progettuale, in base alle sollecitazioni esercitate sulla struttura.<\/p>\t\t\t\t\t\t\t\t<\/div>\n\t\t\t\t<\/div>\n\t\t\t\t\t<\/div>\n\t\t<\/div>\n\t\t\t\t\t<\/div>\n\t\t<\/section>\n\t\t\t\t<\/div>\n\t\t","protected":false},"excerpt":{"rendered":"<p>ISOPARFIRE\u00ae ELEGANT SOUND \u00e8 un pannello sandwich utilizzato in pareti che richiedono le seguenti caratteristiche: incombustibilit\u00e0, buona resa estetica e propriet\u00e0 foniche, quali assorbimento e isolamento acustico. \u00c8 classificato in termini di reazione al fuoco come A2-s1,d0, grazie al suo materiale isolante, la fibra minerale; inoltre, si distingue per i suoi elementi di fissaggio nascosti in modo che i pannelli sulle pareti sembrino applicati in continuit\u00e0 senza vedere le viti di fissaggio.<\/p>\n<p>Comfort e isolamento acustici sono resi possibili dai microfori presenti sul supporto interno, ordinabile a scelta tra acciaio zincato preverniciato, acciaio inox o alluminio naturale preverniciato, dello spessore standard di 0,5 mm. Spessori diversi sono disponibili su richiesta.<\/p>\n<p><strong>Reazione al fuoco:<\/strong><\/p>\n<p><strong>EI 120<\/strong> per pannello <strong>sp.150 mm<\/strong><\/p>\n<p><strong>Prodotto negli spessori:<\/strong><br \/>\n50-60-80-100-120-150-172-200-220-240 mm.<\/p>\n","protected":false},"featured_media":63361,"template":"","meta":{"_acf_changed":false},"product_brand":[],"product_cat":[441],"product_tag":[],"class_list":{"0":"post-76931","1":"product","2":"type-product","3":"status-publish","4":"has-post-thumbnail","6":"product_cat-wall","8":"first","9":"instock","10":"shipping-taxable","11":"product-type-simple"},"acf":[],"yoast_head":"<!-- This site is optimized with the Yoast SEO plugin v27.1.1 - https:\/\/yoast.com\/product\/yoast-seo-wordpress\/ -->\n<title>Isoparfire\u00ae Elegant Sound - Lattonedil<\/title>\n<meta name=\"robots\" content=\"index, follow, max-snippet:-1, max-image-preview:large, max-video-preview:-1\" \/>\n<link rel=\"canonical\" href=\"https:\/\/lattonedil.com\/en\/prodotto\/isoparfire-elegant-sound\/\" \/>\n<meta property=\"og:locale\" content=\"en_US\" \/>\n<meta property=\"og:type\" content=\"article\" \/>\n<meta property=\"og:title\" content=\"Isoparfire\u00ae Elegant Sound - Lattonedil\" \/>\n<meta property=\"og:description\" content=\"ISOPARFIRE\u00ae ELEGANT SOUND \u00e8 un pannello sandwich utilizzato in pareti che richiedono le seguenti caratteristiche: incombustibilit\u00e0, buona resa estetica e propriet\u00e0 foniche, quali assorbimento e isolamento acustico. \u00c8 classificato in termini di reazione al fuoco come A2-s1,d0, grazie al suo materiale isolante, la fibra minerale; inoltre, si distingue per i suoi elementi di fissaggio nascosti in modo che i pannelli sulle pareti sembrino applicati in continuit\u00e0 senza vedere le viti di fissaggio.  Comfort e isolamento acustici sono resi possibili dai microfori presenti sul supporto interno, ordinabile a scelta tra acciaio zincato preverniciato, acciaio inox o alluminio naturale preverniciato, dello spessore standard di 0,5 mm. Spessori diversi sono disponibili su richiesta.  Reazione al fuoco:  EI 120 per pannello sp.150 mm  Prodotto negli spessori: 50-60-80-100-120-150-172-200-220-240 mm.\" \/>\n<meta property=\"og:url\" content=\"https:\/\/lattonedil.com\/en\/prodotto\/isoparfire-elegant-sound\/\" \/>\n<meta property=\"og:site_name\" content=\"Lattonedil\" \/>\n<meta property=\"article:modified_time\" content=\"2026-04-24T15:24:04+00:00\" \/>\n<meta property=\"og:image\" content=\"https:\/\/lattonedil.com\/wp-content\/uploads\/2022\/03\/ISOPARFIRE-ELEGANT-SOUND-1000px.png\" \/>\n\t<meta property=\"og:image:width\" content=\"1000\" \/>\n\t<meta property=\"og:image:height\" content=\"600\" \/>\n\t<meta property=\"og:image:type\" content=\"image\/png\" \/>\n<meta name=\"twitter:card\" content=\"summary_large_image\" \/>\n<script type=\"application\/ld+json\" class=\"yoast-schema-graph\">{\"@context\":\"https:\/\/schema.org\",\"@graph\":[{\"@type\":\"WebPage\",\"@id\":\"https:\/\/lattonedil.com\/en\/prodotto\/isoparfire-elegant-sound\/\",\"url\":\"https:\/\/lattonedil.com\/en\/prodotto\/isoparfire-elegant-sound\/\",\"name\":\"Isoparfire\u00ae Elegant Sound - Lattonedil\",\"isPartOf\":{\"@id\":\"https:\/\/lattonedil.com\/#website\"},\"primaryImageOfPage\":{\"@id\":\"https:\/\/lattonedil.com\/en\/prodotto\/isoparfire-elegant-sound\/#primaryimage\"},\"image\":{\"@id\":\"https:\/\/lattonedil.com\/en\/prodotto\/isoparfire-elegant-sound\/#primaryimage\"},\"thumbnailUrl\":\"https:\/\/lattonedil.com\/wp-content\/uploads\/2022\/03\/ISOPARFIRE-ELEGANT-SOUND-1000px.png\",\"datePublished\":\"2022-03-17T11:08:13+00:00\",\"dateModified\":\"2026-04-24T15:24:04+00:00\",\"breadcrumb\":{\"@id\":\"https:\/\/lattonedil.com\/en\/prodotto\/isoparfire-elegant-sound\/#breadcrumb\"},\"inLanguage\":\"en-US\",\"potentialAction\":[{\"@type\":\"ReadAction\",\"target\":[\"https:\/\/lattonedil.com\/en\/prodotto\/isoparfire-elegant-sound\/\"]}]},{\"@type\":\"ImageObject\",\"inLanguage\":\"en-US\",\"@id\":\"https:\/\/lattonedil.com\/en\/prodotto\/isoparfire-elegant-sound\/#primaryimage\",\"url\":\"https:\/\/lattonedil.com\/wp-content\/uploads\/2022\/03\/ISOPARFIRE-ELEGANT-SOUND-1000px.png\",\"contentUrl\":\"https:\/\/lattonedil.com\/wp-content\/uploads\/2022\/03\/ISOPARFIRE-ELEGANT-SOUND-1000px.png\",\"width\":1000,\"height\":600},{\"@type\":\"BreadcrumbList\",\"@id\":\"https:\/\/lattonedil.com\/en\/prodotto\/isoparfire-elegant-sound\/#breadcrumb\",\"itemListElement\":[{\"@type\":\"ListItem\",\"position\":1,\"name\":\"Home\",\"item\":\"https:\/\/lattonedil.com\/\"},{\"@type\":\"ListItem\",\"position\":2,\"name\":\"Products\",\"item\":\"https:\/\/lattonedil.com\/en\/all-products\/\"},{\"@type\":\"ListItem\",\"position\":3,\"name\":\"Isoparfire\u00ae Elegant Sound\"}]},{\"@type\":\"WebSite\",\"@id\":\"https:\/\/lattonedil.com\/#website\",\"url\":\"https:\/\/lattonedil.com\/\",\"name\":\"Lattonedil\",\"description\":\"\",\"publisher\":{\"@id\":\"https:\/\/lattonedil.com\/#organization\"},\"potentialAction\":[{\"@type\":\"SearchAction\",\"target\":{\"@type\":\"EntryPoint\",\"urlTemplate\":\"https:\/\/lattonedil.com\/?s={search_term_string}\"},\"query-input\":{\"@type\":\"PropertyValueSpecification\",\"valueRequired\":true,\"valueName\":\"search_term_string\"}}],\"inLanguage\":\"en-US\"},{\"@type\":\"Organization\",\"@id\":\"https:\/\/lattonedil.com\/#organization\",\"name\":\"Lattonedil\",\"url\":\"https:\/\/lattonedil.com\/\",\"logo\":{\"@type\":\"ImageObject\",\"inLanguage\":\"en-US\",\"@id\":\"https:\/\/lattonedil.com\/#\/schema\/logo\/image\/\",\"url\":\"https:\/\/lattonedil.com\/wp-content\/uploads\/2021\/10\/50-anni-logo-2020-3.png\",\"contentUrl\":\"https:\/\/lattonedil.com\/wp-content\/uploads\/2021\/10\/50-anni-logo-2020-3.png\",\"width\":3192,\"height\":525,\"caption\":\"Lattonedil\"},\"image\":{\"@id\":\"https:\/\/lattonedil.com\/#\/schema\/logo\/image\/\"}}]}<\/script>\n<!-- \/ Yoast SEO plugin. -->","yoast_head_json":{"title":"Isoparfire\u00ae Elegant Sound - Lattonedil","robots":{"index":"index","follow":"follow","max-snippet":"max-snippet:-1","max-image-preview":"max-image-preview:large","max-video-preview":"max-video-preview:-1"},"canonical":"https:\/\/lattonedil.com\/en\/prodotto\/isoparfire-elegant-sound\/","og_locale":"en_US","og_type":"article","og_title":"Isoparfire\u00ae Elegant Sound - Lattonedil","og_description":"ISOPARFIRE\u00ae ELEGANT SOUND \u00e8 un pannello sandwich utilizzato in pareti che richiedono le seguenti caratteristiche: incombustibilit\u00e0, buona resa estetica e propriet\u00e0 foniche, quali assorbimento e isolamento acustico. \u00c8 classificato in termini di reazione al fuoco come A2-s1,d0, grazie al suo materiale isolante, la fibra minerale; inoltre, si distingue per i suoi elementi di fissaggio nascosti in modo che i pannelli sulle pareti sembrino applicati in continuit\u00e0 senza vedere le viti di fissaggio.  Comfort e isolamento acustici sono resi possibili dai microfori presenti sul supporto interno, ordinabile a scelta tra acciaio zincato preverniciato, acciaio inox o alluminio naturale preverniciato, dello spessore standard di 0,5 mm. Spessori diversi sono disponibili su richiesta.  Reazione al fuoco:  EI 120 per pannello sp.150 mm  Prodotto negli spessori: 50-60-80-100-120-150-172-200-220-240 mm.","og_url":"https:\/\/lattonedil.com\/en\/prodotto\/isoparfire-elegant-sound\/","og_site_name":"Lattonedil","article_modified_time":"2026-04-24T15:24:04+00:00","og_image":[{"width":1000,"height":600,"url":"https:\/\/lattonedil.com\/wp-content\/uploads\/2022\/03\/ISOPARFIRE-ELEGANT-SOUND-1000px.png","type":"image\/png"}],"twitter_card":"summary_large_image","schema":{"@context":"https:\/\/schema.org","@graph":[{"@type":"WebPage","@id":"https:\/\/lattonedil.com\/en\/prodotto\/isoparfire-elegant-sound\/","url":"https:\/\/lattonedil.com\/en\/prodotto\/isoparfire-elegant-sound\/","name":"Isoparfire\u00ae Elegant Sound - Lattonedil","isPartOf":{"@id":"https:\/\/lattonedil.com\/#website"},"primaryImageOfPage":{"@id":"https:\/\/lattonedil.com\/en\/prodotto\/isoparfire-elegant-sound\/#primaryimage"},"image":{"@id":"https:\/\/lattonedil.com\/en\/prodotto\/isoparfire-elegant-sound\/#primaryimage"},"thumbnailUrl":"https:\/\/lattonedil.com\/wp-content\/uploads\/2022\/03\/ISOPARFIRE-ELEGANT-SOUND-1000px.png","datePublished":"2022-03-17T11:08:13+00:00","dateModified":"2026-04-24T15:24:04+00:00","breadcrumb":{"@id":"https:\/\/lattonedil.com\/en\/prodotto\/isoparfire-elegant-sound\/#breadcrumb"},"inLanguage":"en-US","potentialAction":[{"@type":"ReadAction","target":["https:\/\/lattonedil.com\/en\/prodotto\/isoparfire-elegant-sound\/"]}]},{"@type":"ImageObject","inLanguage":"en-US","@id":"https:\/\/lattonedil.com\/en\/prodotto\/isoparfire-elegant-sound\/#primaryimage","url":"https:\/\/lattonedil.com\/wp-content\/uploads\/2022\/03\/ISOPARFIRE-ELEGANT-SOUND-1000px.png","contentUrl":"https:\/\/lattonedil.com\/wp-content\/uploads\/2022\/03\/ISOPARFIRE-ELEGANT-SOUND-1000px.png","width":1000,"height":600},{"@type":"BreadcrumbList","@id":"https:\/\/lattonedil.com\/en\/prodotto\/isoparfire-elegant-sound\/#breadcrumb","itemListElement":[{"@type":"ListItem","position":1,"name":"Home","item":"https:\/\/lattonedil.com\/"},{"@type":"ListItem","position":2,"name":"Products","item":"https:\/\/lattonedil.com\/en\/all-products\/"},{"@type":"ListItem","position":3,"name":"Isoparfire\u00ae Elegant Sound"}]},{"@type":"WebSite","@id":"https:\/\/lattonedil.com\/#website","url":"https:\/\/lattonedil.com\/","name":"Lattonedil","description":"","publisher":{"@id":"https:\/\/lattonedil.com\/#organization"},"potentialAction":[{"@type":"SearchAction","target":{"@type":"EntryPoint","urlTemplate":"https:\/\/lattonedil.com\/?s={search_term_string}"},"query-input":{"@type":"PropertyValueSpecification","valueRequired":true,"valueName":"search_term_string"}}],"inLanguage":"en-US"},{"@type":"Organization","@id":"https:\/\/lattonedil.com\/#organization","name":"Lattonedil","url":"https:\/\/lattonedil.com\/","logo":{"@type":"ImageObject","inLanguage":"en-US","@id":"https:\/\/lattonedil.com\/#\/schema\/logo\/image\/","url":"https:\/\/lattonedil.com\/wp-content\/uploads\/2021\/10\/50-anni-logo-2020-3.png","contentUrl":"https:\/\/lattonedil.com\/wp-content\/uploads\/2021\/10\/50-anni-logo-2020-3.png","width":3192,"height":525,"caption":"Lattonedil"},"image":{"@id":"https:\/\/lattonedil.com\/#\/schema\/logo\/image\/"}}]}},"_links":{"self":[{"href":"https:\/\/lattonedil.com\/en\/wp-json\/wp\/v2\/product\/76931","targetHints":{"allow":["GET"]}}],"collection":[{"href":"https:\/\/lattonedil.com\/en\/wp-json\/wp\/v2\/product"}],"about":[{"href":"https:\/\/lattonedil.com\/en\/wp-json\/wp\/v2\/types\/product"}],"version-history":[{"count":9,"href":"https:\/\/lattonedil.com\/en\/wp-json\/wp\/v2\/product\/76931\/revisions"}],"predecessor-version":[{"id":89887,"href":"https:\/\/lattonedil.com\/en\/wp-json\/wp\/v2\/product\/76931\/revisions\/89887"}],"wp:featuredmedia":[{"embeddable":true,"href":"https:\/\/lattonedil.com\/en\/wp-json\/wp\/v2\/media\/63361"}],"wp:attachment":[{"href":"https:\/\/lattonedil.com\/en\/wp-json\/wp\/v2\/media?parent=76931"}],"wp:term":[{"taxonomy":"product_brand","embeddable":true,"href":"https:\/\/lattonedil.com\/en\/wp-json\/wp\/v2\/product_brand?post=76931"},{"taxonomy":"product_cat","embeddable":true,"href":"https:\/\/lattonedil.com\/en\/wp-json\/wp\/v2\/product_cat?post=76931"},{"taxonomy":"product_tag","embeddable":true,"href":"https:\/\/lattonedil.com\/en\/wp-json\/wp\/v2\/product_tag?post=76931"}],"curies":[{"name":"wp","href":"https:\/\/api.w.org\/{rel}","templated":true}]}}