{"id":78757,"date":"2024-11-14T22:23:25","date_gmt":"2024-11-14T21:23:25","guid":{"rendered":"https:\/\/lattonedil.com\/?post_type=product&#038;p=78757"},"modified":"2026-04-27T11:47:31","modified_gmt":"2026-04-27T09:47:31","slug":"alvecomp-roof","status":"publish","type":"product","link":"https:\/\/lattonedil.com\/de\/prodotto\/alvecomp-roof\/","title":{"rendered":"Alvecomp-roof"},"content":{"rendered":"<p>&nbsp;<\/p>\n<p><img fetchpriority=\"high\" decoding=\"async\" class=\"alignnone wp-image-78528 size-full\" src=\"https:\/\/lattonedil.com\/wp-content\/uploads\/2024\/11\/alvecomp-roof.webp\" alt=\"\" width=\"1387\" height=\"399\" srcset=\"https:\/\/lattonedil.com\/wp-content\/uploads\/2024\/11\/alvecomp-roof.webp 1387w, https:\/\/lattonedil.com\/wp-content\/uploads\/2024\/11\/alvecomp-roof-300x86.webp 300w, https:\/\/lattonedil.com\/wp-content\/uploads\/2024\/11\/alvecomp-roof-1024x295.webp 1024w, https:\/\/lattonedil.com\/wp-content\/uploads\/2024\/11\/alvecomp-roof-768x221.webp 768w, https:\/\/lattonedil.com\/wp-content\/uploads\/2024\/11\/alvecomp-roof-1200x345.webp 1200w, https:\/\/lattonedil.com\/wp-content\/uploads\/2024\/11\/alvecomp-roof-350x100.webp 350w\" sizes=\"(max-width: 1387px) 100vw, 1387px\" \/><\/p>\n","protected":false},"excerpt":{"rendered":"<p>Ist ein lichtdurchl\u00e4ssiges Dachelement aus kompaktem, koextrudiertem und auf der Au\u00dfenseite UV-gesch\u00fctztem Polycarbonat, die Wandst\u00e4rke variiert von 1\/2 mm, kristall- oder opalfarben, wird f\u00fcr alle auf dem Markt befindlichen Polyurethan-Paneelprofile und Trapezbleche von Lattonedil hergestellt. Die besondere Geometrie verleiht dem Produkt eine hohe Anwendungsflexibilit\u00e4t, es kann sowohl als in die Dachfl\u00e4che integriertes Oberlicht, als auch als von First bis Traufe reichendes Oberlicht, sowie als vollst\u00e4ndig transparente Bedachung genutzt werden. Die Breite des Moduls ist variabel und reicht von 1.000 bis 1.240 mm, L\u00e4nge nach Ma\u00df.<\/p>\n","protected":false},"featured_media":78752,"template":"","meta":{"_acf_changed":false},"product_brand":[],"product_cat":[550],"product_tag":[],"class_list":{"0":"post-78757","1":"product","2":"type-product","3":"status-publish","4":"has-post-thumbnail","6":"product_cat-lichtdurchlaessige-eindeckungen","7":"description-off","9":"first","10":"instock","11":"shipping-taxable","12":"product-type-simple"},"acf":[],"yoast_head":"<!-- This site is optimized with the Yoast SEO plugin v27.1.1 - https:\/\/yoast.com\/product\/yoast-seo-wordpress\/ -->\n<title>Alvecomp-roof - Lattonedil<\/title>\n<meta name=\"robots\" content=\"index, follow, max-snippet:-1, max-image-preview:large, max-video-preview:-1\" \/>\n<link rel=\"canonical\" href=\"https:\/\/lattonedil.com\/de\/prodotto\/alvecomp-roof\/\" \/>\n<meta property=\"og:locale\" content=\"de_DE\" \/>\n<meta property=\"og:type\" content=\"article\" \/>\n<meta property=\"og:title\" content=\"Alvecomp-roof - Lattonedil\" \/>\n<meta property=\"og:description\" content=\"Ist ein lichtdurchl\u00e4ssiges Dachelement aus kompaktem, koextrudiertem und auf der Au\u00dfenseite UV-gesch\u00fctztem Polycarbonat, die Wandst\u00e4rke variiert von 1\/2 mm, kristall- oder opalfarben, wird f\u00fcr alle auf dem Markt befindlichen Polyurethan-Paneelprofile und Trapezbleche von Lattonedil hergestellt. Die besondere Geometrie verleiht dem Produkt eine hohe Anwendungsflexibilit\u00e4t, es kann sowohl als in die Dachfl\u00e4che integriertes Oberlicht, als auch als von First bis Traufe reichendes Oberlicht, sowie als vollst\u00e4ndig transparente Bedachung genutzt werden. Die Breite des Moduls ist variabel und reicht von 1.000 bis 1.240 mm, L\u00e4nge nach Ma\u00df.\" \/>\n<meta property=\"og:url\" content=\"https:\/\/lattonedil.com\/de\/prodotto\/alvecomp-roof\/\" \/>\n<meta property=\"og:site_name\" content=\"Lattonedil\" \/>\n<meta property=\"article:modified_time\" content=\"2026-04-27T09:47:31+00:00\" \/>\n<meta property=\"og:image\" content=\"https:\/\/lattonedil.com\/wp-content\/uploads\/2024\/11\/alveroof25.webp\" \/>\n\t<meta property=\"og:image:width\" content=\"1000\" \/>\n\t<meta property=\"og:image:height\" content=\"600\" \/>\n\t<meta property=\"og:image:type\" content=\"image\/webp\" \/>\n<meta name=\"twitter:card\" content=\"summary_large_image\" \/>\n<meta name=\"twitter:label1\" content=\"Gesch\u00e4tzte Lesezeit\" \/>\n\t<meta name=\"twitter:data1\" content=\"1\u00a0Minute\" \/>\n<script type=\"application\/ld+json\" class=\"yoast-schema-graph\">{\"@context\":\"https:\/\/schema.org\",\"@graph\":[{\"@type\":\"WebPage\",\"@id\":\"https:\/\/lattonedil.com\/de\/prodotto\/alvecomp-roof\/\",\"url\":\"https:\/\/lattonedil.com\/de\/prodotto\/alvecomp-roof\/\",\"name\":\"Alvecomp-roof - Lattonedil\",\"isPartOf\":{\"@id\":\"https:\/\/lattonedil.com\/#website\"},\"primaryImageOfPage\":{\"@id\":\"https:\/\/lattonedil.com\/de\/prodotto\/alvecomp-roof\/#primaryimage\"},\"image\":{\"@id\":\"https:\/\/lattonedil.com\/de\/prodotto\/alvecomp-roof\/#primaryimage\"},\"thumbnailUrl\":\"https:\/\/lattonedil.com\/wp-content\/uploads\/2024\/11\/alveroof25.webp\",\"datePublished\":\"2024-11-14T21:23:25+00:00\",\"dateModified\":\"2026-04-27T09:47:31+00:00\",\"breadcrumb\":{\"@id\":\"https:\/\/lattonedil.com\/de\/prodotto\/alvecomp-roof\/#breadcrumb\"},\"inLanguage\":\"de\",\"potentialAction\":[{\"@type\":\"ReadAction\",\"target\":[\"https:\/\/lattonedil.com\/de\/prodotto\/alvecomp-roof\/\"]}]},{\"@type\":\"ImageObject\",\"inLanguage\":\"de\",\"@id\":\"https:\/\/lattonedil.com\/de\/prodotto\/alvecomp-roof\/#primaryimage\",\"url\":\"https:\/\/lattonedil.com\/wp-content\/uploads\/2024\/11\/alveroof25.webp\",\"contentUrl\":\"https:\/\/lattonedil.com\/wp-content\/uploads\/2024\/11\/alveroof25.webp\",\"width\":1000,\"height\":600},{\"@type\":\"BreadcrumbList\",\"@id\":\"https:\/\/lattonedil.com\/de\/prodotto\/alvecomp-roof\/#breadcrumb\",\"itemListElement\":[{\"@type\":\"ListItem\",\"position\":1,\"name\":\"Home\",\"item\":\"https:\/\/lattonedil.com\/de\/\"},{\"@type\":\"ListItem\",\"position\":2,\"name\":\"Prodotti\",\"item\":\"https:\/\/lattonedil.com\/scopri-i-prodotti\/\"},{\"@type\":\"ListItem\",\"position\":3,\"name\":\"Alvecomp-roof\"}]},{\"@type\":\"WebSite\",\"@id\":\"https:\/\/lattonedil.com\/#website\",\"url\":\"https:\/\/lattonedil.com\/\",\"name\":\"Lattonedil\",\"description\":\"\",\"publisher\":{\"@id\":\"https:\/\/lattonedil.com\/#organization\"},\"potentialAction\":[{\"@type\":\"SearchAction\",\"target\":{\"@type\":\"EntryPoint\",\"urlTemplate\":\"https:\/\/lattonedil.com\/?s={search_term_string}\"},\"query-input\":{\"@type\":\"PropertyValueSpecification\",\"valueRequired\":true,\"valueName\":\"search_term_string\"}}],\"inLanguage\":\"de\"},{\"@type\":\"Organization\",\"@id\":\"https:\/\/lattonedil.com\/#organization\",\"name\":\"Lattonedil\",\"url\":\"https:\/\/lattonedil.com\/\",\"logo\":{\"@type\":\"ImageObject\",\"inLanguage\":\"de\",\"@id\":\"https:\/\/lattonedil.com\/#\/schema\/logo\/image\/\",\"url\":\"https:\/\/lattonedil.com\/wp-content\/uploads\/2021\/10\/50-anni-logo-2020-3.png\",\"contentUrl\":\"https:\/\/lattonedil.com\/wp-content\/uploads\/2021\/10\/50-anni-logo-2020-3.png\",\"width\":3192,\"height\":525,\"caption\":\"Lattonedil\"},\"image\":{\"@id\":\"https:\/\/lattonedil.com\/#\/schema\/logo\/image\/\"}}]}<\/script>\n<!-- \/ Yoast SEO plugin. -->","yoast_head_json":{"title":"Alvecomp-roof - Lattonedil","robots":{"index":"index","follow":"follow","max-snippet":"max-snippet:-1","max-image-preview":"max-image-preview:large","max-video-preview":"max-video-preview:-1"},"canonical":"https:\/\/lattonedil.com\/de\/prodotto\/alvecomp-roof\/","og_locale":"de_DE","og_type":"article","og_title":"Alvecomp-roof - Lattonedil","og_description":"Ist ein lichtdurchl\u00e4ssiges Dachelement aus kompaktem, koextrudiertem und auf der Au\u00dfenseite UV-gesch\u00fctztem Polycarbonat, die Wandst\u00e4rke variiert von 1\/2 mm, kristall- oder opalfarben, wird f\u00fcr alle auf dem Markt befindlichen Polyurethan-Paneelprofile und Trapezbleche von Lattonedil hergestellt. Die besondere Geometrie verleiht dem Produkt eine hohe Anwendungsflexibilit\u00e4t, es kann sowohl als in die Dachfl\u00e4che integriertes Oberlicht, als auch als von First bis Traufe reichendes Oberlicht, sowie als vollst\u00e4ndig transparente Bedachung genutzt werden. Die Breite des Moduls ist variabel und reicht von 1.000 bis 1.240 mm, L\u00e4nge nach Ma\u00df.","og_url":"https:\/\/lattonedil.com\/de\/prodotto\/alvecomp-roof\/","og_site_name":"Lattonedil","article_modified_time":"2026-04-27T09:47:31+00:00","og_image":[{"width":1000,"height":600,"url":"https:\/\/lattonedil.com\/wp-content\/uploads\/2024\/11\/alveroof25.webp","type":"image\/webp"}],"twitter_card":"summary_large_image","twitter_misc":{"Gesch\u00e4tzte Lesezeit":"1\u00a0Minute"},"schema":{"@context":"https:\/\/schema.org","@graph":[{"@type":"WebPage","@id":"https:\/\/lattonedil.com\/de\/prodotto\/alvecomp-roof\/","url":"https:\/\/lattonedil.com\/de\/prodotto\/alvecomp-roof\/","name":"Alvecomp-roof - Lattonedil","isPartOf":{"@id":"https:\/\/lattonedil.com\/#website"},"primaryImageOfPage":{"@id":"https:\/\/lattonedil.com\/de\/prodotto\/alvecomp-roof\/#primaryimage"},"image":{"@id":"https:\/\/lattonedil.com\/de\/prodotto\/alvecomp-roof\/#primaryimage"},"thumbnailUrl":"https:\/\/lattonedil.com\/wp-content\/uploads\/2024\/11\/alveroof25.webp","datePublished":"2024-11-14T21:23:25+00:00","dateModified":"2026-04-27T09:47:31+00:00","breadcrumb":{"@id":"https:\/\/lattonedil.com\/de\/prodotto\/alvecomp-roof\/#breadcrumb"},"inLanguage":"de","potentialAction":[{"@type":"ReadAction","target":["https:\/\/lattonedil.com\/de\/prodotto\/alvecomp-roof\/"]}]},{"@type":"ImageObject","inLanguage":"de","@id":"https:\/\/lattonedil.com\/de\/prodotto\/alvecomp-roof\/#primaryimage","url":"https:\/\/lattonedil.com\/wp-content\/uploads\/2024\/11\/alveroof25.webp","contentUrl":"https:\/\/lattonedil.com\/wp-content\/uploads\/2024\/11\/alveroof25.webp","width":1000,"height":600},{"@type":"BreadcrumbList","@id":"https:\/\/lattonedil.com\/de\/prodotto\/alvecomp-roof\/#breadcrumb","itemListElement":[{"@type":"ListItem","position":1,"name":"Home","item":"https:\/\/lattonedil.com\/de\/"},{"@type":"ListItem","position":2,"name":"Prodotti","item":"https:\/\/lattonedil.com\/scopri-i-prodotti\/"},{"@type":"ListItem","position":3,"name":"Alvecomp-roof"}]},{"@type":"WebSite","@id":"https:\/\/lattonedil.com\/#website","url":"https:\/\/lattonedil.com\/","name":"Lattonedil","description":"","publisher":{"@id":"https:\/\/lattonedil.com\/#organization"},"potentialAction":[{"@type":"SearchAction","target":{"@type":"EntryPoint","urlTemplate":"https:\/\/lattonedil.com\/?s={search_term_string}"},"query-input":{"@type":"PropertyValueSpecification","valueRequired":true,"valueName":"search_term_string"}}],"inLanguage":"de"},{"@type":"Organization","@id":"https:\/\/lattonedil.com\/#organization","name":"Lattonedil","url":"https:\/\/lattonedil.com\/","logo":{"@type":"ImageObject","inLanguage":"de","@id":"https:\/\/lattonedil.com\/#\/schema\/logo\/image\/","url":"https:\/\/lattonedil.com\/wp-content\/uploads\/2021\/10\/50-anni-logo-2020-3.png","contentUrl":"https:\/\/lattonedil.com\/wp-content\/uploads\/2021\/10\/50-anni-logo-2020-3.png","width":3192,"height":525,"caption":"Lattonedil"},"image":{"@id":"https:\/\/lattonedil.com\/#\/schema\/logo\/image\/"}}]}},"_links":{"self":[{"href":"https:\/\/lattonedil.com\/de\/wp-json\/wp\/v2\/product\/78757","targetHints":{"allow":["GET"]}}],"collection":[{"href":"https:\/\/lattonedil.com\/de\/wp-json\/wp\/v2\/product"}],"about":[{"href":"https:\/\/lattonedil.com\/de\/wp-json\/wp\/v2\/types\/product"}],"version-history":[{"count":3,"href":"https:\/\/lattonedil.com\/de\/wp-json\/wp\/v2\/product\/78757\/revisions"}],"predecessor-version":[{"id":89985,"href":"https:\/\/lattonedil.com\/de\/wp-json\/wp\/v2\/product\/78757\/revisions\/89985"}],"wp:featuredmedia":[{"embeddable":true,"href":"https:\/\/lattonedil.com\/de\/wp-json\/wp\/v2\/media\/78752"}],"wp:attachment":[{"href":"https:\/\/lattonedil.com\/de\/wp-json\/wp\/v2\/media?parent=78757"}],"wp:term":[{"taxonomy":"product_brand","embeddable":true,"href":"https:\/\/lattonedil.com\/de\/wp-json\/wp\/v2\/product_brand?post=78757"},{"taxonomy":"product_cat","embeddable":true,"href":"https:\/\/lattonedil.com\/de\/wp-json\/wp\/v2\/product_cat?post=78757"},{"taxonomy":"product_tag","embeddable":true,"href":"https:\/\/lattonedil.com\/de\/wp-json\/wp\/v2\/product_tag?post=78757"}],"curies":[{"name":"wp","href":"https:\/\/api.w.org\/{rel}","templated":true}]}}