{"id":78724,"date":"2024-11-14T22:10:12","date_gmt":"2024-11-14T21:10:12","guid":{"rendered":"https:\/\/lattonedil.com\/?post_type=product&#038;p=78724"},"modified":"2026-04-27T11:44:55","modified_gmt":"2026-04-27T09:44:55","slug":"thermo-special","status":"publish","type":"product","link":"https:\/\/lattonedil.com\/de\/prodotto\/thermo-special\/","title":{"rendered":"Thermo Special\u00ae"},"content":{"rendered":"<p>&nbsp;<\/p>\n<p><img fetchpriority=\"high\" decoding=\"async\" class=\"alignnone wp-image-78653 size-full\" src=\"https:\/\/lattonedil.com\/wp-content\/uploads\/2024\/11\/thermo-special.webp\" alt=\"\" width=\"1387\" height=\"399\" srcset=\"https:\/\/lattonedil.com\/wp-content\/uploads\/2024\/11\/thermo-special.webp 1387w, https:\/\/lattonedil.com\/wp-content\/uploads\/2024\/11\/thermo-special-300x86.webp 300w, https:\/\/lattonedil.com\/wp-content\/uploads\/2024\/11\/thermo-special-1024x295.webp 1024w, https:\/\/lattonedil.com\/wp-content\/uploads\/2024\/11\/thermo-special-768x221.webp 768w, https:\/\/lattonedil.com\/wp-content\/uploads\/2024\/11\/thermo-special-1200x345.webp 1200w, https:\/\/lattonedil.com\/wp-content\/uploads\/2024\/11\/thermo-special-350x100.webp 350w\" sizes=\"(max-width: 1387px) 100vw, 1387px\" \/> <img decoding=\"async\" class=\"alignnone wp-image-78648 size-full\" src=\"https:\/\/lattonedil.com\/wp-content\/uploads\/2024\/11\/thermo-special-2.webp\" alt=\"\" width=\"1387\" height=\"399\" srcset=\"https:\/\/lattonedil.com\/wp-content\/uploads\/2024\/11\/thermo-special-2.webp 1387w, https:\/\/lattonedil.com\/wp-content\/uploads\/2024\/11\/thermo-special-2-300x86.webp 300w, https:\/\/lattonedil.com\/wp-content\/uploads\/2024\/11\/thermo-special-2-1024x295.webp 1024w, https:\/\/lattonedil.com\/wp-content\/uploads\/2024\/11\/thermo-special-2-768x221.webp 768w, https:\/\/lattonedil.com\/wp-content\/uploads\/2024\/11\/thermo-special-2-1200x345.webp 1200w, https:\/\/lattonedil.com\/wp-content\/uploads\/2024\/11\/thermo-special-2-350x100.webp 350w\" sizes=\"(max-width: 1387px) 100vw, 1387px\" \/><\/p>\n","protected":false},"excerpt":{"rendered":"<p>Thermo Special\u00ae sind die Polycarbonat-Stegplatten, die man mit allen Lattonedil Dachpaneelen verwenden kann.<br \/>\nGro\u00dfe Zeiteinsparung beim verlegen und absolute Z\u00fcverl\u00e4ssigkeit. Thermo Special von Lattonedil\u00ae ist ein System mit Polycarbonat, das viel Licht durchl\u00e4sst und au\u00dferdem gut thermisch isoliert.<br \/>\nIst in den St\u00e4rken 30 und 40 mm erh\u00e4ltlich.<br \/>\nIdeal f\u00fcr Oberlichter, die eine gesamte Dachfl\u00e4che einnehmen.<\/p>\n","protected":false},"featured_media":63333,"template":"","meta":{"_acf_changed":false},"product_brand":[],"product_cat":[550],"product_tag":[],"class_list":{"0":"post-78724","1":"product","2":"type-product","3":"status-publish","4":"has-post-thumbnail","6":"product_cat-lichtdurchlaessige-eindeckungen","7":"description-off","9":"first","10":"instock","11":"shipping-taxable","12":"product-type-simple"},"acf":[],"yoast_head":"<!-- This site is optimized with the Yoast SEO plugin v27.1.1 - https:\/\/yoast.com\/product\/yoast-seo-wordpress\/ -->\n<title>Thermo Special\u00ae - Lattonedil<\/title>\n<meta name=\"robots\" content=\"index, follow, max-snippet:-1, max-image-preview:large, max-video-preview:-1\" \/>\n<link rel=\"canonical\" href=\"https:\/\/lattonedil.com\/de\/prodotto\/thermo-special\/\" \/>\n<meta property=\"og:locale\" content=\"de_DE\" \/>\n<meta property=\"og:type\" content=\"article\" \/>\n<meta property=\"og:title\" content=\"Thermo Special\u00ae - Lattonedil\" \/>\n<meta property=\"og:description\" content=\"Thermo Special\u00ae sind die Polycarbonat-Stegplatten, die man mit allen Lattonedil Dachpaneelen verwenden kann. Gro\u00dfe Zeiteinsparung beim verlegen und absolute Z\u00fcverl\u00e4ssigkeit. Thermo Special von Lattonedil\u00ae ist ein System mit Polycarbonat, das viel Licht durchl\u00e4sst und au\u00dferdem gut thermisch isoliert. Ist in den St\u00e4rken 30 und 40 mm erh\u00e4ltlich. Ideal f\u00fcr Oberlichter, die eine gesamte Dachfl\u00e4che einnehmen.\" \/>\n<meta property=\"og:url\" content=\"https:\/\/lattonedil.com\/de\/prodotto\/thermo-special\/\" \/>\n<meta property=\"og:site_name\" content=\"Lattonedil\" \/>\n<meta property=\"article:modified_time\" content=\"2026-04-27T09:44:55+00:00\" \/>\n<meta property=\"og:image\" content=\"https:\/\/lattonedil.com\/wp-content\/uploads\/2022\/03\/THERMO-SPECIAL-profilo-1000px.png\" \/>\n\t<meta property=\"og:image:width\" content=\"1000\" \/>\n\t<meta property=\"og:image:height\" content=\"600\" \/>\n\t<meta property=\"og:image:type\" content=\"image\/png\" \/>\n<meta name=\"twitter:card\" content=\"summary_large_image\" \/>\n<meta name=\"twitter:label1\" content=\"Gesch\u00e4tzte Lesezeit\" \/>\n\t<meta name=\"twitter:data1\" content=\"1\u00a0Minute\" \/>\n<script type=\"application\/ld+json\" class=\"yoast-schema-graph\">{\"@context\":\"https:\/\/schema.org\",\"@graph\":[{\"@type\":\"WebPage\",\"@id\":\"https:\/\/lattonedil.com\/de\/prodotto\/thermo-special\/\",\"url\":\"https:\/\/lattonedil.com\/de\/prodotto\/thermo-special\/\",\"name\":\"Thermo Special\u00ae - Lattonedil\",\"isPartOf\":{\"@id\":\"https:\/\/lattonedil.com\/#website\"},\"primaryImageOfPage\":{\"@id\":\"https:\/\/lattonedil.com\/de\/prodotto\/thermo-special\/#primaryimage\"},\"image\":{\"@id\":\"https:\/\/lattonedil.com\/de\/prodotto\/thermo-special\/#primaryimage\"},\"thumbnailUrl\":\"https:\/\/lattonedil.com\/wp-content\/uploads\/2022\/03\/THERMO-SPECIAL-profilo-1000px.png\",\"datePublished\":\"2024-11-14T21:10:12+00:00\",\"dateModified\":\"2026-04-27T09:44:55+00:00\",\"breadcrumb\":{\"@id\":\"https:\/\/lattonedil.com\/de\/prodotto\/thermo-special\/#breadcrumb\"},\"inLanguage\":\"de\",\"potentialAction\":[{\"@type\":\"ReadAction\",\"target\":[\"https:\/\/lattonedil.com\/de\/prodotto\/thermo-special\/\"]}]},{\"@type\":\"ImageObject\",\"inLanguage\":\"de\",\"@id\":\"https:\/\/lattonedil.com\/de\/prodotto\/thermo-special\/#primaryimage\",\"url\":\"https:\/\/lattonedil.com\/wp-content\/uploads\/2022\/03\/THERMO-SPECIAL-profilo-1000px.png\",\"contentUrl\":\"https:\/\/lattonedil.com\/wp-content\/uploads\/2022\/03\/THERMO-SPECIAL-profilo-1000px.png\",\"width\":1000,\"height\":600},{\"@type\":\"BreadcrumbList\",\"@id\":\"https:\/\/lattonedil.com\/de\/prodotto\/thermo-special\/#breadcrumb\",\"itemListElement\":[{\"@type\":\"ListItem\",\"position\":1,\"name\":\"Home\",\"item\":\"https:\/\/lattonedil.com\/de\/\"},{\"@type\":\"ListItem\",\"position\":2,\"name\":\"Prodotti\",\"item\":\"https:\/\/lattonedil.com\/scopri-i-prodotti\/\"},{\"@type\":\"ListItem\",\"position\":3,\"name\":\"Thermo Special\u00ae\"}]},{\"@type\":\"WebSite\",\"@id\":\"https:\/\/lattonedil.com\/#website\",\"url\":\"https:\/\/lattonedil.com\/\",\"name\":\"Lattonedil\",\"description\":\"\",\"publisher\":{\"@id\":\"https:\/\/lattonedil.com\/#organization\"},\"potentialAction\":[{\"@type\":\"SearchAction\",\"target\":{\"@type\":\"EntryPoint\",\"urlTemplate\":\"https:\/\/lattonedil.com\/?s={search_term_string}\"},\"query-input\":{\"@type\":\"PropertyValueSpecification\",\"valueRequired\":true,\"valueName\":\"search_term_string\"}}],\"inLanguage\":\"de\"},{\"@type\":\"Organization\",\"@id\":\"https:\/\/lattonedil.com\/#organization\",\"name\":\"Lattonedil\",\"url\":\"https:\/\/lattonedil.com\/\",\"logo\":{\"@type\":\"ImageObject\",\"inLanguage\":\"de\",\"@id\":\"https:\/\/lattonedil.com\/#\/schema\/logo\/image\/\",\"url\":\"https:\/\/lattonedil.com\/wp-content\/uploads\/2021\/10\/50-anni-logo-2020-3.png\",\"contentUrl\":\"https:\/\/lattonedil.com\/wp-content\/uploads\/2021\/10\/50-anni-logo-2020-3.png\",\"width\":3192,\"height\":525,\"caption\":\"Lattonedil\"},\"image\":{\"@id\":\"https:\/\/lattonedil.com\/#\/schema\/logo\/image\/\"}}]}<\/script>\n<!-- \/ Yoast SEO plugin. -->","yoast_head_json":{"title":"Thermo Special\u00ae - Lattonedil","robots":{"index":"index","follow":"follow","max-snippet":"max-snippet:-1","max-image-preview":"max-image-preview:large","max-video-preview":"max-video-preview:-1"},"canonical":"https:\/\/lattonedil.com\/de\/prodotto\/thermo-special\/","og_locale":"de_DE","og_type":"article","og_title":"Thermo Special\u00ae - Lattonedil","og_description":"Thermo Special\u00ae sind die Polycarbonat-Stegplatten, die man mit allen Lattonedil Dachpaneelen verwenden kann. Gro\u00dfe Zeiteinsparung beim verlegen und absolute Z\u00fcverl\u00e4ssigkeit. Thermo Special von Lattonedil\u00ae ist ein System mit Polycarbonat, das viel Licht durchl\u00e4sst und au\u00dferdem gut thermisch isoliert. Ist in den St\u00e4rken 30 und 40 mm erh\u00e4ltlich. Ideal f\u00fcr Oberlichter, die eine gesamte Dachfl\u00e4che einnehmen.","og_url":"https:\/\/lattonedil.com\/de\/prodotto\/thermo-special\/","og_site_name":"Lattonedil","article_modified_time":"2026-04-27T09:44:55+00:00","og_image":[{"width":1000,"height":600,"url":"https:\/\/lattonedil.com\/wp-content\/uploads\/2022\/03\/THERMO-SPECIAL-profilo-1000px.png","type":"image\/png"}],"twitter_card":"summary_large_image","twitter_misc":{"Gesch\u00e4tzte Lesezeit":"1\u00a0Minute"},"schema":{"@context":"https:\/\/schema.org","@graph":[{"@type":"WebPage","@id":"https:\/\/lattonedil.com\/de\/prodotto\/thermo-special\/","url":"https:\/\/lattonedil.com\/de\/prodotto\/thermo-special\/","name":"Thermo Special\u00ae - Lattonedil","isPartOf":{"@id":"https:\/\/lattonedil.com\/#website"},"primaryImageOfPage":{"@id":"https:\/\/lattonedil.com\/de\/prodotto\/thermo-special\/#primaryimage"},"image":{"@id":"https:\/\/lattonedil.com\/de\/prodotto\/thermo-special\/#primaryimage"},"thumbnailUrl":"https:\/\/lattonedil.com\/wp-content\/uploads\/2022\/03\/THERMO-SPECIAL-profilo-1000px.png","datePublished":"2024-11-14T21:10:12+00:00","dateModified":"2026-04-27T09:44:55+00:00","breadcrumb":{"@id":"https:\/\/lattonedil.com\/de\/prodotto\/thermo-special\/#breadcrumb"},"inLanguage":"de","potentialAction":[{"@type":"ReadAction","target":["https:\/\/lattonedil.com\/de\/prodotto\/thermo-special\/"]}]},{"@type":"ImageObject","inLanguage":"de","@id":"https:\/\/lattonedil.com\/de\/prodotto\/thermo-special\/#primaryimage","url":"https:\/\/lattonedil.com\/wp-content\/uploads\/2022\/03\/THERMO-SPECIAL-profilo-1000px.png","contentUrl":"https:\/\/lattonedil.com\/wp-content\/uploads\/2022\/03\/THERMO-SPECIAL-profilo-1000px.png","width":1000,"height":600},{"@type":"BreadcrumbList","@id":"https:\/\/lattonedil.com\/de\/prodotto\/thermo-special\/#breadcrumb","itemListElement":[{"@type":"ListItem","position":1,"name":"Home","item":"https:\/\/lattonedil.com\/de\/"},{"@type":"ListItem","position":2,"name":"Prodotti","item":"https:\/\/lattonedil.com\/scopri-i-prodotti\/"},{"@type":"ListItem","position":3,"name":"Thermo Special\u00ae"}]},{"@type":"WebSite","@id":"https:\/\/lattonedil.com\/#website","url":"https:\/\/lattonedil.com\/","name":"Lattonedil","description":"","publisher":{"@id":"https:\/\/lattonedil.com\/#organization"},"potentialAction":[{"@type":"SearchAction","target":{"@type":"EntryPoint","urlTemplate":"https:\/\/lattonedil.com\/?s={search_term_string}"},"query-input":{"@type":"PropertyValueSpecification","valueRequired":true,"valueName":"search_term_string"}}],"inLanguage":"de"},{"@type":"Organization","@id":"https:\/\/lattonedil.com\/#organization","name":"Lattonedil","url":"https:\/\/lattonedil.com\/","logo":{"@type":"ImageObject","inLanguage":"de","@id":"https:\/\/lattonedil.com\/#\/schema\/logo\/image\/","url":"https:\/\/lattonedil.com\/wp-content\/uploads\/2021\/10\/50-anni-logo-2020-3.png","contentUrl":"https:\/\/lattonedil.com\/wp-content\/uploads\/2021\/10\/50-anni-logo-2020-3.png","width":3192,"height":525,"caption":"Lattonedil"},"image":{"@id":"https:\/\/lattonedil.com\/#\/schema\/logo\/image\/"}}]}},"_links":{"self":[{"href":"https:\/\/lattonedil.com\/de\/wp-json\/wp\/v2\/product\/78724","targetHints":{"allow":["GET"]}}],"collection":[{"href":"https:\/\/lattonedil.com\/de\/wp-json\/wp\/v2\/product"}],"about":[{"href":"https:\/\/lattonedil.com\/de\/wp-json\/wp\/v2\/types\/product"}],"version-history":[{"count":3,"href":"https:\/\/lattonedil.com\/de\/wp-json\/wp\/v2\/product\/78724\/revisions"}],"predecessor-version":[{"id":89973,"href":"https:\/\/lattonedil.com\/de\/wp-json\/wp\/v2\/product\/78724\/revisions\/89973"}],"wp:featuredmedia":[{"embeddable":true,"href":"https:\/\/lattonedil.com\/de\/wp-json\/wp\/v2\/media\/63333"}],"wp:attachment":[{"href":"https:\/\/lattonedil.com\/de\/wp-json\/wp\/v2\/media?parent=78724"}],"wp:term":[{"taxonomy":"product_brand","embeddable":true,"href":"https:\/\/lattonedil.com\/de\/wp-json\/wp\/v2\/product_brand?post=78724"},{"taxonomy":"product_cat","embeddable":true,"href":"https:\/\/lattonedil.com\/de\/wp-json\/wp\/v2\/product_cat?post=78724"},{"taxonomy":"product_tag","embeddable":true,"href":"https:\/\/lattonedil.com\/de\/wp-json\/wp\/v2\/product_tag?post=78724"}],"curies":[{"name":"wp","href":"https:\/\/api.w.org\/{rel}","templated":true}]}}