{"id":78720,"date":"2024-11-14T22:06:53","date_gmt":"2024-11-14T21:06:53","guid":{"rendered":"https:\/\/lattonedil.com\/?post_type=product&#038;p=78720"},"modified":"2026-04-27T11:43:04","modified_gmt":"2026-04-27T09:43:04","slug":"isoparfire-elegant-typ-ipfe","status":"publish","type":"product","link":"https:\/\/lattonedil.com\/de\/prodotto\/isoparfire-elegant-typ-ipfe\/","title":{"rendered":"Isoparfire\u00ae Elegant Typ IPFE"},"content":{"rendered":"<p>&nbsp;<\/p>\n<p><img fetchpriority=\"high\" decoding=\"async\" class=\"alignnone wp-image-78623 size-full\" src=\"https:\/\/lattonedil.com\/wp-content\/uploads\/2024\/11\/Isoparfire\u00ae-Elegant-Typ-IPFE.webp\" alt=\"\" width=\"1387\" height=\"399\" srcset=\"https:\/\/lattonedil.com\/wp-content\/uploads\/2024\/11\/Isoparfire\u00ae-Elegant-Typ-IPFE.webp 1387w, https:\/\/lattonedil.com\/wp-content\/uploads\/2024\/11\/Isoparfire\u00ae-Elegant-Typ-IPFE-300x86.webp 300w, https:\/\/lattonedil.com\/wp-content\/uploads\/2024\/11\/Isoparfire\u00ae-Elegant-Typ-IPFE-1024x295.webp 1024w, https:\/\/lattonedil.com\/wp-content\/uploads\/2024\/11\/Isoparfire\u00ae-Elegant-Typ-IPFE-768x221.webp 768w, https:\/\/lattonedil.com\/wp-content\/uploads\/2024\/11\/Isoparfire\u00ae-Elegant-Typ-IPFE-1200x345.webp 1200w, https:\/\/lattonedil.com\/wp-content\/uploads\/2024\/11\/Isoparfire\u00ae-Elegant-Typ-IPFE-350x100.webp 350w\" sizes=\"(max-width: 1387px) 100vw, 1387px\" \/><\/p>\n<p><img decoding=\"async\" class=\"alignnone wp-image-78618 size-full\" src=\"https:\/\/lattonedil.com\/wp-content\/uploads\/2024\/11\/Isoparfire\u00ae-Elegant-Typ-IPFE-2.webp\" alt=\"\" width=\"1387\" height=\"399\" srcset=\"https:\/\/lattonedil.com\/wp-content\/uploads\/2024\/11\/Isoparfire\u00ae-Elegant-Typ-IPFE-2.webp 1387w, https:\/\/lattonedil.com\/wp-content\/uploads\/2024\/11\/Isoparfire\u00ae-Elegant-Typ-IPFE-2-300x86.webp 300w, https:\/\/lattonedil.com\/wp-content\/uploads\/2024\/11\/Isoparfire\u00ae-Elegant-Typ-IPFE-2-1024x295.webp 1024w, https:\/\/lattonedil.com\/wp-content\/uploads\/2024\/11\/Isoparfire\u00ae-Elegant-Typ-IPFE-2-768x221.webp 768w, https:\/\/lattonedil.com\/wp-content\/uploads\/2024\/11\/Isoparfire\u00ae-Elegant-Typ-IPFE-2-1200x345.webp 1200w, https:\/\/lattonedil.com\/wp-content\/uploads\/2024\/11\/Isoparfire\u00ae-Elegant-Typ-IPFE-2-350x100.webp 350w\" sizes=\"(max-width: 1387px) 100vw, 1387px\" \/><\/p>\n","protected":false},"excerpt":{"rendered":"<p><strong>Abmessungen:<\/strong><br \/>\nBaubreite 1.000 mm.<\/p>\n<p><strong>L\u00e4ngen:<\/strong><br \/>\nvariabel je nach Anforderungen max. 14.000 mm<br \/>\nLattonedil empfiehlt maximale l\u00e4nge 6 Meter anzuwenden<\/p>\n<p><strong>Kerndicken:<\/strong><br \/>\n50, 60, 80, 100, 120, 150, 180 und 200 mm<\/p>\n<p><strong>Oberfl\u00e4che:<\/strong><br \/>\nAu\u00dfen Mikroliniert oder Leicht Liniert nach DIN 18807<br \/>\nInnen leicht Liniert nach DIN 18807<\/p>\n<p><strong>Deckschichten:<\/strong><br \/>\nAu\u00dfen 0,6\/0,5 mm<br \/>\n\u2265 280 Mpa mit 25 \u03bcm Polyesterlackierung Innen 0,6\/0,5 mm<br \/>\n\u2265 280 Mpa mit 25 \u03bcm Polyesterlackierung<\/p>\n<p><strong>D\u00e4mmkern:<\/strong><br \/>\nIndustriell hergestelltes Mineralfaserverbundmaterial,<br \/>\nbiologisch l\u00f6slich. Die l\u00e4ngs ausgerichteten<br \/>\nFaserleisten sind zu 90% mit stehender<br \/>\nFaser zum beidseitigen Deckmaterial ausgerichtet.<\/p>\n<p><strong>Rohdichte:<\/strong><br \/>\n100 kg\/m\u00b3 \u00b1 10%<\/p>\n<p><strong>Lambda-Wert:<\/strong><br \/>\n0,0325 Kcal\/m\u00b2 h C &#8211; 0,0390 W\/m\u00b2.K<\/p>\n<p><strong>Brandklasse:<\/strong><br \/>\nA2-s1;d0<\/p>\n<p><strong>Fertigungstoleranz:<\/strong><br \/>\nEN 14509<br \/>\nElementl\u00e4nge \u2264 3.000 mm \u00b1 5 mm<br \/>\nElementl\u00e4nge \u2265 3.000 mm \u00b1 10 mm<br \/>\nElementdicke \u2264 100 mm \u00b1 2 mm<br \/>\nElementdicke \u2265 100 mm \u00b1 2 %<\/p>\n","protected":false},"featured_media":63393,"template":"","meta":{"_acf_changed":false},"product_brand":[],"product_cat":[547],"product_tag":[],"class_list":{"0":"post-78720","1":"product","2":"type-product","3":"status-publish","4":"has-post-thumbnail","6":"product_cat-wandpaneele","7":"description-off","9":"first","10":"instock","11":"shipping-taxable","12":"product-type-simple"},"acf":[],"yoast_head":"<!-- This site is optimized with the Yoast SEO plugin v27.1.1 - https:\/\/yoast.com\/product\/yoast-seo-wordpress\/ -->\n<title>Isoparfire\u00ae Elegant Typ IPFE - Lattonedil<\/title>\n<meta name=\"robots\" content=\"index, follow, max-snippet:-1, max-image-preview:large, max-video-preview:-1\" \/>\n<link rel=\"canonical\" href=\"https:\/\/lattonedil.com\/de\/prodotto\/isoparfire-elegant-typ-ipfe\/\" \/>\n<meta property=\"og:locale\" content=\"de_DE\" \/>\n<meta property=\"og:type\" content=\"article\" \/>\n<meta property=\"og:title\" content=\"Isoparfire\u00ae Elegant Typ IPFE - Lattonedil\" \/>\n<meta property=\"og:description\" content=\"Abmessungen: Baubreite 1.000 mm.  L\u00e4ngen: variabel je nach Anforderungen max. 14.000 mm Lattonedil empfiehlt maximale l\u00e4nge 6 Meter anzuwenden  Kerndicken: 50, 60, 80, 100, 120, 150, 180 und 200 mm  Oberfl\u00e4che: Au\u00dfen Mikroliniert oder Leicht Liniert nach DIN 18807 Innen leicht Liniert nach DIN 18807  Deckschichten: Au\u00dfen 0,6\/0,5 mm \u2265 280 Mpa mit 25 \u03bcm Polyesterlackierung Innen 0,6\/0,5 mm \u2265 280 Mpa mit 25 \u03bcm Polyesterlackierung  D\u00e4mmkern: Industriell hergestelltes Mineralfaserverbundmaterial, biologisch l\u00f6slich. Die l\u00e4ngs ausgerichteten Faserleisten sind zu 90% mit stehender Faser zum beidseitigen Deckmaterial ausgerichtet.  Rohdichte: 100 kg\/m\u00b3 \u00b1 10%  Lambda-Wert: 0,0325 Kcal\/m\u00b2 h C - 0,0390 W\/m\u00b2.K  Brandklasse: A2-s1;d0  Fertigungstoleranz: EN 14509 Elementl\u00e4nge \u2264 3.000 mm \u00b1 5 mm Elementl\u00e4nge \u2265 3.000 mm \u00b1 10 mm Elementdicke \u2264 100 mm \u00b1 2 mm Elementdicke \u2265 100 mm \u00b1 2 %\" \/>\n<meta property=\"og:url\" content=\"https:\/\/lattonedil.com\/de\/prodotto\/isoparfire-elegant-typ-ipfe\/\" \/>\n<meta property=\"og:site_name\" content=\"Lattonedil\" \/>\n<meta property=\"article:modified_time\" content=\"2026-04-27T09:43:04+00:00\" \/>\n<meta property=\"og:image\" content=\"https:\/\/lattonedil.com\/wp-content\/uploads\/2022\/03\/ISOPARFIRE-ELEGANT-profilo-1000px.png\" \/>\n\t<meta property=\"og:image:width\" content=\"1000\" \/>\n\t<meta property=\"og:image:height\" content=\"600\" \/>\n\t<meta property=\"og:image:type\" content=\"image\/png\" \/>\n<meta name=\"twitter:card\" content=\"summary_large_image\" \/>\n<meta name=\"twitter:label1\" content=\"Gesch\u00e4tzte Lesezeit\" \/>\n\t<meta name=\"twitter:data1\" content=\"1\u00a0Minute\" \/>\n<script type=\"application\/ld+json\" class=\"yoast-schema-graph\">{\"@context\":\"https:\/\/schema.org\",\"@graph\":[{\"@type\":\"WebPage\",\"@id\":\"https:\/\/lattonedil.com\/de\/prodotto\/isoparfire-elegant-typ-ipfe\/\",\"url\":\"https:\/\/lattonedil.com\/de\/prodotto\/isoparfire-elegant-typ-ipfe\/\",\"name\":\"Isoparfire\u00ae Elegant Typ IPFE - Lattonedil\",\"isPartOf\":{\"@id\":\"https:\/\/lattonedil.com\/#website\"},\"primaryImageOfPage\":{\"@id\":\"https:\/\/lattonedil.com\/de\/prodotto\/isoparfire-elegant-typ-ipfe\/#primaryimage\"},\"image\":{\"@id\":\"https:\/\/lattonedil.com\/de\/prodotto\/isoparfire-elegant-typ-ipfe\/#primaryimage\"},\"thumbnailUrl\":\"https:\/\/lattonedil.com\/wp-content\/uploads\/2022\/03\/ISOPARFIRE-ELEGANT-profilo-1000px.png\",\"datePublished\":\"2024-11-14T21:06:53+00:00\",\"dateModified\":\"2026-04-27T09:43:04+00:00\",\"breadcrumb\":{\"@id\":\"https:\/\/lattonedil.com\/de\/prodotto\/isoparfire-elegant-typ-ipfe\/#breadcrumb\"},\"inLanguage\":\"de\",\"potentialAction\":[{\"@type\":\"ReadAction\",\"target\":[\"https:\/\/lattonedil.com\/de\/prodotto\/isoparfire-elegant-typ-ipfe\/\"]}]},{\"@type\":\"ImageObject\",\"inLanguage\":\"de\",\"@id\":\"https:\/\/lattonedil.com\/de\/prodotto\/isoparfire-elegant-typ-ipfe\/#primaryimage\",\"url\":\"https:\/\/lattonedil.com\/wp-content\/uploads\/2022\/03\/ISOPARFIRE-ELEGANT-profilo-1000px.png\",\"contentUrl\":\"https:\/\/lattonedil.com\/wp-content\/uploads\/2022\/03\/ISOPARFIRE-ELEGANT-profilo-1000px.png\",\"width\":1000,\"height\":600},{\"@type\":\"BreadcrumbList\",\"@id\":\"https:\/\/lattonedil.com\/de\/prodotto\/isoparfire-elegant-typ-ipfe\/#breadcrumb\",\"itemListElement\":[{\"@type\":\"ListItem\",\"position\":1,\"name\":\"Home\",\"item\":\"https:\/\/lattonedil.com\/de\/\"},{\"@type\":\"ListItem\",\"position\":2,\"name\":\"Prodotti\",\"item\":\"https:\/\/lattonedil.com\/scopri-i-prodotti\/\"},{\"@type\":\"ListItem\",\"position\":3,\"name\":\"Isoparfire\u00ae Elegant Typ IPFE\"}]},{\"@type\":\"WebSite\",\"@id\":\"https:\/\/lattonedil.com\/#website\",\"url\":\"https:\/\/lattonedil.com\/\",\"name\":\"Lattonedil\",\"description\":\"\",\"publisher\":{\"@id\":\"https:\/\/lattonedil.com\/#organization\"},\"potentialAction\":[{\"@type\":\"SearchAction\",\"target\":{\"@type\":\"EntryPoint\",\"urlTemplate\":\"https:\/\/lattonedil.com\/?s={search_term_string}\"},\"query-input\":{\"@type\":\"PropertyValueSpecification\",\"valueRequired\":true,\"valueName\":\"search_term_string\"}}],\"inLanguage\":\"de\"},{\"@type\":\"Organization\",\"@id\":\"https:\/\/lattonedil.com\/#organization\",\"name\":\"Lattonedil\",\"url\":\"https:\/\/lattonedil.com\/\",\"logo\":{\"@type\":\"ImageObject\",\"inLanguage\":\"de\",\"@id\":\"https:\/\/lattonedil.com\/#\/schema\/logo\/image\/\",\"url\":\"https:\/\/lattonedil.com\/wp-content\/uploads\/2021\/10\/50-anni-logo-2020-3.png\",\"contentUrl\":\"https:\/\/lattonedil.com\/wp-content\/uploads\/2021\/10\/50-anni-logo-2020-3.png\",\"width\":3192,\"height\":525,\"caption\":\"Lattonedil\"},\"image\":{\"@id\":\"https:\/\/lattonedil.com\/#\/schema\/logo\/image\/\"}}]}<\/script>\n<!-- \/ Yoast SEO plugin. -->","yoast_head_json":{"title":"Isoparfire\u00ae Elegant Typ IPFE - Lattonedil","robots":{"index":"index","follow":"follow","max-snippet":"max-snippet:-1","max-image-preview":"max-image-preview:large","max-video-preview":"max-video-preview:-1"},"canonical":"https:\/\/lattonedil.com\/de\/prodotto\/isoparfire-elegant-typ-ipfe\/","og_locale":"de_DE","og_type":"article","og_title":"Isoparfire\u00ae Elegant Typ IPFE - Lattonedil","og_description":"Abmessungen: Baubreite 1.000 mm.  L\u00e4ngen: variabel je nach Anforderungen max. 14.000 mm Lattonedil empfiehlt maximale l\u00e4nge 6 Meter anzuwenden  Kerndicken: 50, 60, 80, 100, 120, 150, 180 und 200 mm  Oberfl\u00e4che: Au\u00dfen Mikroliniert oder Leicht Liniert nach DIN 18807 Innen leicht Liniert nach DIN 18807  Deckschichten: Au\u00dfen 0,6\/0,5 mm \u2265 280 Mpa mit 25 \u03bcm Polyesterlackierung Innen 0,6\/0,5 mm \u2265 280 Mpa mit 25 \u03bcm Polyesterlackierung  D\u00e4mmkern: Industriell hergestelltes Mineralfaserverbundmaterial, biologisch l\u00f6slich. Die l\u00e4ngs ausgerichteten Faserleisten sind zu 90% mit stehender Faser zum beidseitigen Deckmaterial ausgerichtet.  Rohdichte: 100 kg\/m\u00b3 \u00b1 10%  Lambda-Wert: 0,0325 Kcal\/m\u00b2 h C - 0,0390 W\/m\u00b2.K  Brandklasse: A2-s1;d0  Fertigungstoleranz: EN 14509 Elementl\u00e4nge \u2264 3.000 mm \u00b1 5 mm Elementl\u00e4nge \u2265 3.000 mm \u00b1 10 mm Elementdicke \u2264 100 mm \u00b1 2 mm Elementdicke \u2265 100 mm \u00b1 2 %","og_url":"https:\/\/lattonedil.com\/de\/prodotto\/isoparfire-elegant-typ-ipfe\/","og_site_name":"Lattonedil","article_modified_time":"2026-04-27T09:43:04+00:00","og_image":[{"width":1000,"height":600,"url":"https:\/\/lattonedil.com\/wp-content\/uploads\/2022\/03\/ISOPARFIRE-ELEGANT-profilo-1000px.png","type":"image\/png"}],"twitter_card":"summary_large_image","twitter_misc":{"Gesch\u00e4tzte Lesezeit":"1\u00a0Minute"},"schema":{"@context":"https:\/\/schema.org","@graph":[{"@type":"WebPage","@id":"https:\/\/lattonedil.com\/de\/prodotto\/isoparfire-elegant-typ-ipfe\/","url":"https:\/\/lattonedil.com\/de\/prodotto\/isoparfire-elegant-typ-ipfe\/","name":"Isoparfire\u00ae Elegant Typ IPFE - Lattonedil","isPartOf":{"@id":"https:\/\/lattonedil.com\/#website"},"primaryImageOfPage":{"@id":"https:\/\/lattonedil.com\/de\/prodotto\/isoparfire-elegant-typ-ipfe\/#primaryimage"},"image":{"@id":"https:\/\/lattonedil.com\/de\/prodotto\/isoparfire-elegant-typ-ipfe\/#primaryimage"},"thumbnailUrl":"https:\/\/lattonedil.com\/wp-content\/uploads\/2022\/03\/ISOPARFIRE-ELEGANT-profilo-1000px.png","datePublished":"2024-11-14T21:06:53+00:00","dateModified":"2026-04-27T09:43:04+00:00","breadcrumb":{"@id":"https:\/\/lattonedil.com\/de\/prodotto\/isoparfire-elegant-typ-ipfe\/#breadcrumb"},"inLanguage":"de","potentialAction":[{"@type":"ReadAction","target":["https:\/\/lattonedil.com\/de\/prodotto\/isoparfire-elegant-typ-ipfe\/"]}]},{"@type":"ImageObject","inLanguage":"de","@id":"https:\/\/lattonedil.com\/de\/prodotto\/isoparfire-elegant-typ-ipfe\/#primaryimage","url":"https:\/\/lattonedil.com\/wp-content\/uploads\/2022\/03\/ISOPARFIRE-ELEGANT-profilo-1000px.png","contentUrl":"https:\/\/lattonedil.com\/wp-content\/uploads\/2022\/03\/ISOPARFIRE-ELEGANT-profilo-1000px.png","width":1000,"height":600},{"@type":"BreadcrumbList","@id":"https:\/\/lattonedil.com\/de\/prodotto\/isoparfire-elegant-typ-ipfe\/#breadcrumb","itemListElement":[{"@type":"ListItem","position":1,"name":"Home","item":"https:\/\/lattonedil.com\/de\/"},{"@type":"ListItem","position":2,"name":"Prodotti","item":"https:\/\/lattonedil.com\/scopri-i-prodotti\/"},{"@type":"ListItem","position":3,"name":"Isoparfire\u00ae Elegant Typ IPFE"}]},{"@type":"WebSite","@id":"https:\/\/lattonedil.com\/#website","url":"https:\/\/lattonedil.com\/","name":"Lattonedil","description":"","publisher":{"@id":"https:\/\/lattonedil.com\/#organization"},"potentialAction":[{"@type":"SearchAction","target":{"@type":"EntryPoint","urlTemplate":"https:\/\/lattonedil.com\/?s={search_term_string}"},"query-input":{"@type":"PropertyValueSpecification","valueRequired":true,"valueName":"search_term_string"}}],"inLanguage":"de"},{"@type":"Organization","@id":"https:\/\/lattonedil.com\/#organization","name":"Lattonedil","url":"https:\/\/lattonedil.com\/","logo":{"@type":"ImageObject","inLanguage":"de","@id":"https:\/\/lattonedil.com\/#\/schema\/logo\/image\/","url":"https:\/\/lattonedil.com\/wp-content\/uploads\/2021\/10\/50-anni-logo-2020-3.png","contentUrl":"https:\/\/lattonedil.com\/wp-content\/uploads\/2021\/10\/50-anni-logo-2020-3.png","width":3192,"height":525,"caption":"Lattonedil"},"image":{"@id":"https:\/\/lattonedil.com\/#\/schema\/logo\/image\/"}}]}},"_links":{"self":[{"href":"https:\/\/lattonedil.com\/de\/wp-json\/wp\/v2\/product\/78720","targetHints":{"allow":["GET"]}}],"collection":[{"href":"https:\/\/lattonedil.com\/de\/wp-json\/wp\/v2\/product"}],"about":[{"href":"https:\/\/lattonedil.com\/de\/wp-json\/wp\/v2\/types\/product"}],"version-history":[{"count":6,"href":"https:\/\/lattonedil.com\/de\/wp-json\/wp\/v2\/product\/78720\/revisions"}],"predecessor-version":[{"id":89967,"href":"https:\/\/lattonedil.com\/de\/wp-json\/wp\/v2\/product\/78720\/revisions\/89967"}],"wp:featuredmedia":[{"embeddable":true,"href":"https:\/\/lattonedil.com\/de\/wp-json\/wp\/v2\/media\/63393"}],"wp:attachment":[{"href":"https:\/\/lattonedil.com\/de\/wp-json\/wp\/v2\/media?parent=78720"}],"wp:term":[{"taxonomy":"product_brand","embeddable":true,"href":"https:\/\/lattonedil.com\/de\/wp-json\/wp\/v2\/product_brand?post=78720"},{"taxonomy":"product_cat","embeddable":true,"href":"https:\/\/lattonedil.com\/de\/wp-json\/wp\/v2\/product_cat?post=78720"},{"taxonomy":"product_tag","embeddable":true,"href":"https:\/\/lattonedil.com\/de\/wp-json\/wp\/v2\/product_tag?post=78720"}],"curies":[{"name":"wp","href":"https:\/\/api.w.org\/{rel}","templated":true}]}}