{"id":78709,"date":"2024-11-14T21:58:08","date_gmt":"2024-11-14T20:58:08","guid":{"rendered":"https:\/\/lattonedil.com\/?post_type=product&#038;p=78709"},"modified":"2026-04-27T11:27:34","modified_gmt":"2026-04-27T09:27:34","slug":"ultra-wet","status":"publish","type":"product","link":"https:\/\/lattonedil.com\/de\/prodotto\/ultra-wet\/","title":{"rendered":"Ultra Wet"},"content":{"rendered":"<p><img fetchpriority=\"high\" decoding=\"async\" class=\"alignnone wp-image-78658 size-full\" src=\"https:\/\/lattonedil.com\/wp-content\/uploads\/2024\/11\/Ultra-wet.webp\" alt=\"\" width=\"1387\" height=\"399\" srcset=\"https:\/\/lattonedil.com\/wp-content\/uploads\/2024\/11\/Ultra-wet.webp 1387w, https:\/\/lattonedil.com\/wp-content\/uploads\/2024\/11\/Ultra-wet-300x86.webp 300w, https:\/\/lattonedil.com\/wp-content\/uploads\/2024\/11\/Ultra-wet-1024x295.webp 1024w, https:\/\/lattonedil.com\/wp-content\/uploads\/2024\/11\/Ultra-wet-768x221.webp 768w, https:\/\/lattonedil.com\/wp-content\/uploads\/2024\/11\/Ultra-wet-1200x345.webp 1200w, https:\/\/lattonedil.com\/wp-content\/uploads\/2024\/11\/Ultra-wet-350x100.webp 350w\" sizes=\"(max-width: 1387px) 100vw, 1387px\" \/><\/p>\n","protected":false},"excerpt":{"rendered":"<p>Das Paneel ULTRA WET wurde mit dem Ziel entwickelt, maximale Performance in einer Umgebung mit hohen Temperaturschwankungen zu bieten: eine geradezu ideale L\u00f6sung f\u00fcr den Anbau von Pilzen.<br \/>\nULTRA WET ist das ged\u00e4mmte Metallpaneel, das f\u00fcr die Errichtung von Au\u00dfen- oder Innenw\u00e4nden bzw. f\u00fcr Abdichtungen entwickelt wurde, von denen ein hohes technisches Leistungsprofil verlangt wird, insbesondere f\u00fcr den Pilzanbau. Das ULTRA WET-Paneel wurde entwickelt, um W\u00e4rmed\u00e4mmung, eine Barriere gegen Feuchtigkeit und Kondenswasser sowie eine bessere Brandschutz- und Feuerwiderstandsklasse zu gew\u00e4hrleisten. Es bietet ein tadelloses mechanisches Leistungsprofil durch die bis zu dreimal h\u00f6here Haftung der Deckschicht an der D\u00e4mmung, was durch die spezielle \u201eUltra\u201c-Behandlung erzielt wird, die ein Abl\u00f6sen der Deckschicht aufgrund von Temperaturschwankungen verhindern soll.<\/p>\n<p>&nbsp;<\/p>\n<p><strong>Mit PIR schaum<\/strong><br \/>\nHergestellt aus Polyisocyanurat (PIR), frei von FCKW und HFCKW, mit einer Dichte von 35-40 kg\/m3 \u00b1 10%, in \u00dcbereinstimmung mit der<br \/>\nCE-Erkl\u00e4rung und den Laborproben.<br \/>\nU-Wert bei 10\u00b0 (UNI EN 12667): 0,020-0,023 W\/m2K.<\/p>\n<p><strong>Mit PIR TTPR1ME schaum<\/strong><br \/>\nHergestellt aus Polyisocyanurat Supreme (PIR), frei von FCKW und HFCKW, mit einer Dichte von 35-40 kg\/m3 \u00b1 10%, in \u00dcbereinstimmung mit der CE-Erkl\u00e4rung und den Laborproben.<br \/>\nU-Wert bei 10\u00b0 (UNI EN 12667): 0,018 W\/m2K.<\/p>\n<p><strong>Breite<\/strong><br \/>\n1150 mm (965\/1092 auf Anfrage)<\/p>\n<p><strong>Max. L\u00e4nge<\/strong><br \/>\n15000 mm<\/p>\n<p><strong>Verf\u00fcgbare kerndicken<\/strong><br \/>\n50-60-80-100-120mm.<\/p>\n<p><strong>Brandschutz<\/strong><br \/>\nEuro-Class B-s2<br \/>\nEuro-Class B-s1<\/p>\n","protected":false},"featured_media":78286,"template":"","meta":{"_acf_changed":false},"product_brand":[],"product_cat":[548],"product_tag":[],"class_list":{"0":"post-78709","1":"product","2":"type-product","3":"status-publish","4":"has-post-thumbnail","6":"product_cat-kuehlzellen","7":"description-off","9":"first","10":"instock","11":"shipping-taxable","12":"product-type-simple"},"acf":[],"yoast_head":"<!-- This site is optimized with the Yoast SEO plugin v27.1.1 - https:\/\/yoast.com\/product\/yoast-seo-wordpress\/ -->\n<title>Ultra Wet - Lattonedil<\/title>\n<meta name=\"robots\" content=\"index, follow, max-snippet:-1, max-image-preview:large, max-video-preview:-1\" \/>\n<link rel=\"canonical\" href=\"https:\/\/lattonedil.com\/de\/prodotto\/ultra-wet\/\" \/>\n<meta property=\"og:locale\" content=\"de_DE\" \/>\n<meta property=\"og:type\" content=\"article\" \/>\n<meta property=\"og:title\" content=\"Ultra Wet - Lattonedil\" \/>\n<meta property=\"og:description\" content=\"Das Paneel ULTRA WET wurde mit dem Ziel entwickelt, maximale Performance in einer Umgebung mit hohen Temperaturschwankungen zu bieten: eine geradezu ideale L\u00f6sung f\u00fcr den Anbau von Pilzen. ULTRA WET ist das ged\u00e4mmte Metallpaneel, das f\u00fcr die Errichtung von Au\u00dfen- oder Innenw\u00e4nden bzw. f\u00fcr Abdichtungen entwickelt wurde, von denen ein hohes technisches Leistungsprofil verlangt wird, insbesondere f\u00fcr den Pilzanbau. Das ULTRA WET-Paneel wurde entwickelt, um W\u00e4rmed\u00e4mmung, eine Barriere gegen Feuchtigkeit und Kondenswasser sowie eine bessere Brandschutz- und Feuerwiderstandsklasse zu gew\u00e4hrleisten. Es bietet ein tadelloses mechanisches Leistungsprofil durch die bis zu dreimal h\u00f6here Haftung der Deckschicht an der D\u00e4mmung, was durch die spezielle \u201eUltra\u201c-Behandlung erzielt wird, die ein Abl\u00f6sen der Deckschicht aufgrund von Temperaturschwankungen verhindern soll.  &nbsp;  Mit PIR schaum Hergestellt aus Polyisocyanurat (PIR), frei von FCKW und HFCKW, mit einer Dichte von 35-40 kg\/m3 \u00b1 10%, in \u00dcbereinstimmung mit der CE-Erkl\u00e4rung und den Laborproben. U-Wert bei 10\u00b0 (UNI EN 12667): 0,020-0,023 W\/m2K.  Mit PIR TTPR1ME schaum Hergestellt aus Polyisocyanurat Supreme (PIR), frei von FCKW und HFCKW, mit einer Dichte von 35-40 kg\/m3 \u00b1 10%, in \u00dcbereinstimmung mit der CE-Erkl\u00e4rung und den Laborproben. U-Wert bei 10\u00b0 (UNI EN 12667): 0,018 W\/m2K.  Breite 1150 mm (965\/1092 auf Anfrage)  Max. L\u00e4nge 15000 mm  Verf\u00fcgbare kerndicken 50-60-80-100-120mm.  Brandschutz Euro-Class B-s2 Euro-Class B-s1\" \/>\n<meta property=\"og:url\" content=\"https:\/\/lattonedil.com\/de\/prodotto\/ultra-wet\/\" \/>\n<meta property=\"og:site_name\" content=\"Lattonedil\" \/>\n<meta property=\"article:modified_time\" content=\"2026-04-27T09:27:34+00:00\" \/>\n<meta property=\"og:image\" content=\"https:\/\/lattonedil.com\/wp-content\/uploads\/2024\/09\/ultra-wet-bosnia-prima.png\" \/>\n\t<meta property=\"og:image:width\" content=\"1000\" \/>\n\t<meta property=\"og:image:height\" content=\"600\" \/>\n\t<meta property=\"og:image:type\" content=\"image\/png\" \/>\n<meta name=\"twitter:card\" content=\"summary_large_image\" \/>\n<meta name=\"twitter:label1\" content=\"Gesch\u00e4tzte Lesezeit\" \/>\n\t<meta name=\"twitter:data1\" content=\"1\u00a0Minute\" \/>\n<script type=\"application\/ld+json\" class=\"yoast-schema-graph\">{\"@context\":\"https:\/\/schema.org\",\"@graph\":[{\"@type\":\"WebPage\",\"@id\":\"https:\/\/lattonedil.com\/de\/prodotto\/ultra-wet\/\",\"url\":\"https:\/\/lattonedil.com\/de\/prodotto\/ultra-wet\/\",\"name\":\"Ultra Wet - Lattonedil\",\"isPartOf\":{\"@id\":\"https:\/\/lattonedil.com\/#website\"},\"primaryImageOfPage\":{\"@id\":\"https:\/\/lattonedil.com\/de\/prodotto\/ultra-wet\/#primaryimage\"},\"image\":{\"@id\":\"https:\/\/lattonedil.com\/de\/prodotto\/ultra-wet\/#primaryimage\"},\"thumbnailUrl\":\"https:\/\/lattonedil.com\/wp-content\/uploads\/2024\/09\/ultra-wet-bosnia-prima.png\",\"datePublished\":\"2024-11-14T20:58:08+00:00\",\"dateModified\":\"2026-04-27T09:27:34+00:00\",\"breadcrumb\":{\"@id\":\"https:\/\/lattonedil.com\/de\/prodotto\/ultra-wet\/#breadcrumb\"},\"inLanguage\":\"de\",\"potentialAction\":[{\"@type\":\"ReadAction\",\"target\":[\"https:\/\/lattonedil.com\/de\/prodotto\/ultra-wet\/\"]}]},{\"@type\":\"ImageObject\",\"inLanguage\":\"de\",\"@id\":\"https:\/\/lattonedil.com\/de\/prodotto\/ultra-wet\/#primaryimage\",\"url\":\"https:\/\/lattonedil.com\/wp-content\/uploads\/2024\/09\/ultra-wet-bosnia-prima.png\",\"contentUrl\":\"https:\/\/lattonedil.com\/wp-content\/uploads\/2024\/09\/ultra-wet-bosnia-prima.png\",\"width\":1000,\"height\":600},{\"@type\":\"BreadcrumbList\",\"@id\":\"https:\/\/lattonedil.com\/de\/prodotto\/ultra-wet\/#breadcrumb\",\"itemListElement\":[{\"@type\":\"ListItem\",\"position\":1,\"name\":\"Home\",\"item\":\"https:\/\/lattonedil.com\/de\/\"},{\"@type\":\"ListItem\",\"position\":2,\"name\":\"Prodotti\",\"item\":\"https:\/\/lattonedil.com\/scopri-i-prodotti\/\"},{\"@type\":\"ListItem\",\"position\":3,\"name\":\"Ultra Wet\"}]},{\"@type\":\"WebSite\",\"@id\":\"https:\/\/lattonedil.com\/#website\",\"url\":\"https:\/\/lattonedil.com\/\",\"name\":\"Lattonedil\",\"description\":\"\",\"publisher\":{\"@id\":\"https:\/\/lattonedil.com\/#organization\"},\"potentialAction\":[{\"@type\":\"SearchAction\",\"target\":{\"@type\":\"EntryPoint\",\"urlTemplate\":\"https:\/\/lattonedil.com\/?s={search_term_string}\"},\"query-input\":{\"@type\":\"PropertyValueSpecification\",\"valueRequired\":true,\"valueName\":\"search_term_string\"}}],\"inLanguage\":\"de\"},{\"@type\":\"Organization\",\"@id\":\"https:\/\/lattonedil.com\/#organization\",\"name\":\"Lattonedil\",\"url\":\"https:\/\/lattonedil.com\/\",\"logo\":{\"@type\":\"ImageObject\",\"inLanguage\":\"de\",\"@id\":\"https:\/\/lattonedil.com\/#\/schema\/logo\/image\/\",\"url\":\"https:\/\/lattonedil.com\/wp-content\/uploads\/2021\/10\/50-anni-logo-2020-3.png\",\"contentUrl\":\"https:\/\/lattonedil.com\/wp-content\/uploads\/2021\/10\/50-anni-logo-2020-3.png\",\"width\":3192,\"height\":525,\"caption\":\"Lattonedil\"},\"image\":{\"@id\":\"https:\/\/lattonedil.com\/#\/schema\/logo\/image\/\"}}]}<\/script>\n<!-- \/ Yoast SEO plugin. -->","yoast_head_json":{"title":"Ultra Wet - Lattonedil","robots":{"index":"index","follow":"follow","max-snippet":"max-snippet:-1","max-image-preview":"max-image-preview:large","max-video-preview":"max-video-preview:-1"},"canonical":"https:\/\/lattonedil.com\/de\/prodotto\/ultra-wet\/","og_locale":"de_DE","og_type":"article","og_title":"Ultra Wet - Lattonedil","og_description":"Das Paneel ULTRA WET wurde mit dem Ziel entwickelt, maximale Performance in einer Umgebung mit hohen Temperaturschwankungen zu bieten: eine geradezu ideale L\u00f6sung f\u00fcr den Anbau von Pilzen. ULTRA WET ist das ged\u00e4mmte Metallpaneel, das f\u00fcr die Errichtung von Au\u00dfen- oder Innenw\u00e4nden bzw. f\u00fcr Abdichtungen entwickelt wurde, von denen ein hohes technisches Leistungsprofil verlangt wird, insbesondere f\u00fcr den Pilzanbau. Das ULTRA WET-Paneel wurde entwickelt, um W\u00e4rmed\u00e4mmung, eine Barriere gegen Feuchtigkeit und Kondenswasser sowie eine bessere Brandschutz- und Feuerwiderstandsklasse zu gew\u00e4hrleisten. Es bietet ein tadelloses mechanisches Leistungsprofil durch die bis zu dreimal h\u00f6here Haftung der Deckschicht an der D\u00e4mmung, was durch die spezielle \u201eUltra\u201c-Behandlung erzielt wird, die ein Abl\u00f6sen der Deckschicht aufgrund von Temperaturschwankungen verhindern soll.  &nbsp;  Mit PIR schaum Hergestellt aus Polyisocyanurat (PIR), frei von FCKW und HFCKW, mit einer Dichte von 35-40 kg\/m3 \u00b1 10%, in \u00dcbereinstimmung mit der CE-Erkl\u00e4rung und den Laborproben. U-Wert bei 10\u00b0 (UNI EN 12667): 0,020-0,023 W\/m2K.  Mit PIR TTPR1ME schaum Hergestellt aus Polyisocyanurat Supreme (PIR), frei von FCKW und HFCKW, mit einer Dichte von 35-40 kg\/m3 \u00b1 10%, in \u00dcbereinstimmung mit der CE-Erkl\u00e4rung und den Laborproben. U-Wert bei 10\u00b0 (UNI EN 12667): 0,018 W\/m2K.  Breite 1150 mm (965\/1092 auf Anfrage)  Max. L\u00e4nge 15000 mm  Verf\u00fcgbare kerndicken 50-60-80-100-120mm.  Brandschutz Euro-Class B-s2 Euro-Class B-s1","og_url":"https:\/\/lattonedil.com\/de\/prodotto\/ultra-wet\/","og_site_name":"Lattonedil","article_modified_time":"2026-04-27T09:27:34+00:00","og_image":[{"width":1000,"height":600,"url":"https:\/\/lattonedil.com\/wp-content\/uploads\/2024\/09\/ultra-wet-bosnia-prima.png","type":"image\/png"}],"twitter_card":"summary_large_image","twitter_misc":{"Gesch\u00e4tzte Lesezeit":"1\u00a0Minute"},"schema":{"@context":"https:\/\/schema.org","@graph":[{"@type":"WebPage","@id":"https:\/\/lattonedil.com\/de\/prodotto\/ultra-wet\/","url":"https:\/\/lattonedil.com\/de\/prodotto\/ultra-wet\/","name":"Ultra Wet - Lattonedil","isPartOf":{"@id":"https:\/\/lattonedil.com\/#website"},"primaryImageOfPage":{"@id":"https:\/\/lattonedil.com\/de\/prodotto\/ultra-wet\/#primaryimage"},"image":{"@id":"https:\/\/lattonedil.com\/de\/prodotto\/ultra-wet\/#primaryimage"},"thumbnailUrl":"https:\/\/lattonedil.com\/wp-content\/uploads\/2024\/09\/ultra-wet-bosnia-prima.png","datePublished":"2024-11-14T20:58:08+00:00","dateModified":"2026-04-27T09:27:34+00:00","breadcrumb":{"@id":"https:\/\/lattonedil.com\/de\/prodotto\/ultra-wet\/#breadcrumb"},"inLanguage":"de","potentialAction":[{"@type":"ReadAction","target":["https:\/\/lattonedil.com\/de\/prodotto\/ultra-wet\/"]}]},{"@type":"ImageObject","inLanguage":"de","@id":"https:\/\/lattonedil.com\/de\/prodotto\/ultra-wet\/#primaryimage","url":"https:\/\/lattonedil.com\/wp-content\/uploads\/2024\/09\/ultra-wet-bosnia-prima.png","contentUrl":"https:\/\/lattonedil.com\/wp-content\/uploads\/2024\/09\/ultra-wet-bosnia-prima.png","width":1000,"height":600},{"@type":"BreadcrumbList","@id":"https:\/\/lattonedil.com\/de\/prodotto\/ultra-wet\/#breadcrumb","itemListElement":[{"@type":"ListItem","position":1,"name":"Home","item":"https:\/\/lattonedil.com\/de\/"},{"@type":"ListItem","position":2,"name":"Prodotti","item":"https:\/\/lattonedil.com\/scopri-i-prodotti\/"},{"@type":"ListItem","position":3,"name":"Ultra Wet"}]},{"@type":"WebSite","@id":"https:\/\/lattonedil.com\/#website","url":"https:\/\/lattonedil.com\/","name":"Lattonedil","description":"","publisher":{"@id":"https:\/\/lattonedil.com\/#organization"},"potentialAction":[{"@type":"SearchAction","target":{"@type":"EntryPoint","urlTemplate":"https:\/\/lattonedil.com\/?s={search_term_string}"},"query-input":{"@type":"PropertyValueSpecification","valueRequired":true,"valueName":"search_term_string"}}],"inLanguage":"de"},{"@type":"Organization","@id":"https:\/\/lattonedil.com\/#organization","name":"Lattonedil","url":"https:\/\/lattonedil.com\/","logo":{"@type":"ImageObject","inLanguage":"de","@id":"https:\/\/lattonedil.com\/#\/schema\/logo\/image\/","url":"https:\/\/lattonedil.com\/wp-content\/uploads\/2021\/10\/50-anni-logo-2020-3.png","contentUrl":"https:\/\/lattonedil.com\/wp-content\/uploads\/2021\/10\/50-anni-logo-2020-3.png","width":3192,"height":525,"caption":"Lattonedil"},"image":{"@id":"https:\/\/lattonedil.com\/#\/schema\/logo\/image\/"}}]}},"_links":{"self":[{"href":"https:\/\/lattonedil.com\/de\/wp-json\/wp\/v2\/product\/78709","targetHints":{"allow":["GET"]}}],"collection":[{"href":"https:\/\/lattonedil.com\/de\/wp-json\/wp\/v2\/product"}],"about":[{"href":"https:\/\/lattonedil.com\/de\/wp-json\/wp\/v2\/types\/product"}],"version-history":[{"count":5,"href":"https:\/\/lattonedil.com\/de\/wp-json\/wp\/v2\/product\/78709\/revisions"}],"predecessor-version":[{"id":89943,"href":"https:\/\/lattonedil.com\/de\/wp-json\/wp\/v2\/product\/78709\/revisions\/89943"}],"wp:featuredmedia":[{"embeddable":true,"href":"https:\/\/lattonedil.com\/de\/wp-json\/wp\/v2\/media\/78286"}],"wp:attachment":[{"href":"https:\/\/lattonedil.com\/de\/wp-json\/wp\/v2\/media?parent=78709"}],"wp:term":[{"taxonomy":"product_brand","embeddable":true,"href":"https:\/\/lattonedil.com\/de\/wp-json\/wp\/v2\/product_brand?post=78709"},{"taxonomy":"product_cat","embeddable":true,"href":"https:\/\/lattonedil.com\/de\/wp-json\/wp\/v2\/product_cat?post=78709"},{"taxonomy":"product_tag","embeddable":true,"href":"https:\/\/lattonedil.com\/de\/wp-json\/wp\/v2\/product_tag?post=78709"}],"curies":[{"name":"wp","href":"https:\/\/api.w.org\/{rel}","templated":true}]}}