{"id":78675,"date":"2024-11-14T21:41:16","date_gmt":"2024-11-14T20:41:16","guid":{"rendered":"https:\/\/lattonedil.com\/?post_type=product&#038;p=78675"},"modified":"2026-04-27T11:08:58","modified_gmt":"2026-04-27T09:08:58","slug":"isopar-standard-typ-ip","status":"publish","type":"product","link":"https:\/\/lattonedil.com\/de\/prodotto\/isopar-standard-typ-ip\/","title":{"rendered":"Isopar\u00ae Standard Typ IP"},"content":{"rendered":"<p><img fetchpriority=\"high\" decoding=\"async\" class=\"alignnone wp-image-78588 size-full\" src=\"https:\/\/lattonedil.com\/wp-content\/uploads\/2024\/11\/Isopar-Standard-Typ-IP-2.webp\" alt=\"\" width=\"1387\" height=\"399\" srcset=\"https:\/\/lattonedil.com\/wp-content\/uploads\/2024\/11\/Isopar-Standard-Typ-IP-2.webp 1387w, https:\/\/lattonedil.com\/wp-content\/uploads\/2024\/11\/Isopar-Standard-Typ-IP-2-300x86.webp 300w, https:\/\/lattonedil.com\/wp-content\/uploads\/2024\/11\/Isopar-Standard-Typ-IP-2-1024x295.webp 1024w, https:\/\/lattonedil.com\/wp-content\/uploads\/2024\/11\/Isopar-Standard-Typ-IP-2-768x221.webp 768w, https:\/\/lattonedil.com\/wp-content\/uploads\/2024\/11\/Isopar-Standard-Typ-IP-2-1200x345.webp 1200w, https:\/\/lattonedil.com\/wp-content\/uploads\/2024\/11\/Isopar-Standard-Typ-IP-2-350x100.webp 350w\" sizes=\"(max-width: 1387px) 100vw, 1387px\" \/><\/p>\n<p><img decoding=\"async\" class=\"alignnone wp-image-78593 size-full\" src=\"https:\/\/lattonedil.com\/wp-content\/uploads\/2024\/11\/Isopar-Standard-Typ-IP-3.webp\" alt=\"\" width=\"1387\" height=\"399\" srcset=\"https:\/\/lattonedil.com\/wp-content\/uploads\/2024\/11\/Isopar-Standard-Typ-IP-3.webp 1387w, https:\/\/lattonedil.com\/wp-content\/uploads\/2024\/11\/Isopar-Standard-Typ-IP-3-300x86.webp 300w, https:\/\/lattonedil.com\/wp-content\/uploads\/2024\/11\/Isopar-Standard-Typ-IP-3-1024x295.webp 1024w, https:\/\/lattonedil.com\/wp-content\/uploads\/2024\/11\/Isopar-Standard-Typ-IP-3-768x221.webp 768w, https:\/\/lattonedil.com\/wp-content\/uploads\/2024\/11\/Isopar-Standard-Typ-IP-3-1200x345.webp 1200w, https:\/\/lattonedil.com\/wp-content\/uploads\/2024\/11\/Isopar-Standard-Typ-IP-3-350x100.webp 350w\" sizes=\"(max-width: 1387px) 100vw, 1387px\" \/><\/p>\n","protected":false},"excerpt":{"rendered":"<p><strong>Eigenschaften:<\/strong><\/p>\n<ul>\n<li>leichtes und stabiles Wand- und Deckenpaneel<\/li>\n<li>architektonisches Wandsystem f\u00fcr anspruchsvolle Fassadengestaltung<\/li>\n<li>rationelle L\u00f6sung beim Innenausbau von Wand- und Deckenverkleidungen<\/li>\n<li>rasterfreundliche Baubreite von 1.000 mm<\/li>\n<li>2-Komponenten-Dichtungssystem im L\u00e4ngssto\u00df- und \u00dcberlappungsbereich<\/li>\n<\/ul>\n<div><strong>Kernst\u00e4rken:<\/strong><\/div>\n<div>von 40, 60, 80 und 100 mm (weitere Kernst\u00e4rken 120 &#8211; 200 mm)<\/div>\n<div><\/div>\n<div><strong>Oberfl\u00e4chenausf\u00fchrung:<\/strong><\/div>\n<div>Au\u00dfenseite: Trapezprofil 37\/200 mm<\/div>\n<div>Innenseite: Leicht liniert (45,5\/45,5), gegen Aufpreis<\/div>\n<div>Innenseite eben \u2013 jedoch dann produktionstechnisch<\/div>\n<div>bedingt optische Einschr\u00e4nkungen m\u00f6glich.<\/div>\n<div><\/div>\n<div><strong>Luftschalld\u00e4mmung:<\/strong><\/div>\n<div>Rw(Ctr:C ) 25 dB nach EN 14509:2007<\/div>\n<div><\/div>\n<div><strong>Brandschutz:<\/strong><\/div>\n<div>Euro-Class B-s2;d0 laut Pr\u00fcfung EN 13501.1<\/div>\n","protected":false},"featured_media":78598,"template":"","meta":{"_acf_changed":false},"product_brand":[],"product_cat":[547],"product_tag":[],"class_list":{"0":"post-78675","1":"product","2":"type-product","3":"status-publish","4":"has-post-thumbnail","6":"product_cat-wandpaneele","7":"description-off","9":"first","10":"instock","11":"shipping-taxable","12":"product-type-simple"},"acf":[],"yoast_head":"<!-- This site is optimized with the Yoast SEO plugin v27.1.1 - https:\/\/yoast.com\/product\/yoast-seo-wordpress\/ -->\n<title>Isopar\u00ae Standard Typ IP - Lattonedil<\/title>\n<meta name=\"robots\" content=\"index, follow, max-snippet:-1, max-image-preview:large, max-video-preview:-1\" \/>\n<link rel=\"canonical\" href=\"https:\/\/lattonedil.com\/de\/prodotto\/isopar-standard-typ-ip\/\" \/>\n<meta property=\"og:locale\" content=\"de_DE\" \/>\n<meta property=\"og:type\" content=\"article\" \/>\n<meta property=\"og:title\" content=\"Isopar\u00ae Standard Typ IP - Lattonedil\" \/>\n<meta property=\"og:description\" content=\"Eigenschaften:   leichtes und stabiles Wand- und Deckenpaneel  architektonisches Wandsystem f\u00fcr anspruchsvolle Fassadengestaltung  rationelle L\u00f6sung beim Innenausbau von Wand- und Deckenverkleidungen  rasterfreundliche Baubreite von 1.000 mm  2-Komponenten-Dichtungssystem im L\u00e4ngssto\u00df- und \u00dcberlappungsbereich  Kernst\u00e4rken: von 40, 60, 80 und 100 mm (weitere Kernst\u00e4rken 120 - 200 mm)  Oberfl\u00e4chenausf\u00fchrung: Au\u00dfenseite: Trapezprofil 37\/200 mm Innenseite: Leicht liniert (45,5\/45,5), gegen Aufpreis Innenseite eben \u2013 jedoch dann produktionstechnisch bedingt optische Einschr\u00e4nkungen m\u00f6glich.  Luftschalld\u00e4mmung: Rw(Ctr:C ) 25 dB nach EN 14509:2007  Brandschutz: Euro-Class B-s2;d0 laut Pr\u00fcfung EN 13501.1\" \/>\n<meta property=\"og:url\" content=\"https:\/\/lattonedil.com\/de\/prodotto\/isopar-standard-typ-ip\/\" \/>\n<meta property=\"og:site_name\" content=\"Lattonedil\" \/>\n<meta property=\"article:modified_time\" content=\"2026-04-27T09:08:58+00:00\" \/>\n<meta property=\"og:image\" content=\"https:\/\/lattonedil.com\/wp-content\/uploads\/2024\/11\/Isopar-Standard-Typ-IP.webp\" \/>\n\t<meta property=\"og:image:width\" content=\"1000\" \/>\n\t<meta property=\"og:image:height\" content=\"600\" \/>\n\t<meta property=\"og:image:type\" content=\"image\/webp\" \/>\n<meta name=\"twitter:card\" content=\"summary_large_image\" \/>\n<meta name=\"twitter:label1\" content=\"Gesch\u00e4tzte Lesezeit\" \/>\n\t<meta name=\"twitter:data1\" content=\"1\u00a0Minute\" \/>\n<script type=\"application\/ld+json\" class=\"yoast-schema-graph\">{\"@context\":\"https:\/\/schema.org\",\"@graph\":[{\"@type\":\"WebPage\",\"@id\":\"https:\/\/lattonedil.com\/de\/prodotto\/isopar-standard-typ-ip\/\",\"url\":\"https:\/\/lattonedil.com\/de\/prodotto\/isopar-standard-typ-ip\/\",\"name\":\"Isopar\u00ae Standard Typ IP - Lattonedil\",\"isPartOf\":{\"@id\":\"https:\/\/lattonedil.com\/#website\"},\"primaryImageOfPage\":{\"@id\":\"https:\/\/lattonedil.com\/de\/prodotto\/isopar-standard-typ-ip\/#primaryimage\"},\"image\":{\"@id\":\"https:\/\/lattonedil.com\/de\/prodotto\/isopar-standard-typ-ip\/#primaryimage\"},\"thumbnailUrl\":\"https:\/\/lattonedil.com\/wp-content\/uploads\/2024\/11\/Isopar-Standard-Typ-IP.webp\",\"datePublished\":\"2024-11-14T20:41:16+00:00\",\"dateModified\":\"2026-04-27T09:08:58+00:00\",\"breadcrumb\":{\"@id\":\"https:\/\/lattonedil.com\/de\/prodotto\/isopar-standard-typ-ip\/#breadcrumb\"},\"inLanguage\":\"de\",\"potentialAction\":[{\"@type\":\"ReadAction\",\"target\":[\"https:\/\/lattonedil.com\/de\/prodotto\/isopar-standard-typ-ip\/\"]}]},{\"@type\":\"ImageObject\",\"inLanguage\":\"de\",\"@id\":\"https:\/\/lattonedil.com\/de\/prodotto\/isopar-standard-typ-ip\/#primaryimage\",\"url\":\"https:\/\/lattonedil.com\/wp-content\/uploads\/2024\/11\/Isopar-Standard-Typ-IP.webp\",\"contentUrl\":\"https:\/\/lattonedil.com\/wp-content\/uploads\/2024\/11\/Isopar-Standard-Typ-IP.webp\",\"width\":1000,\"height\":600},{\"@type\":\"BreadcrumbList\",\"@id\":\"https:\/\/lattonedil.com\/de\/prodotto\/isopar-standard-typ-ip\/#breadcrumb\",\"itemListElement\":[{\"@type\":\"ListItem\",\"position\":1,\"name\":\"Home\",\"item\":\"https:\/\/lattonedil.com\/de\/\"},{\"@type\":\"ListItem\",\"position\":2,\"name\":\"Prodotti\",\"item\":\"https:\/\/lattonedil.com\/scopri-i-prodotti\/\"},{\"@type\":\"ListItem\",\"position\":3,\"name\":\"Isopar\u00ae Standard Typ IP\"}]},{\"@type\":\"WebSite\",\"@id\":\"https:\/\/lattonedil.com\/#website\",\"url\":\"https:\/\/lattonedil.com\/\",\"name\":\"Lattonedil\",\"description\":\"\",\"publisher\":{\"@id\":\"https:\/\/lattonedil.com\/#organization\"},\"potentialAction\":[{\"@type\":\"SearchAction\",\"target\":{\"@type\":\"EntryPoint\",\"urlTemplate\":\"https:\/\/lattonedil.com\/?s={search_term_string}\"},\"query-input\":{\"@type\":\"PropertyValueSpecification\",\"valueRequired\":true,\"valueName\":\"search_term_string\"}}],\"inLanguage\":\"de\"},{\"@type\":\"Organization\",\"@id\":\"https:\/\/lattonedil.com\/#organization\",\"name\":\"Lattonedil\",\"url\":\"https:\/\/lattonedil.com\/\",\"logo\":{\"@type\":\"ImageObject\",\"inLanguage\":\"de\",\"@id\":\"https:\/\/lattonedil.com\/#\/schema\/logo\/image\/\",\"url\":\"https:\/\/lattonedil.com\/wp-content\/uploads\/2021\/10\/50-anni-logo-2020-3.png\",\"contentUrl\":\"https:\/\/lattonedil.com\/wp-content\/uploads\/2021\/10\/50-anni-logo-2020-3.png\",\"width\":3192,\"height\":525,\"caption\":\"Lattonedil\"},\"image\":{\"@id\":\"https:\/\/lattonedil.com\/#\/schema\/logo\/image\/\"}}]}<\/script>\n<!-- \/ Yoast SEO plugin. -->","yoast_head_json":{"title":"Isopar\u00ae Standard Typ IP - Lattonedil","robots":{"index":"index","follow":"follow","max-snippet":"max-snippet:-1","max-image-preview":"max-image-preview:large","max-video-preview":"max-video-preview:-1"},"canonical":"https:\/\/lattonedil.com\/de\/prodotto\/isopar-standard-typ-ip\/","og_locale":"de_DE","og_type":"article","og_title":"Isopar\u00ae Standard Typ IP - Lattonedil","og_description":"Eigenschaften:   leichtes und stabiles Wand- und Deckenpaneel  architektonisches Wandsystem f\u00fcr anspruchsvolle Fassadengestaltung  rationelle L\u00f6sung beim Innenausbau von Wand- und Deckenverkleidungen  rasterfreundliche Baubreite von 1.000 mm  2-Komponenten-Dichtungssystem im L\u00e4ngssto\u00df- und \u00dcberlappungsbereich  Kernst\u00e4rken: von 40, 60, 80 und 100 mm (weitere Kernst\u00e4rken 120 - 200 mm)  Oberfl\u00e4chenausf\u00fchrung: Au\u00dfenseite: Trapezprofil 37\/200 mm Innenseite: Leicht liniert (45,5\/45,5), gegen Aufpreis Innenseite eben \u2013 jedoch dann produktionstechnisch bedingt optische Einschr\u00e4nkungen m\u00f6glich.  Luftschalld\u00e4mmung: Rw(Ctr:C ) 25 dB nach EN 14509:2007  Brandschutz: Euro-Class B-s2;d0 laut Pr\u00fcfung EN 13501.1","og_url":"https:\/\/lattonedil.com\/de\/prodotto\/isopar-standard-typ-ip\/","og_site_name":"Lattonedil","article_modified_time":"2026-04-27T09:08:58+00:00","og_image":[{"width":1000,"height":600,"url":"https:\/\/lattonedil.com\/wp-content\/uploads\/2024\/11\/Isopar-Standard-Typ-IP.webp","type":"image\/webp"}],"twitter_card":"summary_large_image","twitter_misc":{"Gesch\u00e4tzte Lesezeit":"1\u00a0Minute"},"schema":{"@context":"https:\/\/schema.org","@graph":[{"@type":"WebPage","@id":"https:\/\/lattonedil.com\/de\/prodotto\/isopar-standard-typ-ip\/","url":"https:\/\/lattonedil.com\/de\/prodotto\/isopar-standard-typ-ip\/","name":"Isopar\u00ae Standard Typ IP - Lattonedil","isPartOf":{"@id":"https:\/\/lattonedil.com\/#website"},"primaryImageOfPage":{"@id":"https:\/\/lattonedil.com\/de\/prodotto\/isopar-standard-typ-ip\/#primaryimage"},"image":{"@id":"https:\/\/lattonedil.com\/de\/prodotto\/isopar-standard-typ-ip\/#primaryimage"},"thumbnailUrl":"https:\/\/lattonedil.com\/wp-content\/uploads\/2024\/11\/Isopar-Standard-Typ-IP.webp","datePublished":"2024-11-14T20:41:16+00:00","dateModified":"2026-04-27T09:08:58+00:00","breadcrumb":{"@id":"https:\/\/lattonedil.com\/de\/prodotto\/isopar-standard-typ-ip\/#breadcrumb"},"inLanguage":"de","potentialAction":[{"@type":"ReadAction","target":["https:\/\/lattonedil.com\/de\/prodotto\/isopar-standard-typ-ip\/"]}]},{"@type":"ImageObject","inLanguage":"de","@id":"https:\/\/lattonedil.com\/de\/prodotto\/isopar-standard-typ-ip\/#primaryimage","url":"https:\/\/lattonedil.com\/wp-content\/uploads\/2024\/11\/Isopar-Standard-Typ-IP.webp","contentUrl":"https:\/\/lattonedil.com\/wp-content\/uploads\/2024\/11\/Isopar-Standard-Typ-IP.webp","width":1000,"height":600},{"@type":"BreadcrumbList","@id":"https:\/\/lattonedil.com\/de\/prodotto\/isopar-standard-typ-ip\/#breadcrumb","itemListElement":[{"@type":"ListItem","position":1,"name":"Home","item":"https:\/\/lattonedil.com\/de\/"},{"@type":"ListItem","position":2,"name":"Prodotti","item":"https:\/\/lattonedil.com\/scopri-i-prodotti\/"},{"@type":"ListItem","position":3,"name":"Isopar\u00ae Standard Typ IP"}]},{"@type":"WebSite","@id":"https:\/\/lattonedil.com\/#website","url":"https:\/\/lattonedil.com\/","name":"Lattonedil","description":"","publisher":{"@id":"https:\/\/lattonedil.com\/#organization"},"potentialAction":[{"@type":"SearchAction","target":{"@type":"EntryPoint","urlTemplate":"https:\/\/lattonedil.com\/?s={search_term_string}"},"query-input":{"@type":"PropertyValueSpecification","valueRequired":true,"valueName":"search_term_string"}}],"inLanguage":"de"},{"@type":"Organization","@id":"https:\/\/lattonedil.com\/#organization","name":"Lattonedil","url":"https:\/\/lattonedil.com\/","logo":{"@type":"ImageObject","inLanguage":"de","@id":"https:\/\/lattonedil.com\/#\/schema\/logo\/image\/","url":"https:\/\/lattonedil.com\/wp-content\/uploads\/2021\/10\/50-anni-logo-2020-3.png","contentUrl":"https:\/\/lattonedil.com\/wp-content\/uploads\/2021\/10\/50-anni-logo-2020-3.png","width":3192,"height":525,"caption":"Lattonedil"},"image":{"@id":"https:\/\/lattonedil.com\/#\/schema\/logo\/image\/"}}]}},"_links":{"self":[{"href":"https:\/\/lattonedil.com\/de\/wp-json\/wp\/v2\/product\/78675","targetHints":{"allow":["GET"]}}],"collection":[{"href":"https:\/\/lattonedil.com\/de\/wp-json\/wp\/v2\/product"}],"about":[{"href":"https:\/\/lattonedil.com\/de\/wp-json\/wp\/v2\/types\/product"}],"version-history":[{"count":9,"href":"https:\/\/lattonedil.com\/de\/wp-json\/wp\/v2\/product\/78675\/revisions"}],"predecessor-version":[{"id":89913,"href":"https:\/\/lattonedil.com\/de\/wp-json\/wp\/v2\/product\/78675\/revisions\/89913"}],"wp:featuredmedia":[{"embeddable":true,"href":"https:\/\/lattonedil.com\/de\/wp-json\/wp\/v2\/media\/78598"}],"wp:attachment":[{"href":"https:\/\/lattonedil.com\/de\/wp-json\/wp\/v2\/media?parent=78675"}],"wp:term":[{"taxonomy":"product_brand","embeddable":true,"href":"https:\/\/lattonedil.com\/de\/wp-json\/wp\/v2\/product_brand?post=78675"},{"taxonomy":"product_cat","embeddable":true,"href":"https:\/\/lattonedil.com\/de\/wp-json\/wp\/v2\/product_cat?post=78675"},{"taxonomy":"product_tag","embeddable":true,"href":"https:\/\/lattonedil.com\/de\/wp-json\/wp\/v2\/product_tag?post=78675"}],"curies":[{"name":"wp","href":"https:\/\/api.w.org\/{rel}","templated":true}]}}