{"id":79220,"date":"2022-07-28T22:29:40","date_gmt":"2022-07-28T20:29:40","guid":{"rendered":"https:\/\/lattonedil.com\/fm-approved-certification\/"},"modified":"2024-12-09T11:37:10","modified_gmt":"2024-12-09T10:37:10","slug":"fm-approved-zertifizierung","status":"publish","type":"page","link":"https:\/\/lattonedil.com\/de\/fm-approved-zertifizierung\/","title":{"rendered":"FM Approved-Zertifizierung"},"content":{"rendered":"\t\t<div data-elementor-type=\"wp-page\" data-elementor-id=\"79220\" class=\"elementor elementor-79220 elementor-55468\" data-elementor-post-type=\"page\">\n\t\t\t\t\t\t<section class=\"elementor-section elementor-top-section elementor-element elementor-element-e54e768 elementor-section-full_width elementor-section-height-min-height elementor-section-items-bottom elementor-section-height-default\" data-id=\"e54e768\" data-element_type=\"section\" data-e-type=\"section\" data-settings=\"{&quot;background_background&quot;:&quot;classic&quot;}\">\n\t\t\t\t\t\t\t<div class=\"elementor-background-overlay\"><\/div>\n\t\t\t\t\t\t\t<div class=\"elementor-container elementor-column-gap-default\">\n\t\t\t\t\t<div class=\"elementor-column elementor-col-50 elementor-top-column elementor-element elementor-element-b65e706\" data-id=\"b65e706\" data-element_type=\"column\" data-e-type=\"column\">\n\t\t\t<div class=\"elementor-widget-wrap elementor-element-populated\">\n\t\t\t\t\t\t<div class=\"elementor-element elementor-element-1d24549 animated-slow elementor-invisible elementor-widget elementor-widget-text-editor\" data-id=\"1d24549\" data-element_type=\"widget\" data-e-type=\"widget\" data-settings=\"{&quot;_animation&quot;:&quot;fadeInUp&quot;}\" data-widget_type=\"text-editor.default\">\n\t\t\t\t<div class=\"elementor-widget-container\">\n\t\t\t\t\t\t\t\t\t<p>Lattonedil ist<\/p>\t\t\t\t\t\t\t\t<\/div>\n\t\t\t\t<\/div>\n\t\t\t\t<div class=\"elementor-element elementor-element-da2fc87 animated-slow elementor-invisible elementor-widget elementor-widget-text-editor\" data-id=\"da2fc87\" data-element_type=\"widget\" data-e-type=\"widget\" data-settings=\"{&quot;_animation&quot;:&quot;fadeInUp&quot;}\" data-widget_type=\"text-editor.default\">\n\t\t\t\t<div class=\"elementor-widget-container\">\n\t\t\t\t\t\t\t\t\t<p>FM approved<\/p>\t\t\t\t\t\t\t\t<\/div>\n\t\t\t\t<\/div>\n\t\t\t\t<div class=\"elementor-element elementor-element-e045f1c e-transform elementor-widget__width-auto elementor-hidden-mobile elementor-view-default elementor-widget elementor-widget-icon\" data-id=\"e045f1c\" data-element_type=\"widget\" data-e-type=\"widget\" data-settings=\"{&quot;_transform_rotateZ_effect&quot;:{&quot;unit&quot;:&quot;px&quot;,&quot;size&quot;:-45,&quot;sizes&quot;:[]},&quot;_transform_rotateZ_effect_tablet&quot;:{&quot;unit&quot;:&quot;deg&quot;,&quot;size&quot;:&quot;&quot;,&quot;sizes&quot;:[]},&quot;_transform_rotateZ_effect_mobile&quot;:{&quot;unit&quot;:&quot;deg&quot;,&quot;size&quot;:&quot;&quot;,&quot;sizes&quot;:[]}}\" data-widget_type=\"icon.default\">\n\t\t\t\t<div class=\"elementor-widget-container\">\n\t\t\t\t\t\t\t<div class=\"elementor-icon-wrapper\">\n\t\t\t<div class=\"elementor-icon\">\n\t\t\t<i aria-hidden=\"true\" class=\" icomoon-the7-font-the7-arrow-31\"><\/i>\t\t\t<\/div>\n\t\t<\/div>\n\t\t\t\t\t\t<\/div>\n\t\t\t\t<\/div>\n\t\t\t\t\t<\/div>\n\t\t<\/div>\n\t\t\t\t<div class=\"elementor-column elementor-col-50 elementor-top-column elementor-element elementor-element-77cd1e5\" data-id=\"77cd1e5\" data-element_type=\"column\" data-e-type=\"column\">\n\t\t\t<div class=\"elementor-widget-wrap elementor-element-populated\">\n\t\t\t\t\t\t<div class=\"elementor-element elementor-element-c6859fd elementor-widget elementor-widget-image\" data-id=\"c6859fd\" data-element_type=\"widget\" data-e-type=\"widget\" data-widget_type=\"image.default\">\n\t\t\t\t<div class=\"elementor-widget-container\">\n\t\t\t\t\t\t\t\t\t\t\t\t\t\t\t<img fetchpriority=\"high\" decoding=\"async\" width=\"440\" height=\"286\" src=\"https:\/\/lattonedil.com\/wp-content\/uploads\/2022\/07\/fma-diamond-white.webp\" class=\"attachment-large size-large wp-image-64221\" alt=\"\" srcset=\"https:\/\/lattonedil.com\/wp-content\/uploads\/2022\/07\/fma-diamond-white.webp 440w, https:\/\/lattonedil.com\/wp-content\/uploads\/2022\/07\/fma-diamond-white-300x195.webp 300w\" sizes=\"(max-width: 440px) 100vw, 440px\" \/>\t\t\t\t\t\t\t\t\t\t\t\t\t\t\t<\/div>\n\t\t\t\t<\/div>\n\t\t\t\t\t<\/div>\n\t\t<\/div>\n\t\t\t\t\t<\/div>\n\t\t<\/section>\n\t\t\t\t<section class=\"elementor-section elementor-top-section elementor-element elementor-element-cf951ad elementor-section-full_width elementor-section-height-default elementor-section-height-default\" data-id=\"cf951ad\" data-element_type=\"section\" data-e-type=\"section\">\n\t\t\t\t\t\t<div class=\"elementor-container elementor-column-gap-default\">\n\t\t\t\t\t<div class=\"elementor-column elementor-col-50 elementor-top-column elementor-element elementor-element-f7f1a92\" data-id=\"f7f1a92\" data-element_type=\"column\" data-e-type=\"column\">\n\t\t\t<div class=\"elementor-widget-wrap elementor-element-populated\">\n\t\t\t\t\t\t<div class=\"elementor-element elementor-element-2ea5db3 animated-slow elementor-invisible elementor-widget elementor-widget-heading\" data-id=\"2ea5db3\" data-element_type=\"widget\" data-e-type=\"widget\" data-settings=\"{&quot;_animation&quot;:&quot;fadeInUp&quot;}\" data-widget_type=\"heading.default\">\n\t\t\t\t<div class=\"elementor-widget-container\">\n\t\t\t\t\t<h2 class=\"elementor-heading-title elementor-size-default\">Quality<\/h2>\t\t\t\t<\/div>\n\t\t\t\t<\/div>\n\t\t\t\t<div class=\"elementor-element elementor-element-947d2bf animated-slow elementor-invisible elementor-widget elementor-widget-heading\" data-id=\"947d2bf\" data-element_type=\"widget\" data-e-type=\"widget\" data-settings=\"{&quot;_animation&quot;:&quot;fadeInLeft&quot;}\" data-widget_type=\"heading.default\">\n\t\t\t\t<div class=\"elementor-widget-container\">\n\t\t\t\t\t<h2 class=\"elementor-heading-title elementor-size-default\">Technical integrity<\/h2>\t\t\t\t<\/div>\n\t\t\t\t<\/div>\n\t\t\t\t<div class=\"elementor-element elementor-element-892c046 animated-slow elementor-invisible elementor-widget elementor-widget-heading\" data-id=\"892c046\" data-element_type=\"widget\" data-e-type=\"widget\" data-settings=\"{&quot;_animation&quot;:&quot;fadeInLeft&quot;}\" data-widget_type=\"heading.default\">\n\t\t\t\t<div class=\"elementor-widget-container\">\n\t\t\t\t\t<h2 class=\"elementor-heading-title elementor-size-default\">Performance<\/h2>\t\t\t\t<\/div>\n\t\t\t\t<\/div>\n\t\t\t\t\t<\/div>\n\t\t<\/div>\n\t\t\t\t<div class=\"elementor-column elementor-col-50 elementor-top-column elementor-element elementor-element-e87cb60\" data-id=\"e87cb60\" data-element_type=\"column\" data-e-type=\"column\">\n\t\t\t<div class=\"elementor-widget-wrap elementor-element-populated\">\n\t\t\t\t\t\t<div class=\"elementor-element elementor-element-8cc1c75 elementor-widget elementor-widget-text-editor\" data-id=\"8cc1c75\" data-element_type=\"widget\" data-e-type=\"widget\" data-widget_type=\"text-editor.default\">\n\t\t\t\t<div class=\"elementor-widget-container\">\n\t\t\t\t\t\t\t\t\t<p>Die Erlangung der <strong>FM-Approved<\/strong> ist f\u00fcr Lattonedil der H\u00f6hepunkt einer sehr komplexen und durchdachten T\u00e4tigkeit. Mit der FM-Zulassung werden alle Besonderheiten im Zusammenhang mit der Verwendung des Paneels ber\u00fccksichtigt: Brandverhalten und Naturkatastrophen wie Wind, Hagel, UV-Strahlen, abgelehnt f\u00fcr alle vorgesehenen Verwendungen: Wand, Decke, Dach.<\/p><p>Gro\u00dfer Erfolg f\u00fcr Lattonedil, da es dank der erzielten hervorragenden Ergebnisse keine H\u00f6henbeschr\u00e4nkungen gibt. Die Tests wurden gem\u00e4\u00df den FM-Verfahren in den FM Global-Laboren in den USA durchgef\u00fchrt. Eine sehr wichtige Test- und Zertifizierungst\u00e4tigkeit, die nicht jedermanns Sache ist: Die FM-Zulassung ist der greifbare Beweis f\u00fcr die Exzellenz von Lattonedil in der Welt.<\/p>\t\t\t\t\t\t\t\t<\/div>\n\t\t\t\t<\/div>\n\t\t\t\t\t<\/div>\n\t\t<\/div>\n\t\t\t\t\t<\/div>\n\t\t<\/section>\n\t\t\t\t<section class=\"elementor-section elementor-top-section elementor-element elementor-element-e61b672 elementor-section-full_width elementor-section-height-default elementor-section-height-default\" data-id=\"e61b672\" data-element_type=\"section\" data-e-type=\"section\">\n\t\t\t\t\t\t<div class=\"elementor-container elementor-column-gap-default\">\n\t\t\t\t\t<div class=\"elementor-column elementor-col-50 elementor-top-column elementor-element elementor-element-db9d797\" data-id=\"db9d797\" data-element_type=\"column\" data-e-type=\"column\">\n\t\t\t<div class=\"elementor-widget-wrap elementor-element-populated\">\n\t\t\t\t\t\t<div class=\"elementor-element elementor-element-d77ffbd elementor-widget elementor-widget-image\" data-id=\"d77ffbd\" data-element_type=\"widget\" data-e-type=\"widget\" data-widget_type=\"image.default\">\n\t\t\t\t<div class=\"elementor-widget-container\">\n\t\t\t\t\t\t\t\t\t\t\t\t\t\t\t<img decoding=\"async\" width=\"1024\" height=\"791\" src=\"https:\/\/lattonedil.com\/wp-content\/uploads\/2022\/09\/Certificate-of-Compliance-PARETE-1024x791.png\" class=\"attachment-large size-large wp-image-64842\" alt=\"\" srcset=\"https:\/\/lattonedil.com\/wp-content\/uploads\/2022\/09\/Certificate-of-Compliance-PARETE-1024x791.png 1024w, https:\/\/lattonedil.com\/wp-content\/uploads\/2022\/09\/Certificate-of-Compliance-PARETE-300x232.png 300w, https:\/\/lattonedil.com\/wp-content\/uploads\/2022\/09\/Certificate-of-Compliance-PARETE-768x593.png 768w, https:\/\/lattonedil.com\/wp-content\/uploads\/2022\/09\/Certificate-of-Compliance-PARETE-1536x1187.png 1536w, https:\/\/lattonedil.com\/wp-content\/uploads\/2022\/09\/Certificate-of-Compliance-PARETE-2048x1583.png 2048w, https:\/\/lattonedil.com\/wp-content\/uploads\/2022\/09\/Certificate-of-Compliance-PARETE-1200x927.png 1200w\" sizes=\"(max-width: 1024px) 100vw, 1024px\" \/>\t\t\t\t\t\t\t\t\t\t\t\t\t\t\t<\/div>\n\t\t\t\t<\/div>\n\t\t\t\t\t<\/div>\n\t\t<\/div>\n\t\t\t\t<div class=\"elementor-column elementor-col-50 elementor-top-column elementor-element elementor-element-e1e1a05\" data-id=\"e1e1a05\" data-element_type=\"column\" data-e-type=\"column\">\n\t\t\t<div class=\"elementor-widget-wrap elementor-element-populated\">\n\t\t\t\t\t\t<div class=\"elementor-element elementor-element-4673943 elementor-widget elementor-widget-image\" data-id=\"4673943\" data-element_type=\"widget\" data-e-type=\"widget\" data-widget_type=\"image.default\">\n\t\t\t\t<div class=\"elementor-widget-container\">\n\t\t\t\t\t\t\t\t\t\t\t\t\t\t\t<img decoding=\"async\" width=\"1024\" height=\"791\" src=\"https:\/\/lattonedil.com\/wp-content\/uploads\/2022\/09\/Certificate-of-Compliance-COPERTURA-1024x791.png\" class=\"attachment-large size-large wp-image-64839\" alt=\"\" srcset=\"https:\/\/lattonedil.com\/wp-content\/uploads\/2022\/09\/Certificate-of-Compliance-COPERTURA-1024x791.png 1024w, https:\/\/lattonedil.com\/wp-content\/uploads\/2022\/09\/Certificate-of-Compliance-COPERTURA-300x232.png 300w, https:\/\/lattonedil.com\/wp-content\/uploads\/2022\/09\/Certificate-of-Compliance-COPERTURA-768x593.png 768w, https:\/\/lattonedil.com\/wp-content\/uploads\/2022\/09\/Certificate-of-Compliance-COPERTURA-1536x1187.png 1536w, https:\/\/lattonedil.com\/wp-content\/uploads\/2022\/09\/Certificate-of-Compliance-COPERTURA-2048x1583.png 2048w, https:\/\/lattonedil.com\/wp-content\/uploads\/2022\/09\/Certificate-of-Compliance-COPERTURA-1200x927.png 1200w\" sizes=\"(max-width: 1024px) 100vw, 1024px\" \/>\t\t\t\t\t\t\t\t\t\t\t\t\t\t\t<\/div>\n\t\t\t\t<\/div>\n\t\t\t\t\t<\/div>\n\t\t<\/div>\n\t\t\t\t\t<\/div>\n\t\t<\/section>\n\t\t\t\t<section class=\"elementor-section elementor-top-section elementor-element elementor-element-ca863ae elementor-section-full_width elementor-section-height-default elementor-section-height-default\" data-id=\"ca863ae\" data-element_type=\"section\" data-e-type=\"section\">\n\t\t\t\t\t\t<div class=\"elementor-container elementor-column-gap-default\">\n\t\t\t\t\t<div class=\"elementor-column elementor-col-100 elementor-top-column elementor-element elementor-element-16de393\" data-id=\"16de393\" data-element_type=\"column\" data-e-type=\"column\" data-settings=\"{&quot;background_background&quot;:&quot;classic&quot;}\">\n\t\t\t<div class=\"elementor-widget-wrap elementor-element-populated\">\n\t\t\t\t\t\t<div class=\"elementor-element elementor-element-b538c26 elementor-widget elementor-widget-text-editor\" data-id=\"b538c26\" data-element_type=\"widget\" data-e-type=\"widget\" data-widget_type=\"text-editor.default\">\n\t\t\t\t<div class=\"elementor-widget-container\">\n\t\t\t\t\t\t\t\t\t<p>Lattonedil erh\u00e4lt die FM-Zertifizierung f\u00fcr sechs Produkte:<\/p><p>ISOPARFIRE.L<br \/>ISOPARFIRE ELEGANT.L<br \/>ISOPARFIRE EI PLUS.L<br \/>ISOPAR HP.L<br \/>ISOPAR ELEGANT HP.L<br \/>EUROFIRE.L<br \/>EUROCINQUE HP.L<\/p>\t\t\t\t\t\t\t\t<\/div>\n\t\t\t\t<\/div>\n\t\t\t\t<div class=\"elementor-element elementor-element-75b6df5 animated-slow elementor-invisible elementor-widget elementor-widget-heading\" data-id=\"75b6df5\" data-element_type=\"widget\" data-e-type=\"widget\" data-settings=\"{&quot;_animation&quot;:&quot;fadeInUp&quot;}\" data-widget_type=\"heading.default\">\n\t\t\t\t<div class=\"elementor-widget-container\">\n\t\t\t\t\t<h2 class=\"elementor-heading-title elementor-size-default\">Die erhaltene Zertifizierung schafft Vertrauen und best\u00e4tigt den hervorragenden Lattonedil-Standard<\/h2>\t\t\t\t<\/div>\n\t\t\t\t<\/div>\n\t\t\t\t\t<\/div>\n\t\t<\/div>\n\t\t\t\t\t<\/div>\n\t\t<\/section>\n\t\t\t\t<\/div>\n\t\t","protected":false},"excerpt":{"rendered":"<p>Lattonedil ist FM approved Quality Technical integrity Performance Die Erlangung der FM-Approved ist f\u00fcr Lattonedil der H\u00f6hepunkt einer sehr komplexen und durchdachten T\u00e4tigkeit. Mit der FM-Zulassung werden alle Besonderheiten im Zusammenhang mit der Verwendung des Paneels ber\u00fccksichtigt: Brandverhalten und Naturkatastrophen wie Wind, Hagel, UV-Strahlen, abgelehnt f\u00fcr alle vorgesehenen Verwendungen: Wand, Decke, Dach. Gro\u00dfer Erfolg f\u00fcr&hellip;<\/p>\n","protected":false},"author":1,"featured_media":0,"parent":0,"menu_order":0,"comment_status":"closed","ping_status":"closed","template":"elementor_header_footer","meta":{"_acf_changed":false,"footnotes":""},"class_list":["post-79220","page","type-page","status-publish","hentry"],"acf":[],"yoast_head":"<!-- This site is optimized with the Yoast SEO plugin v27.1.1 - https:\/\/yoast.com\/product\/yoast-seo-wordpress\/ -->\n<title>FM Approved-Zertifizierung - Lattonedil<\/title>\n<meta name=\"robots\" content=\"index, follow, max-snippet:-1, max-image-preview:large, max-video-preview:-1\" \/>\n<link rel=\"canonical\" href=\"https:\/\/lattonedil.com\/de\/fm-approved-zertifizierung\/\" \/>\n<meta property=\"og:locale\" content=\"de_DE\" \/>\n<meta property=\"og:type\" content=\"article\" \/>\n<meta property=\"og:title\" content=\"FM Approved-Zertifizierung - Lattonedil\" \/>\n<meta property=\"og:description\" content=\"Lattonedil ist FM approved Quality Technical integrity Performance Die Erlangung der FM-Approved ist f\u00fcr Lattonedil der H\u00f6hepunkt einer sehr komplexen und durchdachten T\u00e4tigkeit. Mit der FM-Zulassung werden alle Besonderheiten im Zusammenhang mit der Verwendung des Paneels ber\u00fccksichtigt: Brandverhalten und Naturkatastrophen wie Wind, Hagel, UV-Strahlen, abgelehnt f\u00fcr alle vorgesehenen Verwendungen: Wand, Decke, Dach. Gro\u00dfer Erfolg f\u00fcr&hellip;\" \/>\n<meta property=\"og:url\" content=\"https:\/\/lattonedil.com\/de\/fm-approved-zertifizierung\/\" \/>\n<meta property=\"og:site_name\" content=\"Lattonedil\" \/>\n<meta property=\"article:modified_time\" content=\"2024-12-09T10:37:10+00:00\" \/>\n<meta property=\"og:image\" content=\"https:\/\/lattonedil.com\/wp-content\/uploads\/2022\/07\/fma-diamond-white.webp\" \/>\n<meta name=\"twitter:card\" content=\"summary_large_image\" \/>\n<meta name=\"twitter:label1\" content=\"Gesch\u00e4tzte Lesezeit\" \/>\n\t<meta name=\"twitter:data1\" content=\"2\u00a0Minuten\" \/>\n<script type=\"application\/ld+json\" class=\"yoast-schema-graph\">{\"@context\":\"https:\/\/schema.org\",\"@graph\":[{\"@type\":\"WebPage\",\"@id\":\"https:\/\/lattonedil.com\/de\/fm-approved-zertifizierung\/\",\"url\":\"https:\/\/lattonedil.com\/de\/fm-approved-zertifizierung\/\",\"name\":\"FM Approved-Zertifizierung - Lattonedil\",\"isPartOf\":{\"@id\":\"https:\/\/lattonedil.com\/#website\"},\"primaryImageOfPage\":{\"@id\":\"https:\/\/lattonedil.com\/de\/fm-approved-zertifizierung\/#primaryimage\"},\"image\":{\"@id\":\"https:\/\/lattonedil.com\/de\/fm-approved-zertifizierung\/#primaryimage\"},\"thumbnailUrl\":\"https:\/\/lattonedil.com\/wp-content\/uploads\/2022\/07\/fma-diamond-white.webp\",\"datePublished\":\"2022-07-28T20:29:40+00:00\",\"dateModified\":\"2024-12-09T10:37:10+00:00\",\"breadcrumb\":{\"@id\":\"https:\/\/lattonedil.com\/de\/fm-approved-zertifizierung\/#breadcrumb\"},\"inLanguage\":\"de\",\"potentialAction\":[{\"@type\":\"ReadAction\",\"target\":[\"https:\/\/lattonedil.com\/de\/fm-approved-zertifizierung\/\"]}]},{\"@type\":\"ImageObject\",\"inLanguage\":\"de\",\"@id\":\"https:\/\/lattonedil.com\/de\/fm-approved-zertifizierung\/#primaryimage\",\"url\":\"https:\/\/lattonedil.com\/wp-content\/uploads\/2022\/07\/fma-diamond-white.webp\",\"contentUrl\":\"https:\/\/lattonedil.com\/wp-content\/uploads\/2022\/07\/fma-diamond-white.webp\"},{\"@type\":\"BreadcrumbList\",\"@id\":\"https:\/\/lattonedil.com\/de\/fm-approved-zertifizierung\/#breadcrumb\",\"itemListElement\":[{\"@type\":\"ListItem\",\"position\":1,\"name\":\"Home\",\"item\":\"https:\/\/lattonedil.com\/de\/\"},{\"@type\":\"ListItem\",\"position\":2,\"name\":\"FM Approved-Zertifizierung\"}]},{\"@type\":\"WebSite\",\"@id\":\"https:\/\/lattonedil.com\/#website\",\"url\":\"https:\/\/lattonedil.com\/\",\"name\":\"Lattonedil\",\"description\":\"\",\"publisher\":{\"@id\":\"https:\/\/lattonedil.com\/#organization\"},\"potentialAction\":[{\"@type\":\"SearchAction\",\"target\":{\"@type\":\"EntryPoint\",\"urlTemplate\":\"https:\/\/lattonedil.com\/?s={search_term_string}\"},\"query-input\":{\"@type\":\"PropertyValueSpecification\",\"valueRequired\":true,\"valueName\":\"search_term_string\"}}],\"inLanguage\":\"de\"},{\"@type\":\"Organization\",\"@id\":\"https:\/\/lattonedil.com\/#organization\",\"name\":\"Lattonedil\",\"url\":\"https:\/\/lattonedil.com\/\",\"logo\":{\"@type\":\"ImageObject\",\"inLanguage\":\"de\",\"@id\":\"https:\/\/lattonedil.com\/#\/schema\/logo\/image\/\",\"url\":\"https:\/\/lattonedil.com\/wp-content\/uploads\/2021\/10\/50-anni-logo-2020-3.png\",\"contentUrl\":\"https:\/\/lattonedil.com\/wp-content\/uploads\/2021\/10\/50-anni-logo-2020-3.png\",\"width\":3192,\"height\":525,\"caption\":\"Lattonedil\"},\"image\":{\"@id\":\"https:\/\/lattonedil.com\/#\/schema\/logo\/image\/\"}}]}<\/script>\n<!-- \/ Yoast SEO plugin. -->","yoast_head_json":{"title":"FM Approved-Zertifizierung - Lattonedil","robots":{"index":"index","follow":"follow","max-snippet":"max-snippet:-1","max-image-preview":"max-image-preview:large","max-video-preview":"max-video-preview:-1"},"canonical":"https:\/\/lattonedil.com\/de\/fm-approved-zertifizierung\/","og_locale":"de_DE","og_type":"article","og_title":"FM Approved-Zertifizierung - Lattonedil","og_description":"Lattonedil ist FM approved Quality Technical integrity Performance Die Erlangung der FM-Approved ist f\u00fcr Lattonedil der H\u00f6hepunkt einer sehr komplexen und durchdachten T\u00e4tigkeit. Mit der FM-Zulassung werden alle Besonderheiten im Zusammenhang mit der Verwendung des Paneels ber\u00fccksichtigt: Brandverhalten und Naturkatastrophen wie Wind, Hagel, UV-Strahlen, abgelehnt f\u00fcr alle vorgesehenen Verwendungen: Wand, Decke, Dach. Gro\u00dfer Erfolg f\u00fcr&hellip;","og_url":"https:\/\/lattonedil.com\/de\/fm-approved-zertifizierung\/","og_site_name":"Lattonedil","article_modified_time":"2024-12-09T10:37:10+00:00","og_image":[{"url":"https:\/\/lattonedil.com\/wp-content\/uploads\/2022\/07\/fma-diamond-white.webp","type":"","width":"","height":""}],"twitter_card":"summary_large_image","twitter_misc":{"Gesch\u00e4tzte Lesezeit":"2\u00a0Minuten"},"schema":{"@context":"https:\/\/schema.org","@graph":[{"@type":"WebPage","@id":"https:\/\/lattonedil.com\/de\/fm-approved-zertifizierung\/","url":"https:\/\/lattonedil.com\/de\/fm-approved-zertifizierung\/","name":"FM Approved-Zertifizierung - Lattonedil","isPartOf":{"@id":"https:\/\/lattonedil.com\/#website"},"primaryImageOfPage":{"@id":"https:\/\/lattonedil.com\/de\/fm-approved-zertifizierung\/#primaryimage"},"image":{"@id":"https:\/\/lattonedil.com\/de\/fm-approved-zertifizierung\/#primaryimage"},"thumbnailUrl":"https:\/\/lattonedil.com\/wp-content\/uploads\/2022\/07\/fma-diamond-white.webp","datePublished":"2022-07-28T20:29:40+00:00","dateModified":"2024-12-09T10:37:10+00:00","breadcrumb":{"@id":"https:\/\/lattonedil.com\/de\/fm-approved-zertifizierung\/#breadcrumb"},"inLanguage":"de","potentialAction":[{"@type":"ReadAction","target":["https:\/\/lattonedil.com\/de\/fm-approved-zertifizierung\/"]}]},{"@type":"ImageObject","inLanguage":"de","@id":"https:\/\/lattonedil.com\/de\/fm-approved-zertifizierung\/#primaryimage","url":"https:\/\/lattonedil.com\/wp-content\/uploads\/2022\/07\/fma-diamond-white.webp","contentUrl":"https:\/\/lattonedil.com\/wp-content\/uploads\/2022\/07\/fma-diamond-white.webp"},{"@type":"BreadcrumbList","@id":"https:\/\/lattonedil.com\/de\/fm-approved-zertifizierung\/#breadcrumb","itemListElement":[{"@type":"ListItem","position":1,"name":"Home","item":"https:\/\/lattonedil.com\/de\/"},{"@type":"ListItem","position":2,"name":"FM Approved-Zertifizierung"}]},{"@type":"WebSite","@id":"https:\/\/lattonedil.com\/#website","url":"https:\/\/lattonedil.com\/","name":"Lattonedil","description":"","publisher":{"@id":"https:\/\/lattonedil.com\/#organization"},"potentialAction":[{"@type":"SearchAction","target":{"@type":"EntryPoint","urlTemplate":"https:\/\/lattonedil.com\/?s={search_term_string}"},"query-input":{"@type":"PropertyValueSpecification","valueRequired":true,"valueName":"search_term_string"}}],"inLanguage":"de"},{"@type":"Organization","@id":"https:\/\/lattonedil.com\/#organization","name":"Lattonedil","url":"https:\/\/lattonedil.com\/","logo":{"@type":"ImageObject","inLanguage":"de","@id":"https:\/\/lattonedil.com\/#\/schema\/logo\/image\/","url":"https:\/\/lattonedil.com\/wp-content\/uploads\/2021\/10\/50-anni-logo-2020-3.png","contentUrl":"https:\/\/lattonedil.com\/wp-content\/uploads\/2021\/10\/50-anni-logo-2020-3.png","width":3192,"height":525,"caption":"Lattonedil"},"image":{"@id":"https:\/\/lattonedil.com\/#\/schema\/logo\/image\/"}}]}},"_links":{"self":[{"href":"https:\/\/lattonedil.com\/de\/wp-json\/wp\/v2\/pages\/79220","targetHints":{"allow":["GET"]}}],"collection":[{"href":"https:\/\/lattonedil.com\/de\/wp-json\/wp\/v2\/pages"}],"about":[{"href":"https:\/\/lattonedil.com\/de\/wp-json\/wp\/v2\/types\/page"}],"author":[{"embeddable":true,"href":"https:\/\/lattonedil.com\/de\/wp-json\/wp\/v2\/users\/1"}],"replies":[{"embeddable":true,"href":"https:\/\/lattonedil.com\/de\/wp-json\/wp\/v2\/comments?post=79220"}],"version-history":[{"count":5,"href":"https:\/\/lattonedil.com\/de\/wp-json\/wp\/v2\/pages\/79220\/revisions"}],"predecessor-version":[{"id":79238,"href":"https:\/\/lattonedil.com\/de\/wp-json\/wp\/v2\/pages\/79220\/revisions\/79238"}],"wp:attachment":[{"href":"https:\/\/lattonedil.com\/de\/wp-json\/wp\/v2\/media?parent=79220"}],"curies":[{"name":"wp","href":"https:\/\/api.w.org\/{rel}","templated":true}]}}