{"id":78298,"date":"2024-09-26T15:44:17","date_gmt":"2024-09-26T13:44:17","guid":{"rendered":"https:\/\/lattonedil.com\/?post_type=product&#038;p=78298"},"modified":"2026-04-29T14:30:45","modified_gmt":"2026-04-29T12:30:45","slug":"wind-frigo","status":"publish","type":"product","link":"https:\/\/lattonedil.com\/bs\/prodotto\/wind-frigo\/","title":{"rendered":"Wind-Frigo"},"content":{"rendered":"<p><img fetchpriority=\"high\" decoding=\"async\" class=\"alignnone wp-image-78266\" src=\"https:\/\/lattonedil.com\/wp-content\/uploads\/2024\/09\/wet-bosnia-1024x295.png\" alt=\"\" width=\"900\" height=\"259\" srcset=\"https:\/\/lattonedil.com\/wp-content\/uploads\/2024\/09\/wet-bosnia-1024x295.png 1024w, https:\/\/lattonedil.com\/wp-content\/uploads\/2024\/09\/wet-bosnia-300x86.png 300w, https:\/\/lattonedil.com\/wp-content\/uploads\/2024\/09\/wet-bosnia-768x221.png 768w, https:\/\/lattonedil.com\/wp-content\/uploads\/2024\/09\/wet-bosnia-1200x345.png 1200w, https:\/\/lattonedil.com\/wp-content\/uploads\/2024\/09\/wet-bosnia-350x100.png 350w, https:\/\/lattonedil.com\/wp-content\/uploads\/2024\/09\/wet-bosnia.png 1387w\" sizes=\"(max-width: 900px) 100vw, 900px\" \/><\/p>\n","protected":false},"excerpt":{"rendered":"<p>WIND-FRIGO je izolacioni metalni panel za zidove, dizajniran za spoljne i unutra\u0161nje industrijske vertikalne obloge i unutra\u0161nje spu\u0161tene plafone. Jednostavan za postavljanje i izuzetno funkcionalan, zadovoljava vi\u0161estruke potrebe stambenog i industrijskog sektora. Spoj panela, blago konusnog oblika, je dizajniran da omoguc\u0301i savr\u0161eno zatvaranje spoja tokom ugradnje i obezbijedi kontinuitet izolacije. Pored toga, specijalni dihtung postavljen u spoju obezbje\u0111uje dalju garanciju otpornosti na hladnoc\u0301u.<\/p>\n<p>&nbsp;<\/p>\n<p><strong>Korisna \u0161irina:<\/strong> 1000 mm (1155\/1185 na zahtjev)<br \/>\n<strong>Maksimalna du\u017eina:<\/strong> 15000 mm<br \/>\n<strong>Dostupne debljine panela:<\/strong> 80-100-120 mm.<br \/>\n<strong>Sertifikati:<\/strong><\/p>\n<p>CE EN 14509<br \/>\nEPD UNI ISO 14025<br \/>\nLEED<br \/>\nPIR B-s2,d0 \/ PIR B-s1,d0<br \/>\nPIR CLASSE 0-2 AS\/NZS 1530.3-1999<br \/>\nPIR GROUP NUMBER 2 ISO 9702<br \/>\nPIR VKF 5.3<br \/>\nPIR Zulassung Nr.Z-10.49-589<\/p>\n","protected":false},"featured_media":78310,"template":"","meta":{"_acf_changed":false},"product_brand":[],"product_cat":[508],"product_tag":[],"class_list":{"0":"post-78298","1":"product","2":"type-product","3":"status-publish","4":"has-post-thumbnail","6":"product_cat-frigo","7":"description-off","9":"first","10":"instock","11":"shipping-taxable","12":"product-type-simple"},"acf":[],"yoast_head":"<!-- This site is optimized with the Yoast SEO plugin v27.1.1 - https:\/\/yoast.com\/product\/yoast-seo-wordpress\/ -->\n<title>Wind-Frigo - Lattonedil<\/title>\n<meta name=\"robots\" content=\"index, follow, max-snippet:-1, max-image-preview:large, max-video-preview:-1\" \/>\n<link rel=\"canonical\" href=\"https:\/\/lattonedil.com\/bs\/prodotto\/wind-frigo\/\" \/>\n<meta property=\"og:locale\" content=\"bs_BA\" \/>\n<meta property=\"og:type\" content=\"article\" \/>\n<meta property=\"og:title\" content=\"Wind-Frigo - Lattonedil\" \/>\n<meta property=\"og:description\" content=\"WIND-FRIGO je izolacioni metalni panel za zidove, dizajniran za spoljne i unutra\u0161nje industrijske vertikalne obloge i unutra\u0161nje spu\u0161tene plafone. Jednostavan za postavljanje i izuzetno funkcionalan, zadovoljava vi\u0161estruke potrebe stambenog i industrijskog sektora. Spoj panela, blago konusnog oblika, je dizajniran da omoguc\u0301i savr\u0161eno zatvaranje spoja tokom ugradnje i obezbijedi kontinuitet izolacije. Pored toga, specijalni dihtung postavljen u spoju obezbje\u0111uje dalju garanciju otpornosti na hladnoc\u0301u.  &nbsp;  Korisna \u0161irina: 1000 mm (1155\/1185 na zahtjev) Maksimalna du\u017eina: 15000 mm Dostupne debljine panela: 80-100-120 mm. Sertifikati:  CE EN 14509 EPD UNI ISO 14025 LEED PIR B-s2,d0 \/ PIR B-s1,d0 PIR CLASSE 0-2 AS\/NZS 1530.3-1999 PIR GROUP NUMBER 2 ISO 9702 PIR VKF 5.3 PIR Zulassung Nr.Z-10.49-589\" \/>\n<meta property=\"og:url\" content=\"https:\/\/lattonedil.com\/bs\/prodotto\/wind-frigo\/\" \/>\n<meta property=\"og:site_name\" content=\"Lattonedil\" \/>\n<meta property=\"article:modified_time\" content=\"2026-04-29T12:30:45+00:00\" \/>\n<meta property=\"og:image\" content=\"https:\/\/lattonedil.com\/wp-content\/uploads\/2024\/09\/wind-frigo-bosnia-prima.png\" \/>\n\t<meta property=\"og:image:width\" content=\"1000\" \/>\n\t<meta property=\"og:image:height\" content=\"600\" \/>\n\t<meta property=\"og:image:type\" content=\"image\/png\" \/>\n<meta name=\"twitter:card\" content=\"summary_large_image\" \/>\n<meta name=\"twitter:label1\" content=\"Est. reading time\" \/>\n\t<meta name=\"twitter:data1\" content=\"1 minuta\" \/>\n<script type=\"application\/ld+json\" class=\"yoast-schema-graph\">{\"@context\":\"https:\/\/schema.org\",\"@graph\":[{\"@type\":\"WebPage\",\"@id\":\"https:\/\/lattonedil.com\/bs\/prodotto\/wind-frigo\/\",\"url\":\"https:\/\/lattonedil.com\/bs\/prodotto\/wind-frigo\/\",\"name\":\"Wind-Frigo - Lattonedil\",\"isPartOf\":{\"@id\":\"https:\/\/lattonedil.com\/#website\"},\"primaryImageOfPage\":{\"@id\":\"https:\/\/lattonedil.com\/bs\/prodotto\/wind-frigo\/#primaryimage\"},\"image\":{\"@id\":\"https:\/\/lattonedil.com\/bs\/prodotto\/wind-frigo\/#primaryimage\"},\"thumbnailUrl\":\"https:\/\/lattonedil.com\/wp-content\/uploads\/2024\/09\/wind-frigo-bosnia-prima.png\",\"datePublished\":\"2024-09-26T13:44:17+00:00\",\"dateModified\":\"2026-04-29T12:30:45+00:00\",\"breadcrumb\":{\"@id\":\"https:\/\/lattonedil.com\/bs\/prodotto\/wind-frigo\/#breadcrumb\"},\"inLanguage\":\"bs-BA\",\"potentialAction\":[{\"@type\":\"ReadAction\",\"target\":[\"https:\/\/lattonedil.com\/bs\/prodotto\/wind-frigo\/\"]}]},{\"@type\":\"ImageObject\",\"inLanguage\":\"bs-BA\",\"@id\":\"https:\/\/lattonedil.com\/bs\/prodotto\/wind-frigo\/#primaryimage\",\"url\":\"https:\/\/lattonedil.com\/wp-content\/uploads\/2024\/09\/wind-frigo-bosnia-prima.png\",\"contentUrl\":\"https:\/\/lattonedil.com\/wp-content\/uploads\/2024\/09\/wind-frigo-bosnia-prima.png\",\"width\":1000,\"height\":600},{\"@type\":\"BreadcrumbList\",\"@id\":\"https:\/\/lattonedil.com\/bs\/prodotto\/wind-frigo\/#breadcrumb\",\"itemListElement\":[{\"@type\":\"ListItem\",\"position\":1,\"name\":\"Home\",\"item\":\"https:\/\/lattonedil.com\/de\/\"},{\"@type\":\"ListItem\",\"position\":2,\"name\":\"Proizvodi\",\"item\":\"https:\/\/lattonedil.com\/bs\/scopri-i-prodotti\/\"},{\"@type\":\"ListItem\",\"position\":3,\"name\":\"Wind-Frigo\"}]},{\"@type\":\"WebSite\",\"@id\":\"https:\/\/lattonedil.com\/#website\",\"url\":\"https:\/\/lattonedil.com\/\",\"name\":\"Lattonedil\",\"description\":\"\",\"publisher\":{\"@id\":\"https:\/\/lattonedil.com\/#organization\"},\"potentialAction\":[{\"@type\":\"SearchAction\",\"target\":{\"@type\":\"EntryPoint\",\"urlTemplate\":\"https:\/\/lattonedil.com\/?s={search_term_string}\"},\"query-input\":{\"@type\":\"PropertyValueSpecification\",\"valueRequired\":true,\"valueName\":\"search_term_string\"}}],\"inLanguage\":\"bs-BA\"},{\"@type\":\"Organization\",\"@id\":\"https:\/\/lattonedil.com\/#organization\",\"name\":\"Lattonedil\",\"url\":\"https:\/\/lattonedil.com\/\",\"logo\":{\"@type\":\"ImageObject\",\"inLanguage\":\"bs-BA\",\"@id\":\"https:\/\/lattonedil.com\/#\/schema\/logo\/image\/\",\"url\":\"https:\/\/lattonedil.com\/wp-content\/uploads\/2021\/10\/50-anni-logo-2020-3.png\",\"contentUrl\":\"https:\/\/lattonedil.com\/wp-content\/uploads\/2021\/10\/50-anni-logo-2020-3.png\",\"width\":3192,\"height\":525,\"caption\":\"Lattonedil\"},\"image\":{\"@id\":\"https:\/\/lattonedil.com\/#\/schema\/logo\/image\/\"}}]}<\/script>\n<!-- \/ Yoast SEO plugin. -->","yoast_head_json":{"title":"Wind-Frigo - Lattonedil","robots":{"index":"index","follow":"follow","max-snippet":"max-snippet:-1","max-image-preview":"max-image-preview:large","max-video-preview":"max-video-preview:-1"},"canonical":"https:\/\/lattonedil.com\/bs\/prodotto\/wind-frigo\/","og_locale":"bs_BA","og_type":"article","og_title":"Wind-Frigo - Lattonedil","og_description":"WIND-FRIGO je izolacioni metalni panel za zidove, dizajniran za spoljne i unutra\u0161nje industrijske vertikalne obloge i unutra\u0161nje spu\u0161tene plafone. Jednostavan za postavljanje i izuzetno funkcionalan, zadovoljava vi\u0161estruke potrebe stambenog i industrijskog sektora. Spoj panela, blago konusnog oblika, je dizajniran da omoguc\u0301i savr\u0161eno zatvaranje spoja tokom ugradnje i obezbijedi kontinuitet izolacije. Pored toga, specijalni dihtung postavljen u spoju obezbje\u0111uje dalju garanciju otpornosti na hladnoc\u0301u.  &nbsp;  Korisna \u0161irina: 1000 mm (1155\/1185 na zahtjev) Maksimalna du\u017eina: 15000 mm Dostupne debljine panela: 80-100-120 mm. Sertifikati:  CE EN 14509 EPD UNI ISO 14025 LEED PIR B-s2,d0 \/ PIR B-s1,d0 PIR CLASSE 0-2 AS\/NZS 1530.3-1999 PIR GROUP NUMBER 2 ISO 9702 PIR VKF 5.3 PIR Zulassung Nr.Z-10.49-589","og_url":"https:\/\/lattonedil.com\/bs\/prodotto\/wind-frigo\/","og_site_name":"Lattonedil","article_modified_time":"2026-04-29T12:30:45+00:00","og_image":[{"width":1000,"height":600,"url":"https:\/\/lattonedil.com\/wp-content\/uploads\/2024\/09\/wind-frigo-bosnia-prima.png","type":"image\/png"}],"twitter_card":"summary_large_image","twitter_misc":{"Est. reading time":"1 minuta"},"schema":{"@context":"https:\/\/schema.org","@graph":[{"@type":"WebPage","@id":"https:\/\/lattonedil.com\/bs\/prodotto\/wind-frigo\/","url":"https:\/\/lattonedil.com\/bs\/prodotto\/wind-frigo\/","name":"Wind-Frigo - Lattonedil","isPartOf":{"@id":"https:\/\/lattonedil.com\/#website"},"primaryImageOfPage":{"@id":"https:\/\/lattonedil.com\/bs\/prodotto\/wind-frigo\/#primaryimage"},"image":{"@id":"https:\/\/lattonedil.com\/bs\/prodotto\/wind-frigo\/#primaryimage"},"thumbnailUrl":"https:\/\/lattonedil.com\/wp-content\/uploads\/2024\/09\/wind-frigo-bosnia-prima.png","datePublished":"2024-09-26T13:44:17+00:00","dateModified":"2026-04-29T12:30:45+00:00","breadcrumb":{"@id":"https:\/\/lattonedil.com\/bs\/prodotto\/wind-frigo\/#breadcrumb"},"inLanguage":"bs-BA","potentialAction":[{"@type":"ReadAction","target":["https:\/\/lattonedil.com\/bs\/prodotto\/wind-frigo\/"]}]},{"@type":"ImageObject","inLanguage":"bs-BA","@id":"https:\/\/lattonedil.com\/bs\/prodotto\/wind-frigo\/#primaryimage","url":"https:\/\/lattonedil.com\/wp-content\/uploads\/2024\/09\/wind-frigo-bosnia-prima.png","contentUrl":"https:\/\/lattonedil.com\/wp-content\/uploads\/2024\/09\/wind-frigo-bosnia-prima.png","width":1000,"height":600},{"@type":"BreadcrumbList","@id":"https:\/\/lattonedil.com\/bs\/prodotto\/wind-frigo\/#breadcrumb","itemListElement":[{"@type":"ListItem","position":1,"name":"Home","item":"https:\/\/lattonedil.com\/de\/"},{"@type":"ListItem","position":2,"name":"Proizvodi","item":"https:\/\/lattonedil.com\/bs\/scopri-i-prodotti\/"},{"@type":"ListItem","position":3,"name":"Wind-Frigo"}]},{"@type":"WebSite","@id":"https:\/\/lattonedil.com\/#website","url":"https:\/\/lattonedil.com\/","name":"Lattonedil","description":"","publisher":{"@id":"https:\/\/lattonedil.com\/#organization"},"potentialAction":[{"@type":"SearchAction","target":{"@type":"EntryPoint","urlTemplate":"https:\/\/lattonedil.com\/?s={search_term_string}"},"query-input":{"@type":"PropertyValueSpecification","valueRequired":true,"valueName":"search_term_string"}}],"inLanguage":"bs-BA"},{"@type":"Organization","@id":"https:\/\/lattonedil.com\/#organization","name":"Lattonedil","url":"https:\/\/lattonedil.com\/","logo":{"@type":"ImageObject","inLanguage":"bs-BA","@id":"https:\/\/lattonedil.com\/#\/schema\/logo\/image\/","url":"https:\/\/lattonedil.com\/wp-content\/uploads\/2021\/10\/50-anni-logo-2020-3.png","contentUrl":"https:\/\/lattonedil.com\/wp-content\/uploads\/2021\/10\/50-anni-logo-2020-3.png","width":3192,"height":525,"caption":"Lattonedil"},"image":{"@id":"https:\/\/lattonedil.com\/#\/schema\/logo\/image\/"}}]}},"_links":{"self":[{"href":"https:\/\/lattonedil.com\/bs\/wp-json\/wp\/v2\/product\/78298","targetHints":{"allow":["GET"]}}],"collection":[{"href":"https:\/\/lattonedil.com\/bs\/wp-json\/wp\/v2\/product"}],"about":[{"href":"https:\/\/lattonedil.com\/bs\/wp-json\/wp\/v2\/types\/product"}],"version-history":[{"count":2,"href":"https:\/\/lattonedil.com\/bs\/wp-json\/wp\/v2\/product\/78298\/revisions"}],"predecessor-version":[{"id":90797,"href":"https:\/\/lattonedil.com\/bs\/wp-json\/wp\/v2\/product\/78298\/revisions\/90797"}],"wp:featuredmedia":[{"embeddable":true,"href":"https:\/\/lattonedil.com\/bs\/wp-json\/wp\/v2\/media\/78310"}],"wp:attachment":[{"href":"https:\/\/lattonedil.com\/bs\/wp-json\/wp\/v2\/media?parent=78298"}],"wp:term":[{"taxonomy":"product_brand","embeddable":true,"href":"https:\/\/lattonedil.com\/bs\/wp-json\/wp\/v2\/product_brand?post=78298"},{"taxonomy":"product_cat","embeddable":true,"href":"https:\/\/lattonedil.com\/bs\/wp-json\/wp\/v2\/product_cat?post=78298"},{"taxonomy":"product_tag","embeddable":true,"href":"https:\/\/lattonedil.com\/bs\/wp-json\/wp\/v2\/product_tag?post=78298"}],"curies":[{"name":"wp","href":"https:\/\/api.w.org\/{rel}","templated":true}]}}