{"id":78203,"date":"2024-09-26T15:32:33","date_gmt":"2024-09-26T13:32:33","guid":{"rendered":"https:\/\/lattonedil.com\/?post_type=product&#038;p=78203"},"modified":"2026-04-29T14:20:54","modified_gmt":"2026-04-29T12:20:54","slug":"frost","status":"publish","type":"product","link":"https:\/\/lattonedil.com\/bs\/prodotto\/frost\/","title":{"rendered":"Frost"},"content":{"rendered":"\t\t<div data-elementor-type=\"product-post\" data-elementor-id=\"78203\" class=\"elementor elementor-78203\" data-elementor-post-type=\"product\">\n\t\t\t\t<div class=\"elementor-element elementor-element-d5d8038 e-flex e-con-boxed e-con e-parent\" data-id=\"d5d8038\" data-element_type=\"container\" data-e-type=\"container\">\n\t\t\t\t\t<div class=\"e-con-inner\">\n\t\t\t\t<div class=\"elementor-element elementor-element-38dad3d9 elementor-widget elementor-widget-text-editor\" data-id=\"38dad3d9\" data-element_type=\"widget\" data-e-type=\"widget\" data-widget_type=\"text-editor.default\">\n\t\t\t\t<div class=\"elementor-widget-container\">\n\t\t\t\t\t\t\t\t\t<p><img fetchpriority=\"high\" decoding=\"async\" class=\"wp-image-78209 aligncenter\" src=\"https:\/\/lattonedil.com\/wp-content\/uploads\/2024\/09\/frost-bosnia-1024x295.png\" alt=\"\" width=\"900\" height=\"259\" srcset=\"https:\/\/lattonedil.com\/wp-content\/uploads\/2024\/09\/frost-bosnia-1024x295.png 1024w, https:\/\/lattonedil.com\/wp-content\/uploads\/2024\/09\/frost-bosnia-300x86.png 300w, https:\/\/lattonedil.com\/wp-content\/uploads\/2024\/09\/frost-bosnia-768x221.png 768w, https:\/\/lattonedil.com\/wp-content\/uploads\/2024\/09\/frost-bosnia-1200x345.png 1200w, https:\/\/lattonedil.com\/wp-content\/uploads\/2024\/09\/frost-bosnia-350x100.png 350w, https:\/\/lattonedil.com\/wp-content\/uploads\/2024\/09\/frost-bosnia.png 1387w\" sizes=\"(max-width: 900px) 100vw, 900px\" \/><\/p>\t\t\t\t\t\t\t\t<\/div>\n\t\t\t\t<\/div>\n\t\t\t\t\t<\/div>\n\t\t\t\t<\/div>\n\t\t\t\t<\/div>\n\t\t","protected":false},"excerpt":{"rendered":"<p>FROST panel je idealno rje\u0161enje za izradu hladnja\u010da sa visokim performansima toplotne izolacije sa ograni\u010denim vremenom ugradnje, FROST je izolacioni metalni panel na bazi poliuretana namijenjen za izgradnju industrijskih rashladnih komora za niske i srednje temperature. Performanse toplotne izolacije koje je postigao panel rezultat su dugog i pa\u017eljivog dizajna ste\u010denog na\u0161im iskustvom u preko 50 godina dostignuc\u0301a u sektoru rashladnih ure\u0111aja.<\/p>\n<p>&nbsp;<\/p>\n<p><strong>Korisna \u0161irina:<\/strong> 1150 mm (965\/1092 na zahtjev)<br \/>\n<strong>Maksimalna du\u017eina:<\/strong> 15000 mm<br \/>\n<strong>Dostupne debljine panela:<\/strong> 50-60-80-100-120mm.<br \/>\n<strong>Sertifikati:<\/strong><\/p>\n<p>CE EN 14509<br \/>\nEPD UNI ISO 14025<br \/>\nLEED<br \/>\nPIR B-s1,d0 Avis technique 2\/15-1684<br \/>\nPIR B-s2,d0 \/ PIR B-s1,d0<br \/>\nPIR CLASSE 0-2 AS\/NZS 1530.3-1999<br \/>\nPIR EI30 \/ PIR EI45 \/ PIR EI60 \/ PIR EI90<br \/>\nPIR VKF 5.3<br \/>\nPIR Zulassung Nr.Z-10.49-589<\/p>\n","protected":false},"featured_media":78214,"template":"","meta":{"_acf_changed":false},"product_brand":[],"product_cat":[508],"product_tag":[],"class_list":{"0":"post-78203","1":"product","2":"type-product","3":"status-publish","4":"has-post-thumbnail","6":"product_cat-frigo","8":"first","9":"instock","10":"shipping-taxable","11":"product-type-simple"},"acf":[],"yoast_head":"<!-- This site is optimized with the Yoast SEO plugin v27.1.1 - https:\/\/yoast.com\/product\/yoast-seo-wordpress\/ -->\n<title>Frost - Lattonedil<\/title>\n<meta name=\"robots\" content=\"index, follow, max-snippet:-1, max-image-preview:large, max-video-preview:-1\" \/>\n<link rel=\"canonical\" href=\"https:\/\/lattonedil.com\/bs\/prodotto\/frost\/\" \/>\n<meta property=\"og:locale\" content=\"bs_BA\" \/>\n<meta property=\"og:type\" content=\"article\" \/>\n<meta property=\"og:title\" content=\"Frost - Lattonedil\" \/>\n<meta property=\"og:description\" content=\"FROST panel je idealno rje\u0161enje za izradu hladnja\u010da sa visokim performansima toplotne izolacije sa ograni\u010denim vremenom ugradnje, FROST je izolacioni metalni panel na bazi poliuretana namijenjen za izgradnju industrijskih rashladnih komora za niske i srednje temperature. Performanse toplotne izolacije koje je postigao panel rezultat su dugog i pa\u017eljivog dizajna ste\u010denog na\u0161im iskustvom u preko 50 godina dostignuc\u0301a u sektoru rashladnih ure\u0111aja.  &nbsp;  Korisna \u0161irina: 1150 mm (965\/1092 na zahtjev) Maksimalna du\u017eina: 15000 mm Dostupne debljine panela: 50-60-80-100-120mm. Sertifikati:  CE EN 14509 EPD UNI ISO 14025 LEED PIR B-s1,d0 Avis technique 2\/15-1684 PIR B-s2,d0 \/ PIR B-s1,d0 PIR CLASSE 0-2 AS\/NZS 1530.3-1999 PIR EI30 \/ PIR EI45 \/ PIR EI60 \/ PIR EI90 PIR VKF 5.3 PIR Zulassung Nr.Z-10.49-589\" \/>\n<meta property=\"og:url\" content=\"https:\/\/lattonedil.com\/bs\/prodotto\/frost\/\" \/>\n<meta property=\"og:site_name\" content=\"Lattonedil\" \/>\n<meta property=\"article:modified_time\" content=\"2026-04-29T12:20:54+00:00\" \/>\n<meta property=\"og:image\" content=\"https:\/\/lattonedil.com\/wp-content\/uploads\/2024\/09\/Frost-bosnia-prima.png\" \/>\n\t<meta property=\"og:image:width\" content=\"1000\" \/>\n\t<meta property=\"og:image:height\" content=\"600\" \/>\n\t<meta property=\"og:image:type\" content=\"image\/png\" \/>\n<meta name=\"twitter:card\" content=\"summary_large_image\" \/>\n<meta name=\"twitter:label1\" content=\"Est. reading time\" \/>\n\t<meta name=\"twitter:data1\" content=\"1 minuta\" \/>\n<script type=\"application\/ld+json\" class=\"yoast-schema-graph\">{\"@context\":\"https:\/\/schema.org\",\"@graph\":[{\"@type\":\"WebPage\",\"@id\":\"https:\/\/lattonedil.com\/bs\/prodotto\/frost\/\",\"url\":\"https:\/\/lattonedil.com\/bs\/prodotto\/frost\/\",\"name\":\"Frost - Lattonedil\",\"isPartOf\":{\"@id\":\"https:\/\/lattonedil.com\/#website\"},\"primaryImageOfPage\":{\"@id\":\"https:\/\/lattonedil.com\/bs\/prodotto\/frost\/#primaryimage\"},\"image\":{\"@id\":\"https:\/\/lattonedil.com\/bs\/prodotto\/frost\/#primaryimage\"},\"thumbnailUrl\":\"https:\/\/lattonedil.com\/wp-content\/uploads\/2024\/09\/Frost-bosnia-prima.png\",\"datePublished\":\"2024-09-26T13:32:33+00:00\",\"dateModified\":\"2026-04-29T12:20:54+00:00\",\"breadcrumb\":{\"@id\":\"https:\/\/lattonedil.com\/bs\/prodotto\/frost\/#breadcrumb\"},\"inLanguage\":\"bs-BA\",\"potentialAction\":[{\"@type\":\"ReadAction\",\"target\":[\"https:\/\/lattonedil.com\/bs\/prodotto\/frost\/\"]}]},{\"@type\":\"ImageObject\",\"inLanguage\":\"bs-BA\",\"@id\":\"https:\/\/lattonedil.com\/bs\/prodotto\/frost\/#primaryimage\",\"url\":\"https:\/\/lattonedil.com\/wp-content\/uploads\/2024\/09\/Frost-bosnia-prima.png\",\"contentUrl\":\"https:\/\/lattonedil.com\/wp-content\/uploads\/2024\/09\/Frost-bosnia-prima.png\",\"width\":1000,\"height\":600},{\"@type\":\"BreadcrumbList\",\"@id\":\"https:\/\/lattonedil.com\/bs\/prodotto\/frost\/#breadcrumb\",\"itemListElement\":[{\"@type\":\"ListItem\",\"position\":1,\"name\":\"Home\",\"item\":\"https:\/\/lattonedil.com\/de\/\"},{\"@type\":\"ListItem\",\"position\":2,\"name\":\"Proizvodi\",\"item\":\"https:\/\/lattonedil.com\/bs\/scopri-i-prodotti\/\"},{\"@type\":\"ListItem\",\"position\":3,\"name\":\"Frost\"}]},{\"@type\":\"WebSite\",\"@id\":\"https:\/\/lattonedil.com\/#website\",\"url\":\"https:\/\/lattonedil.com\/\",\"name\":\"Lattonedil\",\"description\":\"\",\"publisher\":{\"@id\":\"https:\/\/lattonedil.com\/#organization\"},\"potentialAction\":[{\"@type\":\"SearchAction\",\"target\":{\"@type\":\"EntryPoint\",\"urlTemplate\":\"https:\/\/lattonedil.com\/?s={search_term_string}\"},\"query-input\":{\"@type\":\"PropertyValueSpecification\",\"valueRequired\":true,\"valueName\":\"search_term_string\"}}],\"inLanguage\":\"bs-BA\"},{\"@type\":\"Organization\",\"@id\":\"https:\/\/lattonedil.com\/#organization\",\"name\":\"Lattonedil\",\"url\":\"https:\/\/lattonedil.com\/\",\"logo\":{\"@type\":\"ImageObject\",\"inLanguage\":\"bs-BA\",\"@id\":\"https:\/\/lattonedil.com\/#\/schema\/logo\/image\/\",\"url\":\"https:\/\/lattonedil.com\/wp-content\/uploads\/2021\/10\/50-anni-logo-2020-3.png\",\"contentUrl\":\"https:\/\/lattonedil.com\/wp-content\/uploads\/2021\/10\/50-anni-logo-2020-3.png\",\"width\":3192,\"height\":525,\"caption\":\"Lattonedil\"},\"image\":{\"@id\":\"https:\/\/lattonedil.com\/#\/schema\/logo\/image\/\"}}]}<\/script>\n<!-- \/ Yoast SEO plugin. -->","yoast_head_json":{"title":"Frost - Lattonedil","robots":{"index":"index","follow":"follow","max-snippet":"max-snippet:-1","max-image-preview":"max-image-preview:large","max-video-preview":"max-video-preview:-1"},"canonical":"https:\/\/lattonedil.com\/bs\/prodotto\/frost\/","og_locale":"bs_BA","og_type":"article","og_title":"Frost - Lattonedil","og_description":"FROST panel je idealno rje\u0161enje za izradu hladnja\u010da sa visokim performansima toplotne izolacije sa ograni\u010denim vremenom ugradnje, FROST je izolacioni metalni panel na bazi poliuretana namijenjen za izgradnju industrijskih rashladnih komora za niske i srednje temperature. Performanse toplotne izolacije koje je postigao panel rezultat su dugog i pa\u017eljivog dizajna ste\u010denog na\u0161im iskustvom u preko 50 godina dostignuc\u0301a u sektoru rashladnih ure\u0111aja.  &nbsp;  Korisna \u0161irina: 1150 mm (965\/1092 na zahtjev) Maksimalna du\u017eina: 15000 mm Dostupne debljine panela: 50-60-80-100-120mm. Sertifikati:  CE EN 14509 EPD UNI ISO 14025 LEED PIR B-s1,d0 Avis technique 2\/15-1684 PIR B-s2,d0 \/ PIR B-s1,d0 PIR CLASSE 0-2 AS\/NZS 1530.3-1999 PIR EI30 \/ PIR EI45 \/ PIR EI60 \/ PIR EI90 PIR VKF 5.3 PIR Zulassung Nr.Z-10.49-589","og_url":"https:\/\/lattonedil.com\/bs\/prodotto\/frost\/","og_site_name":"Lattonedil","article_modified_time":"2026-04-29T12:20:54+00:00","og_image":[{"width":1000,"height":600,"url":"https:\/\/lattonedil.com\/wp-content\/uploads\/2024\/09\/Frost-bosnia-prima.png","type":"image\/png"}],"twitter_card":"summary_large_image","twitter_misc":{"Est. reading time":"1 minuta"},"schema":{"@context":"https:\/\/schema.org","@graph":[{"@type":"WebPage","@id":"https:\/\/lattonedil.com\/bs\/prodotto\/frost\/","url":"https:\/\/lattonedil.com\/bs\/prodotto\/frost\/","name":"Frost - Lattonedil","isPartOf":{"@id":"https:\/\/lattonedil.com\/#website"},"primaryImageOfPage":{"@id":"https:\/\/lattonedil.com\/bs\/prodotto\/frost\/#primaryimage"},"image":{"@id":"https:\/\/lattonedil.com\/bs\/prodotto\/frost\/#primaryimage"},"thumbnailUrl":"https:\/\/lattonedil.com\/wp-content\/uploads\/2024\/09\/Frost-bosnia-prima.png","datePublished":"2024-09-26T13:32:33+00:00","dateModified":"2026-04-29T12:20:54+00:00","breadcrumb":{"@id":"https:\/\/lattonedil.com\/bs\/prodotto\/frost\/#breadcrumb"},"inLanguage":"bs-BA","potentialAction":[{"@type":"ReadAction","target":["https:\/\/lattonedil.com\/bs\/prodotto\/frost\/"]}]},{"@type":"ImageObject","inLanguage":"bs-BA","@id":"https:\/\/lattonedil.com\/bs\/prodotto\/frost\/#primaryimage","url":"https:\/\/lattonedil.com\/wp-content\/uploads\/2024\/09\/Frost-bosnia-prima.png","contentUrl":"https:\/\/lattonedil.com\/wp-content\/uploads\/2024\/09\/Frost-bosnia-prima.png","width":1000,"height":600},{"@type":"BreadcrumbList","@id":"https:\/\/lattonedil.com\/bs\/prodotto\/frost\/#breadcrumb","itemListElement":[{"@type":"ListItem","position":1,"name":"Home","item":"https:\/\/lattonedil.com\/de\/"},{"@type":"ListItem","position":2,"name":"Proizvodi","item":"https:\/\/lattonedil.com\/bs\/scopri-i-prodotti\/"},{"@type":"ListItem","position":3,"name":"Frost"}]},{"@type":"WebSite","@id":"https:\/\/lattonedil.com\/#website","url":"https:\/\/lattonedil.com\/","name":"Lattonedil","description":"","publisher":{"@id":"https:\/\/lattonedil.com\/#organization"},"potentialAction":[{"@type":"SearchAction","target":{"@type":"EntryPoint","urlTemplate":"https:\/\/lattonedil.com\/?s={search_term_string}"},"query-input":{"@type":"PropertyValueSpecification","valueRequired":true,"valueName":"search_term_string"}}],"inLanguage":"bs-BA"},{"@type":"Organization","@id":"https:\/\/lattonedil.com\/#organization","name":"Lattonedil","url":"https:\/\/lattonedil.com\/","logo":{"@type":"ImageObject","inLanguage":"bs-BA","@id":"https:\/\/lattonedil.com\/#\/schema\/logo\/image\/","url":"https:\/\/lattonedil.com\/wp-content\/uploads\/2021\/10\/50-anni-logo-2020-3.png","contentUrl":"https:\/\/lattonedil.com\/wp-content\/uploads\/2021\/10\/50-anni-logo-2020-3.png","width":3192,"height":525,"caption":"Lattonedil"},"image":{"@id":"https:\/\/lattonedil.com\/#\/schema\/logo\/image\/"}}]}},"_links":{"self":[{"href":"https:\/\/lattonedil.com\/bs\/wp-json\/wp\/v2\/product\/78203","targetHints":{"allow":["GET"]}}],"collection":[{"href":"https:\/\/lattonedil.com\/bs\/wp-json\/wp\/v2\/product"}],"about":[{"href":"https:\/\/lattonedil.com\/bs\/wp-json\/wp\/v2\/types\/product"}],"version-history":[{"count":8,"href":"https:\/\/lattonedil.com\/bs\/wp-json\/wp\/v2\/product\/78203\/revisions"}],"predecessor-version":[{"id":90761,"href":"https:\/\/lattonedil.com\/bs\/wp-json\/wp\/v2\/product\/78203\/revisions\/90761"}],"wp:featuredmedia":[{"embeddable":true,"href":"https:\/\/lattonedil.com\/bs\/wp-json\/wp\/v2\/media\/78214"}],"wp:attachment":[{"href":"https:\/\/lattonedil.com\/bs\/wp-json\/wp\/v2\/media?parent=78203"}],"wp:term":[{"taxonomy":"product_brand","embeddable":true,"href":"https:\/\/lattonedil.com\/bs\/wp-json\/wp\/v2\/product_brand?post=78203"},{"taxonomy":"product_cat","embeddable":true,"href":"https:\/\/lattonedil.com\/bs\/wp-json\/wp\/v2\/product_cat?post=78203"},{"taxonomy":"product_tag","embeddable":true,"href":"https:\/\/lattonedil.com\/bs\/wp-json\/wp\/v2\/product_tag?post=78203"}],"curies":[{"name":"wp","href":"https:\/\/api.w.org\/{rel}","templated":true}]}}