{"id":77781,"date":"2022-03-17T11:57:17","date_gmt":"2022-03-17T10:57:17","guid":{"rendered":"https:\/\/lattonedil.com\/prodotto\/solarpan-plus\/"},"modified":"2026-04-29T14:15:38","modified_gmt":"2026-04-29T12:15:38","slug":"solarpan-plus","status":"publish","type":"product","link":"https:\/\/lattonedil.com\/bs\/prodotto\/solarpan-plus\/","title":{"rendered":"Solarpan\u00ae Plus"},"content":{"rendered":"\t\t<div data-elementor-type=\"product-post\" data-elementor-id=\"77781\" class=\"elementor elementor-77781 elementor-51452\" data-elementor-post-type=\"product\">\n\t\t\t\t\t\t<section class=\"elementor-section elementor-top-section elementor-element elementor-element-22898c6 elementor-section-full_width elementor-section-height-default elementor-section-height-default\" data-id=\"22898c6\" data-element_type=\"section\" data-e-type=\"section\">\n\t\t\t\t\t\t<div class=\"elementor-container elementor-column-gap-default\">\n\t\t\t\t\t<div class=\"elementor-column elementor-col-50 elementor-top-column elementor-element elementor-element-2b4c435\" data-id=\"2b4c435\" data-element_type=\"column\" data-e-type=\"column\">\n\t\t\t<div class=\"elementor-widget-wrap elementor-element-populated\">\n\t\t\t\t\t\t<div class=\"elementor-element elementor-element-f4c3ee8 elementor-widget elementor-widget-image\" data-id=\"f4c3ee8\" data-element_type=\"widget\" data-e-type=\"widget\" data-widget_type=\"image.default\">\n\t\t\t\t<div class=\"elementor-widget-container\">\n\t\t\t\t\t\t\t\t\t\t\t\t\t\t\t<img fetchpriority=\"high\" decoding=\"async\" width=\"1024\" height=\"295\" src=\"https:\/\/lattonedil.com\/wp-content\/uploads\/2022\/03\/solarpan-plus-bosnia-1-1024x295.png\" class=\"attachment-large size-large wp-image-77881\" alt=\"\" srcset=\"https:\/\/lattonedil.com\/wp-content\/uploads\/2022\/03\/solarpan-plus-bosnia-1-1024x295.png 1024w, https:\/\/lattonedil.com\/wp-content\/uploads\/2022\/03\/solarpan-plus-bosnia-1-300x86.png 300w, https:\/\/lattonedil.com\/wp-content\/uploads\/2022\/03\/solarpan-plus-bosnia-1-768x221.png 768w, https:\/\/lattonedil.com\/wp-content\/uploads\/2022\/03\/solarpan-plus-bosnia-1-1200x345.png 1200w, https:\/\/lattonedil.com\/wp-content\/uploads\/2022\/03\/solarpan-plus-bosnia-1-350x100.png 350w, https:\/\/lattonedil.com\/wp-content\/uploads\/2022\/03\/solarpan-plus-bosnia-1.png 1387w\" sizes=\"(max-width: 1024px) 100vw, 1024px\" \/>\t\t\t\t\t\t\t\t\t\t\t\t\t\t\t<\/div>\n\t\t\t\t<\/div>\n\t\t\t\t\t<\/div>\n\t\t<\/div>\n\t\t\t\t<div class=\"elementor-column elementor-col-50 elementor-top-column elementor-element elementor-element-371ed02\" data-id=\"371ed02\" data-element_type=\"column\" data-e-type=\"column\">\n\t\t\t<div class=\"elementor-widget-wrap elementor-element-populated\">\n\t\t\t\t\t\t<div class=\"elementor-element elementor-element-00fed52 elementor-widget__width-initial elementor-widget elementor-widget-image\" data-id=\"00fed52\" data-element_type=\"widget\" data-e-type=\"widget\" data-widget_type=\"image.default\">\n\t\t\t\t<div class=\"elementor-widget-container\">\n\t\t\t\t\t\t\t\t\t\t\t\t\t\t\t<img decoding=\"async\" width=\"1024\" height=\"295\" src=\"https:\/\/lattonedil.com\/wp-content\/uploads\/2022\/03\/solarpan-plus-bosnia-2-1024x295.png\" class=\"attachment-large size-large wp-image-77886\" alt=\"\" srcset=\"https:\/\/lattonedil.com\/wp-content\/uploads\/2022\/03\/solarpan-plus-bosnia-2-1024x295.png 1024w, https:\/\/lattonedil.com\/wp-content\/uploads\/2022\/03\/solarpan-plus-bosnia-2-300x86.png 300w, https:\/\/lattonedil.com\/wp-content\/uploads\/2022\/03\/solarpan-plus-bosnia-2-768x221.png 768w, https:\/\/lattonedil.com\/wp-content\/uploads\/2022\/03\/solarpan-plus-bosnia-2-1200x345.png 1200w, https:\/\/lattonedil.com\/wp-content\/uploads\/2022\/03\/solarpan-plus-bosnia-2-350x100.png 350w, https:\/\/lattonedil.com\/wp-content\/uploads\/2022\/03\/solarpan-plus-bosnia-2.png 1387w\" sizes=\"(max-width: 1024px) 100vw, 1024px\" \/>\t\t\t\t\t\t\t\t\t\t\t\t\t\t\t<\/div>\n\t\t\t\t<\/div>\n\t\t\t\t\t<\/div>\n\t\t<\/div>\n\t\t\t\t\t<\/div>\n\t\t<\/section>\n\t\t\t\t<\/div>\n\t\t","protected":false},"excerpt":{"rendered":"<p>Lattonedil predstavlja sistem koji je revolucionirao ugradnju fotonaponskih modula. Ovdje je cjelovito rje\u0161enje SOLARPAN\u00ae PLUS:<\/p>\n<ul>\n<li>Njegova glavna prednost: osnovni dizajn<\/li>\n<li>Nema skupih potpornih struktura<\/li>\n<li>Nema dodatne brtve<\/li>\n<li>Nema potrebe za beskorisnim i skupim aluminijskim profilima<\/li>\n<li>Brza ugradnja fotonaponskih modula: komponente pri\u010dvr\u0161\u0107ene tako da se uguraju u zagrade<\/li>\n<li>Predizolirani krov koji se mo\u017ee montirati bez bu\u0161enja rupa<\/li>\n<li>Mala te\u017eina SOLARPAN\u00ae PLUS sistema u pore\u0111enju sa tradicionalnim krovnim pokriva\u010dem nudi ve\u0107e performanse u svim njegovim aplikacijama. SOLARPAN\u00ae PLUS nudi cjelovita, jeftina rje\u0161enja zahvaljuju\u0107i u\u0161tedi materijala i vremena instalacije. SOLARPAN\u00ae PLUS sistem tako\u0111e nudi sve dodatke potrebne za ugradnju fotonaponskog modularnog sistema SOLARPAN\u00ae PLUS krov danas, fotonaponski sistem sutra.<\/li>\n<\/ul>\n<p>Gledaju\u0107i prema budu\u0107nosti, razmi\u0161ljali smo o svemu: mo\u017eete pokriti krov ili fasadu pomo\u0107u SOLARPAN\u00ae PLUS panela danas a odlu\u010diti montirati fotonaponski sistem kasnije. Idealan je za kori\u0161tenje na fasadi ili krovu i zahvaljuju\u0107i upotrebi nagnute strukture, moduli se mogu montirati i na krov parcele koje nisu okrenute prema jugu i stoga se obi\u010dno ne koriste.<br \/>\nVrijeme instalacije je vrlo brzo zahvaljuju\u0107i upotrebi dodatne opreme kao \u0161to su potporni profili, spojnice i trokuti za spajanje, koji se mogu pri\u010dvrstiti na krovni pokriva\u010d bez potrebe bu\u0161enja rupa; to \u010dini SOLARPAN\u00ae PLUS sistem najboljim rje\u0161enjem za krovove sa fotonaponskim modulima.<\/p>\n","protected":false},"featured_media":77783,"template":"","meta":{"_acf_changed":false},"product_brand":[],"product_cat":[506],"product_tag":[539],"class_list":{"0":"post-77781","1":"product","2":"type-product","3":"status-publish","4":"has-post-thumbnail","6":"product_cat-covers","7":"product_tag-sistemi-per-fotovoltaico-bs","9":"first","10":"instock","11":"shipping-taxable","12":"product-type-simple"},"acf":[],"yoast_head":"<!-- This site is optimized with the Yoast SEO plugin v27.1.1 - https:\/\/yoast.com\/product\/yoast-seo-wordpress\/ -->\n<title>Solarpan\u00ae Plus - Lattonedil<\/title>\n<meta name=\"robots\" content=\"index, follow, max-snippet:-1, max-image-preview:large, max-video-preview:-1\" \/>\n<link rel=\"canonical\" href=\"https:\/\/lattonedil.com\/bs\/prodotto\/solarpan-plus\/\" \/>\n<meta property=\"og:locale\" content=\"bs_BA\" \/>\n<meta property=\"og:type\" content=\"article\" \/>\n<meta property=\"og:title\" content=\"Solarpan\u00ae Plus - Lattonedil\" \/>\n<meta property=\"og:description\" content=\"Lattonedil predstavlja sistem koji je revolucionirao ugradnju fotonaponskih modula. Ovdje je cjelovito rje\u0161enje SOLARPAN\u00ae PLUS:   Njegova glavna prednost: osnovni dizajn  Nema skupih potpornih struktura  Nema dodatne brtve  Nema potrebe za beskorisnim i skupim aluminijskim profilima  Brza ugradnja fotonaponskih modula: komponente pri\u010dvr\u0161\u0107ene tako da se uguraju u zagrade  Predizolirani krov koji se mo\u017ee montirati bez bu\u0161enja rupa  Mala te\u017eina SOLARPAN\u00ae PLUS sistema u pore\u0111enju sa tradicionalnim krovnim pokriva\u010dem nudi ve\u0107e performanse u svim njegovim aplikacijama. SOLARPAN\u00ae PLUS nudi cjelovita, jeftina rje\u0161enja zahvaljuju\u0107i u\u0161tedi materijala i vremena instalacije. SOLARPAN\u00ae PLUS sistem tako\u0111e nudi sve dodatke potrebne za ugradnju fotonaponskog modularnog sistema SOLARPAN\u00ae PLUS krov danas, fotonaponski sistem sutra.  Gledaju\u0107i prema budu\u0107nosti, razmi\u0161ljali smo o svemu: mo\u017eete pokriti krov ili fasadu pomo\u0107u SOLARPAN\u00ae PLUS panela danas a odlu\u010diti montirati fotonaponski sistem kasnije. Idealan je za kori\u0161tenje na fasadi ili krovu i zahvaljuju\u0107i upotrebi nagnute strukture, moduli se mogu montirati i na krov parcele koje nisu okrenute prema jugu i stoga se obi\u010dno ne koriste. Vrijeme instalacije je vrlo brzo zahvaljuju\u0107i upotrebi dodatne opreme kao \u0161to su potporni profili, spojnice i trokuti za spajanje, koji se mogu pri\u010dvrstiti na krovni pokriva\u010d bez potrebe bu\u0161enja rupa; to \u010dini SOLARPAN\u00ae PLUS sistem najboljim rje\u0161enjem za krovove sa fotonaponskim modulima.\" \/>\n<meta property=\"og:url\" content=\"https:\/\/lattonedil.com\/bs\/prodotto\/solarpan-plus\/\" \/>\n<meta property=\"og:site_name\" content=\"Lattonedil\" \/>\n<meta property=\"article:modified_time\" content=\"2026-04-29T12:15:38+00:00\" \/>\n<meta property=\"og:image\" content=\"https:\/\/lattonedil.com\/wp-content\/uploads\/2022\/03\/SOLARPAN-PLUS-profilo-1000px.png\" \/>\n\t<meta property=\"og:image:width\" content=\"1000\" \/>\n\t<meta property=\"og:image:height\" content=\"600\" \/>\n\t<meta property=\"og:image:type\" content=\"image\/png\" \/>\n<meta name=\"twitter:card\" content=\"summary_large_image\" \/>\n<script type=\"application\/ld+json\" class=\"yoast-schema-graph\">{\"@context\":\"https:\/\/schema.org\",\"@graph\":[{\"@type\":\"WebPage\",\"@id\":\"https:\/\/lattonedil.com\/bs\/prodotto\/solarpan-plus\/\",\"url\":\"https:\/\/lattonedil.com\/bs\/prodotto\/solarpan-plus\/\",\"name\":\"Solarpan\u00ae Plus - Lattonedil\",\"isPartOf\":{\"@id\":\"https:\/\/lattonedil.com\/#website\"},\"primaryImageOfPage\":{\"@id\":\"https:\/\/lattonedil.com\/bs\/prodotto\/solarpan-plus\/#primaryimage\"},\"image\":{\"@id\":\"https:\/\/lattonedil.com\/bs\/prodotto\/solarpan-plus\/#primaryimage\"},\"thumbnailUrl\":\"https:\/\/lattonedil.com\/wp-content\/uploads\/2022\/03\/SOLARPAN-PLUS-profilo-1000px.png\",\"datePublished\":\"2022-03-17T10:57:17+00:00\",\"dateModified\":\"2026-04-29T12:15:38+00:00\",\"breadcrumb\":{\"@id\":\"https:\/\/lattonedil.com\/bs\/prodotto\/solarpan-plus\/#breadcrumb\"},\"inLanguage\":\"bs-BA\",\"potentialAction\":[{\"@type\":\"ReadAction\",\"target\":[\"https:\/\/lattonedil.com\/bs\/prodotto\/solarpan-plus\/\"]}]},{\"@type\":\"ImageObject\",\"inLanguage\":\"bs-BA\",\"@id\":\"https:\/\/lattonedil.com\/bs\/prodotto\/solarpan-plus\/#primaryimage\",\"url\":\"https:\/\/lattonedil.com\/wp-content\/uploads\/2022\/03\/SOLARPAN-PLUS-profilo-1000px.png\",\"contentUrl\":\"https:\/\/lattonedil.com\/wp-content\/uploads\/2022\/03\/SOLARPAN-PLUS-profilo-1000px.png\",\"width\":1000,\"height\":600},{\"@type\":\"BreadcrumbList\",\"@id\":\"https:\/\/lattonedil.com\/bs\/prodotto\/solarpan-plus\/#breadcrumb\",\"itemListElement\":[{\"@type\":\"ListItem\",\"position\":1,\"name\":\"Home\",\"item\":\"https:\/\/lattonedil.com\/de\/\"},{\"@type\":\"ListItem\",\"position\":2,\"name\":\"Proizvodi\",\"item\":\"https:\/\/lattonedil.com\/bs\/scopri-i-prodotti\/\"},{\"@type\":\"ListItem\",\"position\":3,\"name\":\"Solarpan\u00ae Plus\"}]},{\"@type\":\"WebSite\",\"@id\":\"https:\/\/lattonedil.com\/#website\",\"url\":\"https:\/\/lattonedil.com\/\",\"name\":\"Lattonedil\",\"description\":\"\",\"publisher\":{\"@id\":\"https:\/\/lattonedil.com\/#organization\"},\"potentialAction\":[{\"@type\":\"SearchAction\",\"target\":{\"@type\":\"EntryPoint\",\"urlTemplate\":\"https:\/\/lattonedil.com\/?s={search_term_string}\"},\"query-input\":{\"@type\":\"PropertyValueSpecification\",\"valueRequired\":true,\"valueName\":\"search_term_string\"}}],\"inLanguage\":\"bs-BA\"},{\"@type\":\"Organization\",\"@id\":\"https:\/\/lattonedil.com\/#organization\",\"name\":\"Lattonedil\",\"url\":\"https:\/\/lattonedil.com\/\",\"logo\":{\"@type\":\"ImageObject\",\"inLanguage\":\"bs-BA\",\"@id\":\"https:\/\/lattonedil.com\/#\/schema\/logo\/image\/\",\"url\":\"https:\/\/lattonedil.com\/wp-content\/uploads\/2021\/10\/50-anni-logo-2020-3.png\",\"contentUrl\":\"https:\/\/lattonedil.com\/wp-content\/uploads\/2021\/10\/50-anni-logo-2020-3.png\",\"width\":3192,\"height\":525,\"caption\":\"Lattonedil\"},\"image\":{\"@id\":\"https:\/\/lattonedil.com\/#\/schema\/logo\/image\/\"}}]}<\/script>\n<!-- \/ Yoast SEO plugin. -->","yoast_head_json":{"title":"Solarpan\u00ae Plus - Lattonedil","robots":{"index":"index","follow":"follow","max-snippet":"max-snippet:-1","max-image-preview":"max-image-preview:large","max-video-preview":"max-video-preview:-1"},"canonical":"https:\/\/lattonedil.com\/bs\/prodotto\/solarpan-plus\/","og_locale":"bs_BA","og_type":"article","og_title":"Solarpan\u00ae Plus - Lattonedil","og_description":"Lattonedil predstavlja sistem koji je revolucionirao ugradnju fotonaponskih modula. Ovdje je cjelovito rje\u0161enje SOLARPAN\u00ae PLUS:   Njegova glavna prednost: osnovni dizajn  Nema skupih potpornih struktura  Nema dodatne brtve  Nema potrebe za beskorisnim i skupim aluminijskim profilima  Brza ugradnja fotonaponskih modula: komponente pri\u010dvr\u0161\u0107ene tako da se uguraju u zagrade  Predizolirani krov koji se mo\u017ee montirati bez bu\u0161enja rupa  Mala te\u017eina SOLARPAN\u00ae PLUS sistema u pore\u0111enju sa tradicionalnim krovnim pokriva\u010dem nudi ve\u0107e performanse u svim njegovim aplikacijama. SOLARPAN\u00ae PLUS nudi cjelovita, jeftina rje\u0161enja zahvaljuju\u0107i u\u0161tedi materijala i vremena instalacije. SOLARPAN\u00ae PLUS sistem tako\u0111e nudi sve dodatke potrebne za ugradnju fotonaponskog modularnog sistema SOLARPAN\u00ae PLUS krov danas, fotonaponski sistem sutra.  Gledaju\u0107i prema budu\u0107nosti, razmi\u0161ljali smo o svemu: mo\u017eete pokriti krov ili fasadu pomo\u0107u SOLARPAN\u00ae PLUS panela danas a odlu\u010diti montirati fotonaponski sistem kasnije. Idealan je za kori\u0161tenje na fasadi ili krovu i zahvaljuju\u0107i upotrebi nagnute strukture, moduli se mogu montirati i na krov parcele koje nisu okrenute prema jugu i stoga se obi\u010dno ne koriste. Vrijeme instalacije je vrlo brzo zahvaljuju\u0107i upotrebi dodatne opreme kao \u0161to su potporni profili, spojnice i trokuti za spajanje, koji se mogu pri\u010dvrstiti na krovni pokriva\u010d bez potrebe bu\u0161enja rupa; to \u010dini SOLARPAN\u00ae PLUS sistem najboljim rje\u0161enjem za krovove sa fotonaponskim modulima.","og_url":"https:\/\/lattonedil.com\/bs\/prodotto\/solarpan-plus\/","og_site_name":"Lattonedil","article_modified_time":"2026-04-29T12:15:38+00:00","og_image":[{"width":1000,"height":600,"url":"https:\/\/lattonedil.com\/wp-content\/uploads\/2022\/03\/SOLARPAN-PLUS-profilo-1000px.png","type":"image\/png"}],"twitter_card":"summary_large_image","schema":{"@context":"https:\/\/schema.org","@graph":[{"@type":"WebPage","@id":"https:\/\/lattonedil.com\/bs\/prodotto\/solarpan-plus\/","url":"https:\/\/lattonedil.com\/bs\/prodotto\/solarpan-plus\/","name":"Solarpan\u00ae Plus - Lattonedil","isPartOf":{"@id":"https:\/\/lattonedil.com\/#website"},"primaryImageOfPage":{"@id":"https:\/\/lattonedil.com\/bs\/prodotto\/solarpan-plus\/#primaryimage"},"image":{"@id":"https:\/\/lattonedil.com\/bs\/prodotto\/solarpan-plus\/#primaryimage"},"thumbnailUrl":"https:\/\/lattonedil.com\/wp-content\/uploads\/2022\/03\/SOLARPAN-PLUS-profilo-1000px.png","datePublished":"2022-03-17T10:57:17+00:00","dateModified":"2026-04-29T12:15:38+00:00","breadcrumb":{"@id":"https:\/\/lattonedil.com\/bs\/prodotto\/solarpan-plus\/#breadcrumb"},"inLanguage":"bs-BA","potentialAction":[{"@type":"ReadAction","target":["https:\/\/lattonedil.com\/bs\/prodotto\/solarpan-plus\/"]}]},{"@type":"ImageObject","inLanguage":"bs-BA","@id":"https:\/\/lattonedil.com\/bs\/prodotto\/solarpan-plus\/#primaryimage","url":"https:\/\/lattonedil.com\/wp-content\/uploads\/2022\/03\/SOLARPAN-PLUS-profilo-1000px.png","contentUrl":"https:\/\/lattonedil.com\/wp-content\/uploads\/2022\/03\/SOLARPAN-PLUS-profilo-1000px.png","width":1000,"height":600},{"@type":"BreadcrumbList","@id":"https:\/\/lattonedil.com\/bs\/prodotto\/solarpan-plus\/#breadcrumb","itemListElement":[{"@type":"ListItem","position":1,"name":"Home","item":"https:\/\/lattonedil.com\/de\/"},{"@type":"ListItem","position":2,"name":"Proizvodi","item":"https:\/\/lattonedil.com\/bs\/scopri-i-prodotti\/"},{"@type":"ListItem","position":3,"name":"Solarpan\u00ae Plus"}]},{"@type":"WebSite","@id":"https:\/\/lattonedil.com\/#website","url":"https:\/\/lattonedil.com\/","name":"Lattonedil","description":"","publisher":{"@id":"https:\/\/lattonedil.com\/#organization"},"potentialAction":[{"@type":"SearchAction","target":{"@type":"EntryPoint","urlTemplate":"https:\/\/lattonedil.com\/?s={search_term_string}"},"query-input":{"@type":"PropertyValueSpecification","valueRequired":true,"valueName":"search_term_string"}}],"inLanguage":"bs-BA"},{"@type":"Organization","@id":"https:\/\/lattonedil.com\/#organization","name":"Lattonedil","url":"https:\/\/lattonedil.com\/","logo":{"@type":"ImageObject","inLanguage":"bs-BA","@id":"https:\/\/lattonedil.com\/#\/schema\/logo\/image\/","url":"https:\/\/lattonedil.com\/wp-content\/uploads\/2021\/10\/50-anni-logo-2020-3.png","contentUrl":"https:\/\/lattonedil.com\/wp-content\/uploads\/2021\/10\/50-anni-logo-2020-3.png","width":3192,"height":525,"caption":"Lattonedil"},"image":{"@id":"https:\/\/lattonedil.com\/#\/schema\/logo\/image\/"}}]}},"_links":{"self":[{"href":"https:\/\/lattonedil.com\/bs\/wp-json\/wp\/v2\/product\/77781","targetHints":{"allow":["GET"]}}],"collection":[{"href":"https:\/\/lattonedil.com\/bs\/wp-json\/wp\/v2\/product"}],"about":[{"href":"https:\/\/lattonedil.com\/bs\/wp-json\/wp\/v2\/types\/product"}],"version-history":[{"count":6,"href":"https:\/\/lattonedil.com\/bs\/wp-json\/wp\/v2\/product\/77781\/revisions"}],"predecessor-version":[{"id":90746,"href":"https:\/\/lattonedil.com\/bs\/wp-json\/wp\/v2\/product\/77781\/revisions\/90746"}],"wp:featuredmedia":[{"embeddable":true,"href":"https:\/\/lattonedil.com\/bs\/wp-json\/wp\/v2\/media\/77783"}],"wp:attachment":[{"href":"https:\/\/lattonedil.com\/bs\/wp-json\/wp\/v2\/media?parent=77781"}],"wp:term":[{"taxonomy":"product_brand","embeddable":true,"href":"https:\/\/lattonedil.com\/bs\/wp-json\/wp\/v2\/product_brand?post=77781"},{"taxonomy":"product_cat","embeddable":true,"href":"https:\/\/lattonedil.com\/bs\/wp-json\/wp\/v2\/product_cat?post=77781"},{"taxonomy":"product_tag","embeddable":true,"href":"https:\/\/lattonedil.com\/bs\/wp-json\/wp\/v2\/product_tag?post=77781"}],"curies":[{"name":"wp","href":"https:\/\/api.w.org\/{rel}","templated":true}]}}