{"id":77776,"date":"2022-03-17T12:07:54","date_gmt":"2022-03-17T11:07:54","guid":{"rendered":"https:\/\/lattonedil.com\/prodotto\/isoparfire-ei-elegant\/"},"modified":"2024-09-25T23:04:33","modified_gmt":"2024-09-25T21:04:33","slug":"isoparfire-ei-elegant","status":"publish","type":"product","link":"https:\/\/lattonedil.com\/bs\/prodotto\/isoparfire-ei-elegant\/","title":{"rendered":"Isoparfire\u00ae EI Elegant"},"content":{"rendered":"<p><img fetchpriority=\"high\" decoding=\"async\" class=\"alignnone wp-image-77999\" src=\"https:\/\/lattonedil.com\/wp-content\/uploads\/2022\/03\/isoparfire-ei-elegant-bosnia-1024x295.png\" alt=\"\" width=\"900\" height=\"259\" srcset=\"https:\/\/lattonedil.com\/wp-content\/uploads\/2022\/03\/isoparfire-ei-elegant-bosnia-1024x295.png 1024w, https:\/\/lattonedil.com\/wp-content\/uploads\/2022\/03\/isoparfire-ei-elegant-bosnia-300x86.png 300w, https:\/\/lattonedil.com\/wp-content\/uploads\/2022\/03\/isoparfire-ei-elegant-bosnia-768x221.png 768w, https:\/\/lattonedil.com\/wp-content\/uploads\/2022\/03\/isoparfire-ei-elegant-bosnia-1200x345.png 1200w, https:\/\/lattonedil.com\/wp-content\/uploads\/2022\/03\/isoparfire-ei-elegant-bosnia-350x100.png 350w, https:\/\/lattonedil.com\/wp-content\/uploads\/2022\/03\/isoparfire-ei-elegant-bosnia.png 1387w\" sizes=\"(max-width: 900px) 100vw, 900px\" \/><\/p>\n<p><img decoding=\"async\" class=\"alignnone wp-image-78004\" src=\"https:\/\/lattonedil.com\/wp-content\/uploads\/2022\/03\/isoparfire-ei-elegant-bosnia-2-1024x295.png\" alt=\"\" width=\"900\" height=\"259\" srcset=\"https:\/\/lattonedil.com\/wp-content\/uploads\/2022\/03\/isoparfire-ei-elegant-bosnia-2-1024x295.png 1024w, https:\/\/lattonedil.com\/wp-content\/uploads\/2022\/03\/isoparfire-ei-elegant-bosnia-2-300x86.png 300w, https:\/\/lattonedil.com\/wp-content\/uploads\/2022\/03\/isoparfire-ei-elegant-bosnia-2-768x221.png 768w, https:\/\/lattonedil.com\/wp-content\/uploads\/2022\/03\/isoparfire-ei-elegant-bosnia-2-1200x345.png 1200w, https:\/\/lattonedil.com\/wp-content\/uploads\/2022\/03\/isoparfire-ei-elegant-bosnia-2-350x100.png 350w, https:\/\/lattonedil.com\/wp-content\/uploads\/2022\/03\/isoparfire-ei-elegant-bosnia-2.png 1387w\" sizes=\"(max-width: 900px) 100vw, 900px\" \/><\/p>\n<p>Tokom faze sklapanja koristite \u010deli\u010dni vijak. Vijak je namijenjen za raspodjelu napora koji proizlaze iz fiksiranja i pove\u0107anja otpora na pritisak i o\u0161te\u0107enje. Polo\u017eaj i broj mjesta vija\u010denja mora odrediti projektant ovisno o naprezanjima na konstrukciji.<\/p>\n","protected":false},"excerpt":{"rendered":"<p><strong>NA ZAHTJEV GUSTINA OD 120 DO 150 KG\/M3<\/strong><\/p>\n<p>ISOPARFIRE\u00ae EI ELEGANT je panel koji se koristi za zidove koji zahtjevaju sigurnost i dobru estetsku izvedbu. ISOPARFIRE\u00ae EI ELEGANT je poseban jer ima skriveni spoj zahvaljuju\u0107i kome zid izgleda ujedna\u010deno; ima dva nosa\u010da od prefarbanog pocin\u010danog \u010delika ili negr\u0111aju\u0107eg \u010delika a svaki je standardne debljine 0,5 mm. Razli\u010dite debljine su dostupne na zahtjev kupca. ISOPARFIRE\u00ae EI ELEGANT-ove po\u017earne karakteristike spadaju pod klasu A2-s1, d0.<br \/>\nOtpornost na vatru:<br \/>\n\u2013 EI 15 za panel debljine 80 mm<br \/>\n\u2013 EI 120 za panel febljine 120 mm<\/p>\n<p><strong>Izolaciona masa<\/strong><br \/>\nGustina: 100 kg\/m3 +\/- 10%.<br \/>\nRazli\u010dite gustine na zahtjev.<br \/>\nNapomena: na proizvodnom nivou nije mogu\u0107e ispuniti utore zbog karakteristika vrste izolacije.<\/p>\n","protected":false},"featured_media":77778,"template":"","meta":{"_acf_changed":false},"product_brand":[],"product_cat":[512],"product_tag":[],"class_list":{"0":"post-77776","1":"product","2":"type-product","3":"status-publish","4":"has-post-thumbnail","6":"product_cat-zid","8":"first","9":"instock","10":"shipping-taxable","11":"product-type-simple"},"acf":[],"yoast_head":"<!-- This site is optimized with the Yoast SEO plugin v27.1.1 - https:\/\/yoast.com\/product\/yoast-seo-wordpress\/ -->\n<title>Isoparfire\u00ae EI Elegant - Lattonedil<\/title>\n<meta name=\"robots\" content=\"index, follow, max-snippet:-1, max-image-preview:large, max-video-preview:-1\" \/>\n<link rel=\"canonical\" href=\"https:\/\/lattonedil.com\/bs\/prodotto\/isoparfire-ei-elegant\/\" \/>\n<meta property=\"og:locale\" content=\"bs_BA\" \/>\n<meta property=\"og:type\" content=\"article\" \/>\n<meta property=\"og:title\" content=\"Isoparfire\u00ae EI Elegant - Lattonedil\" \/>\n<meta property=\"og:description\" content=\"NA ZAHTJEV GUSTINA OD 120 DO 150 KG\/M3  ISOPARFIRE\u00ae EI ELEGANT je panel koji se koristi za zidove koji zahtjevaju sigurnost i dobru estetsku izvedbu. ISOPARFIRE\u00ae EI ELEGANT je poseban jer ima skriveni spoj zahvaljuju\u0107i kome zid izgleda ujedna\u010deno; ima dva nosa\u010da od prefarbanog pocin\u010danog \u010delika ili negr\u0111aju\u0107eg \u010delika a svaki je standardne debljine 0,5 mm. Razli\u010dite debljine su dostupne na zahtjev kupca. ISOPARFIRE\u00ae EI ELEGANT-ove po\u017earne karakteristike spadaju pod klasu A2-s1, d0. Otpornost na vatru: \u2013 EI 15 za panel debljine 80 mm \u2013 EI 120 za panel febljine 120 mm  Izolaciona masa Gustina: 100 kg\/m3 +\/- 10%. Razli\u010dite gustine na zahtjev. Napomena: na proizvodnom nivou nije mogu\u0107e ispuniti utore zbog karakteristika vrste izolacije.\" \/>\n<meta property=\"og:url\" content=\"https:\/\/lattonedil.com\/bs\/prodotto\/isoparfire-ei-elegant\/\" \/>\n<meta property=\"og:site_name\" content=\"Lattonedil\" \/>\n<meta property=\"article:modified_time\" content=\"2024-09-25T21:04:33+00:00\" \/>\n<meta property=\"og:image\" content=\"https:\/\/lattonedil.com\/wp-content\/uploads\/2022\/03\/ISOPARFIRE-EI-ELEGANT-profilo-1000px.png\" \/>\n\t<meta property=\"og:image:width\" content=\"1000\" \/>\n\t<meta property=\"og:image:height\" content=\"600\" \/>\n\t<meta property=\"og:image:type\" content=\"image\/png\" \/>\n<meta name=\"twitter:card\" content=\"summary_large_image\" \/>\n<meta name=\"twitter:label1\" content=\"Est. reading time\" \/>\n\t<meta name=\"twitter:data1\" content=\"1 minuta\" \/>\n<script type=\"application\/ld+json\" class=\"yoast-schema-graph\">{\"@context\":\"https:\/\/schema.org\",\"@graph\":[{\"@type\":\"WebPage\",\"@id\":\"https:\/\/lattonedil.com\/bs\/prodotto\/isoparfire-ei-elegant\/\",\"url\":\"https:\/\/lattonedil.com\/bs\/prodotto\/isoparfire-ei-elegant\/\",\"name\":\"Isoparfire\u00ae EI Elegant - Lattonedil\",\"isPartOf\":{\"@id\":\"https:\/\/lattonedil.com\/#website\"},\"primaryImageOfPage\":{\"@id\":\"https:\/\/lattonedil.com\/bs\/prodotto\/isoparfire-ei-elegant\/#primaryimage\"},\"image\":{\"@id\":\"https:\/\/lattonedil.com\/bs\/prodotto\/isoparfire-ei-elegant\/#primaryimage\"},\"thumbnailUrl\":\"https:\/\/lattonedil.com\/wp-content\/uploads\/2022\/03\/ISOPARFIRE-EI-ELEGANT-profilo-1000px.png\",\"datePublished\":\"2022-03-17T11:07:54+00:00\",\"dateModified\":\"2024-09-25T21:04:33+00:00\",\"breadcrumb\":{\"@id\":\"https:\/\/lattonedil.com\/bs\/prodotto\/isoparfire-ei-elegant\/#breadcrumb\"},\"inLanguage\":\"bs-BA\",\"potentialAction\":[{\"@type\":\"ReadAction\",\"target\":[\"https:\/\/lattonedil.com\/bs\/prodotto\/isoparfire-ei-elegant\/\"]}]},{\"@type\":\"ImageObject\",\"inLanguage\":\"bs-BA\",\"@id\":\"https:\/\/lattonedil.com\/bs\/prodotto\/isoparfire-ei-elegant\/#primaryimage\",\"url\":\"https:\/\/lattonedil.com\/wp-content\/uploads\/2022\/03\/ISOPARFIRE-EI-ELEGANT-profilo-1000px.png\",\"contentUrl\":\"https:\/\/lattonedil.com\/wp-content\/uploads\/2022\/03\/ISOPARFIRE-EI-ELEGANT-profilo-1000px.png\",\"width\":1000,\"height\":600},{\"@type\":\"BreadcrumbList\",\"@id\":\"https:\/\/lattonedil.com\/bs\/prodotto\/isoparfire-ei-elegant\/#breadcrumb\",\"itemListElement\":[{\"@type\":\"ListItem\",\"position\":1,\"name\":\"Home\",\"item\":\"https:\/\/lattonedil.com\/de\/\"},{\"@type\":\"ListItem\",\"position\":2,\"name\":\"Proizvodi\",\"item\":\"https:\/\/lattonedil.com\/bs\/scopri-i-prodotti\/\"},{\"@type\":\"ListItem\",\"position\":3,\"name\":\"Isoparfire\u00ae EI Elegant\"}]},{\"@type\":\"WebSite\",\"@id\":\"https:\/\/lattonedil.com\/#website\",\"url\":\"https:\/\/lattonedil.com\/\",\"name\":\"Lattonedil\",\"description\":\"\",\"publisher\":{\"@id\":\"https:\/\/lattonedil.com\/#organization\"},\"potentialAction\":[{\"@type\":\"SearchAction\",\"target\":{\"@type\":\"EntryPoint\",\"urlTemplate\":\"https:\/\/lattonedil.com\/?s={search_term_string}\"},\"query-input\":{\"@type\":\"PropertyValueSpecification\",\"valueRequired\":true,\"valueName\":\"search_term_string\"}}],\"inLanguage\":\"bs-BA\"},{\"@type\":\"Organization\",\"@id\":\"https:\/\/lattonedil.com\/#organization\",\"name\":\"Lattonedil\",\"url\":\"https:\/\/lattonedil.com\/\",\"logo\":{\"@type\":\"ImageObject\",\"inLanguage\":\"bs-BA\",\"@id\":\"https:\/\/lattonedil.com\/#\/schema\/logo\/image\/\",\"url\":\"https:\/\/lattonedil.com\/wp-content\/uploads\/2021\/10\/50-anni-logo-2020-3.png\",\"contentUrl\":\"https:\/\/lattonedil.com\/wp-content\/uploads\/2021\/10\/50-anni-logo-2020-3.png\",\"width\":3192,\"height\":525,\"caption\":\"Lattonedil\"},\"image\":{\"@id\":\"https:\/\/lattonedil.com\/#\/schema\/logo\/image\/\"}}]}<\/script>\n<!-- \/ Yoast SEO plugin. -->","yoast_head_json":{"title":"Isoparfire\u00ae EI Elegant - Lattonedil","robots":{"index":"index","follow":"follow","max-snippet":"max-snippet:-1","max-image-preview":"max-image-preview:large","max-video-preview":"max-video-preview:-1"},"canonical":"https:\/\/lattonedil.com\/bs\/prodotto\/isoparfire-ei-elegant\/","og_locale":"bs_BA","og_type":"article","og_title":"Isoparfire\u00ae EI Elegant - Lattonedil","og_description":"NA ZAHTJEV GUSTINA OD 120 DO 150 KG\/M3  ISOPARFIRE\u00ae EI ELEGANT je panel koji se koristi za zidove koji zahtjevaju sigurnost i dobru estetsku izvedbu. ISOPARFIRE\u00ae EI ELEGANT je poseban jer ima skriveni spoj zahvaljuju\u0107i kome zid izgleda ujedna\u010deno; ima dva nosa\u010da od prefarbanog pocin\u010danog \u010delika ili negr\u0111aju\u0107eg \u010delika a svaki je standardne debljine 0,5 mm. Razli\u010dite debljine su dostupne na zahtjev kupca. ISOPARFIRE\u00ae EI ELEGANT-ove po\u017earne karakteristike spadaju pod klasu A2-s1, d0. Otpornost na vatru: \u2013 EI 15 za panel debljine 80 mm \u2013 EI 120 za panel febljine 120 mm  Izolaciona masa Gustina: 100 kg\/m3 +\/- 10%. Razli\u010dite gustine na zahtjev. Napomena: na proizvodnom nivou nije mogu\u0107e ispuniti utore zbog karakteristika vrste izolacije.","og_url":"https:\/\/lattonedil.com\/bs\/prodotto\/isoparfire-ei-elegant\/","og_site_name":"Lattonedil","article_modified_time":"2024-09-25T21:04:33+00:00","og_image":[{"width":1000,"height":600,"url":"https:\/\/lattonedil.com\/wp-content\/uploads\/2022\/03\/ISOPARFIRE-EI-ELEGANT-profilo-1000px.png","type":"image\/png"}],"twitter_card":"summary_large_image","twitter_misc":{"Est. reading time":"1 minuta"},"schema":{"@context":"https:\/\/schema.org","@graph":[{"@type":"WebPage","@id":"https:\/\/lattonedil.com\/bs\/prodotto\/isoparfire-ei-elegant\/","url":"https:\/\/lattonedil.com\/bs\/prodotto\/isoparfire-ei-elegant\/","name":"Isoparfire\u00ae EI Elegant - Lattonedil","isPartOf":{"@id":"https:\/\/lattonedil.com\/#website"},"primaryImageOfPage":{"@id":"https:\/\/lattonedil.com\/bs\/prodotto\/isoparfire-ei-elegant\/#primaryimage"},"image":{"@id":"https:\/\/lattonedil.com\/bs\/prodotto\/isoparfire-ei-elegant\/#primaryimage"},"thumbnailUrl":"https:\/\/lattonedil.com\/wp-content\/uploads\/2022\/03\/ISOPARFIRE-EI-ELEGANT-profilo-1000px.png","datePublished":"2022-03-17T11:07:54+00:00","dateModified":"2024-09-25T21:04:33+00:00","breadcrumb":{"@id":"https:\/\/lattonedil.com\/bs\/prodotto\/isoparfire-ei-elegant\/#breadcrumb"},"inLanguage":"bs-BA","potentialAction":[{"@type":"ReadAction","target":["https:\/\/lattonedil.com\/bs\/prodotto\/isoparfire-ei-elegant\/"]}]},{"@type":"ImageObject","inLanguage":"bs-BA","@id":"https:\/\/lattonedil.com\/bs\/prodotto\/isoparfire-ei-elegant\/#primaryimage","url":"https:\/\/lattonedil.com\/wp-content\/uploads\/2022\/03\/ISOPARFIRE-EI-ELEGANT-profilo-1000px.png","contentUrl":"https:\/\/lattonedil.com\/wp-content\/uploads\/2022\/03\/ISOPARFIRE-EI-ELEGANT-profilo-1000px.png","width":1000,"height":600},{"@type":"BreadcrumbList","@id":"https:\/\/lattonedil.com\/bs\/prodotto\/isoparfire-ei-elegant\/#breadcrumb","itemListElement":[{"@type":"ListItem","position":1,"name":"Home","item":"https:\/\/lattonedil.com\/de\/"},{"@type":"ListItem","position":2,"name":"Proizvodi","item":"https:\/\/lattonedil.com\/bs\/scopri-i-prodotti\/"},{"@type":"ListItem","position":3,"name":"Isoparfire\u00ae EI Elegant"}]},{"@type":"WebSite","@id":"https:\/\/lattonedil.com\/#website","url":"https:\/\/lattonedil.com\/","name":"Lattonedil","description":"","publisher":{"@id":"https:\/\/lattonedil.com\/#organization"},"potentialAction":[{"@type":"SearchAction","target":{"@type":"EntryPoint","urlTemplate":"https:\/\/lattonedil.com\/?s={search_term_string}"},"query-input":{"@type":"PropertyValueSpecification","valueRequired":true,"valueName":"search_term_string"}}],"inLanguage":"bs-BA"},{"@type":"Organization","@id":"https:\/\/lattonedil.com\/#organization","name":"Lattonedil","url":"https:\/\/lattonedil.com\/","logo":{"@type":"ImageObject","inLanguage":"bs-BA","@id":"https:\/\/lattonedil.com\/#\/schema\/logo\/image\/","url":"https:\/\/lattonedil.com\/wp-content\/uploads\/2021\/10\/50-anni-logo-2020-3.png","contentUrl":"https:\/\/lattonedil.com\/wp-content\/uploads\/2021\/10\/50-anni-logo-2020-3.png","width":3192,"height":525,"caption":"Lattonedil"},"image":{"@id":"https:\/\/lattonedil.com\/#\/schema\/logo\/image\/"}}]}},"_links":{"self":[{"href":"https:\/\/lattonedil.com\/bs\/wp-json\/wp\/v2\/product\/77776","targetHints":{"allow":["GET"]}}],"collection":[{"href":"https:\/\/lattonedil.com\/bs\/wp-json\/wp\/v2\/product"}],"about":[{"href":"https:\/\/lattonedil.com\/bs\/wp-json\/wp\/v2\/types\/product"}],"version-history":[{"count":5,"href":"https:\/\/lattonedil.com\/bs\/wp-json\/wp\/v2\/product\/77776\/revisions"}],"predecessor-version":[{"id":78009,"href":"https:\/\/lattonedil.com\/bs\/wp-json\/wp\/v2\/product\/77776\/revisions\/78009"}],"wp:featuredmedia":[{"embeddable":true,"href":"https:\/\/lattonedil.com\/bs\/wp-json\/wp\/v2\/media\/77778"}],"wp:attachment":[{"href":"https:\/\/lattonedil.com\/bs\/wp-json\/wp\/v2\/media?parent=77776"}],"wp:term":[{"taxonomy":"product_brand","embeddable":true,"href":"https:\/\/lattonedil.com\/bs\/wp-json\/wp\/v2\/product_brand?post=77776"},{"taxonomy":"product_cat","embeddable":true,"href":"https:\/\/lattonedil.com\/bs\/wp-json\/wp\/v2\/product_cat?post=77776"},{"taxonomy":"product_tag","embeddable":true,"href":"https:\/\/lattonedil.com\/bs\/wp-json\/wp\/v2\/product_tag?post=77776"}],"curies":[{"name":"wp","href":"https:\/\/api.w.org\/{rel}","templated":true}]}}