{"id":77768,"date":"2022-03-17T12:06:00","date_gmt":"2022-03-17T11:06:00","guid":{"rendered":"https:\/\/lattonedil.com\/prodotto\/eurofire-rei\/"},"modified":"2024-09-25T23:01:14","modified_gmt":"2024-09-25T21:01:14","slug":"eurofire-rei","status":"publish","type":"product","link":"https:\/\/lattonedil.com\/bs\/prodotto\/eurofire-rei\/","title":{"rendered":"Eurofire\u00ae REI"},"content":{"rendered":"<p><img fetchpriority=\"high\" decoding=\"async\" class=\"alignnone wp-image-77976\" src=\"https:\/\/lattonedil.com\/wp-content\/uploads\/2022\/03\/eurofire-rei-bosnia-1024x295.png\" alt=\"\" width=\"900\" height=\"259\" srcset=\"https:\/\/lattonedil.com\/wp-content\/uploads\/2022\/03\/eurofire-rei-bosnia-1024x295.png 1024w, https:\/\/lattonedil.com\/wp-content\/uploads\/2022\/03\/eurofire-rei-bosnia-300x86.png 300w, https:\/\/lattonedil.com\/wp-content\/uploads\/2022\/03\/eurofire-rei-bosnia-768x221.png 768w, https:\/\/lattonedil.com\/wp-content\/uploads\/2022\/03\/eurofire-rei-bosnia-1200x345.png 1200w, https:\/\/lattonedil.com\/wp-content\/uploads\/2022\/03\/eurofire-rei-bosnia-350x100.png 350w, https:\/\/lattonedil.com\/wp-content\/uploads\/2022\/03\/eurofire-rei-bosnia.png 1387w\" sizes=\"(max-width: 900px) 100vw, 900px\" \/><\/p>\n","protected":false},"excerpt":{"rendered":"<p><strong>NA ZAHTJEV GUSTINA OD 120 DO 150 KG\/M3<\/strong><\/p>\n<p>Povjerenje, garancija i sigurnost. Jednom rije\u010dju:<br \/>\nEUROFIRE\u00ae REI, najbolja odluka za odli\u010dnu otpornost na vatru.<br \/>\nReakcija na vatru ovog panela se odnosi na klasu A2-s1,d0;<br \/>\notpornost na vatru zavisi od debljine:<br \/>\nREI 30 za panel debljine 50 mm<br \/>\nREI 90 za panel debljine 80 mm<br \/>\nREI 120 za panel debljine 100 mm<br \/>\nREI 240 za panel debljine 172 mm<br \/>\nZbog dobre stati\u010dke otpornosti vlakna kamene vune su<br \/>\nokomito raspore\u0111ena u dva lima od \u010delika sa 5 rebara.<\/p>\n<p><strong>Izolaciona masa<\/strong><br \/>\nGustina: 100 kg\/m3 \u00b1 10%<br \/>\nGustina: razli\u010dite gustine na zahtjev<\/p>\n<p>Napomena: Na proizvodnom nivou nije mogu\u0107e popuniti<br \/>\nunutra\u0161nje utore zbog karakteristika vrste izolacije.<\/p>\n","protected":false},"featured_media":77770,"template":"","meta":{"_acf_changed":false},"product_brand":[],"product_cat":[506],"product_tag":[],"class_list":{"0":"post-77768","1":"product","2":"type-product","3":"status-publish","4":"has-post-thumbnail","6":"product_cat-covers","8":"first","9":"instock","10":"shipping-taxable","11":"product-type-simple"},"acf":[],"yoast_head":"<!-- This site is optimized with the Yoast SEO plugin v27.1.1 - https:\/\/yoast.com\/product\/yoast-seo-wordpress\/ -->\n<title>Eurofire\u00ae REI - Lattonedil<\/title>\n<meta name=\"robots\" content=\"index, follow, max-snippet:-1, max-image-preview:large, max-video-preview:-1\" \/>\n<link rel=\"canonical\" href=\"https:\/\/lattonedil.com\/bs\/prodotto\/eurofire-rei\/\" \/>\n<meta property=\"og:locale\" content=\"bs_BA\" \/>\n<meta property=\"og:type\" content=\"article\" \/>\n<meta property=\"og:title\" content=\"Eurofire\u00ae REI - Lattonedil\" \/>\n<meta property=\"og:description\" content=\"NA ZAHTJEV GUSTINA OD 120 DO 150 KG\/M3  Povjerenje, garancija i sigurnost. Jednom rije\u010dju: EUROFIRE\u00ae REI, najbolja odluka za odli\u010dnu otpornost na vatru. Reakcija na vatru ovog panela se odnosi na klasu A2-s1,d0; otpornost na vatru zavisi od debljine: REI 30 za panel debljine 50 mm REI 90 za panel debljine 80 mm REI 120 za panel debljine 100 mm REI 240 za panel debljine 172 mm Zbog dobre stati\u010dke otpornosti vlakna kamene vune su okomito raspore\u0111ena u dva lima od \u010delika sa 5 rebara.  Izolaciona masa Gustina: 100 kg\/m3 \u00b1 10% Gustina: razli\u010dite gustine na zahtjev  Napomena: Na proizvodnom nivou nije mogu\u0107e popuniti unutra\u0161nje utore zbog karakteristika vrste izolacije.\" \/>\n<meta property=\"og:url\" content=\"https:\/\/lattonedil.com\/bs\/prodotto\/eurofire-rei\/\" \/>\n<meta property=\"og:site_name\" content=\"Lattonedil\" \/>\n<meta property=\"article:modified_time\" content=\"2024-09-25T21:01:14+00:00\" \/>\n<meta property=\"og:image\" content=\"https:\/\/lattonedil.com\/wp-content\/uploads\/2022\/03\/EUROFIRE-REI-1000px.png\" \/>\n\t<meta property=\"og:image:width\" content=\"1000\" \/>\n\t<meta property=\"og:image:height\" content=\"600\" \/>\n\t<meta property=\"og:image:type\" content=\"image\/png\" \/>\n<meta name=\"twitter:card\" content=\"summary_large_image\" \/>\n<meta name=\"twitter:label1\" content=\"Est. reading time\" \/>\n\t<meta name=\"twitter:data1\" content=\"1 minuta\" \/>\n<script type=\"application\/ld+json\" class=\"yoast-schema-graph\">{\"@context\":\"https:\/\/schema.org\",\"@graph\":[{\"@type\":\"WebPage\",\"@id\":\"https:\/\/lattonedil.com\/bs\/prodotto\/eurofire-rei\/\",\"url\":\"https:\/\/lattonedil.com\/bs\/prodotto\/eurofire-rei\/\",\"name\":\"Eurofire\u00ae REI - Lattonedil\",\"isPartOf\":{\"@id\":\"https:\/\/lattonedil.com\/#website\"},\"primaryImageOfPage\":{\"@id\":\"https:\/\/lattonedil.com\/bs\/prodotto\/eurofire-rei\/#primaryimage\"},\"image\":{\"@id\":\"https:\/\/lattonedil.com\/bs\/prodotto\/eurofire-rei\/#primaryimage\"},\"thumbnailUrl\":\"https:\/\/lattonedil.com\/wp-content\/uploads\/2022\/03\/EUROFIRE-REI-1000px.png\",\"datePublished\":\"2022-03-17T11:06:00+00:00\",\"dateModified\":\"2024-09-25T21:01:14+00:00\",\"breadcrumb\":{\"@id\":\"https:\/\/lattonedil.com\/bs\/prodotto\/eurofire-rei\/#breadcrumb\"},\"inLanguage\":\"bs-BA\",\"potentialAction\":[{\"@type\":\"ReadAction\",\"target\":[\"https:\/\/lattonedil.com\/bs\/prodotto\/eurofire-rei\/\"]}]},{\"@type\":\"ImageObject\",\"inLanguage\":\"bs-BA\",\"@id\":\"https:\/\/lattonedil.com\/bs\/prodotto\/eurofire-rei\/#primaryimage\",\"url\":\"https:\/\/lattonedil.com\/wp-content\/uploads\/2022\/03\/EUROFIRE-REI-1000px.png\",\"contentUrl\":\"https:\/\/lattonedil.com\/wp-content\/uploads\/2022\/03\/EUROFIRE-REI-1000px.png\",\"width\":1000,\"height\":600},{\"@type\":\"BreadcrumbList\",\"@id\":\"https:\/\/lattonedil.com\/bs\/prodotto\/eurofire-rei\/#breadcrumb\",\"itemListElement\":[{\"@type\":\"ListItem\",\"position\":1,\"name\":\"Home\",\"item\":\"https:\/\/lattonedil.com\/de\/\"},{\"@type\":\"ListItem\",\"position\":2,\"name\":\"Proizvodi\",\"item\":\"https:\/\/lattonedil.com\/bs\/scopri-i-prodotti\/\"},{\"@type\":\"ListItem\",\"position\":3,\"name\":\"Eurofire\u00ae REI\"}]},{\"@type\":\"WebSite\",\"@id\":\"https:\/\/lattonedil.com\/#website\",\"url\":\"https:\/\/lattonedil.com\/\",\"name\":\"Lattonedil\",\"description\":\"\",\"publisher\":{\"@id\":\"https:\/\/lattonedil.com\/#organization\"},\"potentialAction\":[{\"@type\":\"SearchAction\",\"target\":{\"@type\":\"EntryPoint\",\"urlTemplate\":\"https:\/\/lattonedil.com\/?s={search_term_string}\"},\"query-input\":{\"@type\":\"PropertyValueSpecification\",\"valueRequired\":true,\"valueName\":\"search_term_string\"}}],\"inLanguage\":\"bs-BA\"},{\"@type\":\"Organization\",\"@id\":\"https:\/\/lattonedil.com\/#organization\",\"name\":\"Lattonedil\",\"url\":\"https:\/\/lattonedil.com\/\",\"logo\":{\"@type\":\"ImageObject\",\"inLanguage\":\"bs-BA\",\"@id\":\"https:\/\/lattonedil.com\/#\/schema\/logo\/image\/\",\"url\":\"https:\/\/lattonedil.com\/wp-content\/uploads\/2021\/10\/50-anni-logo-2020-3.png\",\"contentUrl\":\"https:\/\/lattonedil.com\/wp-content\/uploads\/2021\/10\/50-anni-logo-2020-3.png\",\"width\":3192,\"height\":525,\"caption\":\"Lattonedil\"},\"image\":{\"@id\":\"https:\/\/lattonedil.com\/#\/schema\/logo\/image\/\"}}]}<\/script>\n<!-- \/ Yoast SEO plugin. -->","yoast_head_json":{"title":"Eurofire\u00ae REI - Lattonedil","robots":{"index":"index","follow":"follow","max-snippet":"max-snippet:-1","max-image-preview":"max-image-preview:large","max-video-preview":"max-video-preview:-1"},"canonical":"https:\/\/lattonedil.com\/bs\/prodotto\/eurofire-rei\/","og_locale":"bs_BA","og_type":"article","og_title":"Eurofire\u00ae REI - Lattonedil","og_description":"NA ZAHTJEV GUSTINA OD 120 DO 150 KG\/M3  Povjerenje, garancija i sigurnost. Jednom rije\u010dju: EUROFIRE\u00ae REI, najbolja odluka za odli\u010dnu otpornost na vatru. Reakcija na vatru ovog panela se odnosi na klasu A2-s1,d0; otpornost na vatru zavisi od debljine: REI 30 za panel debljine 50 mm REI 90 za panel debljine 80 mm REI 120 za panel debljine 100 mm REI 240 za panel debljine 172 mm Zbog dobre stati\u010dke otpornosti vlakna kamene vune su okomito raspore\u0111ena u dva lima od \u010delika sa 5 rebara.  Izolaciona masa Gustina: 100 kg\/m3 \u00b1 10% Gustina: razli\u010dite gustine na zahtjev  Napomena: Na proizvodnom nivou nije mogu\u0107e popuniti unutra\u0161nje utore zbog karakteristika vrste izolacije.","og_url":"https:\/\/lattonedil.com\/bs\/prodotto\/eurofire-rei\/","og_site_name":"Lattonedil","article_modified_time":"2024-09-25T21:01:14+00:00","og_image":[{"width":1000,"height":600,"url":"https:\/\/lattonedil.com\/wp-content\/uploads\/2022\/03\/EUROFIRE-REI-1000px.png","type":"image\/png"}],"twitter_card":"summary_large_image","twitter_misc":{"Est. reading time":"1 minuta"},"schema":{"@context":"https:\/\/schema.org","@graph":[{"@type":"WebPage","@id":"https:\/\/lattonedil.com\/bs\/prodotto\/eurofire-rei\/","url":"https:\/\/lattonedil.com\/bs\/prodotto\/eurofire-rei\/","name":"Eurofire\u00ae REI - Lattonedil","isPartOf":{"@id":"https:\/\/lattonedil.com\/#website"},"primaryImageOfPage":{"@id":"https:\/\/lattonedil.com\/bs\/prodotto\/eurofire-rei\/#primaryimage"},"image":{"@id":"https:\/\/lattonedil.com\/bs\/prodotto\/eurofire-rei\/#primaryimage"},"thumbnailUrl":"https:\/\/lattonedil.com\/wp-content\/uploads\/2022\/03\/EUROFIRE-REI-1000px.png","datePublished":"2022-03-17T11:06:00+00:00","dateModified":"2024-09-25T21:01:14+00:00","breadcrumb":{"@id":"https:\/\/lattonedil.com\/bs\/prodotto\/eurofire-rei\/#breadcrumb"},"inLanguage":"bs-BA","potentialAction":[{"@type":"ReadAction","target":["https:\/\/lattonedil.com\/bs\/prodotto\/eurofire-rei\/"]}]},{"@type":"ImageObject","inLanguage":"bs-BA","@id":"https:\/\/lattonedil.com\/bs\/prodotto\/eurofire-rei\/#primaryimage","url":"https:\/\/lattonedil.com\/wp-content\/uploads\/2022\/03\/EUROFIRE-REI-1000px.png","contentUrl":"https:\/\/lattonedil.com\/wp-content\/uploads\/2022\/03\/EUROFIRE-REI-1000px.png","width":1000,"height":600},{"@type":"BreadcrumbList","@id":"https:\/\/lattonedil.com\/bs\/prodotto\/eurofire-rei\/#breadcrumb","itemListElement":[{"@type":"ListItem","position":1,"name":"Home","item":"https:\/\/lattonedil.com\/de\/"},{"@type":"ListItem","position":2,"name":"Proizvodi","item":"https:\/\/lattonedil.com\/bs\/scopri-i-prodotti\/"},{"@type":"ListItem","position":3,"name":"Eurofire\u00ae REI"}]},{"@type":"WebSite","@id":"https:\/\/lattonedil.com\/#website","url":"https:\/\/lattonedil.com\/","name":"Lattonedil","description":"","publisher":{"@id":"https:\/\/lattonedil.com\/#organization"},"potentialAction":[{"@type":"SearchAction","target":{"@type":"EntryPoint","urlTemplate":"https:\/\/lattonedil.com\/?s={search_term_string}"},"query-input":{"@type":"PropertyValueSpecification","valueRequired":true,"valueName":"search_term_string"}}],"inLanguage":"bs-BA"},{"@type":"Organization","@id":"https:\/\/lattonedil.com\/#organization","name":"Lattonedil","url":"https:\/\/lattonedil.com\/","logo":{"@type":"ImageObject","inLanguage":"bs-BA","@id":"https:\/\/lattonedil.com\/#\/schema\/logo\/image\/","url":"https:\/\/lattonedil.com\/wp-content\/uploads\/2021\/10\/50-anni-logo-2020-3.png","contentUrl":"https:\/\/lattonedil.com\/wp-content\/uploads\/2021\/10\/50-anni-logo-2020-3.png","width":3192,"height":525,"caption":"Lattonedil"},"image":{"@id":"https:\/\/lattonedil.com\/#\/schema\/logo\/image\/"}}]}},"_links":{"self":[{"href":"https:\/\/lattonedil.com\/bs\/wp-json\/wp\/v2\/product\/77768","targetHints":{"allow":["GET"]}}],"collection":[{"href":"https:\/\/lattonedil.com\/bs\/wp-json\/wp\/v2\/product"}],"about":[{"href":"https:\/\/lattonedil.com\/bs\/wp-json\/wp\/v2\/types\/product"}],"version-history":[{"count":3,"href":"https:\/\/lattonedil.com\/bs\/wp-json\/wp\/v2\/product\/77768\/revisions"}],"predecessor-version":[{"id":77991,"href":"https:\/\/lattonedil.com\/bs\/wp-json\/wp\/v2\/product\/77768\/revisions\/77991"}],"wp:featuredmedia":[{"embeddable":true,"href":"https:\/\/lattonedil.com\/bs\/wp-json\/wp\/v2\/media\/77770"}],"wp:attachment":[{"href":"https:\/\/lattonedil.com\/bs\/wp-json\/wp\/v2\/media?parent=77768"}],"wp:term":[{"taxonomy":"product_brand","embeddable":true,"href":"https:\/\/lattonedil.com\/bs\/wp-json\/wp\/v2\/product_brand?post=77768"},{"taxonomy":"product_cat","embeddable":true,"href":"https:\/\/lattonedil.com\/bs\/wp-json\/wp\/v2\/product_cat?post=77768"},{"taxonomy":"product_tag","embeddable":true,"href":"https:\/\/lattonedil.com\/bs\/wp-json\/wp\/v2\/product_tag?post=77768"}],"curies":[{"name":"wp","href":"https:\/\/api.w.org\/{rel}","templated":true}]}}