{"id":77583,"date":"2022-03-17T12:00:34","date_gmt":"2022-03-17T11:00:34","guid":{"rendered":"https:\/\/lattonedil.com\/prodotto\/isopar\/"},"modified":"2026-04-29T12:05:46","modified_gmt":"2026-04-29T10:05:46","slug":"isopar","status":"publish","type":"product","link":"https:\/\/lattonedil.com\/bs\/prodotto\/isopar\/","title":{"rendered":"Isopar\u00ae"},"content":{"rendered":"\t\t<div data-elementor-type=\"product-post\" data-elementor-id=\"77583\" class=\"elementor elementor-77583 elementor-51490\" data-elementor-post-type=\"product\">\n\t\t\t\t\t\t<section class=\"elementor-section elementor-top-section elementor-element elementor-element-809d24b elementor-section-boxed elementor-section-height-default elementor-section-height-default\" data-id=\"809d24b\" data-element_type=\"section\" data-e-type=\"section\">\n\t\t\t\t\t\t<div class=\"elementor-container elementor-column-gap-default\">\n\t\t\t\t\t<div class=\"elementor-column elementor-col-100 elementor-top-column elementor-element elementor-element-0700b55\" data-id=\"0700b55\" data-element_type=\"column\" data-e-type=\"column\">\n\t\t\t<div class=\"elementor-widget-wrap elementor-element-populated\">\n\t\t\t\t\t\t<div class=\"elementor-element elementor-element-a91a79d elementor-widget elementor-widget-image\" data-id=\"a91a79d\" data-element_type=\"widget\" data-e-type=\"widget\" data-widget_type=\"image.default\">\n\t\t\t\t<div class=\"elementor-widget-container\">\n\t\t\t\t\t\t\t\t\t\t\t\t\t\t\t<img fetchpriority=\"high\" decoding=\"async\" width=\"768\" height=\"221\" src=\"https:\/\/lattonedil.com\/wp-content\/uploads\/2022\/03\/Isopar-HP-1-768x221.png\" class=\"attachment-medium_large size-medium_large wp-image-74291\" alt=\"\" srcset=\"https:\/\/lattonedil.com\/wp-content\/uploads\/2022\/03\/Isopar-HP-1-768x221.png 768w, https:\/\/lattonedil.com\/wp-content\/uploads\/2022\/03\/Isopar-HP-1-300x86.png 300w, https:\/\/lattonedil.com\/wp-content\/uploads\/2022\/03\/Isopar-HP-1-1024x295.png 1024w, https:\/\/lattonedil.com\/wp-content\/uploads\/2022\/03\/Isopar-HP-1-1200x345.png 1200w, https:\/\/lattonedil.com\/wp-content\/uploads\/2022\/03\/Isopar-HP-1-350x100.png 350w, https:\/\/lattonedil.com\/wp-content\/uploads\/2022\/03\/Isopar-HP-1.png 1387w\" sizes=\"(max-width: 768px) 100vw, 768px\" \/>\t\t\t\t\t\t\t\t\t\t\t\t\t\t\t<\/div>\n\t\t\t\t<\/div>\n\t\t\t\t\t<\/div>\n\t\t<\/div>\n\t\t\t\t\t<\/div>\n\t\t<\/section>\n\t\t\t\t<\/div>\n\t\t","protected":false},"excerpt":{"rendered":"<p>Tokom izgradnje va\u017ena je u\u0161teda energije. Pa\u017enja sektora je okrenuta gra\u0111evinskim proizvodima koji ve\u0107 uklju\u010duju visoku izolaciju.<br \/>\nISOPAR\u00ae je ravni samonose\u0107i panel, pogodan za izgradnju monta\u017enih zidova, monta\u017enih baraka, rashladnih komora, izlo\u017ebenog prostora, kliznih kapija i stropova, a idealan je i za projekte koji zahtijevaju lagan, \u010dvrst, izolacioni proizvod. ISOPAR\u00ae svojim \u00abre\u0161etkastim\u00bb, \u00abprugastim\u00bb, \u00abglatkim\u00bb i \u00abdijamantnim\u00bb profilima doprinosi dizajnu nove arhitekture daju\u0107i joj jasan, jednostavan i pravilan izgled.<\/p>\n<p><strong>Dostupan ve\u0107 od najmanjih debljina panela:<\/strong><br \/>\n30-40-50-60-80-100-120-150-180-200-220-240 mm.<\/p>\n","protected":false},"featured_media":77585,"template":"","meta":{"_acf_changed":false},"product_brand":[],"product_cat":[512],"product_tag":[],"class_list":{"0":"post-77583","1":"product","2":"type-product","3":"status-publish","4":"has-post-thumbnail","6":"product_cat-zid","8":"first","9":"instock","10":"shipping-taxable","11":"product-type-simple"},"acf":[],"yoast_head":"<!-- This site is optimized with the Yoast SEO plugin v27.1.1 - https:\/\/yoast.com\/product\/yoast-seo-wordpress\/ -->\n<title>Isopar\u00ae - Lattonedil<\/title>\n<meta name=\"robots\" content=\"index, follow, max-snippet:-1, max-image-preview:large, max-video-preview:-1\" \/>\n<link rel=\"canonical\" href=\"https:\/\/lattonedil.com\/bs\/prodotto\/isopar\/\" \/>\n<meta property=\"og:locale\" content=\"bs_BA\" \/>\n<meta property=\"og:type\" content=\"article\" \/>\n<meta property=\"og:title\" content=\"Isopar\u00ae - Lattonedil\" \/>\n<meta property=\"og:description\" content=\"Tokom izgradnje va\u017ena je u\u0161teda energije. Pa\u017enja sektora je okrenuta gra\u0111evinskim proizvodima koji ve\u0107 uklju\u010duju visoku izolaciju. ISOPAR\u00ae je ravni samonose\u0107i panel, pogodan za izgradnju monta\u017enih zidova, monta\u017enih baraka, rashladnih komora, izlo\u017ebenog prostora, kliznih kapija i stropova, a idealan je i za projekte koji zahtijevaju lagan, \u010dvrst, izolacioni proizvod. ISOPAR\u00ae svojim \u00abre\u0161etkastim\u00bb, \u00abprugastim\u00bb, \u00abglatkim\u00bb i \u00abdijamantnim\u00bb profilima doprinosi dizajnu nove arhitekture daju\u0107i joj jasan, jednostavan i pravilan izgled.  Dostupan ve\u0107 od najmanjih debljina panela: 30-40-50-60-80-100-120-150-180-200-220-240 mm.\" \/>\n<meta property=\"og:url\" content=\"https:\/\/lattonedil.com\/bs\/prodotto\/isopar\/\" \/>\n<meta property=\"og:site_name\" content=\"Lattonedil\" \/>\n<meta property=\"article:modified_time\" content=\"2026-04-29T10:05:46+00:00\" \/>\n<meta property=\"og:image\" content=\"https:\/\/lattonedil.com\/wp-content\/uploads\/2022\/03\/ISOPAR-profilo-1000px.png\" \/>\n\t<meta property=\"og:image:width\" content=\"1000\" \/>\n\t<meta property=\"og:image:height\" content=\"600\" \/>\n\t<meta property=\"og:image:type\" content=\"image\/png\" \/>\n<meta name=\"twitter:card\" content=\"summary_large_image\" \/>\n<meta name=\"twitter:label1\" content=\"Est. reading time\" \/>\n\t<meta name=\"twitter:data1\" content=\"1 minuta\" \/>\n<script type=\"application\/ld+json\" class=\"yoast-schema-graph\">{\"@context\":\"https:\/\/schema.org\",\"@graph\":[{\"@type\":\"WebPage\",\"@id\":\"https:\/\/lattonedil.com\/bs\/prodotto\/isopar\/\",\"url\":\"https:\/\/lattonedil.com\/bs\/prodotto\/isopar\/\",\"name\":\"Isopar\u00ae - Lattonedil\",\"isPartOf\":{\"@id\":\"https:\/\/lattonedil.com\/#website\"},\"primaryImageOfPage\":{\"@id\":\"https:\/\/lattonedil.com\/bs\/prodotto\/isopar\/#primaryimage\"},\"image\":{\"@id\":\"https:\/\/lattonedil.com\/bs\/prodotto\/isopar\/#primaryimage\"},\"thumbnailUrl\":\"https:\/\/lattonedil.com\/wp-content\/uploads\/2022\/03\/ISOPAR-profilo-1000px.png\",\"datePublished\":\"2022-03-17T11:00:34+00:00\",\"dateModified\":\"2026-04-29T10:05:46+00:00\",\"breadcrumb\":{\"@id\":\"https:\/\/lattonedil.com\/bs\/prodotto\/isopar\/#breadcrumb\"},\"inLanguage\":\"bs-BA\",\"potentialAction\":[{\"@type\":\"ReadAction\",\"target\":[\"https:\/\/lattonedil.com\/bs\/prodotto\/isopar\/\"]}]},{\"@type\":\"ImageObject\",\"inLanguage\":\"bs-BA\",\"@id\":\"https:\/\/lattonedil.com\/bs\/prodotto\/isopar\/#primaryimage\",\"url\":\"https:\/\/lattonedil.com\/wp-content\/uploads\/2022\/03\/ISOPAR-profilo-1000px.png\",\"contentUrl\":\"https:\/\/lattonedil.com\/wp-content\/uploads\/2022\/03\/ISOPAR-profilo-1000px.png\",\"width\":1000,\"height\":600},{\"@type\":\"BreadcrumbList\",\"@id\":\"https:\/\/lattonedil.com\/bs\/prodotto\/isopar\/#breadcrumb\",\"itemListElement\":[{\"@type\":\"ListItem\",\"position\":1,\"name\":\"Home\",\"item\":\"https:\/\/lattonedil.com\/de\/\"},{\"@type\":\"ListItem\",\"position\":2,\"name\":\"Proizvodi\",\"item\":\"https:\/\/lattonedil.com\/bs\/scopri-i-prodotti\/\"},{\"@type\":\"ListItem\",\"position\":3,\"name\":\"Isopar\u00ae\"}]},{\"@type\":\"WebSite\",\"@id\":\"https:\/\/lattonedil.com\/#website\",\"url\":\"https:\/\/lattonedil.com\/\",\"name\":\"Lattonedil\",\"description\":\"\",\"publisher\":{\"@id\":\"https:\/\/lattonedil.com\/#organization\"},\"potentialAction\":[{\"@type\":\"SearchAction\",\"target\":{\"@type\":\"EntryPoint\",\"urlTemplate\":\"https:\/\/lattonedil.com\/?s={search_term_string}\"},\"query-input\":{\"@type\":\"PropertyValueSpecification\",\"valueRequired\":true,\"valueName\":\"search_term_string\"}}],\"inLanguage\":\"bs-BA\"},{\"@type\":\"Organization\",\"@id\":\"https:\/\/lattonedil.com\/#organization\",\"name\":\"Lattonedil\",\"url\":\"https:\/\/lattonedil.com\/\",\"logo\":{\"@type\":\"ImageObject\",\"inLanguage\":\"bs-BA\",\"@id\":\"https:\/\/lattonedil.com\/#\/schema\/logo\/image\/\",\"url\":\"https:\/\/lattonedil.com\/wp-content\/uploads\/2021\/10\/50-anni-logo-2020-3.png\",\"contentUrl\":\"https:\/\/lattonedil.com\/wp-content\/uploads\/2021\/10\/50-anni-logo-2020-3.png\",\"width\":3192,\"height\":525,\"caption\":\"Lattonedil\"},\"image\":{\"@id\":\"https:\/\/lattonedil.com\/#\/schema\/logo\/image\/\"}}]}<\/script>\n<!-- \/ Yoast SEO plugin. -->","yoast_head_json":{"title":"Isopar\u00ae - Lattonedil","robots":{"index":"index","follow":"follow","max-snippet":"max-snippet:-1","max-image-preview":"max-image-preview:large","max-video-preview":"max-video-preview:-1"},"canonical":"https:\/\/lattonedil.com\/bs\/prodotto\/isopar\/","og_locale":"bs_BA","og_type":"article","og_title":"Isopar\u00ae - Lattonedil","og_description":"Tokom izgradnje va\u017ena je u\u0161teda energije. Pa\u017enja sektora je okrenuta gra\u0111evinskim proizvodima koji ve\u0107 uklju\u010duju visoku izolaciju. ISOPAR\u00ae je ravni samonose\u0107i panel, pogodan za izgradnju monta\u017enih zidova, monta\u017enih baraka, rashladnih komora, izlo\u017ebenog prostora, kliznih kapija i stropova, a idealan je i za projekte koji zahtijevaju lagan, \u010dvrst, izolacioni proizvod. ISOPAR\u00ae svojim \u00abre\u0161etkastim\u00bb, \u00abprugastim\u00bb, \u00abglatkim\u00bb i \u00abdijamantnim\u00bb profilima doprinosi dizajnu nove arhitekture daju\u0107i joj jasan, jednostavan i pravilan izgled.  Dostupan ve\u0107 od najmanjih debljina panela: 30-40-50-60-80-100-120-150-180-200-220-240 mm.","og_url":"https:\/\/lattonedil.com\/bs\/prodotto\/isopar\/","og_site_name":"Lattonedil","article_modified_time":"2026-04-29T10:05:46+00:00","og_image":[{"width":1000,"height":600,"url":"https:\/\/lattonedil.com\/wp-content\/uploads\/2022\/03\/ISOPAR-profilo-1000px.png","type":"image\/png"}],"twitter_card":"summary_large_image","twitter_misc":{"Est. reading time":"1 minuta"},"schema":{"@context":"https:\/\/schema.org","@graph":[{"@type":"WebPage","@id":"https:\/\/lattonedil.com\/bs\/prodotto\/isopar\/","url":"https:\/\/lattonedil.com\/bs\/prodotto\/isopar\/","name":"Isopar\u00ae - Lattonedil","isPartOf":{"@id":"https:\/\/lattonedil.com\/#website"},"primaryImageOfPage":{"@id":"https:\/\/lattonedil.com\/bs\/prodotto\/isopar\/#primaryimage"},"image":{"@id":"https:\/\/lattonedil.com\/bs\/prodotto\/isopar\/#primaryimage"},"thumbnailUrl":"https:\/\/lattonedil.com\/wp-content\/uploads\/2022\/03\/ISOPAR-profilo-1000px.png","datePublished":"2022-03-17T11:00:34+00:00","dateModified":"2026-04-29T10:05:46+00:00","breadcrumb":{"@id":"https:\/\/lattonedil.com\/bs\/prodotto\/isopar\/#breadcrumb"},"inLanguage":"bs-BA","potentialAction":[{"@type":"ReadAction","target":["https:\/\/lattonedil.com\/bs\/prodotto\/isopar\/"]}]},{"@type":"ImageObject","inLanguage":"bs-BA","@id":"https:\/\/lattonedil.com\/bs\/prodotto\/isopar\/#primaryimage","url":"https:\/\/lattonedil.com\/wp-content\/uploads\/2022\/03\/ISOPAR-profilo-1000px.png","contentUrl":"https:\/\/lattonedil.com\/wp-content\/uploads\/2022\/03\/ISOPAR-profilo-1000px.png","width":1000,"height":600},{"@type":"BreadcrumbList","@id":"https:\/\/lattonedil.com\/bs\/prodotto\/isopar\/#breadcrumb","itemListElement":[{"@type":"ListItem","position":1,"name":"Home","item":"https:\/\/lattonedil.com\/de\/"},{"@type":"ListItem","position":2,"name":"Proizvodi","item":"https:\/\/lattonedil.com\/bs\/scopri-i-prodotti\/"},{"@type":"ListItem","position":3,"name":"Isopar\u00ae"}]},{"@type":"WebSite","@id":"https:\/\/lattonedil.com\/#website","url":"https:\/\/lattonedil.com\/","name":"Lattonedil","description":"","publisher":{"@id":"https:\/\/lattonedil.com\/#organization"},"potentialAction":[{"@type":"SearchAction","target":{"@type":"EntryPoint","urlTemplate":"https:\/\/lattonedil.com\/?s={search_term_string}"},"query-input":{"@type":"PropertyValueSpecification","valueRequired":true,"valueName":"search_term_string"}}],"inLanguage":"bs-BA"},{"@type":"Organization","@id":"https:\/\/lattonedil.com\/#organization","name":"Lattonedil","url":"https:\/\/lattonedil.com\/","logo":{"@type":"ImageObject","inLanguage":"bs-BA","@id":"https:\/\/lattonedil.com\/#\/schema\/logo\/image\/","url":"https:\/\/lattonedil.com\/wp-content\/uploads\/2021\/10\/50-anni-logo-2020-3.png","contentUrl":"https:\/\/lattonedil.com\/wp-content\/uploads\/2021\/10\/50-anni-logo-2020-3.png","width":3192,"height":525,"caption":"Lattonedil"},"image":{"@id":"https:\/\/lattonedil.com\/#\/schema\/logo\/image\/"}}]}},"_links":{"self":[{"href":"https:\/\/lattonedil.com\/bs\/wp-json\/wp\/v2\/product\/77583","targetHints":{"allow":["GET"]}}],"collection":[{"href":"https:\/\/lattonedil.com\/bs\/wp-json\/wp\/v2\/product"}],"about":[{"href":"https:\/\/lattonedil.com\/bs\/wp-json\/wp\/v2\/types\/product"}],"version-history":[{"count":10,"href":"https:\/\/lattonedil.com\/bs\/wp-json\/wp\/v2\/product\/77583\/revisions"}],"predecessor-version":[{"id":90676,"href":"https:\/\/lattonedil.com\/bs\/wp-json\/wp\/v2\/product\/77583\/revisions\/90676"}],"wp:featuredmedia":[{"embeddable":true,"href":"https:\/\/lattonedil.com\/bs\/wp-json\/wp\/v2\/media\/77585"}],"wp:attachment":[{"href":"https:\/\/lattonedil.com\/bs\/wp-json\/wp\/v2\/media?parent=77583"}],"wp:term":[{"taxonomy":"product_brand","embeddable":true,"href":"https:\/\/lattonedil.com\/bs\/wp-json\/wp\/v2\/product_brand?post=77583"},{"taxonomy":"product_cat","embeddable":true,"href":"https:\/\/lattonedil.com\/bs\/wp-json\/wp\/v2\/product_cat?post=77583"},{"taxonomy":"product_tag","embeddable":true,"href":"https:\/\/lattonedil.com\/bs\/wp-json\/wp\/v2\/product_tag?post=77583"}],"curies":[{"name":"wp","href":"https:\/\/api.w.org\/{rel}","templated":true}]}}