{"id":77576,"date":"2022-03-17T12:01:06","date_gmt":"2022-03-17T11:01:06","guid":{"rendered":"https:\/\/lattonedil.com\/prodotto\/isopar-elite\/"},"modified":"2024-09-25T22:52:55","modified_gmt":"2024-09-25T20:52:55","slug":"isopar-elite","status":"publish","type":"product","link":"https:\/\/lattonedil.com\/bs\/prodotto\/isopar-elite\/","title":{"rendered":"Isopar\u00ae \u00c9lite"},"content":{"rendered":"<p><img fetchpriority=\"high\" decoding=\"async\" class=\"alignnone wp-image-77935\" src=\"https:\/\/lattonedil.com\/wp-content\/uploads\/2022\/03\/Isopar-elite-bosnia-40-1024x295.png\" alt=\"\" width=\"900\" height=\"259\" srcset=\"https:\/\/lattonedil.com\/wp-content\/uploads\/2022\/03\/Isopar-elite-bosnia-40-1024x295.png 1024w, https:\/\/lattonedil.com\/wp-content\/uploads\/2022\/03\/Isopar-elite-bosnia-40-300x86.png 300w, https:\/\/lattonedil.com\/wp-content\/uploads\/2022\/03\/Isopar-elite-bosnia-40-768x221.png 768w, https:\/\/lattonedil.com\/wp-content\/uploads\/2022\/03\/Isopar-elite-bosnia-40-1200x345.png 1200w, https:\/\/lattonedil.com\/wp-content\/uploads\/2022\/03\/Isopar-elite-bosnia-40-350x100.png 350w, https:\/\/lattonedil.com\/wp-content\/uploads\/2022\/03\/Isopar-elite-bosnia-40.png 1387w\" sizes=\"(max-width: 900px) 100vw, 900px\" \/><\/p>\n<p><img decoding=\"async\" class=\"alignnone wp-image-77940\" src=\"https:\/\/lattonedil.com\/wp-content\/uploads\/2022\/03\/Isopar-elite-bosnia-30-1024x295.png\" alt=\"\" width=\"900\" height=\"259\" srcset=\"https:\/\/lattonedil.com\/wp-content\/uploads\/2022\/03\/Isopar-elite-bosnia-30-1024x295.png 1024w, https:\/\/lattonedil.com\/wp-content\/uploads\/2022\/03\/Isopar-elite-bosnia-30-300x86.png 300w, https:\/\/lattonedil.com\/wp-content\/uploads\/2022\/03\/Isopar-elite-bosnia-30-768x221.png 768w, https:\/\/lattonedil.com\/wp-content\/uploads\/2022\/03\/Isopar-elite-bosnia-30-1200x345.png 1200w, https:\/\/lattonedil.com\/wp-content\/uploads\/2022\/03\/Isopar-elite-bosnia-30-350x100.png 350w, https:\/\/lattonedil.com\/wp-content\/uploads\/2022\/03\/Isopar-elite-bosnia-30.png 1387w\" sizes=\"(max-width: 900px) 100vw, 900px\" \/><\/p>\n<p><img decoding=\"async\" class=\"alignnone wp-image-77945\" src=\"https:\/\/lattonedil.com\/wp-content\/uploads\/2022\/03\/Isopar-elite-bosnia-img-1024x295.png\" alt=\"\" width=\"900\" height=\"259\" srcset=\"https:\/\/lattonedil.com\/wp-content\/uploads\/2022\/03\/Isopar-elite-bosnia-img-1024x295.png 1024w, https:\/\/lattonedil.com\/wp-content\/uploads\/2022\/03\/Isopar-elite-bosnia-img-300x86.png 300w, https:\/\/lattonedil.com\/wp-content\/uploads\/2022\/03\/Isopar-elite-bosnia-img-768x221.png 768w, https:\/\/lattonedil.com\/wp-content\/uploads\/2022\/03\/Isopar-elite-bosnia-img-1200x345.png 1200w, https:\/\/lattonedil.com\/wp-content\/uploads\/2022\/03\/Isopar-elite-bosnia-img-350x100.png 350w, https:\/\/lattonedil.com\/wp-content\/uploads\/2022\/03\/Isopar-elite-bosnia-img.png 1387w\" sizes=\"(max-width: 900px) 100vw, 900px\" \/><\/p>\n<p>Lattonedil preporu\u010duje da se tokom faze monta\u017ee koristi \u010deli\u010dna plo\u010dica za pri\u010dvr\u0161c\u0301ivanje. Plo\u010dica ima svrhu da raspodijeli naprezanja koja proizilaze iz fiksiranja i povec\u0301a otpornost na naprezanja pritiska koji djeluje na zidne panele. Polo\u017eaj i broj ta\u010daka pri\u010dvr\u0161c\u0301ivanja mora da defini\u0161e projektant u fazi projektovanja, na osnovu naprezanja na konstrukciju.<\/p>\n","protected":false},"excerpt":{"rendered":"<p>Estetski izgled zidova je jako bitan u mnogim slu\u010dajevima.<br \/>\nISOPAR\u00ae, nakon pa\u017eljivih studija, predstavljen je sa skrivenim spojem. Pri\u010dvr\u0161\u0107ivanje panela se odvija kroz spoj prikazan na crte\u017eu.<br \/>\nSada se prakti\u010dnosti i kvalitetu ISOPAR\u00ae dodaje ljepota zida sa skrivenim spojem.<\/p>\n<p><strong>ISOPAR\u00ae \u00e9lite je vec\u0301 dostupan u najmanjim debljinama:<\/strong><br \/>\n30-40-50-60-80-100-120-150 mm.<\/p>\n","protected":false},"featured_media":77578,"template":"","meta":{"_acf_changed":false},"product_brand":[],"product_cat":[512],"product_tag":[],"class_list":{"0":"post-77576","1":"product","2":"type-product","3":"status-publish","4":"has-post-thumbnail","6":"product_cat-zid","8":"first","9":"instock","10":"shipping-taxable","11":"product-type-simple"},"acf":[],"yoast_head":"<!-- This site is optimized with the Yoast SEO plugin v27.1.1 - https:\/\/yoast.com\/product\/yoast-seo-wordpress\/ -->\n<title>Isopar\u00ae \u00c9lite - Lattonedil<\/title>\n<meta name=\"robots\" content=\"index, follow, max-snippet:-1, max-image-preview:large, max-video-preview:-1\" \/>\n<link rel=\"canonical\" href=\"https:\/\/lattonedil.com\/bs\/prodotto\/isopar-elite\/\" \/>\n<meta property=\"og:locale\" content=\"bs_BA\" \/>\n<meta property=\"og:type\" content=\"article\" \/>\n<meta property=\"og:title\" content=\"Isopar\u00ae \u00c9lite - Lattonedil\" \/>\n<meta property=\"og:description\" content=\"Estetski izgled zidova je jako bitan u mnogim slu\u010dajevima. ISOPAR\u00ae, nakon pa\u017eljivih studija, predstavljen je sa skrivenim spojem. Pri\u010dvr\u0161\u0107ivanje panela se odvija kroz spoj prikazan na crte\u017eu. Sada se prakti\u010dnosti i kvalitetu ISOPAR\u00ae dodaje ljepota zida sa skrivenim spojem.  ISOPAR\u00ae \u00e9lite je vec\u0301 dostupan u najmanjim debljinama: 30-40-50-60-80-100-120-150 mm.\" \/>\n<meta property=\"og:url\" content=\"https:\/\/lattonedil.com\/bs\/prodotto\/isopar-elite\/\" \/>\n<meta property=\"og:site_name\" content=\"Lattonedil\" \/>\n<meta property=\"article:modified_time\" content=\"2024-09-25T20:52:55+00:00\" \/>\n<meta property=\"og:image\" content=\"https:\/\/lattonedil.com\/wp-content\/uploads\/2022\/03\/ISOPAR-ELITE-profilo-1000px.png\" \/>\n\t<meta property=\"og:image:width\" content=\"1000\" \/>\n\t<meta property=\"og:image:height\" content=\"600\" \/>\n\t<meta property=\"og:image:type\" content=\"image\/png\" \/>\n<meta name=\"twitter:card\" content=\"summary_large_image\" \/>\n<meta name=\"twitter:label1\" content=\"Est. reading time\" \/>\n\t<meta name=\"twitter:data1\" content=\"2 minute\" \/>\n<script type=\"application\/ld+json\" class=\"yoast-schema-graph\">{\"@context\":\"https:\/\/schema.org\",\"@graph\":[{\"@type\":\"WebPage\",\"@id\":\"https:\/\/lattonedil.com\/bs\/prodotto\/isopar-elite\/\",\"url\":\"https:\/\/lattonedil.com\/bs\/prodotto\/isopar-elite\/\",\"name\":\"Isopar\u00ae \u00c9lite - Lattonedil\",\"isPartOf\":{\"@id\":\"https:\/\/lattonedil.com\/#website\"},\"primaryImageOfPage\":{\"@id\":\"https:\/\/lattonedil.com\/bs\/prodotto\/isopar-elite\/#primaryimage\"},\"image\":{\"@id\":\"https:\/\/lattonedil.com\/bs\/prodotto\/isopar-elite\/#primaryimage\"},\"thumbnailUrl\":\"https:\/\/lattonedil.com\/wp-content\/uploads\/2022\/03\/ISOPAR-ELITE-profilo-1000px.png\",\"datePublished\":\"2022-03-17T11:01:06+00:00\",\"dateModified\":\"2024-09-25T20:52:55+00:00\",\"breadcrumb\":{\"@id\":\"https:\/\/lattonedil.com\/bs\/prodotto\/isopar-elite\/#breadcrumb\"},\"inLanguage\":\"bs-BA\",\"potentialAction\":[{\"@type\":\"ReadAction\",\"target\":[\"https:\/\/lattonedil.com\/bs\/prodotto\/isopar-elite\/\"]}]},{\"@type\":\"ImageObject\",\"inLanguage\":\"bs-BA\",\"@id\":\"https:\/\/lattonedil.com\/bs\/prodotto\/isopar-elite\/#primaryimage\",\"url\":\"https:\/\/lattonedil.com\/wp-content\/uploads\/2022\/03\/ISOPAR-ELITE-profilo-1000px.png\",\"contentUrl\":\"https:\/\/lattonedil.com\/wp-content\/uploads\/2022\/03\/ISOPAR-ELITE-profilo-1000px.png\",\"width\":1000,\"height\":600},{\"@type\":\"BreadcrumbList\",\"@id\":\"https:\/\/lattonedil.com\/bs\/prodotto\/isopar-elite\/#breadcrumb\",\"itemListElement\":[{\"@type\":\"ListItem\",\"position\":1,\"name\":\"Home\",\"item\":\"https:\/\/lattonedil.com\/de\/\"},{\"@type\":\"ListItem\",\"position\":2,\"name\":\"Proizvodi\",\"item\":\"https:\/\/lattonedil.com\/bs\/scopri-i-prodotti\/\"},{\"@type\":\"ListItem\",\"position\":3,\"name\":\"Isopar\u00ae \u00c9lite\"}]},{\"@type\":\"WebSite\",\"@id\":\"https:\/\/lattonedil.com\/#website\",\"url\":\"https:\/\/lattonedil.com\/\",\"name\":\"Lattonedil\",\"description\":\"\",\"publisher\":{\"@id\":\"https:\/\/lattonedil.com\/#organization\"},\"potentialAction\":[{\"@type\":\"SearchAction\",\"target\":{\"@type\":\"EntryPoint\",\"urlTemplate\":\"https:\/\/lattonedil.com\/?s={search_term_string}\"},\"query-input\":{\"@type\":\"PropertyValueSpecification\",\"valueRequired\":true,\"valueName\":\"search_term_string\"}}],\"inLanguage\":\"bs-BA\"},{\"@type\":\"Organization\",\"@id\":\"https:\/\/lattonedil.com\/#organization\",\"name\":\"Lattonedil\",\"url\":\"https:\/\/lattonedil.com\/\",\"logo\":{\"@type\":\"ImageObject\",\"inLanguage\":\"bs-BA\",\"@id\":\"https:\/\/lattonedil.com\/#\/schema\/logo\/image\/\",\"url\":\"https:\/\/lattonedil.com\/wp-content\/uploads\/2021\/10\/50-anni-logo-2020-3.png\",\"contentUrl\":\"https:\/\/lattonedil.com\/wp-content\/uploads\/2021\/10\/50-anni-logo-2020-3.png\",\"width\":3192,\"height\":525,\"caption\":\"Lattonedil\"},\"image\":{\"@id\":\"https:\/\/lattonedil.com\/#\/schema\/logo\/image\/\"}}]}<\/script>\n<!-- \/ Yoast SEO plugin. -->","yoast_head_json":{"title":"Isopar\u00ae \u00c9lite - Lattonedil","robots":{"index":"index","follow":"follow","max-snippet":"max-snippet:-1","max-image-preview":"max-image-preview:large","max-video-preview":"max-video-preview:-1"},"canonical":"https:\/\/lattonedil.com\/bs\/prodotto\/isopar-elite\/","og_locale":"bs_BA","og_type":"article","og_title":"Isopar\u00ae \u00c9lite - Lattonedil","og_description":"Estetski izgled zidova je jako bitan u mnogim slu\u010dajevima. ISOPAR\u00ae, nakon pa\u017eljivih studija, predstavljen je sa skrivenim spojem. Pri\u010dvr\u0161\u0107ivanje panela se odvija kroz spoj prikazan na crte\u017eu. Sada se prakti\u010dnosti i kvalitetu ISOPAR\u00ae dodaje ljepota zida sa skrivenim spojem.  ISOPAR\u00ae \u00e9lite je vec\u0301 dostupan u najmanjim debljinama: 30-40-50-60-80-100-120-150 mm.","og_url":"https:\/\/lattonedil.com\/bs\/prodotto\/isopar-elite\/","og_site_name":"Lattonedil","article_modified_time":"2024-09-25T20:52:55+00:00","og_image":[{"width":1000,"height":600,"url":"https:\/\/lattonedil.com\/wp-content\/uploads\/2022\/03\/ISOPAR-ELITE-profilo-1000px.png","type":"image\/png"}],"twitter_card":"summary_large_image","twitter_misc":{"Est. reading time":"2 minute"},"schema":{"@context":"https:\/\/schema.org","@graph":[{"@type":"WebPage","@id":"https:\/\/lattonedil.com\/bs\/prodotto\/isopar-elite\/","url":"https:\/\/lattonedil.com\/bs\/prodotto\/isopar-elite\/","name":"Isopar\u00ae \u00c9lite - Lattonedil","isPartOf":{"@id":"https:\/\/lattonedil.com\/#website"},"primaryImageOfPage":{"@id":"https:\/\/lattonedil.com\/bs\/prodotto\/isopar-elite\/#primaryimage"},"image":{"@id":"https:\/\/lattonedil.com\/bs\/prodotto\/isopar-elite\/#primaryimage"},"thumbnailUrl":"https:\/\/lattonedil.com\/wp-content\/uploads\/2022\/03\/ISOPAR-ELITE-profilo-1000px.png","datePublished":"2022-03-17T11:01:06+00:00","dateModified":"2024-09-25T20:52:55+00:00","breadcrumb":{"@id":"https:\/\/lattonedil.com\/bs\/prodotto\/isopar-elite\/#breadcrumb"},"inLanguage":"bs-BA","potentialAction":[{"@type":"ReadAction","target":["https:\/\/lattonedil.com\/bs\/prodotto\/isopar-elite\/"]}]},{"@type":"ImageObject","inLanguage":"bs-BA","@id":"https:\/\/lattonedil.com\/bs\/prodotto\/isopar-elite\/#primaryimage","url":"https:\/\/lattonedil.com\/wp-content\/uploads\/2022\/03\/ISOPAR-ELITE-profilo-1000px.png","contentUrl":"https:\/\/lattonedil.com\/wp-content\/uploads\/2022\/03\/ISOPAR-ELITE-profilo-1000px.png","width":1000,"height":600},{"@type":"BreadcrumbList","@id":"https:\/\/lattonedil.com\/bs\/prodotto\/isopar-elite\/#breadcrumb","itemListElement":[{"@type":"ListItem","position":1,"name":"Home","item":"https:\/\/lattonedil.com\/de\/"},{"@type":"ListItem","position":2,"name":"Proizvodi","item":"https:\/\/lattonedil.com\/bs\/scopri-i-prodotti\/"},{"@type":"ListItem","position":3,"name":"Isopar\u00ae \u00c9lite"}]},{"@type":"WebSite","@id":"https:\/\/lattonedil.com\/#website","url":"https:\/\/lattonedil.com\/","name":"Lattonedil","description":"","publisher":{"@id":"https:\/\/lattonedil.com\/#organization"},"potentialAction":[{"@type":"SearchAction","target":{"@type":"EntryPoint","urlTemplate":"https:\/\/lattonedil.com\/?s={search_term_string}"},"query-input":{"@type":"PropertyValueSpecification","valueRequired":true,"valueName":"search_term_string"}}],"inLanguage":"bs-BA"},{"@type":"Organization","@id":"https:\/\/lattonedil.com\/#organization","name":"Lattonedil","url":"https:\/\/lattonedil.com\/","logo":{"@type":"ImageObject","inLanguage":"bs-BA","@id":"https:\/\/lattonedil.com\/#\/schema\/logo\/image\/","url":"https:\/\/lattonedil.com\/wp-content\/uploads\/2021\/10\/50-anni-logo-2020-3.png","contentUrl":"https:\/\/lattonedil.com\/wp-content\/uploads\/2021\/10\/50-anni-logo-2020-3.png","width":3192,"height":525,"caption":"Lattonedil"},"image":{"@id":"https:\/\/lattonedil.com\/#\/schema\/logo\/image\/"}}]}},"_links":{"self":[{"href":"https:\/\/lattonedil.com\/bs\/wp-json\/wp\/v2\/product\/77576","targetHints":{"allow":["GET"]}}],"collection":[{"href":"https:\/\/lattonedil.com\/bs\/wp-json\/wp\/v2\/product"}],"about":[{"href":"https:\/\/lattonedil.com\/bs\/wp-json\/wp\/v2\/types\/product"}],"version-history":[{"count":5,"href":"https:\/\/lattonedil.com\/bs\/wp-json\/wp\/v2\/product\/77576\/revisions"}],"predecessor-version":[{"id":77950,"href":"https:\/\/lattonedil.com\/bs\/wp-json\/wp\/v2\/product\/77576\/revisions\/77950"}],"wp:featuredmedia":[{"embeddable":true,"href":"https:\/\/lattonedil.com\/bs\/wp-json\/wp\/v2\/media\/77578"}],"wp:attachment":[{"href":"https:\/\/lattonedil.com\/bs\/wp-json\/wp\/v2\/media?parent=77576"}],"wp:term":[{"taxonomy":"product_brand","embeddable":true,"href":"https:\/\/lattonedil.com\/bs\/wp-json\/wp\/v2\/product_brand?post=77576"},{"taxonomy":"product_cat","embeddable":true,"href":"https:\/\/lattonedil.com\/bs\/wp-json\/wp\/v2\/product_cat?post=77576"},{"taxonomy":"product_tag","embeddable":true,"href":"https:\/\/lattonedil.com\/bs\/wp-json\/wp\/v2\/product_tag?post=77576"}],"curies":[{"name":"wp","href":"https:\/\/api.w.org\/{rel}","templated":true}]}}