{"id":77573,"date":"2022-03-17T11:58:50","date_gmt":"2022-03-17T10:58:50","guid":{"rendered":"https:\/\/lattonedil.com\/prodotto\/isofactor-eurocinque\/"},"modified":"2026-04-29T11:19:36","modified_gmt":"2026-04-29T09:19:36","slug":"isofactor-eurocinque","status":"publish","type":"product","link":"https:\/\/lattonedil.com\/bs\/prodotto\/isofactor-eurocinque\/","title":{"rendered":"Isofactor\u00ae Eurocinque"},"content":{"rendered":"<p><img fetchpriority=\"high\" decoding=\"async\" class=\"alignnone wp-image-77906\" src=\"https:\/\/lattonedil.com\/wp-content\/uploads\/2022\/03\/Isofactor-eurocinque-bosnia-1024x295.png\" alt=\"\" width=\"900\" height=\"259\" srcset=\"https:\/\/lattonedil.com\/wp-content\/uploads\/2022\/03\/Isofactor-eurocinque-bosnia-1024x295.png 1024w, https:\/\/lattonedil.com\/wp-content\/uploads\/2022\/03\/Isofactor-eurocinque-bosnia-300x86.png 300w, https:\/\/lattonedil.com\/wp-content\/uploads\/2022\/03\/Isofactor-eurocinque-bosnia-768x221.png 768w, https:\/\/lattonedil.com\/wp-content\/uploads\/2022\/03\/Isofactor-eurocinque-bosnia-1200x345.png 1200w, https:\/\/lattonedil.com\/wp-content\/uploads\/2022\/03\/Isofactor-eurocinque-bosnia-350x100.png 350w, https:\/\/lattonedil.com\/wp-content\/uploads\/2022\/03\/Isofactor-eurocinque-bosnia.png 1387w\" sizes=\"(max-width: 900px) 100vw, 900px\" \/><\/p>\n","protected":false},"excerpt":{"rendered":"<p>ISOFACTOR\u00ae je paleta Lattonedil-ovih panela namijenjenih poljoprivrednoj i sto\u010darskoj industriji zahvaljuju\u0107i dodavanju fiberglasa koji daje panelu visoku otpornost na hemijska i bakterijska sredstva (posebno ureu i amonijak) i dobru otpornost na ogrebotine.<br \/>\nISOFACTOR\u00ae krovni paneli se stoga mogu o\u010distiti i oprati sa unutra\u0161nje strane, spre\u010davaju\u0107i probleme s higijenom i korozijom, \u0161to zna\u010di da \u0107e trajati dugo vremena i za\u0161tititi va\u0161e ulaganje.<br \/>\nISOFACTOR\u00ae EUROCINQUE je samonosivi panel sastavljen od ekolo\u0161ki prihvatljivog, ekspandiranog poliuretanskog izolacijskog jezgra visoke gusto\u0107e, oblo\u017eenog krutim vanjskim slojem \u010delika ili aluminija s pet rebara i dobrom otporno\u0161\u0107u na statiku i fiberglas vlaknima, Maksimalna debljina izrade 150 mm.<\/p>\n","protected":false},"featured_media":77575,"template":"","meta":{"_acf_changed":false},"product_brand":[],"product_cat":[506],"product_tag":[],"class_list":{"0":"post-77573","1":"product","2":"type-product","3":"status-publish","4":"has-post-thumbnail","6":"product_cat-covers","7":"description-off","9":"first","10":"instock","11":"shipping-taxable","12":"product-type-simple"},"acf":[],"yoast_head":"<!-- This site is optimized with the Yoast SEO plugin v27.1.1 - https:\/\/yoast.com\/product\/yoast-seo-wordpress\/ -->\n<title>Isofactor\u00ae Eurocinque - Lattonedil<\/title>\n<meta name=\"robots\" content=\"index, follow, max-snippet:-1, max-image-preview:large, max-video-preview:-1\" \/>\n<link rel=\"canonical\" href=\"https:\/\/lattonedil.com\/bs\/prodotto\/isofactor-eurocinque\/\" \/>\n<meta property=\"og:locale\" content=\"bs_BA\" \/>\n<meta property=\"og:type\" content=\"article\" \/>\n<meta property=\"og:title\" content=\"Isofactor\u00ae Eurocinque - Lattonedil\" \/>\n<meta property=\"og:description\" content=\"ISOFACTOR\u00ae je paleta Lattonedil-ovih panela namijenjenih poljoprivrednoj i sto\u010darskoj industriji zahvaljuju\u0107i dodavanju fiberglasa koji daje panelu visoku otpornost na hemijska i bakterijska sredstva (posebno ureu i amonijak) i dobru otpornost na ogrebotine. ISOFACTOR\u00ae krovni paneli se stoga mogu o\u010distiti i oprati sa unutra\u0161nje strane, spre\u010davaju\u0107i probleme s higijenom i korozijom, \u0161to zna\u010di da \u0107e trajati dugo vremena i za\u0161tititi va\u0161e ulaganje. ISOFACTOR\u00ae EUROCINQUE je samonosivi panel sastavljen od ekolo\u0161ki prihvatljivog, ekspandiranog poliuretanskog izolacijskog jezgra visoke gusto\u0107e, oblo\u017eenog krutim vanjskim slojem \u010delika ili aluminija s pet rebara i dobrom otporno\u0161\u0107u na statiku i fiberglas vlaknima, Maksimalna debljina izrade 150 mm.\" \/>\n<meta property=\"og:url\" content=\"https:\/\/lattonedil.com\/bs\/prodotto\/isofactor-eurocinque\/\" \/>\n<meta property=\"og:site_name\" content=\"Lattonedil\" \/>\n<meta property=\"article:modified_time\" content=\"2026-04-29T09:19:36+00:00\" \/>\n<meta property=\"og:image\" content=\"https:\/\/lattonedil.com\/wp-content\/uploads\/2022\/03\/ISOFACTOR-EUROCINQUE-profilo-1000px.png\" \/>\n\t<meta property=\"og:image:width\" content=\"1000\" \/>\n\t<meta property=\"og:image:height\" content=\"600\" \/>\n\t<meta property=\"og:image:type\" content=\"image\/png\" \/>\n<meta name=\"twitter:card\" content=\"summary_large_image\" \/>\n<meta name=\"twitter:label1\" content=\"Est. reading time\" \/>\n\t<meta name=\"twitter:data1\" content=\"1 minuta\" \/>\n<script type=\"application\/ld+json\" class=\"yoast-schema-graph\">{\"@context\":\"https:\/\/schema.org\",\"@graph\":[{\"@type\":\"WebPage\",\"@id\":\"https:\/\/lattonedil.com\/bs\/prodotto\/isofactor-eurocinque\/\",\"url\":\"https:\/\/lattonedil.com\/bs\/prodotto\/isofactor-eurocinque\/\",\"name\":\"Isofactor\u00ae Eurocinque - Lattonedil\",\"isPartOf\":{\"@id\":\"https:\/\/lattonedil.com\/#website\"},\"primaryImageOfPage\":{\"@id\":\"https:\/\/lattonedil.com\/bs\/prodotto\/isofactor-eurocinque\/#primaryimage\"},\"image\":{\"@id\":\"https:\/\/lattonedil.com\/bs\/prodotto\/isofactor-eurocinque\/#primaryimage\"},\"thumbnailUrl\":\"https:\/\/lattonedil.com\/wp-content\/uploads\/2022\/03\/ISOFACTOR-EUROCINQUE-profilo-1000px.png\",\"datePublished\":\"2022-03-17T10:58:50+00:00\",\"dateModified\":\"2026-04-29T09:19:36+00:00\",\"breadcrumb\":{\"@id\":\"https:\/\/lattonedil.com\/bs\/prodotto\/isofactor-eurocinque\/#breadcrumb\"},\"inLanguage\":\"bs-BA\",\"potentialAction\":[{\"@type\":\"ReadAction\",\"target\":[\"https:\/\/lattonedil.com\/bs\/prodotto\/isofactor-eurocinque\/\"]}]},{\"@type\":\"ImageObject\",\"inLanguage\":\"bs-BA\",\"@id\":\"https:\/\/lattonedil.com\/bs\/prodotto\/isofactor-eurocinque\/#primaryimage\",\"url\":\"https:\/\/lattonedil.com\/wp-content\/uploads\/2022\/03\/ISOFACTOR-EUROCINQUE-profilo-1000px.png\",\"contentUrl\":\"https:\/\/lattonedil.com\/wp-content\/uploads\/2022\/03\/ISOFACTOR-EUROCINQUE-profilo-1000px.png\",\"width\":1000,\"height\":600},{\"@type\":\"BreadcrumbList\",\"@id\":\"https:\/\/lattonedil.com\/bs\/prodotto\/isofactor-eurocinque\/#breadcrumb\",\"itemListElement\":[{\"@type\":\"ListItem\",\"position\":1,\"name\":\"Home\",\"item\":\"https:\/\/lattonedil.com\/de\/\"},{\"@type\":\"ListItem\",\"position\":2,\"name\":\"Proizvodi\",\"item\":\"https:\/\/lattonedil.com\/bs\/scopri-i-prodotti\/\"},{\"@type\":\"ListItem\",\"position\":3,\"name\":\"Isofactor\u00ae Eurocinque\"}]},{\"@type\":\"WebSite\",\"@id\":\"https:\/\/lattonedil.com\/#website\",\"url\":\"https:\/\/lattonedil.com\/\",\"name\":\"Lattonedil\",\"description\":\"\",\"publisher\":{\"@id\":\"https:\/\/lattonedil.com\/#organization\"},\"potentialAction\":[{\"@type\":\"SearchAction\",\"target\":{\"@type\":\"EntryPoint\",\"urlTemplate\":\"https:\/\/lattonedil.com\/?s={search_term_string}\"},\"query-input\":{\"@type\":\"PropertyValueSpecification\",\"valueRequired\":true,\"valueName\":\"search_term_string\"}}],\"inLanguage\":\"bs-BA\"},{\"@type\":\"Organization\",\"@id\":\"https:\/\/lattonedil.com\/#organization\",\"name\":\"Lattonedil\",\"url\":\"https:\/\/lattonedil.com\/\",\"logo\":{\"@type\":\"ImageObject\",\"inLanguage\":\"bs-BA\",\"@id\":\"https:\/\/lattonedil.com\/#\/schema\/logo\/image\/\",\"url\":\"https:\/\/lattonedil.com\/wp-content\/uploads\/2021\/10\/50-anni-logo-2020-3.png\",\"contentUrl\":\"https:\/\/lattonedil.com\/wp-content\/uploads\/2021\/10\/50-anni-logo-2020-3.png\",\"width\":3192,\"height\":525,\"caption\":\"Lattonedil\"},\"image\":{\"@id\":\"https:\/\/lattonedil.com\/#\/schema\/logo\/image\/\"}}]}<\/script>\n<!-- \/ Yoast SEO plugin. -->","yoast_head_json":{"title":"Isofactor\u00ae Eurocinque - Lattonedil","robots":{"index":"index","follow":"follow","max-snippet":"max-snippet:-1","max-image-preview":"max-image-preview:large","max-video-preview":"max-video-preview:-1"},"canonical":"https:\/\/lattonedil.com\/bs\/prodotto\/isofactor-eurocinque\/","og_locale":"bs_BA","og_type":"article","og_title":"Isofactor\u00ae Eurocinque - Lattonedil","og_description":"ISOFACTOR\u00ae je paleta Lattonedil-ovih panela namijenjenih poljoprivrednoj i sto\u010darskoj industriji zahvaljuju\u0107i dodavanju fiberglasa koji daje panelu visoku otpornost na hemijska i bakterijska sredstva (posebno ureu i amonijak) i dobru otpornost na ogrebotine. ISOFACTOR\u00ae krovni paneli se stoga mogu o\u010distiti i oprati sa unutra\u0161nje strane, spre\u010davaju\u0107i probleme s higijenom i korozijom, \u0161to zna\u010di da \u0107e trajati dugo vremena i za\u0161tititi va\u0161e ulaganje. ISOFACTOR\u00ae EUROCINQUE je samonosivi panel sastavljen od ekolo\u0161ki prihvatljivog, ekspandiranog poliuretanskog izolacijskog jezgra visoke gusto\u0107e, oblo\u017eenog krutim vanjskim slojem \u010delika ili aluminija s pet rebara i dobrom otporno\u0161\u0107u na statiku i fiberglas vlaknima, Maksimalna debljina izrade 150 mm.","og_url":"https:\/\/lattonedil.com\/bs\/prodotto\/isofactor-eurocinque\/","og_site_name":"Lattonedil","article_modified_time":"2026-04-29T09:19:36+00:00","og_image":[{"width":1000,"height":600,"url":"https:\/\/lattonedil.com\/wp-content\/uploads\/2022\/03\/ISOFACTOR-EUROCINQUE-profilo-1000px.png","type":"image\/png"}],"twitter_card":"summary_large_image","twitter_misc":{"Est. reading time":"1 minuta"},"schema":{"@context":"https:\/\/schema.org","@graph":[{"@type":"WebPage","@id":"https:\/\/lattonedil.com\/bs\/prodotto\/isofactor-eurocinque\/","url":"https:\/\/lattonedil.com\/bs\/prodotto\/isofactor-eurocinque\/","name":"Isofactor\u00ae Eurocinque - Lattonedil","isPartOf":{"@id":"https:\/\/lattonedil.com\/#website"},"primaryImageOfPage":{"@id":"https:\/\/lattonedil.com\/bs\/prodotto\/isofactor-eurocinque\/#primaryimage"},"image":{"@id":"https:\/\/lattonedil.com\/bs\/prodotto\/isofactor-eurocinque\/#primaryimage"},"thumbnailUrl":"https:\/\/lattonedil.com\/wp-content\/uploads\/2022\/03\/ISOFACTOR-EUROCINQUE-profilo-1000px.png","datePublished":"2022-03-17T10:58:50+00:00","dateModified":"2026-04-29T09:19:36+00:00","breadcrumb":{"@id":"https:\/\/lattonedil.com\/bs\/prodotto\/isofactor-eurocinque\/#breadcrumb"},"inLanguage":"bs-BA","potentialAction":[{"@type":"ReadAction","target":["https:\/\/lattonedil.com\/bs\/prodotto\/isofactor-eurocinque\/"]}]},{"@type":"ImageObject","inLanguage":"bs-BA","@id":"https:\/\/lattonedil.com\/bs\/prodotto\/isofactor-eurocinque\/#primaryimage","url":"https:\/\/lattonedil.com\/wp-content\/uploads\/2022\/03\/ISOFACTOR-EUROCINQUE-profilo-1000px.png","contentUrl":"https:\/\/lattonedil.com\/wp-content\/uploads\/2022\/03\/ISOFACTOR-EUROCINQUE-profilo-1000px.png","width":1000,"height":600},{"@type":"BreadcrumbList","@id":"https:\/\/lattonedil.com\/bs\/prodotto\/isofactor-eurocinque\/#breadcrumb","itemListElement":[{"@type":"ListItem","position":1,"name":"Home","item":"https:\/\/lattonedil.com\/de\/"},{"@type":"ListItem","position":2,"name":"Proizvodi","item":"https:\/\/lattonedil.com\/bs\/scopri-i-prodotti\/"},{"@type":"ListItem","position":3,"name":"Isofactor\u00ae Eurocinque"}]},{"@type":"WebSite","@id":"https:\/\/lattonedil.com\/#website","url":"https:\/\/lattonedil.com\/","name":"Lattonedil","description":"","publisher":{"@id":"https:\/\/lattonedil.com\/#organization"},"potentialAction":[{"@type":"SearchAction","target":{"@type":"EntryPoint","urlTemplate":"https:\/\/lattonedil.com\/?s={search_term_string}"},"query-input":{"@type":"PropertyValueSpecification","valueRequired":true,"valueName":"search_term_string"}}],"inLanguage":"bs-BA"},{"@type":"Organization","@id":"https:\/\/lattonedil.com\/#organization","name":"Lattonedil","url":"https:\/\/lattonedil.com\/","logo":{"@type":"ImageObject","inLanguage":"bs-BA","@id":"https:\/\/lattonedil.com\/#\/schema\/logo\/image\/","url":"https:\/\/lattonedil.com\/wp-content\/uploads\/2021\/10\/50-anni-logo-2020-3.png","contentUrl":"https:\/\/lattonedil.com\/wp-content\/uploads\/2021\/10\/50-anni-logo-2020-3.png","width":3192,"height":525,"caption":"Lattonedil"},"image":{"@id":"https:\/\/lattonedil.com\/#\/schema\/logo\/image\/"}}]}},"_links":{"self":[{"href":"https:\/\/lattonedil.com\/bs\/wp-json\/wp\/v2\/product\/77573","targetHints":{"allow":["GET"]}}],"collection":[{"href":"https:\/\/lattonedil.com\/bs\/wp-json\/wp\/v2\/product"}],"about":[{"href":"https:\/\/lattonedil.com\/bs\/wp-json\/wp\/v2\/types\/product"}],"version-history":[{"count":8,"href":"https:\/\/lattonedil.com\/bs\/wp-json\/wp\/v2\/product\/77573\/revisions"}],"predecessor-version":[{"id":90578,"href":"https:\/\/lattonedil.com\/bs\/wp-json\/wp\/v2\/product\/77573\/revisions\/90578"}],"wp:featuredmedia":[{"embeddable":true,"href":"https:\/\/lattonedil.com\/bs\/wp-json\/wp\/v2\/media\/77575"}],"wp:attachment":[{"href":"https:\/\/lattonedil.com\/bs\/wp-json\/wp\/v2\/media?parent=77573"}],"wp:term":[{"taxonomy":"product_brand","embeddable":true,"href":"https:\/\/lattonedil.com\/bs\/wp-json\/wp\/v2\/product_brand?post=77573"},{"taxonomy":"product_cat","embeddable":true,"href":"https:\/\/lattonedil.com\/bs\/wp-json\/wp\/v2\/product_cat?post=77573"},{"taxonomy":"product_tag","embeddable":true,"href":"https:\/\/lattonedil.com\/bs\/wp-json\/wp\/v2\/product_tag?post=77573"}],"curies":[{"name":"wp","href":"https:\/\/api.w.org\/{rel}","templated":true}]}}