{"id":79287,"date":"2022-03-06T11:33:43","date_gmt":"2022-03-06T10:33:43","guid":{"rendered":"https:\/\/lattonedil.com\/settestelle\/alvelumiere\/"},"modified":"2024-12-09T14:52:44","modified_gmt":"2024-12-09T13:52:44","slug":"alvelumiere","status":"publish","type":"page","link":"https:\/\/lattonedil.com\/bs\/settestelle\/alvelumiere\/","title":{"rendered":"ALVELUMIERE"},"content":{"rendered":"\t\t<div data-elementor-type=\"wp-page\" data-elementor-id=\"79287\" class=\"elementor elementor-79287 elementor-50924\" data-elementor-post-type=\"page\">\n\t\t\t\t\t\t<section class=\"elementor-section elementor-top-section elementor-element elementor-element-d0b87ed elementor-section-full_width elementor-section-height-default elementor-section-height-default\" data-id=\"d0b87ed\" data-element_type=\"section\" data-e-type=\"section\">\n\t\t\t\t\t\t<div class=\"elementor-container elementor-column-gap-default\">\n\t\t\t\t\t<div class=\"elementor-column elementor-col-50 elementor-top-column elementor-element elementor-element-c68b52b\" data-id=\"c68b52b\" data-element_type=\"column\" data-e-type=\"column\" data-settings=\"{&quot;background_background&quot;:&quot;classic&quot;}\">\n\t\t\t<div class=\"elementor-widget-wrap elementor-element-populated\">\n\t\t\t\t\t\t<div class=\"elementor-element elementor-element-3749c24 elementor-widget elementor-widget-spacer\" data-id=\"3749c24\" data-element_type=\"widget\" data-e-type=\"widget\" data-widget_type=\"spacer.default\">\n\t\t\t\t<div class=\"elementor-widget-container\">\n\t\t\t\t\t\t\t<div class=\"elementor-spacer\">\n\t\t\t<div class=\"elementor-spacer-inner\"><\/div>\n\t\t<\/div>\n\t\t\t\t\t\t<\/div>\n\t\t\t\t<\/div>\n\t\t\t\t\t<\/div>\n\t\t<\/div>\n\t\t\t\t<div class=\"elementor-column elementor-col-50 elementor-top-column elementor-element elementor-element-78768b1\" data-id=\"78768b1\" data-element_type=\"column\" data-e-type=\"column\">\n\t\t\t<div class=\"elementor-widget-wrap elementor-element-populated\">\n\t\t\t\t\t\t<div class=\"elementor-element elementor-element-94528db animated-slow elementor-invisible elementor-widget elementor-widget-text-editor\" data-id=\"94528db\" data-element_type=\"widget\" data-e-type=\"widget\" data-settings=\"{&quot;_animation&quot;:&quot;fadeInUp&quot;}\" data-widget_type=\"text-editor.default\">\n\t\t\t\t<div class=\"elementor-widget-container\">\n\t\t\t\t\t\t\t\t\t<p><strong>Izolaciona plo\u010da za<\/strong><br \/><strong>prolaz svetlosti<\/strong><\/p>\n\t\t\t\t\t\t\t\t<\/div>\n\t\t\t\t<\/div>\n\t\t\t\t<div class=\"elementor-element elementor-element-1eadc5e animated-slow elementor-invisible elementor-widget elementor-widget-image\" data-id=\"1eadc5e\" data-element_type=\"widget\" data-e-type=\"widget\" data-settings=\"{&quot;_animation&quot;:&quot;fadeInRight&quot;}\" data-widget_type=\"image.default\">\n\t\t\t\t<div class=\"elementor-widget-container\">\n\t\t\t\t\t\t\t\t\t\t\t\t\t\t\t<img fetchpriority=\"high\" decoding=\"async\" width=\"768\" height=\"511\" src=\"https:\/\/lattonedil.com\/wp-content\/uploads\/2023\/01\/ALVELUMIERE-Titolo-768x511.png\" class=\"attachment-medium_large size-medium_large wp-image-57199\" alt=\"\" srcset=\"https:\/\/lattonedil.com\/wp-content\/uploads\/2023\/01\/ALVELUMIERE-Titolo-768x511.png 768w, https:\/\/lattonedil.com\/wp-content\/uploads\/2023\/01\/ALVELUMIERE-Titolo-300x200.png 300w, https:\/\/lattonedil.com\/wp-content\/uploads\/2023\/01\/ALVELUMIERE-Titolo.png 1000w\" sizes=\"(max-width: 768px) 100vw, 768px\" \/>\t\t\t\t\t\t\t\t\t\t\t\t\t\t\t<\/div>\n\t\t\t\t<\/div>\n\t\t\t\t<div class=\"elementor-element elementor-element-3545e97 animated-slow elementor-invisible elementor-widget elementor-widget-text-editor\" data-id=\"3545e97\" data-element_type=\"widget\" data-e-type=\"widget\" data-settings=\"{&quot;_animation&quot;:&quot;fadeInUp&quot;}\" data-widget_type=\"text-editor.default\">\n\t\t\t\t<div class=\"elementor-widget-container\">\n\t\t\t\t\t\t\t\t\t<p>&#8211; Tokom dana prozor je prelepa lampa &#8211;<br \/>Gae Aulenti<\/p>\n\t\t\t\t\t\t\t\t<\/div>\n\t\t\t\t<\/div>\n\t\t\t\t\t<\/div>\n\t\t<\/div>\n\t\t\t\t\t<\/div>\n\t\t<\/section>\n\t\t\t\t<section class=\"elementor-section elementor-top-section elementor-element elementor-element-6783975 elementor-section-full_width elementor-section-height-min-height elementor-section-items-top elementor-section-height-default\" data-id=\"6783975\" data-element_type=\"section\" data-e-type=\"section\" data-settings=\"{&quot;background_background&quot;:&quot;classic&quot;}\">\n\t\t\t\t\t\t<div class=\"elementor-container elementor-column-gap-default\">\n\t\t\t\t\t<div class=\"elementor-column elementor-col-50 elementor-top-column elementor-element elementor-element-43b4e1b\" data-id=\"43b4e1b\" data-element_type=\"column\" data-e-type=\"column\">\n\t\t\t<div class=\"elementor-widget-wrap\">\n\t\t\t\t\t\t\t<\/div>\n\t\t<\/div>\n\t\t\t\t<div class=\"elementor-column elementor-col-50 elementor-top-column elementor-element elementor-element-5bcfa0f\" data-id=\"5bcfa0f\" data-element_type=\"column\" data-e-type=\"column\">\n\t\t\t<div class=\"elementor-widget-wrap\">\n\t\t\t\t\t\t\t<\/div>\n\t\t<\/div>\n\t\t\t\t\t<\/div>\n\t\t<\/section>\n\t\t\t\t<section class=\"elementor-section elementor-top-section elementor-element elementor-element-08e0fa5 elementor-section-full_width elementor-section-height-default elementor-section-height-default\" data-id=\"08e0fa5\" data-element_type=\"section\" data-e-type=\"section\">\n\t\t\t\t\t\t<div class=\"elementor-container elementor-column-gap-default\">\n\t\t\t\t\t<div class=\"elementor-column elementor-col-50 elementor-top-column elementor-element elementor-element-efea113\" data-id=\"efea113\" data-element_type=\"column\" data-e-type=\"column\" data-settings=\"{&quot;background_background&quot;:&quot;classic&quot;}\">\n\t\t\t<div class=\"elementor-widget-wrap elementor-element-populated\">\n\t\t\t\t\t\t<div class=\"elementor-element elementor-element-6010b70 elementor-widget elementor-widget-spacer\" data-id=\"6010b70\" data-element_type=\"widget\" data-e-type=\"widget\" data-widget_type=\"spacer.default\">\n\t\t\t\t<div class=\"elementor-widget-container\">\n\t\t\t\t\t\t\t<div class=\"elementor-spacer\">\n\t\t\t<div class=\"elementor-spacer-inner\"><\/div>\n\t\t<\/div>\n\t\t\t\t\t\t<\/div>\n\t\t\t\t<\/div>\n\t\t\t\t\t<\/div>\n\t\t<\/div>\n\t\t\t\t<div class=\"elementor-column elementor-col-50 elementor-top-column elementor-element elementor-element-be02ec6\" data-id=\"be02ec6\" data-element_type=\"column\" data-e-type=\"column\">\n\t\t\t<div class=\"elementor-widget-wrap elementor-element-populated\">\n\t\t\t\t\t\t<section class=\"elementor-section elementor-inner-section elementor-element elementor-element-d3ae54f elementor-section-full_width elementor-section-height-default elementor-section-height-default\" data-id=\"d3ae54f\" data-element_type=\"section\" data-e-type=\"section\">\n\t\t\t\t\t\t<div class=\"elementor-container elementor-column-gap-default\">\n\t\t\t\t\t<div class=\"elementor-column elementor-col-50 elementor-inner-column elementor-element elementor-element-6d43b11\" data-id=\"6d43b11\" data-element_type=\"column\" data-e-type=\"column\">\n\t\t\t<div class=\"elementor-widget-wrap elementor-element-populated\">\n\t\t\t\t\t\t<div class=\"elementor-element elementor-element-c7194c3 animated-slow elementor-invisible elementor-widget elementor-widget-text-editor\" data-id=\"c7194c3\" data-element_type=\"widget\" data-e-type=\"widget\" data-settings=\"{&quot;_animation&quot;:&quot;fadeInUp&quot;}\" data-widget_type=\"text-editor.default\">\n\t\t\t\t<div class=\"elementor-widget-container\">\n\t\t\t\t\t\t\t\t\t<p>Alvelumiere 5G sistem optimizira difuziju svjetlosti unutar strukture, uz posljedi\u010dno pobolj\u0161anje dobrobiti stanara i u\u0161tedu energije.<br \/>To je jedinstven sistem na tr\u017ei\u0161tu, sastavljen od ekstrudiranih polikarbonatnih oja\u010danja, koja ostaju kruta i zadr\u017eavaju svoje karakteristike tokom vremena.<br \/>5G polikarbonat vam omogu\u0107ava da prona\u0111ete sistem koji najbolje odgovara va\u0161im potrebama.<br \/>5G polikarbonatne plo\u010de se proizvode u dvije verzije (5G \u2013 BI i 5G \u2013 HI) i to:<\/p>\n\t\t\t\t\t\t\t\t<\/div>\n\t\t\t\t<\/div>\n\t\t\t\t\t<\/div>\n\t\t<\/div>\n\t\t\t\t<div class=\"elementor-column elementor-col-50 elementor-inner-column elementor-element elementor-element-1fdd311\" data-id=\"1fdd311\" data-element_type=\"column\" data-e-type=\"column\">\n\t\t\t<div class=\"elementor-widget-wrap\">\n\t\t\t\t\t\t\t<\/div>\n\t\t<\/div>\n\t\t\t\t\t<\/div>\n\t\t<\/section>\n\t\t\t\t<div class=\"elementor-element elementor-element-4aa8e7d elementor-widget elementor-widget-text-editor\" data-id=\"4aa8e7d\" data-element_type=\"widget\" data-e-type=\"widget\" data-widget_type=\"text-editor.default\">\n\t\t\t\t<div class=\"elementor-widget-container\">\n\t\t\t\t\t\t\t\t\t<p><strong>Alvelumiere 5G &#8211; BI<\/strong><\/p>\n\t\t\t\t\t\t\t\t<\/div>\n\t\t\t\t<\/div>\n\t\t\t\t<div class=\"elementor-element elementor-element-923d7e5 elementor-widget elementor-widget-image\" data-id=\"923d7e5\" data-element_type=\"widget\" data-e-type=\"widget\" data-widget_type=\"image.default\">\n\t\t\t\t<div class=\"elementor-widget-container\">\n\t\t\t\t\t\t\t\t\t\t\t\t\t\t\t<img decoding=\"async\" width=\"1024\" height=\"288\" src=\"https:\/\/lattonedil.com\/wp-content\/uploads\/2023\/01\/ALVELUMIERE-5G-BI-Profilo-1024x288.png\" class=\"attachment-large size-large wp-image-57263\" alt=\"\" srcset=\"https:\/\/lattonedil.com\/wp-content\/uploads\/2023\/01\/ALVELUMIERE-5G-BI-Profilo-1024x288.png 1024w, https:\/\/lattonedil.com\/wp-content\/uploads\/2023\/01\/ALVELUMIERE-5G-BI-Profilo-300x84.png 300w, https:\/\/lattonedil.com\/wp-content\/uploads\/2023\/01\/ALVELUMIERE-5G-BI-Profilo-768x216.png 768w, https:\/\/lattonedil.com\/wp-content\/uploads\/2023\/01\/ALVELUMIERE-5G-BI-Profilo-1536x432.png 1536w, https:\/\/lattonedil.com\/wp-content\/uploads\/2023\/01\/ALVELUMIERE-5G-BI-Profilo-1200x338.png 1200w, https:\/\/lattonedil.com\/wp-content\/uploads\/2023\/01\/ALVELUMIERE-5G-BI-Profilo.png 1886w\" sizes=\"(max-width: 1024px) 100vw, 1024px\" \/>\t\t\t\t\t\t\t\t\t\t\t\t\t\t\t<\/div>\n\t\t\t\t<\/div>\n\t\t\t\t<div class=\"elementor-element elementor-element-1ff54b1 elementor-widget elementor-widget-text-editor\" data-id=\"1ff54b1\" data-element_type=\"widget\" data-e-type=\"widget\" data-widget_type=\"text-editor.default\">\n\t\t\t\t<div class=\"elementor-widget-container\">\n\t\t\t\t\t\t\t\t\t<p><strong>Alvelumiere 5G &#8211; HI<\/strong><\/p>\n\t\t\t\t\t\t\t\t<\/div>\n\t\t\t\t<\/div>\n\t\t\t\t<div class=\"elementor-element elementor-element-c8cd530 elementor-widget elementor-widget-image\" data-id=\"c8cd530\" data-element_type=\"widget\" data-e-type=\"widget\" data-widget_type=\"image.default\">\n\t\t\t\t<div class=\"elementor-widget-container\">\n\t\t\t\t\t\t\t\t\t\t\t\t\t\t\t<img decoding=\"async\" width=\"1024\" height=\"281\" src=\"https:\/\/lattonedil.com\/wp-content\/uploads\/2023\/01\/ALVELUMIERE-5G-HI-Profilo-1024x281.png\" class=\"attachment-large size-large wp-image-57264\" alt=\"\" srcset=\"https:\/\/lattonedil.com\/wp-content\/uploads\/2023\/01\/ALVELUMIERE-5G-HI-Profilo-1024x281.png 1024w, https:\/\/lattonedil.com\/wp-content\/uploads\/2023\/01\/ALVELUMIERE-5G-HI-Profilo-300x82.png 300w, https:\/\/lattonedil.com\/wp-content\/uploads\/2023\/01\/ALVELUMIERE-5G-HI-Profilo-768x211.png 768w, https:\/\/lattonedil.com\/wp-content\/uploads\/2023\/01\/ALVELUMIERE-5G-HI-Profilo-1536x422.png 1536w, https:\/\/lattonedil.com\/wp-content\/uploads\/2023\/01\/ALVELUMIERE-5G-HI-Profilo-1200x329.png 1200w, https:\/\/lattonedil.com\/wp-content\/uploads\/2023\/01\/ALVELUMIERE-5G-HI-Profilo.png 1912w\" sizes=\"(max-width: 1024px) 100vw, 1024px\" \/>\t\t\t\t\t\t\t\t\t\t\t\t\t\t\t<\/div>\n\t\t\t\t<\/div>\n\t\t\t\t\t<\/div>\n\t\t<\/div>\n\t\t\t\t\t<\/div>\n\t\t<\/section>\n\t\t\t\t<section class=\"elementor-section elementor-top-section elementor-element elementor-element-bf7fe76 elementor-section-full_width elementor-section-height-default elementor-section-height-default\" data-id=\"bf7fe76\" data-element_type=\"section\" data-e-type=\"section\">\n\t\t\t\t\t\t<div class=\"elementor-container elementor-column-gap-default\">\n\t\t\t\t\t<div class=\"elementor-column elementor-col-50 elementor-top-column elementor-element elementor-element-1e648be\" data-id=\"1e648be\" data-element_type=\"column\" data-e-type=\"column\">\n\t\t\t<div class=\"elementor-widget-wrap elementor-element-populated\">\n\t\t\t\t\t\t<div class=\"elementor-element elementor-element-3d9e4db elementor-widget elementor-widget-button\" data-id=\"3d9e4db\" data-element_type=\"widget\" data-e-type=\"widget\" data-widget_type=\"button.default\">\n\t\t\t\t<div class=\"elementor-widget-container\">\n\t\t\t\t\t\t\t\t\t<div class=\"elementor-button-wrapper\">\n\t\t\t\t\t<a class=\"elementor-button elementor-button-link elementor-size-sm elementor-animation-float\" href=\"https:\/\/lattonedil.com\/bs\/settestelle\/\" target=\"_blank\">\n\t\t\t\t\t\t<span class=\"elementor-button-content-wrapper\">\n\t\t\t\t\t\t\t\t\t<span class=\"elementor-button-text\">settestelle<\/span>\n\t\t\t\t\t<\/span>\n\t\t\t\t\t<\/a>\n\t\t\t\t<\/div>\n\t\t\t\t\t\t\t\t<\/div>\n\t\t\t\t<\/div>\n\t\t\t\t<div class=\"elementor-element elementor-element-dceb3db e-transform elementor-widget__width-auto elementor-view-default elementor-widget elementor-widget-icon\" data-id=\"dceb3db\" data-element_type=\"widget\" data-e-type=\"widget\" data-settings=\"{&quot;_transform_rotateZ_effect&quot;:{&quot;unit&quot;:&quot;px&quot;,&quot;size&quot;:-45,&quot;sizes&quot;:[]},&quot;_transform_rotateZ_effect_tablet&quot;:{&quot;unit&quot;:&quot;deg&quot;,&quot;size&quot;:&quot;&quot;,&quot;sizes&quot;:[]},&quot;_transform_rotateZ_effect_mobile&quot;:{&quot;unit&quot;:&quot;deg&quot;,&quot;size&quot;:&quot;&quot;,&quot;sizes&quot;:[]}}\" data-widget_type=\"icon.default\">\n\t\t\t\t<div class=\"elementor-widget-container\">\n\t\t\t\t\t\t\t<div class=\"elementor-icon-wrapper\">\n\t\t\t<div class=\"elementor-icon\">\n\t\t\t<i aria-hidden=\"true\" class=\" icomoon-the7-font-the7-arrow-31\"><\/i>\t\t\t<\/div>\n\t\t<\/div>\n\t\t\t\t\t\t<\/div>\n\t\t\t\t<\/div>\n\t\t\t\t\t<\/div>\n\t\t<\/div>\n\t\t\t\t<div class=\"elementor-column elementor-col-50 elementor-top-column elementor-element elementor-element-54cf76d\" data-id=\"54cf76d\" data-element_type=\"column\" data-e-type=\"column\">\n\t\t\t<div class=\"elementor-widget-wrap\">\n\t\t\t\t\t\t\t<\/div>\n\t\t<\/div>\n\t\t\t\t\t<\/div>\n\t\t<\/section>\n\t\t\t\t<\/div>\n\t\t","protected":false},"excerpt":{"rendered":"<p>Izolaciona plo\u010da zaprolaz svetlosti &#8211; Tokom dana prozor je prelepa lampa &#8211;Gae Aulenti Alvelumiere 5G sistem optimizira difuziju svjetlosti unutar strukture, uz posljedi\u010dno pobolj\u0161anje dobrobiti stanara i u\u0161tedu energije.To je jedinstven sistem na tr\u017ei\u0161tu, sastavljen od ekstrudiranih polikarbonatnih oja\u010danja, koja ostaju kruta i zadr\u017eavaju svoje karakteristike tokom vremena.5G polikarbonat vam omogu\u0107ava da prona\u0111ete sistem koji&hellip;<\/p>\n","protected":false},"author":1,"featured_media":0,"parent":79283,"menu_order":0,"comment_status":"closed","ping_status":"closed","template":"elementor_header_footer","meta":{"_acf_changed":false,"footnotes":""},"class_list":["post-79287","page","type-page","status-publish","hentry"],"acf":[],"yoast_head":"<!-- This site is optimized with the Yoast SEO plugin v27.1.1 - https:\/\/yoast.com\/product\/yoast-seo-wordpress\/ -->\n<title>Alvelumiere LATTONEDIL: Ondulin za izolaciju krovi\u0161ta sa svjetlosnim prolazom<\/title>\n<meta name=\"description\" content=\"Izolacijski krovni sistem Alvelumiere kompanije Lattonedil omogu\u0107ava difuziju svjetlosti unutar, zahvaljuju\u0107i valovima sa 5G polikarbonatnim oja\u010danjima.\" \/>\n<meta name=\"robots\" content=\"index, follow, max-snippet:-1, max-image-preview:large, max-video-preview:-1\" \/>\n<link rel=\"canonical\" href=\"https:\/\/lattonedil.com\/settestelle\/alvelumiere\/\" \/>\n<meta property=\"og:locale\" content=\"bs_BA\" \/>\n<meta property=\"og:type\" content=\"article\" \/>\n<meta property=\"og:title\" content=\"Alvelumiere LATTONEDIL: Ondulin za izolaciju krovi\u0161ta sa svjetlosnim prolazom\" \/>\n<meta property=\"og:description\" content=\"Izolacijski krovni sistem Alvelumiere kompanije Lattonedil omogu\u0107ava difuziju svjetlosti unutar, zahvaljuju\u0107i valovima sa 5G polikarbonatnim oja\u010danjima.\" \/>\n<meta property=\"og:url\" content=\"https:\/\/lattonedil.com\/settestelle\/alvelumiere\/\" \/>\n<meta property=\"og:site_name\" content=\"Lattonedil\" \/>\n<meta property=\"article:modified_time\" content=\"2024-12-09T13:52:44+00:00\" \/>\n<meta property=\"og:image\" content=\"https:\/\/lattonedil.com\/wp-content\/uploads\/2023\/01\/ALVELUMIERE-Titolo-768x511.png\" \/>\n<meta name=\"twitter:card\" content=\"summary_large_image\" \/>\n<meta name=\"twitter:label1\" content=\"Est. reading time\" \/>\n\t<meta name=\"twitter:data1\" content=\"2 minute\" \/>\n<script type=\"application\/ld+json\" class=\"yoast-schema-graph\">{\"@context\":\"https:\/\/schema.org\",\"@graph\":[{\"@type\":\"WebPage\",\"@id\":\"https:\/\/lattonedil.com\/settestelle\/alvelumiere\/\",\"url\":\"https:\/\/lattonedil.com\/settestelle\/alvelumiere\/\",\"name\":\"Alvelumiere LATTONEDIL: Ondulin za izolaciju krovi\u0161ta sa svjetlosnim prolazom\",\"isPartOf\":{\"@id\":\"https:\/\/lattonedil.com\/#website\"},\"primaryImageOfPage\":{\"@id\":\"https:\/\/lattonedil.com\/settestelle\/alvelumiere\/#primaryimage\"},\"image\":{\"@id\":\"https:\/\/lattonedil.com\/settestelle\/alvelumiere\/#primaryimage\"},\"thumbnailUrl\":\"https:\/\/lattonedil.com\/wp-content\/uploads\/2023\/01\/ALVELUMIERE-Titolo-768x511.png\",\"datePublished\":\"2022-03-06T10:33:43+00:00\",\"dateModified\":\"2024-12-09T13:52:44+00:00\",\"description\":\"Izolacijski krovni sistem Alvelumiere kompanije Lattonedil omogu\u0107ava difuziju svjetlosti unutar, zahvaljuju\u0107i valovima sa 5G polikarbonatnim oja\u010danjima.\",\"breadcrumb\":{\"@id\":\"https:\/\/lattonedil.com\/settestelle\/alvelumiere\/#breadcrumb\"},\"inLanguage\":\"bs-BA\",\"potentialAction\":[{\"@type\":\"ReadAction\",\"target\":[\"https:\/\/lattonedil.com\/settestelle\/alvelumiere\/\"]}]},{\"@type\":\"ImageObject\",\"inLanguage\":\"bs-BA\",\"@id\":\"https:\/\/lattonedil.com\/settestelle\/alvelumiere\/#primaryimage\",\"url\":\"https:\/\/lattonedil.com\/wp-content\/uploads\/2023\/01\/ALVELUMIERE-Titolo-768x511.png\",\"contentUrl\":\"https:\/\/lattonedil.com\/wp-content\/uploads\/2023\/01\/ALVELUMIERE-Titolo-768x511.png\"},{\"@type\":\"BreadcrumbList\",\"@id\":\"https:\/\/lattonedil.com\/settestelle\/alvelumiere\/#breadcrumb\",\"itemListElement\":[{\"@type\":\"ListItem\",\"position\":1,\"name\":\"Home\",\"item\":\"https:\/\/lattonedil.com\/de\/\"},{\"@type\":\"ListItem\",\"position\":2,\"name\":\"Settestelle\",\"item\":\"https:\/\/lattonedil.com\/settestelle\/\"},{\"@type\":\"ListItem\",\"position\":3,\"name\":\"ALVELUMIERE\"}]},{\"@type\":\"WebSite\",\"@id\":\"https:\/\/lattonedil.com\/#website\",\"url\":\"https:\/\/lattonedil.com\/\",\"name\":\"Lattonedil\",\"description\":\"\",\"publisher\":{\"@id\":\"https:\/\/lattonedil.com\/#organization\"},\"potentialAction\":[{\"@type\":\"SearchAction\",\"target\":{\"@type\":\"EntryPoint\",\"urlTemplate\":\"https:\/\/lattonedil.com\/?s={search_term_string}\"},\"query-input\":{\"@type\":\"PropertyValueSpecification\",\"valueRequired\":true,\"valueName\":\"search_term_string\"}}],\"inLanguage\":\"bs-BA\"},{\"@type\":\"Organization\",\"@id\":\"https:\/\/lattonedil.com\/#organization\",\"name\":\"Lattonedil\",\"url\":\"https:\/\/lattonedil.com\/\",\"logo\":{\"@type\":\"ImageObject\",\"inLanguage\":\"bs-BA\",\"@id\":\"https:\/\/lattonedil.com\/#\/schema\/logo\/image\/\",\"url\":\"https:\/\/lattonedil.com\/wp-content\/uploads\/2021\/10\/50-anni-logo-2020-3.png\",\"contentUrl\":\"https:\/\/lattonedil.com\/wp-content\/uploads\/2021\/10\/50-anni-logo-2020-3.png\",\"width\":3192,\"height\":525,\"caption\":\"Lattonedil\"},\"image\":{\"@id\":\"https:\/\/lattonedil.com\/#\/schema\/logo\/image\/\"}}]}<\/script>\n<!-- \/ Yoast SEO plugin. -->","yoast_head_json":{"title":"Alvelumiere LATTONEDIL: Ondulin za izolaciju krovi\u0161ta sa svjetlosnim prolazom","description":"Izolacijski krovni sistem Alvelumiere kompanije Lattonedil omogu\u0107ava difuziju svjetlosti unutar, zahvaljuju\u0107i valovima sa 5G polikarbonatnim oja\u010danjima.","robots":{"index":"index","follow":"follow","max-snippet":"max-snippet:-1","max-image-preview":"max-image-preview:large","max-video-preview":"max-video-preview:-1"},"canonical":"https:\/\/lattonedil.com\/settestelle\/alvelumiere\/","og_locale":"bs_BA","og_type":"article","og_title":"Alvelumiere LATTONEDIL: Ondulin za izolaciju krovi\u0161ta sa svjetlosnim prolazom","og_description":"Izolacijski krovni sistem Alvelumiere kompanije Lattonedil omogu\u0107ava difuziju svjetlosti unutar, zahvaljuju\u0107i valovima sa 5G polikarbonatnim oja\u010danjima.","og_url":"https:\/\/lattonedil.com\/settestelle\/alvelumiere\/","og_site_name":"Lattonedil","article_modified_time":"2024-12-09T13:52:44+00:00","og_image":[{"url":"https:\/\/lattonedil.com\/wp-content\/uploads\/2023\/01\/ALVELUMIERE-Titolo-768x511.png","type":"","width":"","height":""}],"twitter_card":"summary_large_image","twitter_misc":{"Est. reading time":"2 minute"},"schema":{"@context":"https:\/\/schema.org","@graph":[{"@type":"WebPage","@id":"https:\/\/lattonedil.com\/settestelle\/alvelumiere\/","url":"https:\/\/lattonedil.com\/settestelle\/alvelumiere\/","name":"Alvelumiere LATTONEDIL: Ondulin za izolaciju krovi\u0161ta sa svjetlosnim prolazom","isPartOf":{"@id":"https:\/\/lattonedil.com\/#website"},"primaryImageOfPage":{"@id":"https:\/\/lattonedil.com\/settestelle\/alvelumiere\/#primaryimage"},"image":{"@id":"https:\/\/lattonedil.com\/settestelle\/alvelumiere\/#primaryimage"},"thumbnailUrl":"https:\/\/lattonedil.com\/wp-content\/uploads\/2023\/01\/ALVELUMIERE-Titolo-768x511.png","datePublished":"2022-03-06T10:33:43+00:00","dateModified":"2024-12-09T13:52:44+00:00","description":"Izolacijski krovni sistem Alvelumiere kompanije Lattonedil omogu\u0107ava difuziju svjetlosti unutar, zahvaljuju\u0107i valovima sa 5G polikarbonatnim oja\u010danjima.","breadcrumb":{"@id":"https:\/\/lattonedil.com\/settestelle\/alvelumiere\/#breadcrumb"},"inLanguage":"bs-BA","potentialAction":[{"@type":"ReadAction","target":["https:\/\/lattonedil.com\/settestelle\/alvelumiere\/"]}]},{"@type":"ImageObject","inLanguage":"bs-BA","@id":"https:\/\/lattonedil.com\/settestelle\/alvelumiere\/#primaryimage","url":"https:\/\/lattonedil.com\/wp-content\/uploads\/2023\/01\/ALVELUMIERE-Titolo-768x511.png","contentUrl":"https:\/\/lattonedil.com\/wp-content\/uploads\/2023\/01\/ALVELUMIERE-Titolo-768x511.png"},{"@type":"BreadcrumbList","@id":"https:\/\/lattonedil.com\/settestelle\/alvelumiere\/#breadcrumb","itemListElement":[{"@type":"ListItem","position":1,"name":"Home","item":"https:\/\/lattonedil.com\/de\/"},{"@type":"ListItem","position":2,"name":"Settestelle","item":"https:\/\/lattonedil.com\/settestelle\/"},{"@type":"ListItem","position":3,"name":"ALVELUMIERE"}]},{"@type":"WebSite","@id":"https:\/\/lattonedil.com\/#website","url":"https:\/\/lattonedil.com\/","name":"Lattonedil","description":"","publisher":{"@id":"https:\/\/lattonedil.com\/#organization"},"potentialAction":[{"@type":"SearchAction","target":{"@type":"EntryPoint","urlTemplate":"https:\/\/lattonedil.com\/?s={search_term_string}"},"query-input":{"@type":"PropertyValueSpecification","valueRequired":true,"valueName":"search_term_string"}}],"inLanguage":"bs-BA"},{"@type":"Organization","@id":"https:\/\/lattonedil.com\/#organization","name":"Lattonedil","url":"https:\/\/lattonedil.com\/","logo":{"@type":"ImageObject","inLanguage":"bs-BA","@id":"https:\/\/lattonedil.com\/#\/schema\/logo\/image\/","url":"https:\/\/lattonedil.com\/wp-content\/uploads\/2021\/10\/50-anni-logo-2020-3.png","contentUrl":"https:\/\/lattonedil.com\/wp-content\/uploads\/2021\/10\/50-anni-logo-2020-3.png","width":3192,"height":525,"caption":"Lattonedil"},"image":{"@id":"https:\/\/lattonedil.com\/#\/schema\/logo\/image\/"}}]}},"_links":{"self":[{"href":"https:\/\/lattonedil.com\/bs\/wp-json\/wp\/v2\/pages\/79287","targetHints":{"allow":["GET"]}}],"collection":[{"href":"https:\/\/lattonedil.com\/bs\/wp-json\/wp\/v2\/pages"}],"about":[{"href":"https:\/\/lattonedil.com\/bs\/wp-json\/wp\/v2\/types\/page"}],"author":[{"embeddable":true,"href":"https:\/\/lattonedil.com\/bs\/wp-json\/wp\/v2\/users\/1"}],"replies":[{"embeddable":true,"href":"https:\/\/lattonedil.com\/bs\/wp-json\/wp\/v2\/comments?post=79287"}],"version-history":[{"count":4,"href":"https:\/\/lattonedil.com\/bs\/wp-json\/wp\/v2\/pages\/79287\/revisions"}],"predecessor-version":[{"id":79303,"href":"https:\/\/lattonedil.com\/bs\/wp-json\/wp\/v2\/pages\/79287\/revisions\/79303"}],"up":[{"embeddable":true,"href":"https:\/\/lattonedil.com\/bs\/wp-json\/wp\/v2\/pages\/79283"}],"wp:attachment":[{"href":"https:\/\/lattonedil.com\/bs\/wp-json\/wp\/v2\/media?parent=79287"}],"curies":[{"name":"wp","href":"https:\/\/api.w.org\/{rel}","templated":true}]}}