{"id":78092,"date":"2022-07-28T22:29:40","date_gmt":"2022-07-28T20:29:40","guid":{"rendered":"https:\/\/lattonedil.com\/certificazione-fm-approved\/"},"modified":"2024-12-09T11:38:12","modified_gmt":"2024-12-09T10:38:12","slug":"fm-approved-certifikat","status":"publish","type":"page","link":"https:\/\/lattonedil.com\/bs\/fm-approved-certifikat\/","title":{"rendered":"FM Approved certifikat"},"content":{"rendered":"\t\t<div data-elementor-type=\"wp-page\" data-elementor-id=\"78092\" class=\"elementor elementor-78092 elementor-55468\" data-elementor-post-type=\"page\">\n\t\t\t\t\t\t<section class=\"elementor-section elementor-top-section elementor-element elementor-element-e54e768 elementor-section-full_width elementor-section-height-min-height elementor-section-items-bottom elementor-section-height-default\" data-id=\"e54e768\" data-element_type=\"section\" data-e-type=\"section\" data-settings=\"{&quot;background_background&quot;:&quot;classic&quot;}\">\n\t\t\t\t\t\t\t<div class=\"elementor-background-overlay\"><\/div>\n\t\t\t\t\t\t\t<div class=\"elementor-container elementor-column-gap-default\">\n\t\t\t\t\t<div class=\"elementor-column elementor-col-50 elementor-top-column elementor-element elementor-element-b65e706\" data-id=\"b65e706\" data-element_type=\"column\" data-e-type=\"column\">\n\t\t\t<div class=\"elementor-widget-wrap elementor-element-populated\">\n\t\t\t\t\t\t<div class=\"elementor-element elementor-element-1d24549 animated-slow elementor-invisible elementor-widget elementor-widget-text-editor\" data-id=\"1d24549\" data-element_type=\"widget\" data-e-type=\"widget\" data-settings=\"{&quot;_animation&quot;:&quot;fadeInUp&quot;}\" data-widget_type=\"text-editor.default\">\n\t\t\t\t<div class=\"elementor-widget-container\">\n\t\t\t\t\t\t\t\t\t<p>Lattonedil je<\/p>\t\t\t\t\t\t\t\t<\/div>\n\t\t\t\t<\/div>\n\t\t\t\t<div class=\"elementor-element elementor-element-da2fc87 animated-slow elementor-invisible elementor-widget elementor-widget-text-editor\" data-id=\"da2fc87\" data-element_type=\"widget\" data-e-type=\"widget\" data-settings=\"{&quot;_animation&quot;:&quot;fadeInUp&quot;}\" data-widget_type=\"text-editor.default\">\n\t\t\t\t<div class=\"elementor-widget-container\">\n\t\t\t\t\t\t\t\t\t<p>FM approved<\/p>\t\t\t\t\t\t\t\t<\/div>\n\t\t\t\t<\/div>\n\t\t\t\t<div class=\"elementor-element elementor-element-e045f1c e-transform elementor-widget__width-auto elementor-hidden-mobile elementor-view-default elementor-widget elementor-widget-icon\" data-id=\"e045f1c\" data-element_type=\"widget\" data-e-type=\"widget\" data-settings=\"{&quot;_transform_rotateZ_effect&quot;:{&quot;unit&quot;:&quot;px&quot;,&quot;size&quot;:-45,&quot;sizes&quot;:[]},&quot;_transform_rotateZ_effect_tablet&quot;:{&quot;unit&quot;:&quot;deg&quot;,&quot;size&quot;:&quot;&quot;,&quot;sizes&quot;:[]},&quot;_transform_rotateZ_effect_mobile&quot;:{&quot;unit&quot;:&quot;deg&quot;,&quot;size&quot;:&quot;&quot;,&quot;sizes&quot;:[]}}\" data-widget_type=\"icon.default\">\n\t\t\t\t<div class=\"elementor-widget-container\">\n\t\t\t\t\t\t\t<div class=\"elementor-icon-wrapper\">\n\t\t\t<div class=\"elementor-icon\">\n\t\t\t<i aria-hidden=\"true\" class=\" icomoon-the7-font-the7-arrow-31\"><\/i>\t\t\t<\/div>\n\t\t<\/div>\n\t\t\t\t\t\t<\/div>\n\t\t\t\t<\/div>\n\t\t\t\t\t<\/div>\n\t\t<\/div>\n\t\t\t\t<div class=\"elementor-column elementor-col-50 elementor-top-column elementor-element elementor-element-77cd1e5\" data-id=\"77cd1e5\" data-element_type=\"column\" data-e-type=\"column\">\n\t\t\t<div class=\"elementor-widget-wrap elementor-element-populated\">\n\t\t\t\t\t\t<div class=\"elementor-element elementor-element-c6859fd elementor-widget elementor-widget-image\" data-id=\"c6859fd\" data-element_type=\"widget\" data-e-type=\"widget\" data-widget_type=\"image.default\">\n\t\t\t\t<div class=\"elementor-widget-container\">\n\t\t\t\t\t\t\t\t\t\t\t\t\t\t\t<img fetchpriority=\"high\" decoding=\"async\" width=\"440\" height=\"286\" src=\"https:\/\/lattonedil.com\/wp-content\/uploads\/2022\/07\/fma-diamond-white.webp\" class=\"attachment-large size-large wp-image-55473\" alt=\"\" srcset=\"https:\/\/lattonedil.com\/wp-content\/uploads\/2022\/07\/fma-diamond-white.webp 440w, https:\/\/lattonedil.com\/wp-content\/uploads\/2022\/07\/fma-diamond-white-300x195.webp 300w\" sizes=\"(max-width: 440px) 100vw, 440px\" \/>\t\t\t\t\t\t\t\t\t\t\t\t\t\t\t<\/div>\n\t\t\t\t<\/div>\n\t\t\t\t\t<\/div>\n\t\t<\/div>\n\t\t\t\t\t<\/div>\n\t\t<\/section>\n\t\t\t\t<section class=\"elementor-section elementor-top-section elementor-element elementor-element-cf951ad elementor-section-full_width elementor-section-height-default elementor-section-height-default\" data-id=\"cf951ad\" data-element_type=\"section\" data-e-type=\"section\">\n\t\t\t\t\t\t<div class=\"elementor-container elementor-column-gap-default\">\n\t\t\t\t\t<div class=\"elementor-column elementor-col-50 elementor-top-column elementor-element elementor-element-f7f1a92\" data-id=\"f7f1a92\" data-element_type=\"column\" data-e-type=\"column\">\n\t\t\t<div class=\"elementor-widget-wrap elementor-element-populated\">\n\t\t\t\t\t\t<div class=\"elementor-element elementor-element-2ea5db3 animated-slow elementor-invisible elementor-widget elementor-widget-heading\" data-id=\"2ea5db3\" data-element_type=\"widget\" data-e-type=\"widget\" data-settings=\"{&quot;_animation&quot;:&quot;fadeInUp&quot;}\" data-widget_type=\"heading.default\">\n\t\t\t\t<div class=\"elementor-widget-container\">\n\t\t\t\t\t<h2 class=\"elementor-heading-title elementor-size-default\">Kvaliteta<\/h2>\t\t\t\t<\/div>\n\t\t\t\t<\/div>\n\t\t\t\t<div class=\"elementor-element elementor-element-947d2bf animated-slow elementor-invisible elementor-widget elementor-widget-heading\" data-id=\"947d2bf\" data-element_type=\"widget\" data-e-type=\"widget\" data-settings=\"{&quot;_animation&quot;:&quot;fadeInLeft&quot;}\" data-widget_type=\"heading.default\">\n\t\t\t\t<div class=\"elementor-widget-container\">\n\t\t\t\t\t<h2 class=\"elementor-heading-title elementor-size-default\">Tehni\u010dki integritet<\/h2>\t\t\t\t<\/div>\n\t\t\t\t<\/div>\n\t\t\t\t<div class=\"elementor-element elementor-element-892c046 animated-slow elementor-invisible elementor-widget elementor-widget-heading\" data-id=\"892c046\" data-element_type=\"widget\" data-e-type=\"widget\" data-settings=\"{&quot;_animation&quot;:&quot;fadeInLeft&quot;}\" data-widget_type=\"heading.default\">\n\t\t\t\t<div class=\"elementor-widget-container\">\n\t\t\t\t\t<h2 class=\"elementor-heading-title elementor-size-default\">Performanse<\/h2>\t\t\t\t<\/div>\n\t\t\t\t<\/div>\n\t\t\t\t\t<\/div>\n\t\t<\/div>\n\t\t\t\t<div class=\"elementor-column elementor-col-50 elementor-top-column elementor-element elementor-element-e87cb60\" data-id=\"e87cb60\" data-element_type=\"column\" data-e-type=\"column\">\n\t\t\t<div class=\"elementor-widget-wrap elementor-element-populated\">\n\t\t\t\t\t\t<div class=\"elementor-element elementor-element-8cc1c75 elementor-widget elementor-widget-text-editor\" data-id=\"8cc1c75\" data-element_type=\"widget\" data-e-type=\"widget\" data-widget_type=\"text-editor.default\">\n\t\t\t\t<div class=\"elementor-widget-container\">\n\t\t\t\t\t\t\t\t\t<p>Dobijanje FM approved je kulminacija veoma slo\u017eene i detaljne aktivnosti za Lattonedil. Uz FM Approved, uzimaju se u obzir sve posebnosti koje se odnose na upotrebu panela: pona\u0161anje u po\u017earu i prirodne katastrofe kao \u0161to su vjetar, grad, UV zraci, odbijeni za sve namjene: zid, strop, krov.<\/p><p>Veliki uspjeh za Lattonedil bez ograni\u010denja visine, zahvaljuju\u0107i odli\u010dnim rezultatima. Testiranje je obavljeno prema FM procedurama u FM Global laboratorijama u Sjedinjenim Dr\u017eavama. Vrlo va\u017ena aktivnost testiranja i certifikacije, nije svima dostupna: FM odobrenje je opipljiva demonstracija Lattonedil izvrsnosti u svijetu.<\/p>\t\t\t\t\t\t\t\t<\/div>\n\t\t\t\t<\/div>\n\t\t\t\t\t<\/div>\n\t\t<\/div>\n\t\t\t\t\t<\/div>\n\t\t<\/section>\n\t\t\t\t<section class=\"elementor-section elementor-top-section elementor-element elementor-element-e61b672 elementor-section-full_width elementor-section-height-default elementor-section-height-default\" data-id=\"e61b672\" data-element_type=\"section\" data-e-type=\"section\">\n\t\t\t\t\t\t<div class=\"elementor-container elementor-column-gap-default\">\n\t\t\t\t\t<div class=\"elementor-column elementor-col-50 elementor-top-column elementor-element elementor-element-db9d797\" data-id=\"db9d797\" data-element_type=\"column\" data-e-type=\"column\">\n\t\t\t<div class=\"elementor-widget-wrap elementor-element-populated\">\n\t\t\t\t\t\t<div class=\"elementor-element elementor-element-d77ffbd elementor-widget elementor-widget-image\" data-id=\"d77ffbd\" data-element_type=\"widget\" data-e-type=\"widget\" data-widget_type=\"image.default\">\n\t\t\t\t<div class=\"elementor-widget-container\">\n\t\t\t\t\t\t\t\t\t\t\t\t\t\t\t<img decoding=\"async\" width=\"1024\" height=\"791\" src=\"https:\/\/lattonedil.com\/wp-content\/uploads\/2022\/09\/Certificate-of-Compliance-PARETE-1024x791.png\" class=\"attachment-large size-large wp-image-56647\" alt=\"\" srcset=\"https:\/\/lattonedil.com\/wp-content\/uploads\/2022\/09\/Certificate-of-Compliance-PARETE-1024x791.png 1024w, https:\/\/lattonedil.com\/wp-content\/uploads\/2022\/09\/Certificate-of-Compliance-PARETE-300x232.png 300w, https:\/\/lattonedil.com\/wp-content\/uploads\/2022\/09\/Certificate-of-Compliance-PARETE-768x593.png 768w, https:\/\/lattonedil.com\/wp-content\/uploads\/2022\/09\/Certificate-of-Compliance-PARETE-1536x1187.png 1536w, https:\/\/lattonedil.com\/wp-content\/uploads\/2022\/09\/Certificate-of-Compliance-PARETE-2048x1583.png 2048w, https:\/\/lattonedil.com\/wp-content\/uploads\/2022\/09\/Certificate-of-Compliance-PARETE-1200x927.png 1200w\" sizes=\"(max-width: 1024px) 100vw, 1024px\" \/>\t\t\t\t\t\t\t\t\t\t\t\t\t\t\t<\/div>\n\t\t\t\t<\/div>\n\t\t\t\t\t<\/div>\n\t\t<\/div>\n\t\t\t\t<div class=\"elementor-column elementor-col-50 elementor-top-column elementor-element elementor-element-e1e1a05\" data-id=\"e1e1a05\" data-element_type=\"column\" data-e-type=\"column\">\n\t\t\t<div class=\"elementor-widget-wrap elementor-element-populated\">\n\t\t\t\t\t\t<div class=\"elementor-element elementor-element-4673943 elementor-widget elementor-widget-image\" data-id=\"4673943\" data-element_type=\"widget\" data-e-type=\"widget\" data-widget_type=\"image.default\">\n\t\t\t\t<div class=\"elementor-widget-container\">\n\t\t\t\t\t\t\t\t\t\t\t\t\t\t\t<img decoding=\"async\" width=\"1024\" height=\"791\" src=\"https:\/\/lattonedil.com\/wp-content\/uploads\/2022\/09\/Certificate-of-Compliance-COPERTURA-1024x791.png\" class=\"attachment-large size-large wp-image-56646\" alt=\"\" srcset=\"https:\/\/lattonedil.com\/wp-content\/uploads\/2022\/09\/Certificate-of-Compliance-COPERTURA-1024x791.png 1024w, https:\/\/lattonedil.com\/wp-content\/uploads\/2022\/09\/Certificate-of-Compliance-COPERTURA-300x232.png 300w, https:\/\/lattonedil.com\/wp-content\/uploads\/2022\/09\/Certificate-of-Compliance-COPERTURA-768x593.png 768w, https:\/\/lattonedil.com\/wp-content\/uploads\/2022\/09\/Certificate-of-Compliance-COPERTURA-1536x1187.png 1536w, https:\/\/lattonedil.com\/wp-content\/uploads\/2022\/09\/Certificate-of-Compliance-COPERTURA-2048x1583.png 2048w, https:\/\/lattonedil.com\/wp-content\/uploads\/2022\/09\/Certificate-of-Compliance-COPERTURA-1200x927.png 1200w\" sizes=\"(max-width: 1024px) 100vw, 1024px\" \/>\t\t\t\t\t\t\t\t\t\t\t\t\t\t\t<\/div>\n\t\t\t\t<\/div>\n\t\t\t\t\t<\/div>\n\t\t<\/div>\n\t\t\t\t\t<\/div>\n\t\t<\/section>\n\t\t\t\t<section class=\"elementor-section elementor-top-section elementor-element elementor-element-ca863ae elementor-section-full_width elementor-section-height-default elementor-section-height-default\" data-id=\"ca863ae\" data-element_type=\"section\" data-e-type=\"section\">\n\t\t\t\t\t\t<div class=\"elementor-container elementor-column-gap-default\">\n\t\t\t\t\t<div class=\"elementor-column elementor-col-100 elementor-top-column elementor-element elementor-element-16de393\" data-id=\"16de393\" data-element_type=\"column\" data-e-type=\"column\" data-settings=\"{&quot;background_background&quot;:&quot;classic&quot;}\">\n\t\t\t<div class=\"elementor-widget-wrap elementor-element-populated\">\n\t\t\t\t\t\t<div class=\"elementor-element elementor-element-b538c26 elementor-widget elementor-widget-text-editor\" data-id=\"b538c26\" data-element_type=\"widget\" data-e-type=\"widget\" data-widget_type=\"text-editor.default\">\n\t\t\t\t<div class=\"elementor-widget-container\">\n\t\t\t\t\t\t\t\t\t<p class=\"font_8\">Lattonedil dobija FM certifikat za \u0161est proizvoda:<\/p><p class=\"font_8\">ISOPARFIRE.L<br \/>ISOPARFIRE ELEGANT.L<br \/>ISOPARFIRE EI PLUS.L<br \/>ISOPAR HP.L<br \/>ISOPAR ELEGANT HP.L<br \/>EUROFIRE.L<br \/>EUROCINQUE HP.L<\/p>\t\t\t\t\t\t\t\t<\/div>\n\t\t\t\t<\/div>\n\t\t\t\t<div class=\"elementor-element elementor-element-75b6df5 animated-slow elementor-invisible elementor-widget elementor-widget-heading\" data-id=\"75b6df5\" data-element_type=\"widget\" data-e-type=\"widget\" data-settings=\"{&quot;_animation&quot;:&quot;fadeInUp&quot;}\" data-widget_type=\"heading.default\">\n\t\t\t\t<div class=\"elementor-widget-container\">\n\t\t\t\t\t<h2 class=\"elementor-heading-title elementor-size-default\">Dobiveni certifikat ulijeva povjerenje i odre\u0111uje odli\u010dan Lattonedil standard<\/h2>\t\t\t\t<\/div>\n\t\t\t\t<\/div>\n\t\t\t\t\t<\/div>\n\t\t<\/div>\n\t\t\t\t\t<\/div>\n\t\t<\/section>\n\t\t\t\t<\/div>\n\t\t","protected":false},"excerpt":{"rendered":"<p>Lattonedil je FM approved Kvaliteta Tehni\u010dki integritet Performanse Dobijanje FM approved je kulminacija veoma slo\u017eene i detaljne aktivnosti za Lattonedil. Uz FM Approved, uzimaju se u obzir sve posebnosti koje se odnose na upotrebu panela: pona\u0161anje u po\u017earu i prirodne katastrofe kao \u0161to su vjetar, grad, UV zraci, odbijeni za sve namjene: zid, strop, krov.&hellip;<\/p>\n","protected":false},"author":1,"featured_media":0,"parent":0,"menu_order":0,"comment_status":"closed","ping_status":"closed","template":"elementor_header_footer","meta":{"_acf_changed":false,"footnotes":""},"class_list":["post-78092","page","type-page","status-publish","hentry"],"acf":[],"yoast_head":"<!-- This site is optimized with the Yoast SEO plugin v27.1.1 - https:\/\/yoast.com\/product\/yoast-seo-wordpress\/ -->\n<title>FM Approved certifikat - Lattonedil<\/title>\n<meta name=\"robots\" content=\"index, follow, max-snippet:-1, max-image-preview:large, max-video-preview:-1\" \/>\n<link rel=\"canonical\" href=\"https:\/\/lattonedil.com\/de\/fm-approved-zertifizierung\/\" \/>\n<meta property=\"og:locale\" content=\"bs_BA\" \/>\n<meta property=\"og:type\" content=\"article\" \/>\n<meta property=\"og:title\" content=\"FM Approved certifikat - Lattonedil\" \/>\n<meta property=\"og:description\" content=\"Lattonedil je FM approved Kvaliteta Tehni\u010dki integritet Performanse Dobijanje FM approved je kulminacija veoma slo\u017eene i detaljne aktivnosti za Lattonedil. Uz FM Approved, uzimaju se u obzir sve posebnosti koje se odnose na upotrebu panela: pona\u0161anje u po\u017earu i prirodne katastrofe kao \u0161to su vjetar, grad, UV zraci, odbijeni za sve namjene: zid, strop, krov.&hellip;\" \/>\n<meta property=\"og:url\" content=\"https:\/\/lattonedil.com\/de\/fm-approved-zertifizierung\/\" \/>\n<meta property=\"og:site_name\" content=\"Lattonedil\" \/>\n<meta property=\"article:modified_time\" content=\"2024-12-09T10:38:12+00:00\" \/>\n<meta property=\"og:image\" content=\"https:\/\/lattonedil.com\/wp-content\/uploads\/2022\/07\/fma-diamond-white.webp\" \/>\n<meta name=\"twitter:card\" content=\"summary_large_image\" \/>\n<meta name=\"twitter:label1\" content=\"Est. reading time\" \/>\n\t<meta name=\"twitter:data1\" content=\"2 minute\" \/>\n<script type=\"application\/ld+json\" class=\"yoast-schema-graph\">{\"@context\":\"https:\/\/schema.org\",\"@graph\":[{\"@type\":\"WebPage\",\"@id\":\"https:\/\/lattonedil.com\/de\/fm-approved-zertifizierung\/\",\"url\":\"https:\/\/lattonedil.com\/de\/fm-approved-zertifizierung\/\",\"name\":\"FM Approved certifikat - Lattonedil\",\"isPartOf\":{\"@id\":\"https:\/\/lattonedil.com\/#website\"},\"primaryImageOfPage\":{\"@id\":\"https:\/\/lattonedil.com\/de\/fm-approved-zertifizierung\/#primaryimage\"},\"image\":{\"@id\":\"https:\/\/lattonedil.com\/de\/fm-approved-zertifizierung\/#primaryimage\"},\"thumbnailUrl\":\"https:\/\/lattonedil.com\/wp-content\/uploads\/2022\/07\/fma-diamond-white.webp\",\"datePublished\":\"2022-07-28T20:29:40+00:00\",\"dateModified\":\"2024-12-09T10:38:12+00:00\",\"breadcrumb\":{\"@id\":\"https:\/\/lattonedil.com\/de\/fm-approved-zertifizierung\/#breadcrumb\"},\"inLanguage\":\"bs-BA\",\"potentialAction\":[{\"@type\":\"ReadAction\",\"target\":[\"https:\/\/lattonedil.com\/de\/fm-approved-zertifizierung\/\"]}]},{\"@type\":\"ImageObject\",\"inLanguage\":\"bs-BA\",\"@id\":\"https:\/\/lattonedil.com\/de\/fm-approved-zertifizierung\/#primaryimage\",\"url\":\"https:\/\/lattonedil.com\/wp-content\/uploads\/2022\/07\/fma-diamond-white.webp\",\"contentUrl\":\"https:\/\/lattonedil.com\/wp-content\/uploads\/2022\/07\/fma-diamond-white.webp\"},{\"@type\":\"BreadcrumbList\",\"@id\":\"https:\/\/lattonedil.com\/de\/fm-approved-zertifizierung\/#breadcrumb\",\"itemListElement\":[{\"@type\":\"ListItem\",\"position\":1,\"name\":\"Home\",\"item\":\"https:\/\/lattonedil.com\/de\/\"},{\"@type\":\"ListItem\",\"position\":2,\"name\":\"FM Approved certifikat\"}]},{\"@type\":\"WebSite\",\"@id\":\"https:\/\/lattonedil.com\/#website\",\"url\":\"https:\/\/lattonedil.com\/\",\"name\":\"Lattonedil\",\"description\":\"\",\"publisher\":{\"@id\":\"https:\/\/lattonedil.com\/#organization\"},\"potentialAction\":[{\"@type\":\"SearchAction\",\"target\":{\"@type\":\"EntryPoint\",\"urlTemplate\":\"https:\/\/lattonedil.com\/?s={search_term_string}\"},\"query-input\":{\"@type\":\"PropertyValueSpecification\",\"valueRequired\":true,\"valueName\":\"search_term_string\"}}],\"inLanguage\":\"bs-BA\"},{\"@type\":\"Organization\",\"@id\":\"https:\/\/lattonedil.com\/#organization\",\"name\":\"Lattonedil\",\"url\":\"https:\/\/lattonedil.com\/\",\"logo\":{\"@type\":\"ImageObject\",\"inLanguage\":\"bs-BA\",\"@id\":\"https:\/\/lattonedil.com\/#\/schema\/logo\/image\/\",\"url\":\"https:\/\/lattonedil.com\/wp-content\/uploads\/2021\/10\/50-anni-logo-2020-3.png\",\"contentUrl\":\"https:\/\/lattonedil.com\/wp-content\/uploads\/2021\/10\/50-anni-logo-2020-3.png\",\"width\":3192,\"height\":525,\"caption\":\"Lattonedil\"},\"image\":{\"@id\":\"https:\/\/lattonedil.com\/#\/schema\/logo\/image\/\"}}]}<\/script>\n<!-- \/ Yoast SEO plugin. -->","yoast_head_json":{"title":"FM Approved certifikat - Lattonedil","robots":{"index":"index","follow":"follow","max-snippet":"max-snippet:-1","max-image-preview":"max-image-preview:large","max-video-preview":"max-video-preview:-1"},"canonical":"https:\/\/lattonedil.com\/de\/fm-approved-zertifizierung\/","og_locale":"bs_BA","og_type":"article","og_title":"FM Approved certifikat - Lattonedil","og_description":"Lattonedil je FM approved Kvaliteta Tehni\u010dki integritet Performanse Dobijanje FM approved je kulminacija veoma slo\u017eene i detaljne aktivnosti za Lattonedil. Uz FM Approved, uzimaju se u obzir sve posebnosti koje se odnose na upotrebu panela: pona\u0161anje u po\u017earu i prirodne katastrofe kao \u0161to su vjetar, grad, UV zraci, odbijeni za sve namjene: zid, strop, krov.&hellip;","og_url":"https:\/\/lattonedil.com\/de\/fm-approved-zertifizierung\/","og_site_name":"Lattonedil","article_modified_time":"2024-12-09T10:38:12+00:00","og_image":[{"url":"https:\/\/lattonedil.com\/wp-content\/uploads\/2022\/07\/fma-diamond-white.webp","type":"","width":"","height":""}],"twitter_card":"summary_large_image","twitter_misc":{"Est. reading time":"2 minute"},"schema":{"@context":"https:\/\/schema.org","@graph":[{"@type":"WebPage","@id":"https:\/\/lattonedil.com\/de\/fm-approved-zertifizierung\/","url":"https:\/\/lattonedil.com\/de\/fm-approved-zertifizierung\/","name":"FM Approved certifikat - Lattonedil","isPartOf":{"@id":"https:\/\/lattonedil.com\/#website"},"primaryImageOfPage":{"@id":"https:\/\/lattonedil.com\/de\/fm-approved-zertifizierung\/#primaryimage"},"image":{"@id":"https:\/\/lattonedil.com\/de\/fm-approved-zertifizierung\/#primaryimage"},"thumbnailUrl":"https:\/\/lattonedil.com\/wp-content\/uploads\/2022\/07\/fma-diamond-white.webp","datePublished":"2022-07-28T20:29:40+00:00","dateModified":"2024-12-09T10:38:12+00:00","breadcrumb":{"@id":"https:\/\/lattonedil.com\/de\/fm-approved-zertifizierung\/#breadcrumb"},"inLanguage":"bs-BA","potentialAction":[{"@type":"ReadAction","target":["https:\/\/lattonedil.com\/de\/fm-approved-zertifizierung\/"]}]},{"@type":"ImageObject","inLanguage":"bs-BA","@id":"https:\/\/lattonedil.com\/de\/fm-approved-zertifizierung\/#primaryimage","url":"https:\/\/lattonedil.com\/wp-content\/uploads\/2022\/07\/fma-diamond-white.webp","contentUrl":"https:\/\/lattonedil.com\/wp-content\/uploads\/2022\/07\/fma-diamond-white.webp"},{"@type":"BreadcrumbList","@id":"https:\/\/lattonedil.com\/de\/fm-approved-zertifizierung\/#breadcrumb","itemListElement":[{"@type":"ListItem","position":1,"name":"Home","item":"https:\/\/lattonedil.com\/de\/"},{"@type":"ListItem","position":2,"name":"FM Approved certifikat"}]},{"@type":"WebSite","@id":"https:\/\/lattonedil.com\/#website","url":"https:\/\/lattonedil.com\/","name":"Lattonedil","description":"","publisher":{"@id":"https:\/\/lattonedil.com\/#organization"},"potentialAction":[{"@type":"SearchAction","target":{"@type":"EntryPoint","urlTemplate":"https:\/\/lattonedil.com\/?s={search_term_string}"},"query-input":{"@type":"PropertyValueSpecification","valueRequired":true,"valueName":"search_term_string"}}],"inLanguage":"bs-BA"},{"@type":"Organization","@id":"https:\/\/lattonedil.com\/#organization","name":"Lattonedil","url":"https:\/\/lattonedil.com\/","logo":{"@type":"ImageObject","inLanguage":"bs-BA","@id":"https:\/\/lattonedil.com\/#\/schema\/logo\/image\/","url":"https:\/\/lattonedil.com\/wp-content\/uploads\/2021\/10\/50-anni-logo-2020-3.png","contentUrl":"https:\/\/lattonedil.com\/wp-content\/uploads\/2021\/10\/50-anni-logo-2020-3.png","width":3192,"height":525,"caption":"Lattonedil"},"image":{"@id":"https:\/\/lattonedil.com\/#\/schema\/logo\/image\/"}}]}},"_links":{"self":[{"href":"https:\/\/lattonedil.com\/bs\/wp-json\/wp\/v2\/pages\/78092","targetHints":{"allow":["GET"]}}],"collection":[{"href":"https:\/\/lattonedil.com\/bs\/wp-json\/wp\/v2\/pages"}],"about":[{"href":"https:\/\/lattonedil.com\/bs\/wp-json\/wp\/v2\/types\/page"}],"author":[{"embeddable":true,"href":"https:\/\/lattonedil.com\/bs\/wp-json\/wp\/v2\/users\/1"}],"replies":[{"embeddable":true,"href":"https:\/\/lattonedil.com\/bs\/wp-json\/wp\/v2\/comments?post=78092"}],"version-history":[{"count":7,"href":"https:\/\/lattonedil.com\/bs\/wp-json\/wp\/v2\/pages\/78092\/revisions"}],"predecessor-version":[{"id":79241,"href":"https:\/\/lattonedil.com\/bs\/wp-json\/wp\/v2\/pages\/78092\/revisions\/79241"}],"wp:attachment":[{"href":"https:\/\/lattonedil.com\/bs\/wp-json\/wp\/v2\/media?parent=78092"}],"curies":[{"name":"wp","href":"https:\/\/api.w.org\/{rel}","templated":true}]}}